{"id":6,"date":"2017-04-05T10:26:36","date_gmt":"2017-04-05T08:26:36","guid":{"rendered":"http:\/\/portodev.site\/demo_shop5\/wishlist\/"},"modified":"2022-08-01T14:02:04","modified_gmt":"2022-08-01T12:02:04","slug":"wishlist","status":"publish","type":"page","link":"https:\/\/www.seneko.net\/de\/wishlist\/","title":{"rendered":"Lista \u017eelja"},"content":{"rendered":"<form\n\tid=\"yith-wcwl-form\"\n\taction=\"https:\/\/www.seneko.net\/de\/wishlist\/\"\n\tmethod=\"post\"\n\tclass=\"woocommerce yith-wcwl-form wishlist-fragment\"\n\tdata-fragment-options=\"{&quot;per_page&quot;:5,&quot;current_page&quot;:1,&quot;pagination&quot;:&quot;no&quot;,&quot;wishlist_id&quot;:false,&quot;action_params&quot;:false,&quot;no_interactions&quot;:false,&quot;layout&quot;:&quot;&quot;,&quot;wishlist&quot;:false,&quot;is_default&quot;:true,&quot;is_custom_list&quot;:false,&quot;wishlist_token&quot;:&quot;&quot;,&quot;is_private&quot;:false,&quot;count&quot;:0,&quot;page_title&quot;:&quot;Moja lista \\u017eelja&quot;,&quot;default_wishlsit_title&quot;:&quot;Moja lista \\u017eelja&quot;,&quot;page_links&quot;:false,&quot;is_user_logged_in&quot;:false,&quot;is_user_owner&quot;:true,&quot;can_user_edit_title&quot;:false,&quot;show_price&quot;:true,&quot;show_dateadded&quot;:true,&quot;show_stock_status&quot;:true,&quot;show_add_to_cart&quot;:true,&quot;show_remove_product&quot;:true,&quot;add_to_cart_text&quot;:&quot;Dodaj v ko\\u0161arico&quot;,&quot;show_ask_estimate_button&quot;:false,&quot;ask_estimate_url&quot;:&quot;&quot;,&quot;price_excl_tax&quot;:false,&quot;show_cb&quot;:false,&quot;show_quantity&quot;:false,&quot;show_variation&quot;:false,&quot;show_price_variations&quot;:false,&quot;show_update&quot;:false,&quot;enable_drag_n_drop&quot;:false,&quot;enable_add_all_to_cart&quot;:false,&quot;move_to_another_wishlist&quot;:false,&quot;repeat_remove_button&quot;:true,&quot;show_last_column&quot;:true,&quot;heading_icon&quot;:&quot;&lt;i class=\\&quot;fa heart-outline\\&quot;&gt;&lt;\\\/i&gt;&quot;,&quot;share_enabled&quot;:false,&quot;template_part&quot;:&quot;view&quot;,&quot;additional_info&quot;:false,&quot;available_multi_wishlist&quot;:false,&quot;form_action&quot;:&quot;https:\\\/\\\/www.seneko.net\\\/de\\\/wishlist\\\/&quot;,&quot;item&quot;:&quot;wishlist&quot;}\" data-trp-original-action=\"https:\/\/www.seneko.net\/de\/wishlist\/\"\n>\n\n\t<!-- TITLE -->\n\t<div class=\"align-left mt-3\"><div class=\"box-content\">\t\t<div class=\"wishlist-title-container\">\n\t\t\t<div class=\"wishlist-title\">\n\t\t\t\t<h2>Moja lista \u017eelja<\/h2>\t\t\t\t\t\t\t<\/div>\n\t\t\t\t\t<\/div>\n\t\n\r\n<!-- WISHLIST TABLE -->\r\n<table class=\"shop_table cart wishlist_table wishlist_view traditional responsive\" data-pagination=\"no\" data-per-page=\"5\" data-page=\"1\" data-id=\"\" data-token=\"\">\r\n\r\n\t\r\n\t<thead class=\"d-none\">\r\n\t<tr>\r\n\t\t\r\n\t\t\t\t\r\n\t\t<th class=\"product-thumbnail\"><\/th>\r\n\r\n\t\t<th class=\"product-name\">\r\n\t\t\t<span class=\"nobr\">\r\n\t\t\t\tProduct\t\t\t<\/span>\r\n\t\t<\/th>\r\n\r\n\t\t\t\t\t<th class=\"product-price\">\r\n\t\t\t\t<span class=\"nobr\">\r\n\t\t\t\t\tPrice\t\t\t\t<\/span>\r\n\t\t\t<\/th>\r\n\t\t\r\n\t\t\r\n\t\t\t\t\t<th class=\"product-stock-status\">\r\n\t\t\t\t<span class=\"nobr\">\r\n\t\t\t\t\tStock status\t\t\t\t<\/span>\r\n\t\t\t<\/th>\r\n\t\t\r\n\t\t\t\t\t<th class=\"product-add-to-cart\">\r\n\t\t\t\t<span class=\"nobr\">\r\n\t\t\t\t\tActions\t\t\t\t<\/span>\r\n\t\t\t<\/th>\r\n\t\t\r\n\t\t\t<\/tr>\r\n\t<\/thead>\r\n\r\n\t<tbody class=\"wishlist-items-wrapper\">\r\n\t\t\t<tr class=\"border-0 py-0\">\r\n\t\t\t<td colspan=\"6\" class=\"px-3 py-2 text-center\"><i class=\"far fa-heart wishlist-empty\"><\/i><\/td>\r\n\t\t<\/tr>\r\n\t\t<tr class=\"border-0 py-0\">\r\n\t\t\t<td colspan=\"6\" class=\"px-3 py-2 wishlist-empty\">No products added to the wishlist<\/td>\r\n\t\t<\/tr>\r\n\t\t<tr class=\"border-0 py-0\">\r\n\t\t\t<td colspan=\"6\" class=\"px-3 text-center\">\r\n\t\t\t\t<a class=\"woocommerce-Button button btn-v-dark btn-go-shop\" href=\"https:\/\/www.seneko.net\/de\/trgovina\/\">\r\n\t\t\t\t\tEinkaufen gehen\t\t\t\t<\/a>\r\n\t\t\t<\/td>\r\n\t\t<\/tr>\r\n\t\t\t<\/tbody>\r\n\r\n<\/table>\r\n\n<div class=\"yith_wcwl_wishlist_footer\">\n\t\n\n\t\n\n\t\n\t<\/div>\n\n<input type=\"hidden\" id=\"yith_wcwl_edit_wishlist\" name=\"yith_wcwl_edit_wishlist\" value=\"612bac3f23\" \/><input type=\"hidden\" name=\"_wp_http_referer\" value=\"\/de\/wp-json\/wp\/v2\/pages\/6\" \/><input type=\"hidden\" value=\"\" name=\"wishlist_id\" id=\"wishlist_id\">\n\n<\/div><\/div>\n<input type=\"hidden\" name=\"trp-form-language\" value=\"de\"\/><\/form>","protected":false},"excerpt":{"rendered":"Moja lista \u017eelja Product Price Stock status Actions No products added to the wishlist Einkaufen gehen","protected":false},"author":1,"featured_media":0,"parent":0,"menu_order":0,"comment_status":"closed","ping_status":"closed","template":"","meta":{"footnotes":""},"class_list":["post-6","page","type-page","status-publish","hentry"],"yoast_head":"<!-- This site is optimized with the Yoast SEO plugin v26.5 - https:\/\/yoast.com\/wordpress\/plugins\/seo\/ -->\n<title>Lista \u017eelja - Seneko<\/title>\n<meta name=\"description\" content=\"3D filamenti, dodatki in smole za 3D tiskanje. \u0160irok nabor, visoka kakovost, natan\u010dnost in varnost materialov po najugodnej\u0161i ponudbi. Preverite akcije, kupite in tiskajte ve\u010d! Ponujamo \u0161e in\u017eenirske in specialne filamente, PLA filament, PETG, ABS, Refil filament brez koluta podjetja Esun, ki so svetovno uveljavljena znamka.\" \/>\n<meta name=\"robots\" content=\"index, follow, max-snippet:-1, max-image-preview:large, max-video-preview:-1\" \/>\n<link rel=\"canonical\" href=\"https:\/\/www.seneko.net\/de\/wishlist\/\" \/>\n<meta property=\"og:locale\" content=\"de_DE\" \/>\n<meta property=\"og:type\" content=\"article\" \/>\n<meta property=\"og:title\" content=\"Lista \u017eelja - Seneko\" \/>\n<meta property=\"og:description\" content=\"3D filamenti, dodatki in smole za 3D tiskanje. \u0160irok nabor, visoka kakovost, natan\u010dnost in varnost materialov po najugodnej\u0161i ponudbi. Preverite akcije, kupite in tiskajte ve\u010d! Ponujamo \u0161e in\u017eenirske in specialne filamente, PLA filament, PETG, ABS, Refil filament brez koluta podjetja Esun, ki so svetovno uveljavljena znamka.\" \/>\n<meta property=\"og:url\" content=\"https:\/\/www.seneko.net\/de\/wishlist\/\" \/>\n<meta property=\"og:site_name\" content=\"Seneko\" \/>\n<meta property=\"article:publisher\" content=\"https:\/\/www.facebook.com\/seneko3dshop\" \/>\n<meta property=\"article:modified_time\" content=\"2022-08-01T12:02:04+00:00\" \/>\n<meta name=\"twitter:card\" content=\"summary_large_image\" \/>\n<meta name=\"twitter:label1\" content=\"Gesch\u00e4tzte Lesezeit\" \/>\n\t<meta name=\"twitter:data1\" content=\"1\u00a0Minute\" \/>\n<script type=\"application\/ld+json\" class=\"yoast-schema-graph\">{\"@context\":\"https:\/\/schema.org\",\"@graph\":[{\"@type\":\"WebPage\",\"@id\":\"https:\/\/www.seneko.net\/wishlist\/\",\"url\":\"https:\/\/www.seneko.net\/wishlist\/\",\"name\":\"Lista \u017eelja - Seneko\",\"isPartOf\":{\"@id\":\"https:\/\/www.seneko.net\/#website\"},\"datePublished\":\"2017-04-05T08:26:36+00:00\",\"dateModified\":\"2022-08-01T12:02:04+00:00\",\"description\":\"3D filamenti, dodatki in smole za 3D tiskanje. \u0160irok nabor, visoka kakovost, natan\u010dnost in varnost materialov po najugodnej\u0161i ponudbi. Preverite akcije, kupite in tiskajte ve\u010d! Ponujamo \u0161e in\u017eenirske in specialne filamente, PLA filament, PETG, ABS, Refil filament brez koluta podjetja Esun, ki so svetovno uveljavljena znamka.\",\"breadcrumb\":{\"@id\":\"https:\/\/www.seneko.net\/wishlist\/#breadcrumb\"},\"inLanguage\":\"de\",\"potentialAction\":[{\"@type\":\"ReadAction\",\"target\":[\"https:\/\/www.seneko.net\/wishlist\/\"]}]},{\"@type\":\"BreadcrumbList\",\"@id\":\"https:\/\/www.seneko.net\/wishlist\/#breadcrumb\",\"itemListElement\":[{\"@type\":\"ListItem\",\"position\":1,\"name\":\"Home\",\"item\":\"https:\/\/www.seneko.net\/\"},{\"@type\":\"ListItem\",\"position\":2,\"name\":\"Lista \u017eelja\"}]},{\"@type\":\"WebSite\",\"@id\":\"https:\/\/www.seneko.net\/#website\",\"url\":\"https:\/\/www.seneko.net\/\",\"name\":\"Seneko\",\"description\":\"Z vami tiskamo prihodnost\",\"publisher\":{\"@id\":\"https:\/\/www.seneko.net\/#organization\"},\"potentialAction\":[{\"@type\":\"SearchAction\",\"target\":{\"@type\":\"EntryPoint\",\"urlTemplate\":\"https:\/\/www.seneko.net\/?s={search_term_string}\"},\"query-input\":{\"@type\":\"PropertyValueSpecification\",\"valueRequired\":true,\"valueName\":\"search_term_string\"}}],\"inLanguage\":\"de\"},{\"@type\":\"Organization\",\"@id\":\"https:\/\/www.seneko.net\/#organization\",\"name\":\"Seneko\",\"url\":\"https:\/\/www.seneko.net\/\",\"logo\":{\"@type\":\"ImageObject\",\"inLanguage\":\"de\",\"@id\":\"https:\/\/www.seneko.net\/#\/schema\/logo\/image\/\",\"url\":\"https:\/\/www.seneko.net\/wp-content\/uploads\/2021\/09\/logo_1.png\",\"contentUrl\":\"https:\/\/www.seneko.net\/wp-content\/uploads\/2021\/09\/logo_1.png\",\"width\":202,\"height\":80,\"caption\":\"Seneko\"},\"image\":{\"@id\":\"https:\/\/www.seneko.net\/#\/schema\/logo\/image\/\"},\"sameAs\":[\"https:\/\/www.facebook.com\/seneko3dshop\",\"https:\/\/www.instagram.com\/Seneko3DShop\/\"]}]}<\/script>\n<!-- \/ Yoast SEO plugin. -->","yoast_head_json":{"title":"Lista \u017eelja - Seneko","description":"3D filamenti, dodatki in smole za 3D tiskanje. \u0160irok nabor, visoka kakovost, natan\u010dnost in varnost materialov po najugodnej\u0161i ponudbi. Preverite akcije, kupite in tiskajte ve\u010d! Ponujamo \u0161e in\u017eenirske in specialne filamente, PLA filament, PETG, ABS, Refil filament brez koluta podjetja Esun, ki so svetovno uveljavljena znamka.","robots":{"index":"index","follow":"follow","max-snippet":"max-snippet:-1","max-image-preview":"max-image-preview:large","max-video-preview":"max-video-preview:-1"},"canonical":"https:\/\/www.seneko.net\/de\/wishlist\/","og_locale":"de_DE","og_type":"article","og_title":"Lista \u017eelja - Seneko","og_description":"3D filamenti, dodatki in smole za 3D tiskanje. \u0160irok nabor, visoka kakovost, natan\u010dnost in varnost materialov po najugodnej\u0161i ponudbi. Preverite akcije, kupite in tiskajte ve\u010d! Ponujamo \u0161e in\u017eenirske in specialne filamente, PLA filament, PETG, ABS, Refil filament brez koluta podjetja Esun, ki so svetovno uveljavljena znamka.","og_url":"https:\/\/www.seneko.net\/de\/wishlist\/","og_site_name":"Seneko","article_publisher":"https:\/\/www.facebook.com\/seneko3dshop","article_modified_time":"2022-08-01T12:02:04+00:00","twitter_card":"summary_large_image","twitter_misc":{"Gesch\u00e4tzte Lesezeit":"1\u00a0Minute"},"schema":{"@context":"https:\/\/schema.org","@graph":[{"@type":"WebPage","@id":"https:\/\/www.seneko.net\/wishlist\/","url":"https:\/\/www.seneko.net\/wishlist\/","name":"Lista \u017eelja - Seneko","isPartOf":{"@id":"https:\/\/www.seneko.net\/#website"},"datePublished":"2017-04-05T08:26:36+00:00","dateModified":"2022-08-01T12:02:04+00:00","description":"3D filamenti, dodatki in smole za 3D tiskanje. \u0160irok nabor, visoka kakovost, natan\u010dnost in varnost materialov po najugodnej\u0161i ponudbi. Preverite akcije, kupite in tiskajte ve\u010d! Ponujamo \u0161e in\u017eenirske in specialne filamente, PLA filament, PETG, ABS, Refil filament brez koluta podjetja Esun, ki so svetovno uveljavljena znamka.","breadcrumb":{"@id":"https:\/\/www.seneko.net\/wishlist\/#breadcrumb"},"inLanguage":"de","potentialAction":[{"@type":"ReadAction","target":["https:\/\/www.seneko.net\/wishlist\/"]}]},{"@type":"BreadcrumbList","@id":"https:\/\/www.seneko.net\/wishlist\/#breadcrumb","itemListElement":[{"@type":"ListItem","position":1,"name":"Home","item":"https:\/\/www.seneko.net\/"},{"@type":"ListItem","position":2,"name":"Lista \u017eelja"}]},{"@type":"WebSite","@id":"https:\/\/www.seneko.net\/#website","url":"https:\/\/www.seneko.net\/","name":"Seneko","description":"Z vami tiskamo prihodnost","publisher":{"@id":"https:\/\/www.seneko.net\/#organization"},"potentialAction":[{"@type":"SearchAction","target":{"@type":"EntryPoint","urlTemplate":"https:\/\/www.seneko.net\/?s={search_term_string}"},"query-input":{"@type":"PropertyValueSpecification","valueRequired":true,"valueName":"search_term_string"}}],"inLanguage":"de"},{"@type":"Organization","@id":"https:\/\/www.seneko.net\/#organization","name":"Seneko","url":"https:\/\/www.seneko.net\/","logo":{"@type":"ImageObject","inLanguage":"de","@id":"https:\/\/www.seneko.net\/#\/schema\/logo\/image\/","url":"https:\/\/www.seneko.net\/wp-content\/uploads\/2021\/09\/logo_1.png","contentUrl":"https:\/\/www.seneko.net\/wp-content\/uploads\/2021\/09\/logo_1.png","width":202,"height":80,"caption":"Seneko"},"image":{"@id":"https:\/\/www.seneko.net\/#\/schema\/logo\/image\/"},"sameAs":["https:\/\/www.facebook.com\/seneko3dshop","https:\/\/www.instagram.com\/Seneko3DShop\/"]}]}},"_links":{"self":[{"href":"https:\/\/www.seneko.net\/de\/wp-json\/wp\/v2\/pages\/6","targetHints":{"allow":["GET"]}}],"collection":[{"href":"https:\/\/www.seneko.net\/de\/wp-json\/wp\/v2\/pages"}],"about":[{"href":"https:\/\/www.seneko.net\/de\/wp-json\/wp\/v2\/types\/page"}],"author":[{"embeddable":true,"href":"https:\/\/www.seneko.net\/de\/wp-json\/wp\/v2\/users\/1"}],"replies":[{"embeddable":true,"href":"https:\/\/www.seneko.net\/de\/wp-json\/wp\/v2\/comments?post=6"}],"version-history":[{"count":1,"href":"https:\/\/www.seneko.net\/de\/wp-json\/wp\/v2\/pages\/6\/revisions"}],"predecessor-version":[{"id":2904,"href":"https:\/\/www.seneko.net\/de\/wp-json\/wp\/v2\/pages\/6\/revisions\/2904"}],"wp:attachment":[{"href":"https:\/\/www.seneko.net\/de\/wp-json\/wp\/v2\/media?parent=6"}],"curies":[{"name":"wp","href":"https:\/\/api.w.org\/{rel}","templated":true}]}}