{"id":3494,"date":"2022-02-03T17:19:22","date_gmt":"2022-02-03T15:19:22","guid":{"rendered":"https:\/\/www.seneko.net\/?post_type=product&#038;p=3494"},"modified":"2026-03-02T16:22:22","modified_gmt":"2026-03-02T14:22:22","slug":"pla-filament-1kg","status":"publish","type":"product","link":"https:\/\/www.seneko.net\/de\/produkt\/pla-filament-1kg\/","title":{"rendered":"PLA+ Filament, 1kg"},"content":{"rendered":"<p>PLA+ filamenti so okolju prijazni materiali, katere je enostavno tiskati in imajo gladko povr\u0161ino. Dodatne dobre lastnosti so dobra trdnost, togost, ravnovesje \u017eilavosti in mo\u010dna odpornost na udarce. Zelo primerni so za tiskanje funkcionalnih delov, odobren s strani FDA in tako varnej\u0161i za uporabo. PLA+ filamenti se lahko uporablja za konceptualne modele, hitre izdelave prototipov ter uporabne dele, umetnine in drugo.<\/p>\n<p>&nbsp;<\/p>\n<p>\u3010<strong>Dimenzijska toleranca +\/- 0,03 mm<\/strong>\u3011 Minimalna toleranca in nizka stopnja upogibanja, da se zagotovi\u00a0 enakomeren in stabilen tisk, brez zama\u0161itve, z izjemno visoko stopnjo uspe\u0161nosti, kar se ka\u017ee na natan\u010dno natiskanih delih z dobro zaklju\u010dno povr\u0161ino.<\/p>\n<p>\u3010<strong>Brez prepletanja in brez zatikanja<\/strong><strong>\u3011<\/strong> Skupna dol\u017eina: 340-350 m. Celoten kolut filamenta za 3D tiskalnik ima popolno okroglost in zelo tesno toleranco premera, ki se ne prekriva ali zapleta. Topi se enakomerno in gladko brez ma\u0161enja \u0161obe ali ekstruderja.<\/p>\n<p>\u3010<strong>Okolju prijazen material<\/strong><strong>\u3011<\/strong>Filamenti eSUN so izdelani iz \u010distih materialov, biolo\u0161ko razgradljivih, okolju prijaznih, nestrupenih z nizko stopnjo vonjav. Ne \u0161kodi ne uporabniku, ne okolju.<\/p>\n<p>\u3010<strong>Visoka zdru\u017eljivost<\/strong><strong>\u3011<\/strong> Zdru\u017eljivo z ve\u010dino FDM 3D tiskalnikov, ki uporabljajo filament 1,75 mm, kot so: Prusa, Reprap, Afinia, MakerBot, PrintrBot, UltiMaker, Airwolf, Aleph Objects, Makergear, Up, Lulzbot, Simplify3D itd., Flash<\/p>\n<p><strong>\u3010Vakuumsko zaprta embala\u017ea<\/strong><strong>\u3011<\/strong> Neto te\u017ea: 1 kg. Filament eSUN je na voljo v zaprti vakuumski vre\u010dki s su\u0161ilno vre\u010dko, da ostane suh brez prahu in tujkov, kar prepre\u010di zagozdenje \u0161ob in enakomerno ekstruzijo.<\/p>\n<p>&nbsp;<\/p>\n<p>&nbsp;<\/p>","protected":false},"excerpt":{"rendered":"<ul>\n<li>Dobra \u017eilavost<\/li>\n<li>Dobra odpornost na udarce<\/li>\n<li>Visoka hitrost tiskanja<\/li>\n<li>Brez ne\u010disto\u010d<\/li>\n<li>Brez mehur\u010dkov<\/li>\n<li>Brez deformacije<\/li>\n<li>Okolju prijazno in ne toksi\u010den \/ odobrila FDA<\/li>\n<li>Enostaven za uporabo in tiskanje<\/li>\n<li>Gladka natisnjena povr\u0161ina<\/li>\n<li>\u017dilavi izdelki<\/li>\n<\/ul>","protected":false},"featured_media":3743,"comment_status":"open","ping_status":"closed","template":"","meta":[],"product_brand":[],"product_cat":[288,289],"product_tag":[378,446,379,511,447,397,373,380,510,512],"class_list":{"0":"post-3494","1":"product","2":"type-product","3":"status-publish","4":"has-post-thumbnail","6":"product_cat-pla-filamenti","7":"product_cat-pla","8":"product_tag-esun","9":"product_tag-esun-filament","10":"product_tag-filamenti","11":"product_tag-filamenti-za-3d-tisk","12":"product_tag-kakovosten-filament","13":"product_tag-pla","14":"product_tag-pla-filament","15":"product_tag-pla-filamenti","16":"product_tag-top-filamenti","17":"product_tag-ugodni-filamenti","18":"pa_barva-black","19":"pa_barva-blue","20":"pa_barva-cold-white","21":"pa_barva-fire-engine-red","22":"pa_barva-gold","23":"pa_barva-green","24":"pa_barva-grey","25":"pa_barva-light-blue","26":"pa_barva-orange","27":"pa_barva-pink","28":"pa_barva-red","29":"pa_barva-silver","30":"pa_barva-very-peri","31":"pa_barva-white","32":"pa_barva-yellow","34":"first","35":"instock","36":"sale","37":"taxable","38":"shipping-taxable","39":"purchasable","40":"product-type-variable","41":"has-default-attributes"},"bundled_by":["4801","4801","4801"],"bundle_stock_status":"instock","bundle_stock_quantity":null,"bundle_virtual":false,"bundle_layout":"","bundle_add_to_cart_form_location":"","bundle_editable_in_cart":false,"bundle_sold_individually_context":"","bundle_item_grouping":"","bundle_min_size":"","bundle_max_size":"","bundle_price":[],"bundled_items":[],"bundle_sell_ids":[],"yoast_head":"<!-- This site is optimized with the Yoast SEO plugin v27.4 - https:\/\/yoast.com\/product\/yoast-seo-wordpress\/ -->\n<title>Pla+ filamenti - Seneko<\/title>\n<meta name=\"description\" content=\"PLA+ filamenti so okolju prijazni materiali, katere je enostavno tiskati in imajo gladko povr\u0161ino. Dodatne dobre lastnosti PLA filamenta so dobra trdnost, togost, ravnovesje \u017eilavosti in mo\u010dna odpornost na udarce. Vrhunska kakovost in odli\u010dna cena.\" \/>\n<meta name=\"robots\" content=\"index, follow, max-snippet:-1, max-image-preview:large, max-video-preview:-1\" \/>\n<link rel=\"canonical\" href=\"https:\/\/www.seneko.net\/de\/produkt\/pla-filament-1kg\/\" \/>\n<meta property=\"og:locale\" content=\"de_DE\" \/>\n<meta property=\"og:type\" content=\"article\" \/>\n<meta property=\"og:title\" content=\"Pla+ filamenti - Seneko\" \/>\n<meta property=\"og:description\" content=\"PLA+ filamenti so okolju prijazni materiali, katere je enostavno tiskati in imajo gladko povr\u0161ino. Dodatne dobre lastnosti PLA filamenta so dobra trdnost, togost, ravnovesje \u017eilavosti in mo\u010dna odpornost na udarce. Vrhunska kakovost in odli\u010dna cena.\" \/>\n<meta property=\"og:url\" content=\"https:\/\/www.seneko.net\/de\/produkt\/pla-filament-1kg\/\" \/>\n<meta property=\"og:site_name\" content=\"Seneko\" \/>\n<meta property=\"article:publisher\" content=\"https:\/\/www.facebook.com\/seneko3dshop\" \/>\n<meta property=\"article:modified_time\" content=\"2026-03-02T14:22:22+00:00\" \/>\n<meta property=\"og:image\" content=\"https:\/\/www.seneko.net\/wp-content\/uploads\/2022\/02\/black.png\" \/>\n\t<meta property=\"og:image:width\" content=\"1000\" \/>\n\t<meta property=\"og:image:height\" content=\"1000\" \/>\n\t<meta property=\"og:image:type\" content=\"image\/png\" \/>\n<meta name=\"twitter:card\" content=\"summary_large_image\" \/>\n<meta name=\"twitter:label1\" content=\"Gesch\u00e4tzte Lesezeit\" \/>\n\t<meta name=\"twitter:data1\" content=\"2\u00a0Minuten\" \/>\n<script type=\"application\/ld+json\" class=\"yoast-schema-graph\">{\"@context\":\"https:\\\/\\\/schema.org\",\"@graph\":[{\"@type\":\"WebPage\",\"@id\":\"https:\\\/\\\/www.seneko.net\\\/izdelek\\\/pla-filament-1kg\\\/\",\"url\":\"https:\\\/\\\/www.seneko.net\\\/izdelek\\\/pla-filament-1kg\\\/\",\"name\":\"Pla+ filamenti - Seneko\",\"isPartOf\":{\"@id\":\"https:\\\/\\\/www.seneko.net\\\/#website\"},\"primaryImageOfPage\":{\"@id\":\"https:\\\/\\\/www.seneko.net\\\/izdelek\\\/pla-filament-1kg\\\/#primaryimage\"},\"image\":{\"@id\":\"https:\\\/\\\/www.seneko.net\\\/izdelek\\\/pla-filament-1kg\\\/#primaryimage\"},\"thumbnailUrl\":\"https:\\\/\\\/www.seneko.net\\\/wp-content\\\/uploads\\\/2022\\\/02\\\/black.png\",\"datePublished\":\"2022-02-03T15:19:22+00:00\",\"dateModified\":\"2026-03-02T14:22:22+00:00\",\"description\":\"PLA+ filamenti so okolju prijazni materiali, katere je enostavno tiskati in imajo gladko povr\u0161ino. Dodatne dobre lastnosti PLA filamenta so dobra trdnost, togost, ravnovesje \u017eilavosti in mo\u010dna odpornost na udarce. Vrhunska kakovost in odli\u010dna cena.\",\"breadcrumb\":{\"@id\":\"https:\\\/\\\/www.seneko.net\\\/izdelek\\\/pla-filament-1kg\\\/#breadcrumb\"},\"inLanguage\":\"de\",\"potentialAction\":[{\"@type\":\"ReadAction\",\"target\":[\"https:\\\/\\\/www.seneko.net\\\/izdelek\\\/pla-filament-1kg\\\/\"]}]},{\"@type\":\"ImageObject\",\"inLanguage\":\"de\",\"@id\":\"https:\\\/\\\/www.seneko.net\\\/izdelek\\\/pla-filament-1kg\\\/#primaryimage\",\"url\":\"https:\\\/\\\/www.seneko.net\\\/wp-content\\\/uploads\\\/2022\\\/02\\\/black.png\",\"contentUrl\":\"https:\\\/\\\/www.seneko.net\\\/wp-content\\\/uploads\\\/2022\\\/02\\\/black.png\",\"width\":1000,\"height\":1000,\"caption\":\"PLA filament\"},{\"@type\":\"BreadcrumbList\",\"@id\":\"https:\\\/\\\/www.seneko.net\\\/izdelek\\\/pla-filament-1kg\\\/#breadcrumb\",\"itemListElement\":[{\"@type\":\"ListItem\",\"position\":1,\"name\":\"Home\",\"item\":\"https:\\\/\\\/www.seneko.net\\\/\"},{\"@type\":\"ListItem\",\"position\":2,\"name\":\"Trgovina\",\"item\":\"https:\\\/\\\/www.seneko.net\\\/trgovina\\\/\"},{\"@type\":\"ListItem\",\"position\":3,\"name\":\"PLA+ Filament, 1kg\"}]},{\"@type\":\"WebSite\",\"@id\":\"https:\\\/\\\/www.seneko.net\\\/#website\",\"url\":\"https:\\\/\\\/www.seneko.net\\\/\",\"name\":\"Seneko\",\"description\":\"Z vami tiskamo prihodnost\",\"publisher\":{\"@id\":\"https:\\\/\\\/www.seneko.net\\\/#organization\"},\"potentialAction\":[{\"@type\":\"SearchAction\",\"target\":{\"@type\":\"EntryPoint\",\"urlTemplate\":\"https:\\\/\\\/www.seneko.net\\\/?s={search_term_string}\"},\"query-input\":{\"@type\":\"PropertyValueSpecification\",\"valueRequired\":true,\"valueName\":\"search_term_string\"}}],\"inLanguage\":\"de\"},{\"@type\":\"Organization\",\"@id\":\"https:\\\/\\\/www.seneko.net\\\/#organization\",\"name\":\"Seneko\",\"url\":\"https:\\\/\\\/www.seneko.net\\\/\",\"logo\":{\"@type\":\"ImageObject\",\"inLanguage\":\"de\",\"@id\":\"https:\\\/\\\/www.seneko.net\\\/#\\\/schema\\\/logo\\\/image\\\/\",\"url\":\"https:\\\/\\\/www.seneko.net\\\/wp-content\\\/uploads\\\/2021\\\/09\\\/logo_1.png\",\"contentUrl\":\"https:\\\/\\\/www.seneko.net\\\/wp-content\\\/uploads\\\/2021\\\/09\\\/logo_1.png\",\"width\":202,\"height\":80,\"caption\":\"Seneko\"},\"image\":{\"@id\":\"https:\\\/\\\/www.seneko.net\\\/#\\\/schema\\\/logo\\\/image\\\/\"},\"sameAs\":[\"https:\\\/\\\/www.facebook.com\\\/seneko3dshop\",\"https:\\\/\\\/www.instagram.com\\\/Seneko3DShop\\\/\"]}]}<\/script>\n<!-- \/ Yoast SEO plugin. -->","yoast_head_json":{"title":"Pla+ filamenti - Seneko","description":"PLA+ filamenti so okolju prijazni materiali, katere je enostavno tiskati in imajo gladko povr\u0161ino. Dodatne dobre lastnosti PLA filamenta so dobra trdnost, togost, ravnovesje \u017eilavosti in mo\u010dna odpornost na udarce. Vrhunska kakovost in odli\u010dna cena.","robots":{"index":"index","follow":"follow","max-snippet":"max-snippet:-1","max-image-preview":"max-image-preview:large","max-video-preview":"max-video-preview:-1"},"canonical":"https:\/\/www.seneko.net\/de\/produkt\/pla-filament-1kg\/","og_locale":"de_DE","og_type":"article","og_title":"Pla+ filamenti - Seneko","og_description":"PLA+ filamenti so okolju prijazni materiali, katere je enostavno tiskati in imajo gladko povr\u0161ino. Dodatne dobre lastnosti PLA filamenta so dobra trdnost, togost, ravnovesje \u017eilavosti in mo\u010dna odpornost na udarce. Vrhunska kakovost in odli\u010dna cena.","og_url":"https:\/\/www.seneko.net\/de\/produkt\/pla-filament-1kg\/","og_site_name":"Seneko","article_publisher":"https:\/\/www.facebook.com\/seneko3dshop","article_modified_time":"2026-03-02T14:22:22+00:00","og_image":[{"width":1000,"height":1000,"url":"https:\/\/www.seneko.net\/wp-content\/uploads\/2022\/02\/black.png","type":"image\/png"}],"twitter_card":"summary_large_image","twitter_misc":{"Gesch\u00e4tzte Lesezeit":"2\u00a0Minuten"},"schema":{"@context":"https:\/\/schema.org","@graph":[{"@type":"WebPage","@id":"https:\/\/www.seneko.net\/izdelek\/pla-filament-1kg\/","url":"https:\/\/www.seneko.net\/izdelek\/pla-filament-1kg\/","name":"Pla+ filamenti - Seneko","isPartOf":{"@id":"https:\/\/www.seneko.net\/#website"},"primaryImageOfPage":{"@id":"https:\/\/www.seneko.net\/izdelek\/pla-filament-1kg\/#primaryimage"},"image":{"@id":"https:\/\/www.seneko.net\/izdelek\/pla-filament-1kg\/#primaryimage"},"thumbnailUrl":"https:\/\/www.seneko.net\/wp-content\/uploads\/2022\/02\/black.png","datePublished":"2022-02-03T15:19:22+00:00","dateModified":"2026-03-02T14:22:22+00:00","description":"PLA+ filamenti so okolju prijazni materiali, katere je enostavno tiskati in imajo gladko povr\u0161ino. Dodatne dobre lastnosti PLA filamenta so dobra trdnost, togost, ravnovesje \u017eilavosti in mo\u010dna odpornost na udarce. Vrhunska kakovost in odli\u010dna cena.","breadcrumb":{"@id":"https:\/\/www.seneko.net\/izdelek\/pla-filament-1kg\/#breadcrumb"},"inLanguage":"de","potentialAction":[{"@type":"ReadAction","target":["https:\/\/www.seneko.net\/izdelek\/pla-filament-1kg\/"]}]},{"@type":"ImageObject","inLanguage":"de","@id":"https:\/\/www.seneko.net\/izdelek\/pla-filament-1kg\/#primaryimage","url":"https:\/\/www.seneko.net\/wp-content\/uploads\/2022\/02\/black.png","contentUrl":"https:\/\/www.seneko.net\/wp-content\/uploads\/2022\/02\/black.png","width":1000,"height":1000,"caption":"PLA filament"},{"@type":"BreadcrumbList","@id":"https:\/\/www.seneko.net\/izdelek\/pla-filament-1kg\/#breadcrumb","itemListElement":[{"@type":"ListItem","position":1,"name":"Home","item":"https:\/\/www.seneko.net\/"},{"@type":"ListItem","position":2,"name":"Trgovina","item":"https:\/\/www.seneko.net\/trgovina\/"},{"@type":"ListItem","position":3,"name":"PLA+ Filament, 1kg"}]},{"@type":"WebSite","@id":"https:\/\/www.seneko.net\/#website","url":"https:\/\/www.seneko.net\/","name":"Seneko","description":"Z vami tiskamo prihodnost","publisher":{"@id":"https:\/\/www.seneko.net\/#organization"},"potentialAction":[{"@type":"SearchAction","target":{"@type":"EntryPoint","urlTemplate":"https:\/\/www.seneko.net\/?s={search_term_string}"},"query-input":{"@type":"PropertyValueSpecification","valueRequired":true,"valueName":"search_term_string"}}],"inLanguage":"de"},{"@type":"Organization","@id":"https:\/\/www.seneko.net\/#organization","name":"Seneko","url":"https:\/\/www.seneko.net\/","logo":{"@type":"ImageObject","inLanguage":"de","@id":"https:\/\/www.seneko.net\/#\/schema\/logo\/image\/","url":"https:\/\/www.seneko.net\/wp-content\/uploads\/2021\/09\/logo_1.png","contentUrl":"https:\/\/www.seneko.net\/wp-content\/uploads\/2021\/09\/logo_1.png","width":202,"height":80,"caption":"Seneko"},"image":{"@id":"https:\/\/www.seneko.net\/#\/schema\/logo\/image\/"},"sameAs":["https:\/\/www.facebook.com\/seneko3dshop","https:\/\/www.instagram.com\/Seneko3DShop\/"]}]}},"_links":{"self":[{"href":"https:\/\/www.seneko.net\/de\/wp-json\/wp\/v2\/product\/3494","targetHints":{"allow":["GET"]}}],"collection":[{"href":"https:\/\/www.seneko.net\/de\/wp-json\/wp\/v2\/product"}],"about":[{"href":"https:\/\/www.seneko.net\/de\/wp-json\/wp\/v2\/types\/product"}],"replies":[{"embeddable":true,"href":"https:\/\/www.seneko.net\/de\/wp-json\/wp\/v2\/comments?post=3494"}],"wp:featuredmedia":[{"embeddable":true,"href":"https:\/\/www.seneko.net\/de\/wp-json\/wp\/v2\/media\/3743"}],"wp:attachment":[{"href":"https:\/\/www.seneko.net\/de\/wp-json\/wp\/v2\/media?parent=3494"}],"wp:term":[{"taxonomy":"product_brand","embeddable":true,"href":"https:\/\/www.seneko.net\/de\/wp-json\/wp\/v2\/product_brand?post=3494"},{"taxonomy":"product_cat","embeddable":true,"href":"https:\/\/www.seneko.net\/de\/wp-json\/wp\/v2\/product_cat?post=3494"},{"taxonomy":"product_tag","embeddable":true,"href":"https:\/\/www.seneko.net\/de\/wp-json\/wp\/v2\/product_tag?post=3494"}],"curies":[{"name":"wp","href":"https:\/\/api.w.org\/{rel}","templated":true}]}}