{"id":3809,"date":"2022-03-03T15:40:18","date_gmt":"2022-03-03T13:40:18","guid":{"rendered":"https:\/\/www.seneko.net\/?post_type=product&#038;p=3809"},"modified":"2026-01-02T19:40:19","modified_gmt":"2026-01-02T17:40:19","slug":"standard-resin","status":"publish","type":"product","link":"https:\/\/www.seneko.net\/de\/produkt\/standard-resin\/","title":{"rendered":"Standard resin"},"content":{"rendered":"<p>Standard resin ali standardna smola ima visoko togost, je enostavna za tiskanje tankoplastnih delov. Tiskani deli imajo visoko natan\u010dnost oblikovanja. S standard resin ali standardno smolo se lahko natisnejo testni deli in se uporablja za funkcionalno testiranje &#8211; hitro tiskanje prototipov.<\/p>\n<p>&nbsp;<\/p>\n<p>\u3010<strong>Visoka natan\u010dnost in nizko kr\u010denje<\/strong><strong>\u3011<\/strong> Rastlinska smola eSUN vsebuje metakrilatne monomere, ki zmanj\u0161ajo kr\u010denje volumna med postopkom fotopolimerizacije, kar zagotavlja visoko natan\u010dnost modela tiska z gladkimi prehodi zaklju\u010dnih slojev.<\/p>\n<p>\u3010<strong>Odli\u010dna preto\u010dnost in odli\u010dna stabilnost<\/strong><strong>\u3011<\/strong> Hitra smola lahko hitro prodre v modele, izbolj\u0161a hitrost tiskanja in skraj\u0161a \u010das strjevanja. Medtem ima UV smola dobro kombinacijo trdote in \u017eilavosti, mo\u010dno oprijemljivost modela in enostavno lo\u010ditev po strjevanju.<\/p>\n<p>\u3010<strong>Svetle in \u017eive barve<\/strong>\u3011 Z visokokakovostnimi pigmenti in fotoiniciatorji imajo modeli, natisnjeni s smolo, zelo \u010dist in osupljiv barvni u\u010dinek, tako kot umetni\u0161ko delo.<\/p>\n<p>\u3010<strong>Profesionalno za LCD<\/strong><strong>\u3011<\/strong> Posebej zasnovan za LED svetlobni vir za doseganje bolj\u0161e kakovosti tiska. Z visokokakovostnimi pigmenti in fotoiniciatorji imajo modeli, natisnjeni s smolo zelo \u010dist in osupljiv barvni u\u010dinek, tako kot umetni\u0161ko delo.<\/p>\n<p><strong>\u3010Varno pakiranje<\/strong><strong>\u3011<\/strong> Odebeljena aluminijasta steklenica, popolnoma za\u0161\u010ditena pred svetlobo. Neprepustna steklenica, v celoti zavita s plasti\u010dno vre\u010dko z mehur\u010dki, da zagotovi, da smola ostane na mestu kamor sodi.<\/p>\n<p>&nbsp;<\/p>\n<p><strong>Opomba<\/strong><\/p>\n<p>Pred tiskanjem dobro pretresi.<\/p>","protected":false},"excerpt":{"rendered":"<p>Standard resin ali standardna smola ima visoko togost, je enostavna za tiskanje tankoplastnih delov. Tiskani deli imajo visoko natan\u010dnost oblikovanja. S standard resin ali standardno smolo se lahko natisnejo testni deli in se uporablja za funkcionalno testiranje &#8211; hitro tiskanje prototipov. &nbsp; \u3010Visoka natan\u010dnost in nizko kr\u010denje\u3011 Rastlinska smola eSUN vsebuje metakrilatne monomere, ki zmanj\u0161ajo [&hellip;]<\/p>\n","protected":false},"featured_media":3840,"comment_status":"open","ping_status":"closed","template":"","meta":[],"product_brand":[],"product_cat":[333,336],"product_tag":[386,378,385,383,387,381,382,384],"class_list":{"0":"post-3809","1":"product","2":"type-product","3":"status-publish","4":"has-post-thumbnail","6":"product_cat-splosne-smole","7":"product_cat-standard-resin","8":"product_tag-3d-smola","9":"product_tag-esun","10":"product_tag-odlicna-smola-za-tisk","11":"product_tag-smola-za-3d-tisk","12":"product_tag-smola-za-3d-tiskalnik","13":"product_tag-standard-resin","14":"product_tag-standardna-smola","15":"product_tag-uv-smola","16":"pa_barva-grassgreen","17":"pa_barva-grey","18":"pa_barva-orange","19":"pa_barva-sky-blue","20":"pa_barva-transparent","22":"first","23":"instock","24":"sale","25":"taxable","26":"shipping-taxable","27":"purchasable","28":"product-type-variable","29":"has-default-attributes"},"bundled_by":[],"bundle_stock_status":"instock","bundle_stock_quantity":null,"bundle_virtual":false,"bundle_layout":"","bundle_add_to_cart_form_location":"","bundle_editable_in_cart":false,"bundle_sold_individually_context":"","bundle_item_grouping":"","bundle_min_size":"","bundle_max_size":"","bundle_price":[],"bundled_items":[],"bundle_sell_ids":[],"yoast_head":"<!-- This site is optimized with the Yoast SEO plugin v27.4 - https:\/\/yoast.com\/product\/yoast-seo-wordpress\/ -->\n<title>Standard resin - Seneko<\/title>\n<meta name=\"description\" content=\"Standard resin ali standardna smola ima visoko togost, je enostavna za tiskanje tankoplastnih delov. Tiskani deli imajo visoko natan\u010dnost oblikovanja. Smolo se lahko natisne kot testni del in se uporablja za funkcionalno testiranje \u2013 hitro tiskanje prototipov.\" \/>\n<meta name=\"robots\" content=\"index, follow, max-snippet:-1, max-image-preview:large, max-video-preview:-1\" \/>\n<link rel=\"canonical\" href=\"https:\/\/www.seneko.net\/de\/produkt\/standard-resin\/\" \/>\n<meta property=\"og:locale\" content=\"de_DE\" \/>\n<meta property=\"og:type\" content=\"article\" \/>\n<meta property=\"og:title\" content=\"Standard resin - Seneko\" \/>\n<meta property=\"og:description\" content=\"Standard resin ali standardna smola ima visoko togost, je enostavna za tiskanje tankoplastnih delov. Tiskani deli imajo visoko natan\u010dnost oblikovanja. Smolo se lahko natisne kot testni del in se uporablja za funkcionalno testiranje \u2013 hitro tiskanje prototipov.\" \/>\n<meta property=\"og:url\" content=\"https:\/\/www.seneko.net\/de\/produkt\/standard-resin\/\" \/>\n<meta property=\"og:site_name\" content=\"Seneko\" \/>\n<meta property=\"article:publisher\" content=\"https:\/\/www.facebook.com\/seneko3dshop\" \/>\n<meta property=\"article:modified_time\" content=\"2026-01-02T17:40:19+00:00\" \/>\n<meta property=\"og:image\" content=\"https:\/\/www.seneko.net\/wp-content\/uploads\/2022\/03\/bottle1.png\" \/>\n\t<meta property=\"og:image:width\" content=\"1000\" \/>\n\t<meta property=\"og:image:height\" content=\"1000\" \/>\n\t<meta property=\"og:image:type\" content=\"image\/png\" \/>\n<meta name=\"twitter:card\" content=\"summary_large_image\" \/>\n<meta name=\"twitter:label1\" content=\"Gesch\u00e4tzte Lesezeit\" \/>\n\t<meta name=\"twitter:data1\" content=\"2\u00a0Minuten\" \/>\n<script type=\"application\/ld+json\" class=\"yoast-schema-graph\">{\"@context\":\"https:\\\/\\\/schema.org\",\"@graph\":[{\"@type\":\"WebPage\",\"@id\":\"https:\\\/\\\/www.seneko.net\\\/izdelek\\\/standard-resin\\\/\",\"url\":\"https:\\\/\\\/www.seneko.net\\\/izdelek\\\/standard-resin\\\/\",\"name\":\"Standard resin - Seneko\",\"isPartOf\":{\"@id\":\"https:\\\/\\\/www.seneko.net\\\/#website\"},\"primaryImageOfPage\":{\"@id\":\"https:\\\/\\\/www.seneko.net\\\/izdelek\\\/standard-resin\\\/#primaryimage\"},\"image\":{\"@id\":\"https:\\\/\\\/www.seneko.net\\\/izdelek\\\/standard-resin\\\/#primaryimage\"},\"thumbnailUrl\":\"https:\\\/\\\/www.seneko.net\\\/wp-content\\\/uploads\\\/2022\\\/03\\\/bottle1.png\",\"datePublished\":\"2022-03-03T13:40:18+00:00\",\"dateModified\":\"2026-01-02T17:40:19+00:00\",\"description\":\"Standard resin ali standardna smola ima visoko togost, je enostavna za tiskanje tankoplastnih delov. Tiskani deli imajo visoko natan\u010dnost oblikovanja. Smolo se lahko natisne kot testni del in se uporablja za funkcionalno testiranje \u2013 hitro tiskanje prototipov.\",\"breadcrumb\":{\"@id\":\"https:\\\/\\\/www.seneko.net\\\/izdelek\\\/standard-resin\\\/#breadcrumb\"},\"inLanguage\":\"de\",\"potentialAction\":[{\"@type\":\"ReadAction\",\"target\":[\"https:\\\/\\\/www.seneko.net\\\/izdelek\\\/standard-resin\\\/\"]}]},{\"@type\":\"ImageObject\",\"inLanguage\":\"de\",\"@id\":\"https:\\\/\\\/www.seneko.net\\\/izdelek\\\/standard-resin\\\/#primaryimage\",\"url\":\"https:\\\/\\\/www.seneko.net\\\/wp-content\\\/uploads\\\/2022\\\/03\\\/bottle1.png\",\"contentUrl\":\"https:\\\/\\\/www.seneko.net\\\/wp-content\\\/uploads\\\/2022\\\/03\\\/bottle1.png\",\"width\":1000,\"height\":1000,\"caption\":\"Standard resin\"},{\"@type\":\"BreadcrumbList\",\"@id\":\"https:\\\/\\\/www.seneko.net\\\/izdelek\\\/standard-resin\\\/#breadcrumb\",\"itemListElement\":[{\"@type\":\"ListItem\",\"position\":1,\"name\":\"Home\",\"item\":\"https:\\\/\\\/www.seneko.net\\\/\"},{\"@type\":\"ListItem\",\"position\":2,\"name\":\"Trgovina\",\"item\":\"https:\\\/\\\/www.seneko.net\\\/trgovina\\\/\"},{\"@type\":\"ListItem\",\"position\":3,\"name\":\"Standard resin\"}]},{\"@type\":\"WebSite\",\"@id\":\"https:\\\/\\\/www.seneko.net\\\/#website\",\"url\":\"https:\\\/\\\/www.seneko.net\\\/\",\"name\":\"Seneko\",\"description\":\"Z vami tiskamo prihodnost\",\"publisher\":{\"@id\":\"https:\\\/\\\/www.seneko.net\\\/#organization\"},\"potentialAction\":[{\"@type\":\"SearchAction\",\"target\":{\"@type\":\"EntryPoint\",\"urlTemplate\":\"https:\\\/\\\/www.seneko.net\\\/?s={search_term_string}\"},\"query-input\":{\"@type\":\"PropertyValueSpecification\",\"valueRequired\":true,\"valueName\":\"search_term_string\"}}],\"inLanguage\":\"de\"},{\"@type\":\"Organization\",\"@id\":\"https:\\\/\\\/www.seneko.net\\\/#organization\",\"name\":\"Seneko\",\"url\":\"https:\\\/\\\/www.seneko.net\\\/\",\"logo\":{\"@type\":\"ImageObject\",\"inLanguage\":\"de\",\"@id\":\"https:\\\/\\\/www.seneko.net\\\/#\\\/schema\\\/logo\\\/image\\\/\",\"url\":\"https:\\\/\\\/www.seneko.net\\\/wp-content\\\/uploads\\\/2021\\\/09\\\/logo_1.png\",\"contentUrl\":\"https:\\\/\\\/www.seneko.net\\\/wp-content\\\/uploads\\\/2021\\\/09\\\/logo_1.png\",\"width\":202,\"height\":80,\"caption\":\"Seneko\"},\"image\":{\"@id\":\"https:\\\/\\\/www.seneko.net\\\/#\\\/schema\\\/logo\\\/image\\\/\"},\"sameAs\":[\"https:\\\/\\\/www.facebook.com\\\/seneko3dshop\",\"https:\\\/\\\/www.instagram.com\\\/Seneko3DShop\\\/\"]}]}<\/script>\n<!-- \/ Yoast SEO plugin. -->","yoast_head_json":{"title":"Standard resin - Seneko","description":"Standard resin ali standardna smola ima visoko togost, je enostavna za tiskanje tankoplastnih delov. Tiskani deli imajo visoko natan\u010dnost oblikovanja. Smolo se lahko natisne kot testni del in se uporablja za funkcionalno testiranje \u2013 hitro tiskanje prototipov.","robots":{"index":"index","follow":"follow","max-snippet":"max-snippet:-1","max-image-preview":"max-image-preview:large","max-video-preview":"max-video-preview:-1"},"canonical":"https:\/\/www.seneko.net\/de\/produkt\/standard-resin\/","og_locale":"de_DE","og_type":"article","og_title":"Standard resin - Seneko","og_description":"Standard resin ali standardna smola ima visoko togost, je enostavna za tiskanje tankoplastnih delov. Tiskani deli imajo visoko natan\u010dnost oblikovanja. Smolo se lahko natisne kot testni del in se uporablja za funkcionalno testiranje \u2013 hitro tiskanje prototipov.","og_url":"https:\/\/www.seneko.net\/de\/produkt\/standard-resin\/","og_site_name":"Seneko","article_publisher":"https:\/\/www.facebook.com\/seneko3dshop","article_modified_time":"2026-01-02T17:40:19+00:00","og_image":[{"width":1000,"height":1000,"url":"https:\/\/www.seneko.net\/wp-content\/uploads\/2022\/03\/bottle1.png","type":"image\/png"}],"twitter_card":"summary_large_image","twitter_misc":{"Gesch\u00e4tzte Lesezeit":"2\u00a0Minuten"},"schema":{"@context":"https:\/\/schema.org","@graph":[{"@type":"WebPage","@id":"https:\/\/www.seneko.net\/izdelek\/standard-resin\/","url":"https:\/\/www.seneko.net\/izdelek\/standard-resin\/","name":"Standard resin - Seneko","isPartOf":{"@id":"https:\/\/www.seneko.net\/#website"},"primaryImageOfPage":{"@id":"https:\/\/www.seneko.net\/izdelek\/standard-resin\/#primaryimage"},"image":{"@id":"https:\/\/www.seneko.net\/izdelek\/standard-resin\/#primaryimage"},"thumbnailUrl":"https:\/\/www.seneko.net\/wp-content\/uploads\/2022\/03\/bottle1.png","datePublished":"2022-03-03T13:40:18+00:00","dateModified":"2026-01-02T17:40:19+00:00","description":"Standard resin ali standardna smola ima visoko togost, je enostavna za tiskanje tankoplastnih delov. Tiskani deli imajo visoko natan\u010dnost oblikovanja. Smolo se lahko natisne kot testni del in se uporablja za funkcionalno testiranje \u2013 hitro tiskanje prototipov.","breadcrumb":{"@id":"https:\/\/www.seneko.net\/izdelek\/standard-resin\/#breadcrumb"},"inLanguage":"de","potentialAction":[{"@type":"ReadAction","target":["https:\/\/www.seneko.net\/izdelek\/standard-resin\/"]}]},{"@type":"ImageObject","inLanguage":"de","@id":"https:\/\/www.seneko.net\/izdelek\/standard-resin\/#primaryimage","url":"https:\/\/www.seneko.net\/wp-content\/uploads\/2022\/03\/bottle1.png","contentUrl":"https:\/\/www.seneko.net\/wp-content\/uploads\/2022\/03\/bottle1.png","width":1000,"height":1000,"caption":"Standard resin"},{"@type":"BreadcrumbList","@id":"https:\/\/www.seneko.net\/izdelek\/standard-resin\/#breadcrumb","itemListElement":[{"@type":"ListItem","position":1,"name":"Home","item":"https:\/\/www.seneko.net\/"},{"@type":"ListItem","position":2,"name":"Trgovina","item":"https:\/\/www.seneko.net\/trgovina\/"},{"@type":"ListItem","position":3,"name":"Standard resin"}]},{"@type":"WebSite","@id":"https:\/\/www.seneko.net\/#website","url":"https:\/\/www.seneko.net\/","name":"Seneko","description":"Z vami tiskamo prihodnost","publisher":{"@id":"https:\/\/www.seneko.net\/#organization"},"potentialAction":[{"@type":"SearchAction","target":{"@type":"EntryPoint","urlTemplate":"https:\/\/www.seneko.net\/?s={search_term_string}"},"query-input":{"@type":"PropertyValueSpecification","valueRequired":true,"valueName":"search_term_string"}}],"inLanguage":"de"},{"@type":"Organization","@id":"https:\/\/www.seneko.net\/#organization","name":"Seneko","url":"https:\/\/www.seneko.net\/","logo":{"@type":"ImageObject","inLanguage":"de","@id":"https:\/\/www.seneko.net\/#\/schema\/logo\/image\/","url":"https:\/\/www.seneko.net\/wp-content\/uploads\/2021\/09\/logo_1.png","contentUrl":"https:\/\/www.seneko.net\/wp-content\/uploads\/2021\/09\/logo_1.png","width":202,"height":80,"caption":"Seneko"},"image":{"@id":"https:\/\/www.seneko.net\/#\/schema\/logo\/image\/"},"sameAs":["https:\/\/www.facebook.com\/seneko3dshop","https:\/\/www.instagram.com\/Seneko3DShop\/"]}]}},"_links":{"self":[{"href":"https:\/\/www.seneko.net\/de\/wp-json\/wp\/v2\/product\/3809","targetHints":{"allow":["GET"]}}],"collection":[{"href":"https:\/\/www.seneko.net\/de\/wp-json\/wp\/v2\/product"}],"about":[{"href":"https:\/\/www.seneko.net\/de\/wp-json\/wp\/v2\/types\/product"}],"replies":[{"embeddable":true,"href":"https:\/\/www.seneko.net\/de\/wp-json\/wp\/v2\/comments?post=3809"}],"wp:featuredmedia":[{"embeddable":true,"href":"https:\/\/www.seneko.net\/de\/wp-json\/wp\/v2\/media\/3840"}],"wp:attachment":[{"href":"https:\/\/www.seneko.net\/de\/wp-json\/wp\/v2\/media?parent=3809"}],"wp:term":[{"taxonomy":"product_brand","embeddable":true,"href":"https:\/\/www.seneko.net\/de\/wp-json\/wp\/v2\/product_brand?post=3809"},{"taxonomy":"product_cat","embeddable":true,"href":"https:\/\/www.seneko.net\/de\/wp-json\/wp\/v2\/product_cat?post=3809"},{"taxonomy":"product_tag","embeddable":true,"href":"https:\/\/www.seneko.net\/de\/wp-json\/wp\/v2\/product_tag?post=3809"}],"curies":[{"name":"wp","href":"https:\/\/api.w.org\/{rel}","templated":true}]}}