{"id":4819,"date":"2022-07-26T11:34:48","date_gmt":"2022-07-26T09:34:48","guid":{"rendered":"https:\/\/www.seneko.net\/?post_type=product&#038;p=4819"},"modified":"2026-01-02T19:40:23","modified_gmt":"2026-01-02T17:40:23","slug":"pla-refill-filamenti-3x1kg","status":"publish","type":"product","link":"https:\/\/www.seneko.net\/de\/produkt\/pla-refill-filamenti-3x1kg\/","title":{"rendered":"PLA+ refill filamenti,  3x1kg"},"content":{"rendered":"<p>PLA+ refill filamenti so okolju prijazen material, ki jih je enostavno tiskati in imajo gladko povr\u0161ino. PLA+ refill filamenti se dobavijo brez koluta in tako se izognete z veliko odpadnih kolutov. Dodatno transport refil filamenta povzro\u010di manj\u0161i oglji\u010dni odtis. Kolut eSPOOL lahko kupite ali pa si ga tiskate sami. Dodatne dobre lastnosti so dobra trdnost, togost, ravnovesje \u017eilavosti in mo\u010dna odpornost na udarce. Zelo primeren je za tiskanje funkcionalnih delov, odobren s strani FDA in tako varnej\u0161i za uporabo. Lahko se uporablja za konceptualne modele, hitre izdelave prototipov ter uporabne dele, umetnine in drugo.<\/p>\n<p>&nbsp;<\/p>\n<p>\u3010<strong>Dimenzijska toleranca +\/- 0,03 mm<\/strong>\u3011 Minimalna toleranca in nizka stopnja upogibanja, da se zagotovi\u00a0 enakomeren in stabilen tisk, brez zama\u0161itve, z izjemno visoko stopnjo uspe\u0161nosti, kar se ka\u017ee na natan\u010dno natiskanih delih z dobro zaklju\u010dno povr\u0161ino.<\/p>\n<p>\u3010<strong>Brez prepletanja in brez zatikanja<\/strong><strong>\u3011<\/strong> Skupna dol\u017eina: 340-350 m. Celoten kolut filamenta za 3D tiskalnik ima popolno okroglost in zelo tesno toleranco premera, ki se ne prekriva ali zapleta. Topi se enakomerno in gladko brez ma\u0161enja \u0161obe ali ekstruderja.<\/p>\n<p>\u3010<strong>Okolju prijazen material<\/strong><strong>\u3011<\/strong>Filamenti eSUN so izdelani iz \u010distih materialov, biolo\u0161ko razgradljivih, okolju prijaznih, nestrupenih z nizko stopnjo vonjav. Ne \u0161kodi ne uporabniku, ne okolju.<\/p>\n<p>\u3010<strong>Visoka zdru\u017eljivost<\/strong><strong>\u3011<\/strong> Zdru\u017eljivo z ve\u010dino FDM 3D tiskalnikov, ki uporabljajo filament 1,75 mm, kot so: Prusa, Reprap, Afinia, MakerBot, PrintrBot, UltiMaker, Airwolf, Aleph Objects, Makergear, Up, Lulzbot, Simplify3D itd., Flash<\/p>\n<p><strong>\u3010Vakuumsko zaprta embala\u017ea<\/strong><strong>\u3011<\/strong> Neto te\u017ea: 1 kg. Filament eSUN je na voljo v zaprti vakuumski vre\u010dki s su\u0161ilno vre\u010dko, da ostane suh brez prahu in tujkov, kar prepre\u010di zagozdenje \u0161ob in enakomerno ekstruzijo.<\/p>\n<p><strong>\u3010Okolju prijazneje<\/strong><strong>\u3011<\/strong>PLA+ refill filament se dobavi brez koluta in tako se izognete z veliko odpadnih kolutov. Dodatno transport refil filamenta povzro\u010di manj\u0161i oglji\u010dni odtis.<\/p>\n<h4><strong>O PLA materijalu:<\/strong><\/h4>\n<p>PolyLactic Acid 100 % na biolo\u0161ki osnovi, v skladu z EN13432 in ASTM D6400. V okolju kompostiranja se popolnoma razgradi na ogljikov dioksid in vodo, ki je nestrupen in ne\u0161kodljiv za \u010dlove\u0161ko telo, biologijo in okolje. Zasnovan v skladu z lastnostmi filamentov za 3D tiskanje FDM, pro\u017een, ni krhek in stro\u0161kovno u\u010dinkovit. Standardno barvno ujemanje, stabilna barva, lahko je izdelana v razli\u010dnih barvah glede na zahteve kupcev in pripravljena za uporabo. Na podlagi zmogljivosti je pri PLA mo\u010dno izbolj\u0161ana \u017eilavost materiala, ni ga enostavno zlomiti, gladko tiskanje, natisnjeni deli so lepega videza in ni te\u017eav, kot so razpoke ali zvijanje.<\/p>","protected":false},"excerpt":{"rendered":"<p><strong>AKCIJA! 3 x PLA+ Refilament<\/strong><\/p>\n<p>Pri nakupu 3 x PLA+ Refill filamenta dobite \u0161e dodatnih <strong>10% popusta.<\/strong>Izberite spodaj barvo posami\u010dnega filamenta brez koluta. Zamenljiv kolut eSPOOL si lahko tiskate sami ali pa dokupite <a href=\"https:\/\/www.seneko.net\/de\/produkt\/espool\/\">tukaj<\/a>.Veselo tiskanje vam \u017eelimo!<\/p>","protected":false},"featured_media":4826,"comment_status":"open","ping_status":"closed","template":"","meta":[],"product_brand":[],"product_cat":[577,288,289],"product_tag":[561,564,397,410,380,409,567,566,407,563,565,408,411],"class_list":{"0":"post-4819","1":"product","2":"type-product","3":"status-publish","4":"has-post-thumbnail","6":"product_cat-akcija","7":"product_cat-pla-filamenti","8":"product_cat-pla","9":"product_tag-akcija","10":"product_tag-brez-koluta","11":"product_tag-pla","12":"product_tag-pla-brez-koluta","13":"product_tag-pla-filamenti","14":"product_tag-pla-polnitev","15":"product_tag-pla-refil","16":"product_tag-pla-refilament","17":"product_tag-pla-refillament","18":"product_tag-refil","19":"product_tag-refilament","20":"product_tag-refill","21":"product_tag-refill-pla","22":"pa_barva-blue","24":"first","25":"instock","26":"sale","27":"taxable","28":"shipping-taxable","29":"purchasable","30":"product-type-bundle"},"bundled_by":[],"bundle_stock_status":"instock","bundle_stock_quantity":78,"bundle_virtual":false,"bundle_layout":"default","bundle_add_to_cart_form_location":"default","bundle_editable_in_cart":false,"bundle_sold_individually_context":"product","bundle_item_grouping":"parent","bundle_min_size":3,"bundle_max_size":3,"bundle_price":{"price":{"min":{"incl_tax":"51.03","excl_tax":"41.827869"},"max":{"incl_tax":"51.03","excl_tax":"41.827869"}},"regular_price":{"min":{"incl_tax":"70.1","excl_tax":"57.459016"},"max":{"incl_tax":"70.1","excl_tax":"57.459016"}}},"bundled_items":[{"bundled_item_id":4,"product_id":3767,"menu_order":0,"quantity_min":1,"quantity_max":3,"quantity_default":1,"priced_individually":false,"shipped_individually":false,"override_title":false,"title":"PLA+ refill filament","override_description":false,"description":"","optional":false,"hide_thumbnail":false,"discount":"","override_variations":false,"allowed_variations":[],"override_default_variation_attributes":false,"default_variation_attributes":[],"single_product_visibility":"visible","cart_visibility":"visible","order_visibility":"visible","single_product_price_visibility":"visible","cart_price_visibility":"visible","order_price_visibility":"visible","stock_status":"in_stock"},{"bundled_item_id":5,"product_id":3767,"menu_order":1,"quantity_min":1,"quantity_max":3,"quantity_default":1,"priced_individually":false,"shipped_individually":false,"override_title":false,"title":"PLA+ refill filament","override_description":false,"description":"","optional":false,"hide_thumbnail":false,"discount":"","override_variations":false,"allowed_variations":[],"override_default_variation_attributes":false,"default_variation_attributes":[],"single_product_visibility":"visible","cart_visibility":"visible","order_visibility":"visible","single_product_price_visibility":"visible","cart_price_visibility":"visible","order_price_visibility":"visible","stock_status":"in_stock"},{"bundled_item_id":6,"product_id":3767,"menu_order":2,"quantity_min":1,"quantity_max":3,"quantity_default":1,"priced_individually":false,"shipped_individually":false,"override_title":false,"title":"PLA+ refill filament","override_description":false,"description":"","optional":false,"hide_thumbnail":false,"discount":"","override_variations":false,"allowed_variations":[],"override_default_variation_attributes":false,"default_variation_attributes":[],"single_product_visibility":"visible","cart_visibility":"visible","order_visibility":"visible","single_product_price_visibility":"visible","cart_price_visibility":"visible","order_price_visibility":"visible","stock_status":"in_stock"}],"bundle_sell_ids":[],"yoast_head":"<!-- This site is optimized with the Yoast SEO plugin v27.4 - https:\/\/yoast.com\/product\/yoast-seo-wordpress\/ -->\n<title>PLA+ refill filamenti, 3x1kg - Seneko<\/title>\n<meta name=\"description\" content=\"PLA+ refill filamenti so okolju prijazen material, ki jih je enostavno tiskati in imajo gladko povr\u0161ino. PLA+ refill filamenti se dobavijo brez koluta in tako se izognete z veliko odpadnih kolutov. Dodatno transport refil filamenta povzro\u010di manj\u0161i oglji\u010dni odtis. Kolut eSPOOL lahko kupite ali pa si ga tiskate sami. Dodatne dobre lastnosti so dobra trdnost, togost, ravnovesje \u017eilavosti in mo\u010dna odpornost na udarce. Zelo primeren je za tiskanje funkcionalnih delov, odobren s strani FDA in tako varnej\u0161i za uporabo. Lahko se uporablja za konceptualne modele, hitre izdelave prototipov ter uporabne dele, umetnine in drugo.\" \/>\n<meta name=\"robots\" content=\"index, follow, max-snippet:-1, max-image-preview:large, max-video-preview:-1\" \/>\n<link rel=\"canonical\" href=\"https:\/\/www.seneko.net\/de\/produkt\/pla-refill-filamenti-3x1kg\/\" \/>\n<meta property=\"og:locale\" content=\"de_DE\" \/>\n<meta property=\"og:type\" content=\"article\" \/>\n<meta property=\"og:title\" content=\"PLA+ refill filamenti, 3x1kg - Seneko\" \/>\n<meta property=\"og:description\" content=\"PLA+ refill filamenti so okolju prijazen material, ki jih je enostavno tiskati in imajo gladko povr\u0161ino. PLA+ refill filamenti se dobavijo brez koluta in tako se izognete z veliko odpadnih kolutov. Dodatno transport refil filamenta povzro\u010di manj\u0161i oglji\u010dni odtis. Kolut eSPOOL lahko kupite ali pa si ga tiskate sami. Dodatne dobre lastnosti so dobra trdnost, togost, ravnovesje \u017eilavosti in mo\u010dna odpornost na udarce. Zelo primeren je za tiskanje funkcionalnih delov, odobren s strani FDA in tako varnej\u0161i za uporabo. Lahko se uporablja za konceptualne modele, hitre izdelave prototipov ter uporabne dele, umetnine in drugo.\" \/>\n<meta property=\"og:url\" content=\"https:\/\/www.seneko.net\/de\/produkt\/pla-refill-filamenti-3x1kg\/\" \/>\n<meta property=\"og:site_name\" content=\"Seneko\" \/>\n<meta property=\"article:publisher\" content=\"https:\/\/www.facebook.com\/seneko3dshop\" \/>\n<meta property=\"article:modified_time\" content=\"2026-01-02T17:40:23+00:00\" \/>\n<meta property=\"og:image\" content=\"https:\/\/www.seneko.net\/wp-content\/uploads\/2022\/07\/NOVA_AK_PLA_REFILL.jpg\" \/>\n\t<meta property=\"og:image:width\" content=\"1081\" \/>\n\t<meta property=\"og:image:height\" content=\"566\" \/>\n\t<meta property=\"og:image:type\" content=\"image\/jpeg\" \/>\n<meta name=\"twitter:card\" content=\"summary_large_image\" \/>\n<meta name=\"twitter:label1\" content=\"Gesch\u00e4tzte Lesezeit\" \/>\n\t<meta name=\"twitter:data1\" content=\"2\u00a0Minuten\" \/>\n<script type=\"application\/ld+json\" class=\"yoast-schema-graph\">{\"@context\":\"https:\\\/\\\/schema.org\",\"@graph\":[{\"@type\":\"WebPage\",\"@id\":\"https:\\\/\\\/www.seneko.net\\\/izdelek\\\/pla-refill-filamenti-3x1kg\\\/\",\"url\":\"https:\\\/\\\/www.seneko.net\\\/izdelek\\\/pla-refill-filamenti-3x1kg\\\/\",\"name\":\"PLA+ refill filamenti, 3x1kg - Seneko\",\"isPartOf\":{\"@id\":\"https:\\\/\\\/www.seneko.net\\\/#website\"},\"primaryImageOfPage\":{\"@id\":\"https:\\\/\\\/www.seneko.net\\\/izdelek\\\/pla-refill-filamenti-3x1kg\\\/#primaryimage\"},\"image\":{\"@id\":\"https:\\\/\\\/www.seneko.net\\\/izdelek\\\/pla-refill-filamenti-3x1kg\\\/#primaryimage\"},\"thumbnailUrl\":\"https:\\\/\\\/www.seneko.net\\\/wp-content\\\/uploads\\\/2022\\\/07\\\/NOVA_AK_PLA_REFILL.jpg\",\"datePublished\":\"2022-07-26T09:34:48+00:00\",\"dateModified\":\"2026-01-02T17:40:23+00:00\",\"description\":\"PLA+ refill filamenti so okolju prijazen material, ki jih je enostavno tiskati in imajo gladko povr\u0161ino. PLA+ refill filamenti se dobavijo brez koluta in tako se izognete z veliko odpadnih kolutov. Dodatno transport refil filamenta povzro\u010di manj\u0161i oglji\u010dni odtis. Kolut eSPOOL lahko kupite ali pa si ga tiskate sami. Dodatne dobre lastnosti so dobra trdnost, togost, ravnovesje \u017eilavosti in mo\u010dna odpornost na udarce. Zelo primeren je za tiskanje funkcionalnih delov, odobren s strani FDA in tako varnej\u0161i za uporabo. Lahko se uporablja za konceptualne modele, hitre izdelave prototipov ter uporabne dele, umetnine in drugo.\",\"breadcrumb\":{\"@id\":\"https:\\\/\\\/www.seneko.net\\\/izdelek\\\/pla-refill-filamenti-3x1kg\\\/#breadcrumb\"},\"inLanguage\":\"de\",\"potentialAction\":[{\"@type\":\"ReadAction\",\"target\":[\"https:\\\/\\\/www.seneko.net\\\/izdelek\\\/pla-refill-filamenti-3x1kg\\\/\"]}]},{\"@type\":\"ImageObject\",\"inLanguage\":\"de\",\"@id\":\"https:\\\/\\\/www.seneko.net\\\/izdelek\\\/pla-refill-filamenti-3x1kg\\\/#primaryimage\",\"url\":\"https:\\\/\\\/www.seneko.net\\\/wp-content\\\/uploads\\\/2022\\\/07\\\/NOVA_AK_PLA_REFILL.jpg\",\"contentUrl\":\"https:\\\/\\\/www.seneko.net\\\/wp-content\\\/uploads\\\/2022\\\/07\\\/NOVA_AK_PLA_REFILL.jpg\",\"width\":1081,\"height\":566,\"caption\":\"Akcija PLA+ Refill 3x\"},{\"@type\":\"BreadcrumbList\",\"@id\":\"https:\\\/\\\/www.seneko.net\\\/izdelek\\\/pla-refill-filamenti-3x1kg\\\/#breadcrumb\",\"itemListElement\":[{\"@type\":\"ListItem\",\"position\":1,\"name\":\"Home\",\"item\":\"https:\\\/\\\/www.seneko.net\\\/\"},{\"@type\":\"ListItem\",\"position\":2,\"name\":\"Trgovina\",\"item\":\"https:\\\/\\\/www.seneko.net\\\/trgovina\\\/\"},{\"@type\":\"ListItem\",\"position\":3,\"name\":\"PLA+ refill filamenti, 3x1kg\"}]},{\"@type\":\"WebSite\",\"@id\":\"https:\\\/\\\/www.seneko.net\\\/#website\",\"url\":\"https:\\\/\\\/www.seneko.net\\\/\",\"name\":\"Seneko\",\"description\":\"Z vami tiskamo prihodnost\",\"publisher\":{\"@id\":\"https:\\\/\\\/www.seneko.net\\\/#organization\"},\"potentialAction\":[{\"@type\":\"SearchAction\",\"target\":{\"@type\":\"EntryPoint\",\"urlTemplate\":\"https:\\\/\\\/www.seneko.net\\\/?s={search_term_string}\"},\"query-input\":{\"@type\":\"PropertyValueSpecification\",\"valueRequired\":true,\"valueName\":\"search_term_string\"}}],\"inLanguage\":\"de\"},{\"@type\":\"Organization\",\"@id\":\"https:\\\/\\\/www.seneko.net\\\/#organization\",\"name\":\"Seneko\",\"url\":\"https:\\\/\\\/www.seneko.net\\\/\",\"logo\":{\"@type\":\"ImageObject\",\"inLanguage\":\"de\",\"@id\":\"https:\\\/\\\/www.seneko.net\\\/#\\\/schema\\\/logo\\\/image\\\/\",\"url\":\"https:\\\/\\\/www.seneko.net\\\/wp-content\\\/uploads\\\/2021\\\/09\\\/logo_1.png\",\"contentUrl\":\"https:\\\/\\\/www.seneko.net\\\/wp-content\\\/uploads\\\/2021\\\/09\\\/logo_1.png\",\"width\":202,\"height\":80,\"caption\":\"Seneko\"},\"image\":{\"@id\":\"https:\\\/\\\/www.seneko.net\\\/#\\\/schema\\\/logo\\\/image\\\/\"},\"sameAs\":[\"https:\\\/\\\/www.facebook.com\\\/seneko3dshop\",\"https:\\\/\\\/www.instagram.com\\\/Seneko3DShop\\\/\"]}]}<\/script>\n<!-- \/ Yoast SEO plugin. -->","yoast_head_json":{"title":"PLA+ refill filamenti, 3x1kg - Seneko","description":"PLA+ refill filamenti so okolju prijazen material, ki jih je enostavno tiskati in imajo gladko povr\u0161ino. PLA+ refill filamenti se dobavijo brez koluta in tako se izognete z veliko odpadnih kolutov. Dodatno transport refil filamenta povzro\u010di manj\u0161i oglji\u010dni odtis. Kolut eSPOOL lahko kupite ali pa si ga tiskate sami. Dodatne dobre lastnosti so dobra trdnost, togost, ravnovesje \u017eilavosti in mo\u010dna odpornost na udarce. Zelo primeren je za tiskanje funkcionalnih delov, odobren s strani FDA in tako varnej\u0161i za uporabo. Lahko se uporablja za konceptualne modele, hitre izdelave prototipov ter uporabne dele, umetnine in drugo.","robots":{"index":"index","follow":"follow","max-snippet":"max-snippet:-1","max-image-preview":"max-image-preview:large","max-video-preview":"max-video-preview:-1"},"canonical":"https:\/\/www.seneko.net\/de\/produkt\/pla-refill-filamenti-3x1kg\/","og_locale":"de_DE","og_type":"article","og_title":"PLA+ refill filamenti, 3x1kg - Seneko","og_description":"PLA+ refill filamenti so okolju prijazen material, ki jih je enostavno tiskati in imajo gladko povr\u0161ino. PLA+ refill filamenti se dobavijo brez koluta in tako se izognete z veliko odpadnih kolutov. Dodatno transport refil filamenta povzro\u010di manj\u0161i oglji\u010dni odtis. Kolut eSPOOL lahko kupite ali pa si ga tiskate sami. Dodatne dobre lastnosti so dobra trdnost, togost, ravnovesje \u017eilavosti in mo\u010dna odpornost na udarce. Zelo primeren je za tiskanje funkcionalnih delov, odobren s strani FDA in tako varnej\u0161i za uporabo. Lahko se uporablja za konceptualne modele, hitre izdelave prototipov ter uporabne dele, umetnine in drugo.","og_url":"https:\/\/www.seneko.net\/de\/produkt\/pla-refill-filamenti-3x1kg\/","og_site_name":"Seneko","article_publisher":"https:\/\/www.facebook.com\/seneko3dshop","article_modified_time":"2026-01-02T17:40:23+00:00","og_image":[{"width":1081,"height":566,"url":"https:\/\/www.seneko.net\/wp-content\/uploads\/2022\/07\/NOVA_AK_PLA_REFILL.jpg","type":"image\/jpeg"}],"twitter_card":"summary_large_image","twitter_misc":{"Gesch\u00e4tzte Lesezeit":"2\u00a0Minuten"},"schema":{"@context":"https:\/\/schema.org","@graph":[{"@type":"WebPage","@id":"https:\/\/www.seneko.net\/izdelek\/pla-refill-filamenti-3x1kg\/","url":"https:\/\/www.seneko.net\/izdelek\/pla-refill-filamenti-3x1kg\/","name":"PLA+ refill filamenti, 3x1kg - Seneko","isPartOf":{"@id":"https:\/\/www.seneko.net\/#website"},"primaryImageOfPage":{"@id":"https:\/\/www.seneko.net\/izdelek\/pla-refill-filamenti-3x1kg\/#primaryimage"},"image":{"@id":"https:\/\/www.seneko.net\/izdelek\/pla-refill-filamenti-3x1kg\/#primaryimage"},"thumbnailUrl":"https:\/\/www.seneko.net\/wp-content\/uploads\/2022\/07\/NOVA_AK_PLA_REFILL.jpg","datePublished":"2022-07-26T09:34:48+00:00","dateModified":"2026-01-02T17:40:23+00:00","description":"PLA+ refill filamenti so okolju prijazen material, ki jih je enostavno tiskati in imajo gladko povr\u0161ino. PLA+ refill filamenti se dobavijo brez koluta in tako se izognete z veliko odpadnih kolutov. Dodatno transport refil filamenta povzro\u010di manj\u0161i oglji\u010dni odtis. Kolut eSPOOL lahko kupite ali pa si ga tiskate sami. Dodatne dobre lastnosti so dobra trdnost, togost, ravnovesje \u017eilavosti in mo\u010dna odpornost na udarce. Zelo primeren je za tiskanje funkcionalnih delov, odobren s strani FDA in tako varnej\u0161i za uporabo. Lahko se uporablja za konceptualne modele, hitre izdelave prototipov ter uporabne dele, umetnine in drugo.","breadcrumb":{"@id":"https:\/\/www.seneko.net\/izdelek\/pla-refill-filamenti-3x1kg\/#breadcrumb"},"inLanguage":"de","potentialAction":[{"@type":"ReadAction","target":["https:\/\/www.seneko.net\/izdelek\/pla-refill-filamenti-3x1kg\/"]}]},{"@type":"ImageObject","inLanguage":"de","@id":"https:\/\/www.seneko.net\/izdelek\/pla-refill-filamenti-3x1kg\/#primaryimage","url":"https:\/\/www.seneko.net\/wp-content\/uploads\/2022\/07\/NOVA_AK_PLA_REFILL.jpg","contentUrl":"https:\/\/www.seneko.net\/wp-content\/uploads\/2022\/07\/NOVA_AK_PLA_REFILL.jpg","width":1081,"height":566,"caption":"Akcija PLA+ Refill 3x"},{"@type":"BreadcrumbList","@id":"https:\/\/www.seneko.net\/izdelek\/pla-refill-filamenti-3x1kg\/#breadcrumb","itemListElement":[{"@type":"ListItem","position":1,"name":"Home","item":"https:\/\/www.seneko.net\/"},{"@type":"ListItem","position":2,"name":"Trgovina","item":"https:\/\/www.seneko.net\/trgovina\/"},{"@type":"ListItem","position":3,"name":"PLA+ refill filamenti, 3x1kg"}]},{"@type":"WebSite","@id":"https:\/\/www.seneko.net\/#website","url":"https:\/\/www.seneko.net\/","name":"Seneko","description":"Z vami tiskamo prihodnost","publisher":{"@id":"https:\/\/www.seneko.net\/#organization"},"potentialAction":[{"@type":"SearchAction","target":{"@type":"EntryPoint","urlTemplate":"https:\/\/www.seneko.net\/?s={search_term_string}"},"query-input":{"@type":"PropertyValueSpecification","valueRequired":true,"valueName":"search_term_string"}}],"inLanguage":"de"},{"@type":"Organization","@id":"https:\/\/www.seneko.net\/#organization","name":"Seneko","url":"https:\/\/www.seneko.net\/","logo":{"@type":"ImageObject","inLanguage":"de","@id":"https:\/\/www.seneko.net\/#\/schema\/logo\/image\/","url":"https:\/\/www.seneko.net\/wp-content\/uploads\/2021\/09\/logo_1.png","contentUrl":"https:\/\/www.seneko.net\/wp-content\/uploads\/2021\/09\/logo_1.png","width":202,"height":80,"caption":"Seneko"},"image":{"@id":"https:\/\/www.seneko.net\/#\/schema\/logo\/image\/"},"sameAs":["https:\/\/www.facebook.com\/seneko3dshop","https:\/\/www.instagram.com\/Seneko3DShop\/"]}]}},"_links":{"self":[{"href":"https:\/\/www.seneko.net\/de\/wp-json\/wp\/v2\/product\/4819","targetHints":{"allow":["GET"]}}],"collection":[{"href":"https:\/\/www.seneko.net\/de\/wp-json\/wp\/v2\/product"}],"about":[{"href":"https:\/\/www.seneko.net\/de\/wp-json\/wp\/v2\/types\/product"}],"replies":[{"embeddable":true,"href":"https:\/\/www.seneko.net\/de\/wp-json\/wp\/v2\/comments?post=4819"}],"wp:featuredmedia":[{"embeddable":true,"href":"https:\/\/www.seneko.net\/de\/wp-json\/wp\/v2\/media\/4826"}],"wp:attachment":[{"href":"https:\/\/www.seneko.net\/de\/wp-json\/wp\/v2\/media?parent=4819"}],"wp:term":[{"taxonomy":"product_brand","embeddable":true,"href":"https:\/\/www.seneko.net\/de\/wp-json\/wp\/v2\/product_brand?post=4819"},{"taxonomy":"product_cat","embeddable":true,"href":"https:\/\/www.seneko.net\/de\/wp-json\/wp\/v2\/product_cat?post=4819"},{"taxonomy":"product_tag","embeddable":true,"href":"https:\/\/www.seneko.net\/de\/wp-json\/wp\/v2\/product_tag?post=4819"}],"curies":[{"name":"wp","href":"https:\/\/api.w.org\/{rel}","templated":true}]}}