{"id":55,"date":"2016-06-13T15:48:45","date_gmt":"2016-06-13T13:48:45","guid":{"rendered":"http:\/\/sw-themes.com\/porto_dummy\/?page_id=55"},"modified":"2022-10-23T17:43:31","modified_gmt":"2022-10-23T15:43:31","slug":"o-nas","status":"publish","type":"page","link":"https:\/\/www.seneko.net\/en\/o-nas\/","title":{"rendered":"About us"},"content":{"rendered":"<div class=\"vc_row wpb_row top-row vc_custom_1520146469968 vc_row-has-fill porto-inner-container\"><div class=\"porto-wrap-container container\"><div class=\"row\"><div class=\"vc_column_container col-md-12\"><div class=\"wpb_wrapper vc_column-inner\">\n\t<div class=\"wpb_text_column wpb_content_element\" >\n\t\t<div class=\"wpb_wrapper\">\n\t\t\t<h2><span style=\"font-size: 30px;\">OUR STORY<\/span><\/h2>\n<p>Seneko d.o.o. is a family business founded in 2007.<\/p>\n<p>We have been dealing with additive manufacturing and 3D printing for many years. At first, we learned about 3D printing for our own needs of prototyping and designing and developing new products, and then with applied research in additive manufacturing, industrial projects for the provision and production of spare parts, we expanded our offer and offered it to a wider market.<\/p>\n<p>We enjoy interesting projects and challenges where we can use all our knowledge and create \"something more\" together.<\/p>\n<p>We believe that creativity should be free and limited as little as possible, and therefore we decided to offer high-quality consumables for 3D printing at a more affordable price and make the way easier for creatives, creators and 3D printers.<\/p>\n<p>&nbsp;<\/p>\n<p><img loading=\"lazy\" decoding=\"async\" class=\"aligncenter wp-image-5045 size-full\" src=\"https:\/\/www.seneko.net\/wp-content\/uploads\/2022\/10\/Screenshot-2022-10-23-at-17.39.45.png\" alt=\"\" width=\"609\" height=\"900\" srcset=\"https:\/\/www.seneko.net\/wp-content\/uploads\/2022\/10\/Screenshot-2022-10-23-at-17.39.45.png 609w, https:\/\/www.seneko.net\/wp-content\/uploads\/2022\/10\/Screenshot-2022-10-23-at-17.39.45-600x887.png 600w, https:\/\/www.seneko.net\/wp-content\/uploads\/2022\/10\/Screenshot-2022-10-23-at-17.39.45-400x591.png 400w\" sizes=\"auto, (max-width: 609px) 100vw, 609px\" \/><\/p>\n\n\t\t<\/div>\n\t<\/div>\n\n\t<div class=\"wpb_text_column wpb_content_element\" >\n\t\t<div class=\"wpb_wrapper\">\n\t\t\t<h2><\/h2>\n<h2><span style=\"font-size: 30px;\">WHY CHOOSE US?<\/span><\/h2>\n<p>Free shipping over \u20ac70<\/p>\n<p>100% money back<\/p>\n<p>Online support<\/p>\n<ul>\n<li>Proven and quality materials<\/li>\n<li>Quality manufacturing with:\n<ul>\n<li>A little smell<\/li>\n<li>No foreign bodies or blockages<\/li>\n<li>Well wound without tangling<\/li>\n<li>Minimal curvature<\/li>\n<li>dobro toleranco +- 0,03 mm<\/li>\n<li>High quality materials with safety data sheets<\/li>\n<li>Extraordinary capacity of production capacity<\/li>\n<li>Excellent support<\/li>\n<li>Pioneers in the development of new and better products<\/li>\n<li>Strategic position in Europe<\/li>\n<\/ul>\n<\/li>\n<li>Quick delivery<\/li>\n<\/ul>\n<p>&nbsp;<\/p>\n\n\t\t<\/div>\n\t<\/div>\n<\/div><\/div><\/div><\/div><\/div>","protected":false},"excerpt":{"rendered":"NA\u0160A ZGODBA Seneko d.o.o. je dru\u017einsko podjetje ustanovljeno leta 2007. Z aditivno proizvodnjo in 3D tiskom se ukvarjamo \u017ee vrsto let. Sprva smo se z 3D tiskom spoznali za lastne potrebe prototipiranja in oblikovanja ter razvoja novih izdelkov, nakar pa smo z aplikativnimi raziskavami v aditivni proizvodnji, industrijskimi projekti zagotavljanja in izdelave rezervnih delov na\u0161o [...]","protected":false},"author":1,"featured_media":0,"parent":0,"menu_order":0,"comment_status":"closed","ping_status":"closed","template":"","meta":{"footnotes":""},"class_list":["post-55","page","type-page","status-publish","hentry"],"yoast_head":"<!-- This site is optimized with the Yoast SEO plugin v27.4 - https:\/\/yoast.com\/product\/yoast-seo-wordpress\/ -->\n<title>O nas - Seneko<\/title>\n<meta name=\"description\" content=\"Ve\u010d o na\u0161em podjetju in spletni trgovini lahko izveste tukaj,\" \/>\n<meta name=\"robots\" content=\"index, follow, max-snippet:-1, max-image-preview:large, max-video-preview:-1\" \/>\n<link rel=\"canonical\" href=\"https:\/\/www.seneko.net\/en\/o-nas\/\" \/>\n<meta property=\"og:locale\" content=\"en_US\" \/>\n<meta property=\"og:type\" content=\"article\" \/>\n<meta property=\"og:title\" content=\"O nas - Seneko\" \/>\n<meta property=\"og:description\" content=\"Ve\u010d o na\u0161em podjetju in spletni trgovini lahko izveste tukaj,\" \/>\n<meta property=\"og:url\" content=\"https:\/\/www.seneko.net\/en\/o-nas\/\" \/>\n<meta property=\"og:site_name\" content=\"Seneko\" \/>\n<meta property=\"article:publisher\" content=\"https:\/\/www.facebook.com\/seneko3dshop\" \/>\n<meta property=\"article:modified_time\" content=\"2022-10-23T15:43:31+00:00\" \/>\n<meta property=\"og:image\" content=\"https:\/\/www.seneko.net\/wp-content\/uploads\/2022\/10\/Screenshot-2022-10-23-at-17.39.45.png\" \/>\n<meta name=\"twitter:card\" content=\"summary_large_image\" \/>\n<meta name=\"twitter:label1\" content=\"Est. reading time\" \/>\n\t<meta name=\"twitter:data1\" content=\"1 minute\" \/>\n<script type=\"application\/ld+json\" class=\"yoast-schema-graph\">{\"@context\":\"https:\\\/\\\/schema.org\",\"@graph\":[{\"@type\":\"WebPage\",\"@id\":\"https:\\\/\\\/www.seneko.net\\\/o-nas\\\/\",\"url\":\"https:\\\/\\\/www.seneko.net\\\/o-nas\\\/\",\"name\":\"O nas - Seneko\",\"isPartOf\":{\"@id\":\"https:\\\/\\\/www.seneko.net\\\/#website\"},\"primaryImageOfPage\":{\"@id\":\"https:\\\/\\\/www.seneko.net\\\/o-nas\\\/#primaryimage\"},\"image\":{\"@id\":\"https:\\\/\\\/www.seneko.net\\\/o-nas\\\/#primaryimage\"},\"thumbnailUrl\":\"https:\\\/\\\/www.seneko.net\\\/wp-content\\\/uploads\\\/2022\\\/10\\\/Screenshot-2022-10-23-at-17.39.45.png\",\"datePublished\":\"2016-06-13T13:48:45+00:00\",\"dateModified\":\"2022-10-23T15:43:31+00:00\",\"description\":\"Ve\u010d o na\u0161em podjetju in spletni trgovini lahko izveste tukaj,\",\"breadcrumb\":{\"@id\":\"https:\\\/\\\/www.seneko.net\\\/o-nas\\\/#breadcrumb\"},\"inLanguage\":\"en-US\",\"potentialAction\":[{\"@type\":\"ReadAction\",\"target\":[\"https:\\\/\\\/www.seneko.net\\\/o-nas\\\/\"]}]},{\"@type\":\"ImageObject\",\"inLanguage\":\"en-US\",\"@id\":\"https:\\\/\\\/www.seneko.net\\\/o-nas\\\/#primaryimage\",\"url\":\"https:\\\/\\\/www.seneko.net\\\/wp-content\\\/uploads\\\/2022\\\/10\\\/Screenshot-2022-10-23-at-17.39.45.png\",\"contentUrl\":\"https:\\\/\\\/www.seneko.net\\\/wp-content\\\/uploads\\\/2022\\\/10\\\/Screenshot-2022-10-23-at-17.39.45.png\"},{\"@type\":\"BreadcrumbList\",\"@id\":\"https:\\\/\\\/www.seneko.net\\\/o-nas\\\/#breadcrumb\",\"itemListElement\":[{\"@type\":\"ListItem\",\"position\":1,\"name\":\"Home\",\"item\":\"https:\\\/\\\/www.seneko.net\\\/\"},{\"@type\":\"ListItem\",\"position\":2,\"name\":\"O nas\"}]},{\"@type\":\"WebSite\",\"@id\":\"https:\\\/\\\/www.seneko.net\\\/#website\",\"url\":\"https:\\\/\\\/www.seneko.net\\\/\",\"name\":\"Seneko\",\"description\":\"Z vami tiskamo prihodnost\",\"publisher\":{\"@id\":\"https:\\\/\\\/www.seneko.net\\\/#organization\"},\"potentialAction\":[{\"@type\":\"SearchAction\",\"target\":{\"@type\":\"EntryPoint\",\"urlTemplate\":\"https:\\\/\\\/www.seneko.net\\\/?s={search_term_string}\"},\"query-input\":{\"@type\":\"PropertyValueSpecification\",\"valueRequired\":true,\"valueName\":\"search_term_string\"}}],\"inLanguage\":\"en-US\"},{\"@type\":\"Organization\",\"@id\":\"https:\\\/\\\/www.seneko.net\\\/#organization\",\"name\":\"Seneko\",\"url\":\"https:\\\/\\\/www.seneko.net\\\/\",\"logo\":{\"@type\":\"ImageObject\",\"inLanguage\":\"en-US\",\"@id\":\"https:\\\/\\\/www.seneko.net\\\/#\\\/schema\\\/logo\\\/image\\\/\",\"url\":\"https:\\\/\\\/www.seneko.net\\\/wp-content\\\/uploads\\\/2021\\\/09\\\/logo_1.png\",\"contentUrl\":\"https:\\\/\\\/www.seneko.net\\\/wp-content\\\/uploads\\\/2021\\\/09\\\/logo_1.png\",\"width\":202,\"height\":80,\"caption\":\"Seneko\"},\"image\":{\"@id\":\"https:\\\/\\\/www.seneko.net\\\/#\\\/schema\\\/logo\\\/image\\\/\"},\"sameAs\":[\"https:\\\/\\\/www.facebook.com\\\/seneko3dshop\",\"https:\\\/\\\/www.instagram.com\\\/Seneko3DShop\\\/\"]}]}<\/script>\n<!-- \/ Yoast SEO plugin. -->","yoast_head_json":{"title":"O nas - Seneko","description":"Ve\u010d o na\u0161em podjetju in spletni trgovini lahko izveste tukaj,","robots":{"index":"index","follow":"follow","max-snippet":"max-snippet:-1","max-image-preview":"max-image-preview:large","max-video-preview":"max-video-preview:-1"},"canonical":"https:\/\/www.seneko.net\/en\/o-nas\/","og_locale":"en_US","og_type":"article","og_title":"O nas - Seneko","og_description":"Ve\u010d o na\u0161em podjetju in spletni trgovini lahko izveste tukaj,","og_url":"https:\/\/www.seneko.net\/en\/o-nas\/","og_site_name":"Seneko","article_publisher":"https:\/\/www.facebook.com\/seneko3dshop","article_modified_time":"2022-10-23T15:43:31+00:00","og_image":[{"url":"https:\/\/www.seneko.net\/wp-content\/uploads\/2022\/10\/Screenshot-2022-10-23-at-17.39.45.png","type":"","width":"","height":""}],"twitter_card":"summary_large_image","twitter_misc":{"Est. reading time":"1 minute"},"schema":{"@context":"https:\/\/schema.org","@graph":[{"@type":"WebPage","@id":"https:\/\/www.seneko.net\/o-nas\/","url":"https:\/\/www.seneko.net\/o-nas\/","name":"O nas - Seneko","isPartOf":{"@id":"https:\/\/www.seneko.net\/#website"},"primaryImageOfPage":{"@id":"https:\/\/www.seneko.net\/o-nas\/#primaryimage"},"image":{"@id":"https:\/\/www.seneko.net\/o-nas\/#primaryimage"},"thumbnailUrl":"https:\/\/www.seneko.net\/wp-content\/uploads\/2022\/10\/Screenshot-2022-10-23-at-17.39.45.png","datePublished":"2016-06-13T13:48:45+00:00","dateModified":"2022-10-23T15:43:31+00:00","description":"Ve\u010d o na\u0161em podjetju in spletni trgovini lahko izveste tukaj,","breadcrumb":{"@id":"https:\/\/www.seneko.net\/o-nas\/#breadcrumb"},"inLanguage":"en-US","potentialAction":[{"@type":"ReadAction","target":["https:\/\/www.seneko.net\/o-nas\/"]}]},{"@type":"ImageObject","inLanguage":"en-US","@id":"https:\/\/www.seneko.net\/o-nas\/#primaryimage","url":"https:\/\/www.seneko.net\/wp-content\/uploads\/2022\/10\/Screenshot-2022-10-23-at-17.39.45.png","contentUrl":"https:\/\/www.seneko.net\/wp-content\/uploads\/2022\/10\/Screenshot-2022-10-23-at-17.39.45.png"},{"@type":"BreadcrumbList","@id":"https:\/\/www.seneko.net\/o-nas\/#breadcrumb","itemListElement":[{"@type":"ListItem","position":1,"name":"Home","item":"https:\/\/www.seneko.net\/"},{"@type":"ListItem","position":2,"name":"O nas"}]},{"@type":"WebSite","@id":"https:\/\/www.seneko.net\/#website","url":"https:\/\/www.seneko.net\/","name":"Seneko","description":"Z vami tiskamo prihodnost","publisher":{"@id":"https:\/\/www.seneko.net\/#organization"},"potentialAction":[{"@type":"SearchAction","target":{"@type":"EntryPoint","urlTemplate":"https:\/\/www.seneko.net\/?s={search_term_string}"},"query-input":{"@type":"PropertyValueSpecification","valueRequired":true,"valueName":"search_term_string"}}],"inLanguage":"en-US"},{"@type":"Organization","@id":"https:\/\/www.seneko.net\/#organization","name":"Seneko","url":"https:\/\/www.seneko.net\/","logo":{"@type":"ImageObject","inLanguage":"en-US","@id":"https:\/\/www.seneko.net\/#\/schema\/logo\/image\/","url":"https:\/\/www.seneko.net\/wp-content\/uploads\/2021\/09\/logo_1.png","contentUrl":"https:\/\/www.seneko.net\/wp-content\/uploads\/2021\/09\/logo_1.png","width":202,"height":80,"caption":"Seneko"},"image":{"@id":"https:\/\/www.seneko.net\/#\/schema\/logo\/image\/"},"sameAs":["https:\/\/www.facebook.com\/seneko3dshop","https:\/\/www.instagram.com\/Seneko3DShop\/"]}]}},"_links":{"self":[{"href":"https:\/\/www.seneko.net\/en\/wp-json\/wp\/v2\/pages\/55","targetHints":{"allow":["GET"]}}],"collection":[{"href":"https:\/\/www.seneko.net\/en\/wp-json\/wp\/v2\/pages"}],"about":[{"href":"https:\/\/www.seneko.net\/en\/wp-json\/wp\/v2\/types\/page"}],"author":[{"embeddable":true,"href":"https:\/\/www.seneko.net\/en\/wp-json\/wp\/v2\/users\/1"}],"replies":[{"embeddable":true,"href":"https:\/\/www.seneko.net\/en\/wp-json\/wp\/v2\/comments?post=55"}],"version-history":[{"count":10,"href":"https:\/\/www.seneko.net\/en\/wp-json\/wp\/v2\/pages\/55\/revisions"}],"predecessor-version":[{"id":5046,"href":"https:\/\/www.seneko.net\/en\/wp-json\/wp\/v2\/pages\/55\/revisions\/5046"}],"wp:attachment":[{"href":"https:\/\/www.seneko.net\/en\/wp-json\/wp\/v2\/media?parent=55"}],"curies":[{"name":"wp","href":"https:\/\/api.w.org\/{rel}","templated":true}]}}