{"id":3440,"date":"2022-02-03T15:33:25","date_gmt":"2022-02-03T13:33:25","guid":{"rendered":"https:\/\/www.seneko.net\/?post_type=product&#038;p=3440"},"modified":"2026-01-02T19:40:04","modified_gmt":"2026-01-02T17:40:04","slug":"pla-filament-color-changing-by-temperature-blue-175-mm","status":"publish","type":"product","link":"https:\/\/www.seneko.net\/en\/product\/pla-filament-color-changing-by-temperature-blue-175-mm\/","title":{"rendered":"PLA Filament Color changing by Temperature Blue  1,75 mm"},"content":{"rendered":"<p>PLA filament color changing by temperature je serija termokromnih filamentov, ki spreminjajo barvo. Osnova je PLA+, ki je okolju prijazen material, ga je enostavno tiskati in ima gladko povr\u0161ino. Dodatne dobre lastnosti so dobra trdnost, togost, ravnovesje \u017eilavosti in mo\u010dna odpornost na udarce. Je odobren s strani FDA in tako varnej\u0161i za uporabo. Lahko se uporablja za konceptualne modele, hitre izdelave prototipov ter uporabne dele, umetnine in drugo. PLA filament color changing by temperature ali termokromni filament reagira na temperaturo. Spreminja barvo v in nazaj z nara\u0161\u010danjem ali padanjem temperature. Barvni filament se pri dvigu temperature spremeni v brezbarvnega (belega).<\/p>\n<p>Na son\u010dni svetlobi ali ultravijoli\u010dnem sevanju absorbira svetlobo\/uv energijo in spremeni barvo. Ko ni ve\u010d son\u010dne ali UV svetlobe, se vrne v prvotno barvo.<\/p>\n<p>&nbsp;<\/p>\n<p>&nbsp;<\/p>","protected":false},"excerpt":{"rendered":"<ul>\n<li>Sprememba barve<\/li>\n<li>Dobra \u017eilavost<\/li>\n<li>Dobra odpornost na udarce<\/li>\n<li>Visoka hitrost tiskanja<\/li>\n<li>Brez ne\u010disto\u010d<\/li>\n<li>Brez mehur\u010dkov<\/li>\n<li>Brez deformacije<\/li>\n<li>Okolju prijazno<\/li>\n<li>Enostaven za uporabo in tiskanje<\/li>\n<\/ul>","protected":false},"featured_media":3812,"comment_status":"open","ping_status":"closed","template":"","meta":[],"product_brand":[],"product_cat":[303,302],"product_tag":[363,547,546,528,544,517,397,545,373,541,380,521,543,542,529],"class_list":{"0":"post-3440","1":"product","2":"type-product","3":"status-publish","4":"has-post-thumbnail","6":"product_cat-cc-temperature","7":"product_cat-color-change","8":"product_tag-3d-tisk","9":"product_tag-3d-tiskalnik","10":"product_tag-3djake","11":"product_tag-azurefilm","12":"product_tag-color-changing","13":"product_tag-kakovostni-filamenti","14":"product_tag-pla","15":"product_tag-pla-blue","16":"product_tag-pla-filament","17":"product_tag-pla-filament-color-changing-by-temperature","18":"product_tag-pla-filamenti","19":"product_tag-seneko","20":"product_tag-spreminja-barvo","21":"product_tag-termokromni","22":"product_tag-trcek","23":"pa_barva-blue","25":"first","26":"instock","27":"sale","28":"taxable","29":"shipping-taxable","30":"purchasable","31":"product-type-simple"},"bundled_by":[],"bundle_stock_status":"instock","bundle_stock_quantity":2,"bundle_virtual":false,"bundle_layout":"","bundle_add_to_cart_form_location":"","bundle_editable_in_cart":false,"bundle_sold_individually_context":"","bundle_item_grouping":"","bundle_min_size":"","bundle_max_size":"","bundle_price":[],"bundled_items":[],"bundle_sell_ids":[],"yoast_head":"<!-- This site is optimized with the Yoast SEO plugin v27.4 - https:\/\/yoast.com\/product\/yoast-seo-wordpress\/ -->\n<title>PLA color changing - Seneko<\/title>\n<meta name=\"description\" content=\"PLA filament color changing by temperature je serija termokromnih filamentov, ki spreminjajo barvo. Osnova je PLA+, ki je okolju prijazen material, ga je enostavno tiskati in ima gladko povr\u0161ino. Dodatne dobre lastnosti so dobra trdnost, togost, ravnovesje \u017eilavosti in mo\u010dna odpornost na udarce. Je odobren s strani FDA in tako varnej\u0161i za uporabo. Lahko se uporablja za konceptualne modele, hitre izdelave prototipov ter uporabne dele, umetnine in drugo. PLA filament color changing by temperature ali termokromni filament reagira na temperaturo. Spreminja barvo v in nazaj z nara\u0161\u010danjem ali padanjem temperature. Barvni filament se pri dvigu temperature spremeni v brezbarvnega (belega).Na son\u010dni svetlobi ali ultravijoli\u010dnem sevanju absorbira svetlobo\/uv energijo in spremeni barvo. Ko ni ve\u010d son\u010dne ali UV svetlobe, se vrne v prvotno barvo.\" \/>\n<meta name=\"robots\" content=\"index, follow, max-snippet:-1, max-image-preview:large, max-video-preview:-1\" \/>\n<link rel=\"canonical\" href=\"https:\/\/www.seneko.net\/en\/product\/pla-filament-color-changing-by-temperature-blue-175-mm\/\" \/>\n<meta property=\"og:locale\" content=\"en_US\" \/>\n<meta property=\"og:type\" content=\"article\" \/>\n<meta property=\"og:title\" content=\"PLA color changing - Seneko\" \/>\n<meta property=\"og:description\" content=\"PLA filament color changing by temperature je serija termokromnih filamentov, ki spreminjajo barvo. Osnova je PLA+, ki je okolju prijazen material, ga je enostavno tiskati in ima gladko povr\u0161ino. Dodatne dobre lastnosti so dobra trdnost, togost, ravnovesje \u017eilavosti in mo\u010dna odpornost na udarce. Je odobren s strani FDA in tako varnej\u0161i za uporabo. Lahko se uporablja za konceptualne modele, hitre izdelave prototipov ter uporabne dele, umetnine in drugo. PLA filament color changing by temperature ali termokromni filament reagira na temperaturo. Spreminja barvo v in nazaj z nara\u0161\u010danjem ali padanjem temperature. Barvni filament se pri dvigu temperature spremeni v brezbarvnega (belega).Na son\u010dni svetlobi ali ultravijoli\u010dnem sevanju absorbira svetlobo\/uv energijo in spremeni barvo. Ko ni ve\u010d son\u010dne ali UV svetlobe, se vrne v prvotno barvo.\" \/>\n<meta property=\"og:url\" content=\"https:\/\/www.seneko.net\/en\/product\/pla-filament-color-changing-by-temperature-blue-175-mm\/\" \/>\n<meta property=\"og:site_name\" content=\"Seneko\" \/>\n<meta property=\"article:publisher\" content=\"https:\/\/www.facebook.com\/seneko3dshop\" \/>\n<meta property=\"article:modified_time\" content=\"2026-01-02T17:40:04+00:00\" \/>\n<meta property=\"og:image\" content=\"https:\/\/www.seneko.net\/wp-content\/uploads\/2022\/02\/blue_color.png\" \/>\n\t<meta property=\"og:image:width\" content=\"1000\" \/>\n\t<meta property=\"og:image:height\" content=\"1000\" \/>\n\t<meta property=\"og:image:type\" content=\"image\/png\" \/>\n<meta name=\"twitter:card\" content=\"summary_large_image\" \/>\n<meta name=\"twitter:label1\" content=\"Est. reading time\" \/>\n\t<meta name=\"twitter:data1\" content=\"1 minute\" \/>\n<script type=\"application\/ld+json\" class=\"yoast-schema-graph\">{\"@context\":\"https:\\\/\\\/schema.org\",\"@graph\":[{\"@type\":\"WebPage\",\"@id\":\"https:\\\/\\\/www.seneko.net\\\/izdelek\\\/pla-filament-color-changing-by-temperature-blue-175-mm\\\/\",\"url\":\"https:\\\/\\\/www.seneko.net\\\/izdelek\\\/pla-filament-color-changing-by-temperature-blue-175-mm\\\/\",\"name\":\"PLA color changing - Seneko\",\"isPartOf\":{\"@id\":\"https:\\\/\\\/www.seneko.net\\\/#website\"},\"primaryImageOfPage\":{\"@id\":\"https:\\\/\\\/www.seneko.net\\\/izdelek\\\/pla-filament-color-changing-by-temperature-blue-175-mm\\\/#primaryimage\"},\"image\":{\"@id\":\"https:\\\/\\\/www.seneko.net\\\/izdelek\\\/pla-filament-color-changing-by-temperature-blue-175-mm\\\/#primaryimage\"},\"thumbnailUrl\":\"https:\\\/\\\/www.seneko.net\\\/wp-content\\\/uploads\\\/2022\\\/02\\\/blue_color.png\",\"datePublished\":\"2022-02-03T13:33:25+00:00\",\"dateModified\":\"2026-01-02T17:40:04+00:00\",\"description\":\"PLA filament color changing by temperature je serija termokromnih filamentov, ki spreminjajo barvo. Osnova je PLA+, ki je okolju prijazen material, ga je enostavno tiskati in ima gladko povr\u0161ino. Dodatne dobre lastnosti so dobra trdnost, togost, ravnovesje \u017eilavosti in mo\u010dna odpornost na udarce. Je odobren s strani FDA in tako varnej\u0161i za uporabo. Lahko se uporablja za konceptualne modele, hitre izdelave prototipov ter uporabne dele, umetnine in drugo. PLA filament color changing by temperature ali termokromni filament reagira na temperaturo. Spreminja barvo v in nazaj z nara\u0161\u010danjem ali padanjem temperature. Barvni filament se pri dvigu temperature spremeni v brezbarvnega (belega).Na son\u010dni svetlobi ali ultravijoli\u010dnem sevanju absorbira svetlobo\\\/uv energijo in spremeni barvo. Ko ni ve\u010d son\u010dne ali UV svetlobe, se vrne v prvotno barvo.\",\"breadcrumb\":{\"@id\":\"https:\\\/\\\/www.seneko.net\\\/izdelek\\\/pla-filament-color-changing-by-temperature-blue-175-mm\\\/#breadcrumb\"},\"inLanguage\":\"en-US\",\"potentialAction\":[{\"@type\":\"ReadAction\",\"target\":[\"https:\\\/\\\/www.seneko.net\\\/izdelek\\\/pla-filament-color-changing-by-temperature-blue-175-mm\\\/\"]}]},{\"@type\":\"ImageObject\",\"inLanguage\":\"en-US\",\"@id\":\"https:\\\/\\\/www.seneko.net\\\/izdelek\\\/pla-filament-color-changing-by-temperature-blue-175-mm\\\/#primaryimage\",\"url\":\"https:\\\/\\\/www.seneko.net\\\/wp-content\\\/uploads\\\/2022\\\/02\\\/blue_color.png\",\"contentUrl\":\"https:\\\/\\\/www.seneko.net\\\/wp-content\\\/uploads\\\/2022\\\/02\\\/blue_color.png\",\"width\":1000,\"height\":1000,\"caption\":\"PLA color changing by temperature\"},{\"@type\":\"BreadcrumbList\",\"@id\":\"https:\\\/\\\/www.seneko.net\\\/izdelek\\\/pla-filament-color-changing-by-temperature-blue-175-mm\\\/#breadcrumb\",\"itemListElement\":[{\"@type\":\"ListItem\",\"position\":1,\"name\":\"Home\",\"item\":\"https:\\\/\\\/www.seneko.net\\\/\"},{\"@type\":\"ListItem\",\"position\":2,\"name\":\"Trgovina\",\"item\":\"https:\\\/\\\/www.seneko.net\\\/trgovina\\\/\"},{\"@type\":\"ListItem\",\"position\":3,\"name\":\"PLA Filament Color changing by Temperature Blue 1,75 mm\"}]},{\"@type\":\"WebSite\",\"@id\":\"https:\\\/\\\/www.seneko.net\\\/#website\",\"url\":\"https:\\\/\\\/www.seneko.net\\\/\",\"name\":\"Seneko\",\"description\":\"Z vami tiskamo prihodnost\",\"publisher\":{\"@id\":\"https:\\\/\\\/www.seneko.net\\\/#organization\"},\"potentialAction\":[{\"@type\":\"SearchAction\",\"target\":{\"@type\":\"EntryPoint\",\"urlTemplate\":\"https:\\\/\\\/www.seneko.net\\\/?s={search_term_string}\"},\"query-input\":{\"@type\":\"PropertyValueSpecification\",\"valueRequired\":true,\"valueName\":\"search_term_string\"}}],\"inLanguage\":\"en-US\"},{\"@type\":\"Organization\",\"@id\":\"https:\\\/\\\/www.seneko.net\\\/#organization\",\"name\":\"Seneko\",\"url\":\"https:\\\/\\\/www.seneko.net\\\/\",\"logo\":{\"@type\":\"ImageObject\",\"inLanguage\":\"en-US\",\"@id\":\"https:\\\/\\\/www.seneko.net\\\/#\\\/schema\\\/logo\\\/image\\\/\",\"url\":\"https:\\\/\\\/www.seneko.net\\\/wp-content\\\/uploads\\\/2021\\\/09\\\/logo_1.png\",\"contentUrl\":\"https:\\\/\\\/www.seneko.net\\\/wp-content\\\/uploads\\\/2021\\\/09\\\/logo_1.png\",\"width\":202,\"height\":80,\"caption\":\"Seneko\"},\"image\":{\"@id\":\"https:\\\/\\\/www.seneko.net\\\/#\\\/schema\\\/logo\\\/image\\\/\"},\"sameAs\":[\"https:\\\/\\\/www.facebook.com\\\/seneko3dshop\",\"https:\\\/\\\/www.instagram.com\\\/Seneko3DShop\\\/\"]}]}<\/script>\n<!-- \/ Yoast SEO plugin. -->","yoast_head_json":{"title":"PLA color changing - Seneko","description":"PLA filament color changing by temperature je serija termokromnih filamentov, ki spreminjajo barvo. Osnova je PLA+, ki je okolju prijazen material, ga je enostavno tiskati in ima gladko povr\u0161ino. Dodatne dobre lastnosti so dobra trdnost, togost, ravnovesje \u017eilavosti in mo\u010dna odpornost na udarce. Je odobren s strani FDA in tako varnej\u0161i za uporabo. Lahko se uporablja za konceptualne modele, hitre izdelave prototipov ter uporabne dele, umetnine in drugo. PLA filament color changing by temperature ali termokromni filament reagira na temperaturo. Spreminja barvo v in nazaj z nara\u0161\u010danjem ali padanjem temperature. Barvni filament se pri dvigu temperature spremeni v brezbarvnega (belega).Na son\u010dni svetlobi ali ultravijoli\u010dnem sevanju absorbira svetlobo\/uv energijo in spremeni barvo. Ko ni ve\u010d son\u010dne ali UV svetlobe, se vrne v prvotno barvo.","robots":{"index":"index","follow":"follow","max-snippet":"max-snippet:-1","max-image-preview":"max-image-preview:large","max-video-preview":"max-video-preview:-1"},"canonical":"https:\/\/www.seneko.net\/en\/product\/pla-filament-color-changing-by-temperature-blue-175-mm\/","og_locale":"en_US","og_type":"article","og_title":"PLA color changing - Seneko","og_description":"PLA filament color changing by temperature je serija termokromnih filamentov, ki spreminjajo barvo. Osnova je PLA+, ki je okolju prijazen material, ga je enostavno tiskati in ima gladko povr\u0161ino. Dodatne dobre lastnosti so dobra trdnost, togost, ravnovesje \u017eilavosti in mo\u010dna odpornost na udarce. Je odobren s strani FDA in tako varnej\u0161i za uporabo. Lahko se uporablja za konceptualne modele, hitre izdelave prototipov ter uporabne dele, umetnine in drugo. PLA filament color changing by temperature ali termokromni filament reagira na temperaturo. Spreminja barvo v in nazaj z nara\u0161\u010danjem ali padanjem temperature. Barvni filament se pri dvigu temperature spremeni v brezbarvnega (belega).Na son\u010dni svetlobi ali ultravijoli\u010dnem sevanju absorbira svetlobo\/uv energijo in spremeni barvo. Ko ni ve\u010d son\u010dne ali UV svetlobe, se vrne v prvotno barvo.","og_url":"https:\/\/www.seneko.net\/en\/product\/pla-filament-color-changing-by-temperature-blue-175-mm\/","og_site_name":"Seneko","article_publisher":"https:\/\/www.facebook.com\/seneko3dshop","article_modified_time":"2026-01-02T17:40:04+00:00","og_image":[{"width":1000,"height":1000,"url":"https:\/\/www.seneko.net\/wp-content\/uploads\/2022\/02\/blue_color.png","type":"image\/png"}],"twitter_card":"summary_large_image","twitter_misc":{"Est. reading time":"1 minute"},"schema":{"@context":"https:\/\/schema.org","@graph":[{"@type":"WebPage","@id":"https:\/\/www.seneko.net\/izdelek\/pla-filament-color-changing-by-temperature-blue-175-mm\/","url":"https:\/\/www.seneko.net\/izdelek\/pla-filament-color-changing-by-temperature-blue-175-mm\/","name":"PLA color changing - Seneko","isPartOf":{"@id":"https:\/\/www.seneko.net\/#website"},"primaryImageOfPage":{"@id":"https:\/\/www.seneko.net\/izdelek\/pla-filament-color-changing-by-temperature-blue-175-mm\/#primaryimage"},"image":{"@id":"https:\/\/www.seneko.net\/izdelek\/pla-filament-color-changing-by-temperature-blue-175-mm\/#primaryimage"},"thumbnailUrl":"https:\/\/www.seneko.net\/wp-content\/uploads\/2022\/02\/blue_color.png","datePublished":"2022-02-03T13:33:25+00:00","dateModified":"2026-01-02T17:40:04+00:00","description":"PLA filament color changing by temperature je serija termokromnih filamentov, ki spreminjajo barvo. Osnova je PLA+, ki je okolju prijazen material, ga je enostavno tiskati in ima gladko povr\u0161ino. Dodatne dobre lastnosti so dobra trdnost, togost, ravnovesje \u017eilavosti in mo\u010dna odpornost na udarce. Je odobren s strani FDA in tako varnej\u0161i za uporabo. Lahko se uporablja za konceptualne modele, hitre izdelave prototipov ter uporabne dele, umetnine in drugo. PLA filament color changing by temperature ali termokromni filament reagira na temperaturo. Spreminja barvo v in nazaj z nara\u0161\u010danjem ali padanjem temperature. Barvni filament se pri dvigu temperature spremeni v brezbarvnega (belega).Na son\u010dni svetlobi ali ultravijoli\u010dnem sevanju absorbira svetlobo\/uv energijo in spremeni barvo. Ko ni ve\u010d son\u010dne ali UV svetlobe, se vrne v prvotno barvo.","breadcrumb":{"@id":"https:\/\/www.seneko.net\/izdelek\/pla-filament-color-changing-by-temperature-blue-175-mm\/#breadcrumb"},"inLanguage":"en-US","potentialAction":[{"@type":"ReadAction","target":["https:\/\/www.seneko.net\/izdelek\/pla-filament-color-changing-by-temperature-blue-175-mm\/"]}]},{"@type":"ImageObject","inLanguage":"en-US","@id":"https:\/\/www.seneko.net\/izdelek\/pla-filament-color-changing-by-temperature-blue-175-mm\/#primaryimage","url":"https:\/\/www.seneko.net\/wp-content\/uploads\/2022\/02\/blue_color.png","contentUrl":"https:\/\/www.seneko.net\/wp-content\/uploads\/2022\/02\/blue_color.png","width":1000,"height":1000,"caption":"PLA color changing by temperature"},{"@type":"BreadcrumbList","@id":"https:\/\/www.seneko.net\/izdelek\/pla-filament-color-changing-by-temperature-blue-175-mm\/#breadcrumb","itemListElement":[{"@type":"ListItem","position":1,"name":"Home","item":"https:\/\/www.seneko.net\/"},{"@type":"ListItem","position":2,"name":"Trgovina","item":"https:\/\/www.seneko.net\/trgovina\/"},{"@type":"ListItem","position":3,"name":"PLA Filament Color changing by Temperature Blue 1,75 mm"}]},{"@type":"WebSite","@id":"https:\/\/www.seneko.net\/#website","url":"https:\/\/www.seneko.net\/","name":"Seneko","description":"Z vami tiskamo prihodnost","publisher":{"@id":"https:\/\/www.seneko.net\/#organization"},"potentialAction":[{"@type":"SearchAction","target":{"@type":"EntryPoint","urlTemplate":"https:\/\/www.seneko.net\/?s={search_term_string}"},"query-input":{"@type":"PropertyValueSpecification","valueRequired":true,"valueName":"search_term_string"}}],"inLanguage":"en-US"},{"@type":"Organization","@id":"https:\/\/www.seneko.net\/#organization","name":"Seneko","url":"https:\/\/www.seneko.net\/","logo":{"@type":"ImageObject","inLanguage":"en-US","@id":"https:\/\/www.seneko.net\/#\/schema\/logo\/image\/","url":"https:\/\/www.seneko.net\/wp-content\/uploads\/2021\/09\/logo_1.png","contentUrl":"https:\/\/www.seneko.net\/wp-content\/uploads\/2021\/09\/logo_1.png","width":202,"height":80,"caption":"Seneko"},"image":{"@id":"https:\/\/www.seneko.net\/#\/schema\/logo\/image\/"},"sameAs":["https:\/\/www.facebook.com\/seneko3dshop","https:\/\/www.instagram.com\/Seneko3DShop\/"]}]}},"_links":{"self":[{"href":"https:\/\/www.seneko.net\/en\/wp-json\/wp\/v2\/product\/3440","targetHints":{"allow":["GET"]}}],"collection":[{"href":"https:\/\/www.seneko.net\/en\/wp-json\/wp\/v2\/product"}],"about":[{"href":"https:\/\/www.seneko.net\/en\/wp-json\/wp\/v2\/types\/product"}],"replies":[{"embeddable":true,"href":"https:\/\/www.seneko.net\/en\/wp-json\/wp\/v2\/comments?post=3440"}],"wp:featuredmedia":[{"embeddable":true,"href":"https:\/\/www.seneko.net\/en\/wp-json\/wp\/v2\/media\/3812"}],"wp:attachment":[{"href":"https:\/\/www.seneko.net\/en\/wp-json\/wp\/v2\/media?parent=3440"}],"wp:term":[{"taxonomy":"product_brand","embeddable":true,"href":"https:\/\/www.seneko.net\/en\/wp-json\/wp\/v2\/product_brand?post=3440"},{"taxonomy":"product_cat","embeddable":true,"href":"https:\/\/www.seneko.net\/en\/wp-json\/wp\/v2\/product_cat?post=3440"},{"taxonomy":"product_tag","embeddable":true,"href":"https:\/\/www.seneko.net\/en\/wp-json\/wp\/v2\/product_tag?post=3440"}],"curies":[{"name":"wp","href":"https:\/\/api.w.org\/{rel}","templated":true}]}}