{"id":3470,"date":"2022-02-03T16:39:10","date_gmt":"2022-02-03T14:39:10","guid":{"rendered":"https:\/\/www.seneko.net\/?post_type=product&#038;p=3470"},"modified":"2026-01-02T19:40:09","modified_gmt":"2026-01-02T17:40:09","slug":"pla-filament-transparent","status":"publish","type":"product","link":"https:\/\/www.seneko.net\/en\/product\/pla-filament-transparent\/","title":{"rendered":"PLA filament, Transparent 1.75mm, 1kg"},"content":{"rendered":"<div>\n<p>PLA filament Transparent je prosojen material na osnovi PLA, ki \u00a0je okolju prijazen in ga je enostavno tiskati ter ima gladko povr\u0161ino. Ima dober sijaj in prosojnost ter dodatne dobre lastnosti so dobra trdnost, togost, ravnovesje \u017eilavosti in mo\u010dna odpornost na udarce. Zelo primeren je za tiskanje funkcionalnih delov, odobren s strani FDA in tako varnej\u0161i za uporabo. PLA filament Transparent se lahko uporablja za konceptualne modele, hitre izdelave prototipov ter uporabne dele, umetnine in drugo.<\/p>\n<p>&nbsp;<\/p>\n<p><strong>\u3010Prosojen PLA<\/strong><strong>\u3011<\/strong>Dober sijaj in prosojnost. Visoka \u010distost. Visoka natan\u010dnost. Nizko kr\u010denje. Visoka mo\u010d. Dobra trdnost. Brez pokanja.Brez mehur\u010dkov. Biorazgradljivo in okolju prijazno, nestrupeno in ima nizek vonj.<\/p>\n<p>\u3010<strong>Dimenzijska toleranca +\/- 0,05 mm<\/strong>\u3011 Minimalna toleranca in nizka stopnja upogibanja, da se zagotovi\u00a0 enakomeren in stabilen tisk, brez zama\u0161itve, z izjemno visoko stopnjo uspe\u0161nosti, kar se ka\u017ee na natan\u010dno natiskanih delih z dobro zaklju\u010dno povr\u0161ino.<\/p>\n<p>\u3010<strong>Brez prepletanja in brez zatikanja<\/strong><strong>\u3011<\/strong> Skupna dol\u017eina: 340-350 m. Celoten kolut filamenta za 3D tiskalnik ima popolno okroglost in zelo tesno toleranco premera, ki se ne prekriva ali zapleta. Topi se enakomerno in gladko brez ma\u0161enja \u0161obe ali ekstruderja.<\/p>\n<p>\u3010<strong>Okolju prijazen material<\/strong><strong>\u3011<\/strong>Filamenti eSUN so izdelani iz \u010distih materialov, biolo\u0161ko razgradljivih, okolju prijaznih, nestrupenih z nizko stopnjo vonjav. Ne \u0161kodi ne uporabniku, ne okolju.<\/p>\n<p>\u3010<strong>Visoka zdru\u017eljivost<\/strong><strong>\u3011<\/strong> Zdru\u017eljivo z ve\u010dino FDM 3D tiskalnikov, ki uporabljajo filament 1,75 mm, kot so: Prusa, Reprap, Afinia, MakerBot, PrintrBot, UltiMaker, Airwolf, Aleph Objects, Makergear, Up, Lulzbot, Simplify3D itd., Flash<\/p>\n<p><strong>\u3010Vakuumsko zaprta embala\u017ea<\/strong><strong>\u3011<\/strong> Neto te\u017ea: 1 kg. Filament eSUN je na voljo v zaprti vakuumski vre\u010dki s su\u0161ilno vre\u010dko, da ostane suh brez prahu in tujkov, kar prepre\u010di zagozdenje \u0161ob in enakomerno ekstruzijo.<\/p>\n<\/div>","protected":false},"excerpt":{"rendered":"<ul>\n<li>Prosojnost<\/li>\n<li>Dobra \u017eilavost<\/li>\n<li>Dobra odpornost na udarce<\/li>\n<li>Visoka hitrost tiskanja<\/li>\n<li>Brez ne\u010disto\u010d<\/li>\n<li>Brez mehur\u010dkov<\/li>\n<li>Brez deformacije<\/li>\n<li>Okolju prijazno in ne toksi\u010den \/ odobrila FDA<\/li>\n<li>Enostaven za uporabo in tiskanje<\/li>\n<li>Gladka natisnjena povr\u0161ina<\/li>\n<li>\u017dilavi izdelki<\/li>\n<\/ul>","protected":false},"featured_media":3473,"comment_status":"open","ping_status":"closed","template":"","meta":[],"product_brand":[],"product_cat":[288,357],"product_tag":[528,374,379,373,525,524,527,526,529],"class_list":{"0":"post-3470","1":"product","2":"type-product","3":"status-publish","4":"has-post-thumbnail","6":"product_cat-pla-filamenti","7":"product_cat-pla-transparent","8":"product_tag-azurefilm","9":"product_tag-filament","10":"product_tag-filamenti","11":"product_tag-pla-filament","12":"product_tag-pla-transparent","13":"product_tag-pla-transparent-filament","14":"product_tag-prosojen-filament","15":"product_tag-prosojen-pla","16":"product_tag-trcek","17":"pa_barva-glass-watermelon","19":"first","20":"instock","21":"sale","22":"taxable","23":"shipping-taxable","24":"purchasable","25":"product-type-variable"},"bundled_by":[],"bundle_stock_status":"instock","bundle_stock_quantity":null,"bundle_virtual":false,"bundle_layout":"","bundle_add_to_cart_form_location":"","bundle_editable_in_cart":false,"bundle_sold_individually_context":"","bundle_item_grouping":"","bundle_min_size":"","bundle_max_size":"","bundle_price":[],"bundled_items":[],"bundle_sell_ids":[],"yoast_head":"<!-- This site is optimized with the Yoast SEO plugin v27.4 - https:\/\/yoast.com\/product\/yoast-seo-wordpress\/ -->\n<title>PLA filament Transparent - Seneko<\/title>\n<meta name=\"description\" content=\"PLA filament Transparent je prosojen material na osnovi PLA, ki \u00a0je okolju prijazen in ga je enostavno tiskati ter ima gladko povr\u0161ino. Ima dober sijaj in prosojnost ter dodatne dobre lastnosti so dobra trdnost, togost, ravnovesje \u017eilavosti in mo\u010dna odpornost na udarce. Zelo primeren je za tiskanje funkcionalnih delov, odobren s strani FDA in tako varnej\u0161i za uporabo. PLA filament Transparent se lahko uporablja za konceptualne modele, hitre izdelave prototipov ter uporabne dele, umetnine in drugo.\" \/>\n<meta name=\"robots\" content=\"index, follow, max-snippet:-1, max-image-preview:large, max-video-preview:-1\" \/>\n<link rel=\"canonical\" href=\"https:\/\/www.seneko.net\/en\/product\/pla-filament-transparent\/\" \/>\n<meta property=\"og:locale\" content=\"en_US\" \/>\n<meta property=\"og:type\" content=\"article\" \/>\n<meta property=\"og:title\" content=\"PLA filament Transparent - Seneko\" \/>\n<meta property=\"og:description\" content=\"PLA filament Transparent je prosojen material na osnovi PLA, ki \u00a0je okolju prijazen in ga je enostavno tiskati ter ima gladko povr\u0161ino. Ima dober sijaj in prosojnost ter dodatne dobre lastnosti so dobra trdnost, togost, ravnovesje \u017eilavosti in mo\u010dna odpornost na udarce. Zelo primeren je za tiskanje funkcionalnih delov, odobren s strani FDA in tako varnej\u0161i za uporabo. PLA filament Transparent se lahko uporablja za konceptualne modele, hitre izdelave prototipov ter uporabne dele, umetnine in drugo.\" \/>\n<meta property=\"og:url\" content=\"https:\/\/www.seneko.net\/en\/product\/pla-filament-transparent\/\" \/>\n<meta property=\"og:site_name\" content=\"Seneko\" \/>\n<meta property=\"article:publisher\" content=\"https:\/\/www.facebook.com\/seneko3dshop\" \/>\n<meta property=\"article:modified_time\" content=\"2026-01-02T17:40:09+00:00\" \/>\n<meta property=\"og:image\" content=\"https:\/\/www.seneko.net\/wp-content\/uploads\/2022\/02\/filamento_esun_1kg_pla_transparente_175mm_rojo_sandia_01_l.jpg\" \/>\n\t<meta property=\"og:image:width\" content=\"800\" \/>\n\t<meta property=\"og:image:height\" content=\"800\" \/>\n\t<meta property=\"og:image:type\" content=\"image\/jpeg\" \/>\n<meta name=\"twitter:card\" content=\"summary_large_image\" \/>\n<meta name=\"twitter:label1\" content=\"Est. reading time\" \/>\n\t<meta name=\"twitter:data1\" content=\"2 minutes\" \/>\n<script type=\"application\/ld+json\" class=\"yoast-schema-graph\">{\"@context\":\"https:\\\/\\\/schema.org\",\"@graph\":[{\"@type\":\"WebPage\",\"@id\":\"https:\\\/\\\/www.seneko.net\\\/izdelek\\\/pla-filament-transparent\\\/\",\"url\":\"https:\\\/\\\/www.seneko.net\\\/izdelek\\\/pla-filament-transparent\\\/\",\"name\":\"PLA filament Transparent - Seneko\",\"isPartOf\":{\"@id\":\"https:\\\/\\\/www.seneko.net\\\/#website\"},\"primaryImageOfPage\":{\"@id\":\"https:\\\/\\\/www.seneko.net\\\/izdelek\\\/pla-filament-transparent\\\/#primaryimage\"},\"image\":{\"@id\":\"https:\\\/\\\/www.seneko.net\\\/izdelek\\\/pla-filament-transparent\\\/#primaryimage\"},\"thumbnailUrl\":\"https:\\\/\\\/www.seneko.net\\\/wp-content\\\/uploads\\\/2022\\\/02\\\/filamento_esun_1kg_pla_transparente_175mm_rojo_sandia_01_l.jpg\",\"datePublished\":\"2022-02-03T14:39:10+00:00\",\"dateModified\":\"2026-01-02T17:40:09+00:00\",\"description\":\"PLA filament Transparent je prosojen material na osnovi PLA, ki \u00a0je okolju prijazen in ga je enostavno tiskati ter ima gladko povr\u0161ino. Ima dober sijaj in prosojnost ter dodatne dobre lastnosti so dobra trdnost, togost, ravnovesje \u017eilavosti in mo\u010dna odpornost na udarce. Zelo primeren je za tiskanje funkcionalnih delov, odobren s strani FDA in tako varnej\u0161i za uporabo. PLA filament Transparent se lahko uporablja za konceptualne modele, hitre izdelave prototipov ter uporabne dele, umetnine in drugo.\",\"breadcrumb\":{\"@id\":\"https:\\\/\\\/www.seneko.net\\\/izdelek\\\/pla-filament-transparent\\\/#breadcrumb\"},\"inLanguage\":\"en-US\",\"potentialAction\":[{\"@type\":\"ReadAction\",\"target\":[\"https:\\\/\\\/www.seneko.net\\\/izdelek\\\/pla-filament-transparent\\\/\"]}]},{\"@type\":\"ImageObject\",\"inLanguage\":\"en-US\",\"@id\":\"https:\\\/\\\/www.seneko.net\\\/izdelek\\\/pla-filament-transparent\\\/#primaryimage\",\"url\":\"https:\\\/\\\/www.seneko.net\\\/wp-content\\\/uploads\\\/2022\\\/02\\\/filamento_esun_1kg_pla_transparente_175mm_rojo_sandia_01_l.jpg\",\"contentUrl\":\"https:\\\/\\\/www.seneko.net\\\/wp-content\\\/uploads\\\/2022\\\/02\\\/filamento_esun_1kg_pla_transparente_175mm_rojo_sandia_01_l.jpg\",\"width\":800,\"height\":800,\"caption\":\"Pla filament transparent\"},{\"@type\":\"BreadcrumbList\",\"@id\":\"https:\\\/\\\/www.seneko.net\\\/izdelek\\\/pla-filament-transparent\\\/#breadcrumb\",\"itemListElement\":[{\"@type\":\"ListItem\",\"position\":1,\"name\":\"Home\",\"item\":\"https:\\\/\\\/www.seneko.net\\\/\"},{\"@type\":\"ListItem\",\"position\":2,\"name\":\"Trgovina\",\"item\":\"https:\\\/\\\/www.seneko.net\\\/trgovina\\\/\"},{\"@type\":\"ListItem\",\"position\":3,\"name\":\"PLA filament, Transparent 1.75mm, 1kg\"}]},{\"@type\":\"WebSite\",\"@id\":\"https:\\\/\\\/www.seneko.net\\\/#website\",\"url\":\"https:\\\/\\\/www.seneko.net\\\/\",\"name\":\"Seneko\",\"description\":\"Z vami tiskamo prihodnost\",\"publisher\":{\"@id\":\"https:\\\/\\\/www.seneko.net\\\/#organization\"},\"potentialAction\":[{\"@type\":\"SearchAction\",\"target\":{\"@type\":\"EntryPoint\",\"urlTemplate\":\"https:\\\/\\\/www.seneko.net\\\/?s={search_term_string}\"},\"query-input\":{\"@type\":\"PropertyValueSpecification\",\"valueRequired\":true,\"valueName\":\"search_term_string\"}}],\"inLanguage\":\"en-US\"},{\"@type\":\"Organization\",\"@id\":\"https:\\\/\\\/www.seneko.net\\\/#organization\",\"name\":\"Seneko\",\"url\":\"https:\\\/\\\/www.seneko.net\\\/\",\"logo\":{\"@type\":\"ImageObject\",\"inLanguage\":\"en-US\",\"@id\":\"https:\\\/\\\/www.seneko.net\\\/#\\\/schema\\\/logo\\\/image\\\/\",\"url\":\"https:\\\/\\\/www.seneko.net\\\/wp-content\\\/uploads\\\/2021\\\/09\\\/logo_1.png\",\"contentUrl\":\"https:\\\/\\\/www.seneko.net\\\/wp-content\\\/uploads\\\/2021\\\/09\\\/logo_1.png\",\"width\":202,\"height\":80,\"caption\":\"Seneko\"},\"image\":{\"@id\":\"https:\\\/\\\/www.seneko.net\\\/#\\\/schema\\\/logo\\\/image\\\/\"},\"sameAs\":[\"https:\\\/\\\/www.facebook.com\\\/seneko3dshop\",\"https:\\\/\\\/www.instagram.com\\\/Seneko3DShop\\\/\"]}]}<\/script>\n<!-- \/ Yoast SEO plugin. -->","yoast_head_json":{"title":"PLA filament Transparent - Seneko","description":"PLA filament Transparent je prosojen material na osnovi PLA, ki \u00a0je okolju prijazen in ga je enostavno tiskati ter ima gladko povr\u0161ino. Ima dober sijaj in prosojnost ter dodatne dobre lastnosti so dobra trdnost, togost, ravnovesje \u017eilavosti in mo\u010dna odpornost na udarce. Zelo primeren je za tiskanje funkcionalnih delov, odobren s strani FDA in tako varnej\u0161i za uporabo. PLA filament Transparent se lahko uporablja za konceptualne modele, hitre izdelave prototipov ter uporabne dele, umetnine in drugo.","robots":{"index":"index","follow":"follow","max-snippet":"max-snippet:-1","max-image-preview":"max-image-preview:large","max-video-preview":"max-video-preview:-1"},"canonical":"https:\/\/www.seneko.net\/en\/product\/pla-filament-transparent\/","og_locale":"en_US","og_type":"article","og_title":"PLA filament Transparent - Seneko","og_description":"PLA filament Transparent je prosojen material na osnovi PLA, ki \u00a0je okolju prijazen in ga je enostavno tiskati ter ima gladko povr\u0161ino. Ima dober sijaj in prosojnost ter dodatne dobre lastnosti so dobra trdnost, togost, ravnovesje \u017eilavosti in mo\u010dna odpornost na udarce. Zelo primeren je za tiskanje funkcionalnih delov, odobren s strani FDA in tako varnej\u0161i za uporabo. PLA filament Transparent se lahko uporablja za konceptualne modele, hitre izdelave prototipov ter uporabne dele, umetnine in drugo.","og_url":"https:\/\/www.seneko.net\/en\/product\/pla-filament-transparent\/","og_site_name":"Seneko","article_publisher":"https:\/\/www.facebook.com\/seneko3dshop","article_modified_time":"2026-01-02T17:40:09+00:00","og_image":[{"width":800,"height":800,"url":"https:\/\/www.seneko.net\/wp-content\/uploads\/2022\/02\/filamento_esun_1kg_pla_transparente_175mm_rojo_sandia_01_l.jpg","type":"image\/jpeg"}],"twitter_card":"summary_large_image","twitter_misc":{"Est. reading time":"2 minutes"},"schema":{"@context":"https:\/\/schema.org","@graph":[{"@type":"WebPage","@id":"https:\/\/www.seneko.net\/izdelek\/pla-filament-transparent\/","url":"https:\/\/www.seneko.net\/izdelek\/pla-filament-transparent\/","name":"PLA filament Transparent - Seneko","isPartOf":{"@id":"https:\/\/www.seneko.net\/#website"},"primaryImageOfPage":{"@id":"https:\/\/www.seneko.net\/izdelek\/pla-filament-transparent\/#primaryimage"},"image":{"@id":"https:\/\/www.seneko.net\/izdelek\/pla-filament-transparent\/#primaryimage"},"thumbnailUrl":"https:\/\/www.seneko.net\/wp-content\/uploads\/2022\/02\/filamento_esun_1kg_pla_transparente_175mm_rojo_sandia_01_l.jpg","datePublished":"2022-02-03T14:39:10+00:00","dateModified":"2026-01-02T17:40:09+00:00","description":"PLA filament Transparent je prosojen material na osnovi PLA, ki \u00a0je okolju prijazen in ga je enostavno tiskati ter ima gladko povr\u0161ino. Ima dober sijaj in prosojnost ter dodatne dobre lastnosti so dobra trdnost, togost, ravnovesje \u017eilavosti in mo\u010dna odpornost na udarce. Zelo primeren je za tiskanje funkcionalnih delov, odobren s strani FDA in tako varnej\u0161i za uporabo. PLA filament Transparent se lahko uporablja za konceptualne modele, hitre izdelave prototipov ter uporabne dele, umetnine in drugo.","breadcrumb":{"@id":"https:\/\/www.seneko.net\/izdelek\/pla-filament-transparent\/#breadcrumb"},"inLanguage":"en-US","potentialAction":[{"@type":"ReadAction","target":["https:\/\/www.seneko.net\/izdelek\/pla-filament-transparent\/"]}]},{"@type":"ImageObject","inLanguage":"en-US","@id":"https:\/\/www.seneko.net\/izdelek\/pla-filament-transparent\/#primaryimage","url":"https:\/\/www.seneko.net\/wp-content\/uploads\/2022\/02\/filamento_esun_1kg_pla_transparente_175mm_rojo_sandia_01_l.jpg","contentUrl":"https:\/\/www.seneko.net\/wp-content\/uploads\/2022\/02\/filamento_esun_1kg_pla_transparente_175mm_rojo_sandia_01_l.jpg","width":800,"height":800,"caption":"Pla filament transparent"},{"@type":"BreadcrumbList","@id":"https:\/\/www.seneko.net\/izdelek\/pla-filament-transparent\/#breadcrumb","itemListElement":[{"@type":"ListItem","position":1,"name":"Home","item":"https:\/\/www.seneko.net\/"},{"@type":"ListItem","position":2,"name":"Trgovina","item":"https:\/\/www.seneko.net\/trgovina\/"},{"@type":"ListItem","position":3,"name":"PLA filament, Transparent 1.75mm, 1kg"}]},{"@type":"WebSite","@id":"https:\/\/www.seneko.net\/#website","url":"https:\/\/www.seneko.net\/","name":"Seneko","description":"Z vami tiskamo prihodnost","publisher":{"@id":"https:\/\/www.seneko.net\/#organization"},"potentialAction":[{"@type":"SearchAction","target":{"@type":"EntryPoint","urlTemplate":"https:\/\/www.seneko.net\/?s={search_term_string}"},"query-input":{"@type":"PropertyValueSpecification","valueRequired":true,"valueName":"search_term_string"}}],"inLanguage":"en-US"},{"@type":"Organization","@id":"https:\/\/www.seneko.net\/#organization","name":"Seneko","url":"https:\/\/www.seneko.net\/","logo":{"@type":"ImageObject","inLanguage":"en-US","@id":"https:\/\/www.seneko.net\/#\/schema\/logo\/image\/","url":"https:\/\/www.seneko.net\/wp-content\/uploads\/2021\/09\/logo_1.png","contentUrl":"https:\/\/www.seneko.net\/wp-content\/uploads\/2021\/09\/logo_1.png","width":202,"height":80,"caption":"Seneko"},"image":{"@id":"https:\/\/www.seneko.net\/#\/schema\/logo\/image\/"},"sameAs":["https:\/\/www.facebook.com\/seneko3dshop","https:\/\/www.instagram.com\/Seneko3DShop\/"]}]}},"_links":{"self":[{"href":"https:\/\/www.seneko.net\/en\/wp-json\/wp\/v2\/product\/3470","targetHints":{"allow":["GET"]}}],"collection":[{"href":"https:\/\/www.seneko.net\/en\/wp-json\/wp\/v2\/product"}],"about":[{"href":"https:\/\/www.seneko.net\/en\/wp-json\/wp\/v2\/types\/product"}],"replies":[{"embeddable":true,"href":"https:\/\/www.seneko.net\/en\/wp-json\/wp\/v2\/comments?post=3470"}],"wp:featuredmedia":[{"embeddable":true,"href":"https:\/\/www.seneko.net\/en\/wp-json\/wp\/v2\/media\/3473"}],"wp:attachment":[{"href":"https:\/\/www.seneko.net\/en\/wp-json\/wp\/v2\/media?parent=3470"}],"wp:term":[{"taxonomy":"product_brand","embeddable":true,"href":"https:\/\/www.seneko.net\/en\/wp-json\/wp\/v2\/product_brand?post=3470"},{"taxonomy":"product_cat","embeddable":true,"href":"https:\/\/www.seneko.net\/en\/wp-json\/wp\/v2\/product_cat?post=3470"},{"taxonomy":"product_tag","embeddable":true,"href":"https:\/\/www.seneko.net\/en\/wp-json\/wp\/v2\/product_tag?post=3470"}],"curies":[{"name":"wp","href":"https:\/\/api.w.org\/{rel}","templated":true}]}}