{"id":3481,"date":"2022-02-03T16:53:37","date_gmt":"2022-02-03T14:53:37","guid":{"rendered":"https:\/\/www.seneko.net\/?post_type=product&#038;p=3481"},"modified":"2026-04-24T13:19:38","modified_gmt":"2026-04-24T11:19:38","slug":"petg-filament","status":"publish","type":"product","link":"https:\/\/www.seneko.net\/en\/product\/petg-filament\/","title":{"rendered":"PETG filament,1.75mm, 1kg"},"content":{"rendered":"<p>PETG filament je zelo zmogljiv, trd vodoodporen material, odporen na kemikalije. PETG filament je tr\u0161i od ABS-a. Tiskani izdelek ima prosojno in gladko povr\u0161ino. Enostavno ga je tiskati, enako kot pri PLA filamentu. Pri tiskanju z PETG filamentom temperaturna komora ni potrebna.<\/p>\n<p>&nbsp;<\/p>\n<p>\u3010<strong>PETG Filament<\/strong><strong>\u3011<\/strong>Odli\u010dna \u010distost, prenos svetlobe in visoki sijaj. Visoka \u017eilavost in odpornost na udarce. Kemi\u010dna odpornost, vodoodporen, dobra stabilnost, brez pokanja in upogibanja. Prijazno do okolja. Nestrupen in brez vonjav.<\/p>\n<p>\u3010<strong>Dimenzijska toleranca +\/- 0,03 mm<\/strong>\u3011 Minimalna toleranca in nizka stopnja upogibanja, da se zagotovi\u00a0 enakomeren in stabilen tisk, brez zama\u0161itve, z izjemno visoko stopnjo uspe\u0161nosti, kar se ka\u017ee na natan\u010dno natiskanih delih z dobro zaklju\u010dno povr\u0161ino.<\/p>\n<p>\u3010<strong>Brez prepletanja in brez zatikanja<\/strong><strong>\u3011<\/strong> Skupna dol\u017eina: 340-350 m. Celoten kolut filamenta za 3D tiskalnik ima popolno okroglost in zelo tesno toleranco premera, ki se ne prekriva ali zapleta. Topi se enakomerno in gladko brez ma\u0161enja \u0161obe ali ekstruderja.<\/p>\n<p>\u3010<strong>Visoka zdru\u017eljivost<\/strong><strong>\u3011<\/strong> Zdru\u017eljivo z ve\u010dino FDM 3D tiskalnikov in enostaven za tiskanje.<\/p>\n<p><strong>\u3010Vakuumsko zaprta embala\u017ea<\/strong><strong>\u3011<\/strong> Neto te\u017ea: 1 kg. Filament eSUN je na voljo v zaprti vakuumski vre\u010dki s su\u0161ilno vre\u010dko, da ostane suh brez prahu in tujkov, kar prepre\u010di zagozdenje \u0161ob in enakomerno ekstruzijo.<\/p>","protected":false},"excerpt":{"rendered":"<div class=\"p-title\">\n<p class=\"p-subheading\">Prosojni filament z odli\u010dno odpornostjo na udarce<\/p>\n<p><strong>Glavne zna\u010dilnosti eSUN PETG:<\/strong><\/p>\n<ul>\n<li>Velika trdnost<\/li>\n<li>Kemi\u010dna odpornost<\/li>\n<li>Vodoodpornost<\/li>\n<\/ul>\n<\/div>\n<div class=\"p-rating\"><\/div>","protected":false},"featured_media":3708,"comment_status":"open","ping_status":"closed","template":"","meta":[],"product_brand":[],"product_cat":[294,293],"product_tag":[523,378,516,518,517,519,514,413,513,515,520,521,522],"class_list":{"0":"post-3481","1":"product","2":"type-product","3":"status-publish","4":"has-post-thumbnail","6":"product_cat-petg-filamenti","7":"product_cat-petg","8":"product_tag-3d-shop","9":"product_tag-esun","10":"product_tag-esun-filamenti","11":"product_tag-filamenti-za-tiskanje","12":"product_tag-kakovostni-filamenti","13":"product_tag-naj-filament","14":"product_tag-pet","15":"product_tag-petg","16":"product_tag-petg-filament","17":"product_tag-petg-filamenti","18":"product_tag-poceni-filament","19":"product_tag-seneko","20":"product_tag-seneko-filament","21":"pa_barva-magenta","22":"pa_barva-magneta","23":"pa_barva-natural","24":"pa_barva-solid-black","25":"pa_barva-solid-gold","26":"pa_barva-solid-white","27":"pa_barva-solid-yellow","29":"first","30":"instock","31":"sale","32":"taxable","33":"shipping-taxable","34":"purchasable","35":"product-type-variable"},"bundled_by":["4842","4842","4842"],"bundle_stock_status":"instock","bundle_stock_quantity":null,"bundle_virtual":false,"bundle_layout":"","bundle_add_to_cart_form_location":"","bundle_editable_in_cart":false,"bundle_sold_individually_context":"","bundle_item_grouping":"","bundle_min_size":"","bundle_max_size":"","bundle_price":[],"bundled_items":[],"bundle_sell_ids":[],"yoast_head":"<!-- This site is optimized with the Yoast SEO plugin v27.4 - https:\/\/yoast.com\/product\/yoast-seo-wordpress\/ -->\n<title>PETG filament,1.75mm, 1kg - Seneko<\/title>\n<meta name=\"description\" content=\"PETG filament je zelo zmogljiv, trd vodoodporen material, odporen na kemikalije. PETG filament je tr\u0161i od ABS-a. Tiskani izdelek ima prosojno in gladko povr\u0161ino. Enostavno ga je tiskati, enako kot pri PLA filamentu. Pri tiskanju z PETG filamentom temperaturna komora ni potrebna.\" \/>\n<meta name=\"robots\" content=\"index, follow, max-snippet:-1, max-image-preview:large, max-video-preview:-1\" \/>\n<link rel=\"canonical\" href=\"https:\/\/www.seneko.net\/en\/product\/petg-filament\/\" \/>\n<meta property=\"og:locale\" content=\"en_US\" \/>\n<meta property=\"og:type\" content=\"article\" \/>\n<meta property=\"og:title\" content=\"PETG filament,1.75mm, 1kg - Seneko\" \/>\n<meta property=\"og:description\" content=\"PETG filament je zelo zmogljiv, trd vodoodporen material, odporen na kemikalije. PETG filament je tr\u0161i od ABS-a. Tiskani izdelek ima prosojno in gladko povr\u0161ino. Enostavno ga je tiskati, enako kot pri PLA filamentu. Pri tiskanju z PETG filamentom temperaturna komora ni potrebna.\" \/>\n<meta property=\"og:url\" content=\"https:\/\/www.seneko.net\/en\/product\/petg-filament\/\" \/>\n<meta property=\"og:site_name\" content=\"Seneko\" \/>\n<meta property=\"article:publisher\" content=\"https:\/\/www.facebook.com\/seneko3dshop\" \/>\n<meta property=\"article:modified_time\" content=\"2026-04-24T11:19:38+00:00\" \/>\n<meta property=\"og:image\" content=\"https:\/\/www.seneko.net\/wp-content\/uploads\/2022\/02\/white.png\" \/>\n\t<meta property=\"og:image:width\" content=\"1000\" \/>\n\t<meta property=\"og:image:height\" content=\"1000\" \/>\n\t<meta property=\"og:image:type\" content=\"image\/png\" \/>\n<meta name=\"twitter:card\" content=\"summary_large_image\" \/>\n<meta name=\"twitter:label1\" content=\"Est. reading time\" \/>\n\t<meta name=\"twitter:data1\" content=\"2 minutes\" \/>\n<script type=\"application\/ld+json\" class=\"yoast-schema-graph\">{\"@context\":\"https:\\\/\\\/schema.org\",\"@graph\":[{\"@type\":\"WebPage\",\"@id\":\"https:\\\/\\\/www.seneko.net\\\/izdelek\\\/petg-filament\\\/\",\"url\":\"https:\\\/\\\/www.seneko.net\\\/izdelek\\\/petg-filament\\\/\",\"name\":\"PETG filament,1.75mm, 1kg - Seneko\",\"isPartOf\":{\"@id\":\"https:\\\/\\\/www.seneko.net\\\/#website\"},\"primaryImageOfPage\":{\"@id\":\"https:\\\/\\\/www.seneko.net\\\/izdelek\\\/petg-filament\\\/#primaryimage\"},\"image\":{\"@id\":\"https:\\\/\\\/www.seneko.net\\\/izdelek\\\/petg-filament\\\/#primaryimage\"},\"thumbnailUrl\":\"https:\\\/\\\/www.seneko.net\\\/wp-content\\\/uploads\\\/2022\\\/02\\\/white.png\",\"datePublished\":\"2022-02-03T14:53:37+00:00\",\"dateModified\":\"2026-04-24T11:19:38+00:00\",\"description\":\"PETG filament je zelo zmogljiv, trd vodoodporen material, odporen na kemikalije. PETG filament je tr\u0161i od ABS-a. Tiskani izdelek ima prosojno in gladko povr\u0161ino. Enostavno ga je tiskati, enako kot pri PLA filamentu. Pri tiskanju z PETG filamentom temperaturna komora ni potrebna.\",\"breadcrumb\":{\"@id\":\"https:\\\/\\\/www.seneko.net\\\/izdelek\\\/petg-filament\\\/#breadcrumb\"},\"inLanguage\":\"en-US\",\"potentialAction\":[{\"@type\":\"ReadAction\",\"target\":[\"https:\\\/\\\/www.seneko.net\\\/izdelek\\\/petg-filament\\\/\"]}]},{\"@type\":\"ImageObject\",\"inLanguage\":\"en-US\",\"@id\":\"https:\\\/\\\/www.seneko.net\\\/izdelek\\\/petg-filament\\\/#primaryimage\",\"url\":\"https:\\\/\\\/www.seneko.net\\\/wp-content\\\/uploads\\\/2022\\\/02\\\/white.png\",\"contentUrl\":\"https:\\\/\\\/www.seneko.net\\\/wp-content\\\/uploads\\\/2022\\\/02\\\/white.png\",\"width\":1000,\"height\":1000,\"caption\":\"PETG Filament\"},{\"@type\":\"BreadcrumbList\",\"@id\":\"https:\\\/\\\/www.seneko.net\\\/izdelek\\\/petg-filament\\\/#breadcrumb\",\"itemListElement\":[{\"@type\":\"ListItem\",\"position\":1,\"name\":\"Home\",\"item\":\"https:\\\/\\\/www.seneko.net\\\/\"},{\"@type\":\"ListItem\",\"position\":2,\"name\":\"Trgovina\",\"item\":\"https:\\\/\\\/www.seneko.net\\\/trgovina\\\/\"},{\"@type\":\"ListItem\",\"position\":3,\"name\":\"PETG filament,1.75mm, 1kg\"}]},{\"@type\":\"WebSite\",\"@id\":\"https:\\\/\\\/www.seneko.net\\\/#website\",\"url\":\"https:\\\/\\\/www.seneko.net\\\/\",\"name\":\"Seneko\",\"description\":\"Z vami tiskamo prihodnost\",\"publisher\":{\"@id\":\"https:\\\/\\\/www.seneko.net\\\/#organization\"},\"potentialAction\":[{\"@type\":\"SearchAction\",\"target\":{\"@type\":\"EntryPoint\",\"urlTemplate\":\"https:\\\/\\\/www.seneko.net\\\/?s={search_term_string}\"},\"query-input\":{\"@type\":\"PropertyValueSpecification\",\"valueRequired\":true,\"valueName\":\"search_term_string\"}}],\"inLanguage\":\"en-US\"},{\"@type\":\"Organization\",\"@id\":\"https:\\\/\\\/www.seneko.net\\\/#organization\",\"name\":\"Seneko\",\"url\":\"https:\\\/\\\/www.seneko.net\\\/\",\"logo\":{\"@type\":\"ImageObject\",\"inLanguage\":\"en-US\",\"@id\":\"https:\\\/\\\/www.seneko.net\\\/#\\\/schema\\\/logo\\\/image\\\/\",\"url\":\"https:\\\/\\\/www.seneko.net\\\/wp-content\\\/uploads\\\/2021\\\/09\\\/logo_1.png\",\"contentUrl\":\"https:\\\/\\\/www.seneko.net\\\/wp-content\\\/uploads\\\/2021\\\/09\\\/logo_1.png\",\"width\":202,\"height\":80,\"caption\":\"Seneko\"},\"image\":{\"@id\":\"https:\\\/\\\/www.seneko.net\\\/#\\\/schema\\\/logo\\\/image\\\/\"},\"sameAs\":[\"https:\\\/\\\/www.facebook.com\\\/seneko3dshop\",\"https:\\\/\\\/www.instagram.com\\\/Seneko3DShop\\\/\"]}]}<\/script>\n<!-- \/ Yoast SEO plugin. -->","yoast_head_json":{"title":"PETG filament,1.75mm, 1kg - Seneko","description":"PETG filament je zelo zmogljiv, trd vodoodporen material, odporen na kemikalije. PETG filament je tr\u0161i od ABS-a. Tiskani izdelek ima prosojno in gladko povr\u0161ino. Enostavno ga je tiskati, enako kot pri PLA filamentu. Pri tiskanju z PETG filamentom temperaturna komora ni potrebna.","robots":{"index":"index","follow":"follow","max-snippet":"max-snippet:-1","max-image-preview":"max-image-preview:large","max-video-preview":"max-video-preview:-1"},"canonical":"https:\/\/www.seneko.net\/en\/product\/petg-filament\/","og_locale":"en_US","og_type":"article","og_title":"PETG filament,1.75mm, 1kg - Seneko","og_description":"PETG filament je zelo zmogljiv, trd vodoodporen material, odporen na kemikalije. PETG filament je tr\u0161i od ABS-a. Tiskani izdelek ima prosojno in gladko povr\u0161ino. Enostavno ga je tiskati, enako kot pri PLA filamentu. Pri tiskanju z PETG filamentom temperaturna komora ni potrebna.","og_url":"https:\/\/www.seneko.net\/en\/product\/petg-filament\/","og_site_name":"Seneko","article_publisher":"https:\/\/www.facebook.com\/seneko3dshop","article_modified_time":"2026-04-24T11:19:38+00:00","og_image":[{"width":1000,"height":1000,"url":"https:\/\/www.seneko.net\/wp-content\/uploads\/2022\/02\/white.png","type":"image\/png"}],"twitter_card":"summary_large_image","twitter_misc":{"Est. reading time":"2 minutes"},"schema":{"@context":"https:\/\/schema.org","@graph":[{"@type":"WebPage","@id":"https:\/\/www.seneko.net\/izdelek\/petg-filament\/","url":"https:\/\/www.seneko.net\/izdelek\/petg-filament\/","name":"PETG filament,1.75mm, 1kg - Seneko","isPartOf":{"@id":"https:\/\/www.seneko.net\/#website"},"primaryImageOfPage":{"@id":"https:\/\/www.seneko.net\/izdelek\/petg-filament\/#primaryimage"},"image":{"@id":"https:\/\/www.seneko.net\/izdelek\/petg-filament\/#primaryimage"},"thumbnailUrl":"https:\/\/www.seneko.net\/wp-content\/uploads\/2022\/02\/white.png","datePublished":"2022-02-03T14:53:37+00:00","dateModified":"2026-04-24T11:19:38+00:00","description":"PETG filament je zelo zmogljiv, trd vodoodporen material, odporen na kemikalije. PETG filament je tr\u0161i od ABS-a. Tiskani izdelek ima prosojno in gladko povr\u0161ino. Enostavno ga je tiskati, enako kot pri PLA filamentu. Pri tiskanju z PETG filamentom temperaturna komora ni potrebna.","breadcrumb":{"@id":"https:\/\/www.seneko.net\/izdelek\/petg-filament\/#breadcrumb"},"inLanguage":"en-US","potentialAction":[{"@type":"ReadAction","target":["https:\/\/www.seneko.net\/izdelek\/petg-filament\/"]}]},{"@type":"ImageObject","inLanguage":"en-US","@id":"https:\/\/www.seneko.net\/izdelek\/petg-filament\/#primaryimage","url":"https:\/\/www.seneko.net\/wp-content\/uploads\/2022\/02\/white.png","contentUrl":"https:\/\/www.seneko.net\/wp-content\/uploads\/2022\/02\/white.png","width":1000,"height":1000,"caption":"PETG Filament"},{"@type":"BreadcrumbList","@id":"https:\/\/www.seneko.net\/izdelek\/petg-filament\/#breadcrumb","itemListElement":[{"@type":"ListItem","position":1,"name":"Home","item":"https:\/\/www.seneko.net\/"},{"@type":"ListItem","position":2,"name":"Trgovina","item":"https:\/\/www.seneko.net\/trgovina\/"},{"@type":"ListItem","position":3,"name":"PETG filament,1.75mm, 1kg"}]},{"@type":"WebSite","@id":"https:\/\/www.seneko.net\/#website","url":"https:\/\/www.seneko.net\/","name":"Seneko","description":"Z vami tiskamo prihodnost","publisher":{"@id":"https:\/\/www.seneko.net\/#organization"},"potentialAction":[{"@type":"SearchAction","target":{"@type":"EntryPoint","urlTemplate":"https:\/\/www.seneko.net\/?s={search_term_string}"},"query-input":{"@type":"PropertyValueSpecification","valueRequired":true,"valueName":"search_term_string"}}],"inLanguage":"en-US"},{"@type":"Organization","@id":"https:\/\/www.seneko.net\/#organization","name":"Seneko","url":"https:\/\/www.seneko.net\/","logo":{"@type":"ImageObject","inLanguage":"en-US","@id":"https:\/\/www.seneko.net\/#\/schema\/logo\/image\/","url":"https:\/\/www.seneko.net\/wp-content\/uploads\/2021\/09\/logo_1.png","contentUrl":"https:\/\/www.seneko.net\/wp-content\/uploads\/2021\/09\/logo_1.png","width":202,"height":80,"caption":"Seneko"},"image":{"@id":"https:\/\/www.seneko.net\/#\/schema\/logo\/image\/"},"sameAs":["https:\/\/www.facebook.com\/seneko3dshop","https:\/\/www.instagram.com\/Seneko3DShop\/"]}]}},"_links":{"self":[{"href":"https:\/\/www.seneko.net\/en\/wp-json\/wp\/v2\/product\/3481","targetHints":{"allow":["GET"]}}],"collection":[{"href":"https:\/\/www.seneko.net\/en\/wp-json\/wp\/v2\/product"}],"about":[{"href":"https:\/\/www.seneko.net\/en\/wp-json\/wp\/v2\/types\/product"}],"replies":[{"embeddable":true,"href":"https:\/\/www.seneko.net\/en\/wp-json\/wp\/v2\/comments?post=3481"}],"wp:featuredmedia":[{"embeddable":true,"href":"https:\/\/www.seneko.net\/en\/wp-json\/wp\/v2\/media\/3708"}],"wp:attachment":[{"href":"https:\/\/www.seneko.net\/en\/wp-json\/wp\/v2\/media?parent=3481"}],"wp:term":[{"taxonomy":"product_brand","embeddable":true,"href":"https:\/\/www.seneko.net\/en\/wp-json\/wp\/v2\/product_brand?post=3481"},{"taxonomy":"product_cat","embeddable":true,"href":"https:\/\/www.seneko.net\/en\/wp-json\/wp\/v2\/product_cat?post=3481"},{"taxonomy":"product_tag","embeddable":true,"href":"https:\/\/www.seneko.net\/en\/wp-json\/wp\/v2\/product_tag?post=3481"}],"curies":[{"name":"wp","href":"https:\/\/api.w.org\/{rel}","templated":true}]}}