{"id":3598,"date":"2022-03-03T12:15:37","date_gmt":"2022-03-03T10:15:37","guid":{"rendered":"https:\/\/www.seneko.net\/?post_type=product&#038;p=3598"},"modified":"2026-01-02T19:40:08","modified_gmt":"2026-01-02T17:40:08","slug":"pa-cf-filament","status":"publish","type":"product","link":"https:\/\/www.seneko.net\/en\/product\/pa-cf-filament\/","title":{"rendered":"PA-CF filament, 1.75mm, natural color"},"content":{"rendered":"<p>PA-CF filament je razvit na osnovi kopolimera najlona 6\/66, kateremu je dodano 25% karbonskih vlaken. S tem se filamentu mo\u010dno pove\u010da trdnost, togost in \u017eilavost, zato lahko v mnogih primerih nadomesti kovinske materiale. PA-CF je odporen na\u00a0 obrabo in udarce je primeren za tiskanje trpe\u017enih delov. Odporen je tudi na visoke temperature &#8211; temperatura toplotne deformacije je nad 155 \u2103. Nizek skr\u010dek &#8211; pri tiskanju ne poka in se zvija enostavno, povr\u0161ina natisnjenih modelov pa je mat.<\/p>\n<p>Lastnosti izdelka:<\/p>\n<p><strong>\u3010<\/strong><strong>Najlon z karbonskimi vlakni<\/strong><strong>\u3011<\/strong> 75 % najlon v kombinaciji s 25 % karbonskimi vlakni. Visoka trdnost in togost. Visoka \u017eilavost. Odpornost proti obrabi. Visoka natan\u010dnost. Nizko kr\u010denje. Toplotna odpornost 120\u00b0C. Odpornost proti ognju UL94-V2. Zdru\u017eljiv z ve\u010dino 3D tiskalnikov.<\/p>\n<p>\u3010<strong>Dimenzijska toleranca +\/- 0,03 mm<\/strong>\u3011 Minimalna toleranca in nizka stopnja upogibanja, da se zagotovi\u00a0 enakomeren in stabilen tisk, brez zama\u0161itve, z izjemno visoko stopnjo uspe\u0161nosti, kar se ka\u017ee na natan\u010dno natiskanih delih z dobro zaklju\u010dno povr\u0161ino.<\/p>\n<p>\u3010<strong>Brez prepletanja in brez zatikanja<\/strong><strong>\u3011<\/strong> Skupna dol\u017eina: 340-350 m. Celoten kolut filamenta za 3D tiskalnik ima popolno okroglost in zelo tesno toleranco premera, ki se ne prekriva ali zapleta. Topi se enakomerno in gladko brez ma\u0161enja \u0161obe ali ekstruderja.<\/p>\n<p><strong>\u3010<\/strong><strong>\u0160iroka uporaba<\/strong><strong>\u3011<\/strong> Odlikuje ga ve\u010dja trdnost in togost, manj upogibanja in bolj odporen proti obrabi v primerjavi s tradicionalnimi najlonskimi filamenti. Primerno za mo\u010dne in fleksibilne industrijske dele, protetiko, medicinsko opremo in kompleksne kostume itd.<\/p>\n<p><strong>\u3010<\/strong><strong>Vakuumsko zaprta embala\u017ea<\/strong><strong>\u3011<\/strong> Neto te\u017ea: 1 kg. Filament eSUN je na voljo v zaprti vakuumski vre\u010dki s su\u0161ilno vre\u010dko, da ostane suh brez prahu in tujkov, kar prepre\u010di zagozdenje \u0161ob in enakomerno ekstruzijo.<\/p>\n<p>&nbsp;<\/p>\n<p>Priporo\u010dljivo za tiskanje<\/p>\n<p>Su\u0161enje pri 70\u2103\/&gt;12h, z uporabo \u0161obe iz kaljenega jekla ali rubinaste \u0161obe.<\/p>\n<ol>\n<li>Pred tiskanjem posu\u0161ite filamente (70 \u2103\/&gt; 12 h), da dose\u017eete najbolj\u0161i u\u010dinek tiskanja. Pri tiskanju jih je priporo\u010dljivo uporabljati skupaj z eBOX-om.<\/li>\n<\/ol>\n<p>2.ePA-CF filament ima mo\u010dno togost in ga ni lahko upogniti. V dovodnem cevovodu se je treba \u010dim bolj izogibati prekomernemu upogibanju filamenta.<\/p>\n<p>3.ePA-CF zelo hitro obrabi\/uni\u010di \u0161obe in zobnike ekstruderja. Priporo\u010dljivo je uporabljati \u0161obe iz kaljenega jekla ali rubinaste \u0161obe. \u010ce je mogo\u010de, lahko izberete zobnike ekstruderja iz kaljenega jekla. \u010ce je \u010das tiskanja dolg, pride do zama\u0161itve zato \u00a0je treba menjati grlo in \u0161obo.<\/p>\n<p>UPORABA:<\/p>\n<p>Stroji, avtomobilska, kemi\u010dna, elektri\u010dna in elektronska industrija.<\/p>","protected":false},"excerpt":{"rendered":"<p><strong>Lastnosti izdelka:<\/strong><\/p>\n<ul>\n<li>Toplotna odpornost<\/li>\n<li>Visoka togost<\/li>\n<li>Visoka \u017eilavost<\/li>\n<li>Visoka odpornost na udarce<\/li>\n<li>Abrazivna odpornost<\/li>\n<li>Visoka dimenzijska stabilnost<\/li>\n<li>U\u010dinek mat povr\u0161ine<\/li>\n<li>Odli\u010dna mo\u017enost tiskanja<\/li>\n<\/ul>","protected":false},"featured_media":3603,"comment_status":"open","ping_status":"closed","template":"","meta":[],"product_brand":[],"product_cat":[311,310,312],"product_tag":[491,495,494,489,490,492,496,488,493],"class_list":{"0":"post-3598","1":"product","2":"type-product","3":"status-publish","4":"has-post-thumbnail","6":"product_cat-carbon-fiber","7":"product_cat-kompozitni","8":"product_cat-pa-cf","9":"product_tag-carbon-fiber","10":"product_tag-carbon-fibers","11":"product_tag-filament-pa-cf","12":"product_tag-filament-z-karbonskimi-vlakni","13":"product_tag-karbonska-vlakna","14":"product_tag-pa-cf-filament","15":"product_tag-pa-filament","16":"product_tag-pa-cf","17":"product_tag-poliamid-cf","18":"pa_barva-natural","20":"first","21":"instock","22":"sale","23":"taxable","24":"shipping-taxable","25":"purchasable","26":"product-type-simple"},"bundled_by":[],"bundle_stock_status":"instock","bundle_stock_quantity":9,"bundle_virtual":false,"bundle_layout":"","bundle_add_to_cart_form_location":"","bundle_editable_in_cart":false,"bundle_sold_individually_context":"","bundle_item_grouping":"","bundle_min_size":"","bundle_max_size":"","bundle_price":[],"bundled_items":[],"bundle_sell_ids":[],"yoast_head":"<!-- This site is optimized with the Yoast SEO plugin v27.4 - https:\/\/yoast.com\/product\/yoast-seo-wordpress\/ -->\n<title>PA-CF filament, 1.75mm, natural color - Seneko<\/title>\n<meta name=\"description\" content=\"PA-CF filament je razvit na osnovi kopolimera najlona 6\/66, kateremu je dodano 25% karbonskih vlaken. S tem se filamentu mo\u010dno pove\u010da trdnost, togost in \u017eilavost, zato lahko v mnogih primerih nadomesti kovinske materiale. PA-CF je odporen na\u00a0 obrabo in udarce je primeren za tiskanje trpe\u017enih delov. Odporen je tudi na visoke temperature - temperatura toplotne deformacije je nad 155 \u2103. Nizek skr\u010dek - pri tiskanju ne poka in se zvija enostavno, povr\u0161ina natisnjenih modelov pa je mat.\" \/>\n<meta name=\"robots\" content=\"index, follow, max-snippet:-1, max-image-preview:large, max-video-preview:-1\" \/>\n<link rel=\"canonical\" href=\"https:\/\/www.seneko.net\/en\/product\/pa-cf-filament\/\" \/>\n<meta property=\"og:locale\" content=\"en_US\" \/>\n<meta property=\"og:type\" content=\"article\" \/>\n<meta property=\"og:title\" content=\"PA-CF filament, 1.75mm, natural color - Seneko\" \/>\n<meta property=\"og:description\" content=\"PA-CF filament je razvit na osnovi kopolimera najlona 6\/66, kateremu je dodano 25% karbonskih vlaken. S tem se filamentu mo\u010dno pove\u010da trdnost, togost in \u017eilavost, zato lahko v mnogih primerih nadomesti kovinske materiale. PA-CF je odporen na\u00a0 obrabo in udarce je primeren za tiskanje trpe\u017enih delov. Odporen je tudi na visoke temperature - temperatura toplotne deformacije je nad 155 \u2103. Nizek skr\u010dek - pri tiskanju ne poka in se zvija enostavno, povr\u0161ina natisnjenih modelov pa je mat.\" \/>\n<meta property=\"og:url\" content=\"https:\/\/www.seneko.net\/en\/product\/pa-cf-filament\/\" \/>\n<meta property=\"og:site_name\" content=\"Seneko\" \/>\n<meta property=\"article:publisher\" content=\"https:\/\/www.facebook.com\/seneko3dshop\" \/>\n<meta property=\"article:modified_time\" content=\"2026-01-02T17:40:08+00:00\" \/>\n<meta property=\"og:image\" content=\"https:\/\/www.seneko.net\/wp-content\/uploads\/2022\/03\/epa-cf3.png\" \/>\n\t<meta property=\"og:image:width\" content=\"1000\" \/>\n\t<meta property=\"og:image:height\" content=\"1000\" \/>\n\t<meta property=\"og:image:type\" content=\"image\/png\" \/>\n<meta name=\"twitter:card\" content=\"summary_large_image\" \/>\n<meta name=\"twitter:label1\" content=\"Est. reading time\" \/>\n\t<meta name=\"twitter:data1\" content=\"2 minutes\" \/>\n<script type=\"application\/ld+json\" class=\"yoast-schema-graph\">{\"@context\":\"https:\\\/\\\/schema.org\",\"@graph\":[{\"@type\":\"WebPage\",\"@id\":\"https:\\\/\\\/www.seneko.net\\\/izdelek\\\/pa-cf-filament\\\/\",\"url\":\"https:\\\/\\\/www.seneko.net\\\/izdelek\\\/pa-cf-filament\\\/\",\"name\":\"PA-CF filament, 1.75mm, natural color - Seneko\",\"isPartOf\":{\"@id\":\"https:\\\/\\\/www.seneko.net\\\/#website\"},\"primaryImageOfPage\":{\"@id\":\"https:\\\/\\\/www.seneko.net\\\/izdelek\\\/pa-cf-filament\\\/#primaryimage\"},\"image\":{\"@id\":\"https:\\\/\\\/www.seneko.net\\\/izdelek\\\/pa-cf-filament\\\/#primaryimage\"},\"thumbnailUrl\":\"https:\\\/\\\/www.seneko.net\\\/wp-content\\\/uploads\\\/2022\\\/03\\\/epa-cf3.png\",\"datePublished\":\"2022-03-03T10:15:37+00:00\",\"dateModified\":\"2026-01-02T17:40:08+00:00\",\"description\":\"PA-CF filament je razvit na osnovi kopolimera najlona 6\\\/66, kateremu je dodano 25% karbonskih vlaken. S tem se filamentu mo\u010dno pove\u010da trdnost, togost in \u017eilavost, zato lahko v mnogih primerih nadomesti kovinske materiale. PA-CF je odporen na\u00a0 obrabo in udarce je primeren za tiskanje trpe\u017enih delov. Odporen je tudi na visoke temperature - temperatura toplotne deformacije je nad 155 \u2103. Nizek skr\u010dek - pri tiskanju ne poka in se zvija enostavno, povr\u0161ina natisnjenih modelov pa je mat.\",\"breadcrumb\":{\"@id\":\"https:\\\/\\\/www.seneko.net\\\/izdelek\\\/pa-cf-filament\\\/#breadcrumb\"},\"inLanguage\":\"en-US\",\"potentialAction\":[{\"@type\":\"ReadAction\",\"target\":[\"https:\\\/\\\/www.seneko.net\\\/izdelek\\\/pa-cf-filament\\\/\"]}]},{\"@type\":\"ImageObject\",\"inLanguage\":\"en-US\",\"@id\":\"https:\\\/\\\/www.seneko.net\\\/izdelek\\\/pa-cf-filament\\\/#primaryimage\",\"url\":\"https:\\\/\\\/www.seneko.net\\\/wp-content\\\/uploads\\\/2022\\\/03\\\/epa-cf3.png\",\"contentUrl\":\"https:\\\/\\\/www.seneko.net\\\/wp-content\\\/uploads\\\/2022\\\/03\\\/epa-cf3.png\",\"width\":1000,\"height\":1000,\"caption\":\"PA-CF\"},{\"@type\":\"BreadcrumbList\",\"@id\":\"https:\\\/\\\/www.seneko.net\\\/izdelek\\\/pa-cf-filament\\\/#breadcrumb\",\"itemListElement\":[{\"@type\":\"ListItem\",\"position\":1,\"name\":\"Home\",\"item\":\"https:\\\/\\\/www.seneko.net\\\/\"},{\"@type\":\"ListItem\",\"position\":2,\"name\":\"Trgovina\",\"item\":\"https:\\\/\\\/www.seneko.net\\\/trgovina\\\/\"},{\"@type\":\"ListItem\",\"position\":3,\"name\":\"PA-CF filament, 1.75mm, natural color\"}]},{\"@type\":\"WebSite\",\"@id\":\"https:\\\/\\\/www.seneko.net\\\/#website\",\"url\":\"https:\\\/\\\/www.seneko.net\\\/\",\"name\":\"Seneko\",\"description\":\"Z vami tiskamo prihodnost\",\"publisher\":{\"@id\":\"https:\\\/\\\/www.seneko.net\\\/#organization\"},\"potentialAction\":[{\"@type\":\"SearchAction\",\"target\":{\"@type\":\"EntryPoint\",\"urlTemplate\":\"https:\\\/\\\/www.seneko.net\\\/?s={search_term_string}\"},\"query-input\":{\"@type\":\"PropertyValueSpecification\",\"valueRequired\":true,\"valueName\":\"search_term_string\"}}],\"inLanguage\":\"en-US\"},{\"@type\":\"Organization\",\"@id\":\"https:\\\/\\\/www.seneko.net\\\/#organization\",\"name\":\"Seneko\",\"url\":\"https:\\\/\\\/www.seneko.net\\\/\",\"logo\":{\"@type\":\"ImageObject\",\"inLanguage\":\"en-US\",\"@id\":\"https:\\\/\\\/www.seneko.net\\\/#\\\/schema\\\/logo\\\/image\\\/\",\"url\":\"https:\\\/\\\/www.seneko.net\\\/wp-content\\\/uploads\\\/2021\\\/09\\\/logo_1.png\",\"contentUrl\":\"https:\\\/\\\/www.seneko.net\\\/wp-content\\\/uploads\\\/2021\\\/09\\\/logo_1.png\",\"width\":202,\"height\":80,\"caption\":\"Seneko\"},\"image\":{\"@id\":\"https:\\\/\\\/www.seneko.net\\\/#\\\/schema\\\/logo\\\/image\\\/\"},\"sameAs\":[\"https:\\\/\\\/www.facebook.com\\\/seneko3dshop\",\"https:\\\/\\\/www.instagram.com\\\/Seneko3DShop\\\/\"]}]}<\/script>\n<!-- \/ Yoast SEO plugin. -->","yoast_head_json":{"title":"PA-CF filament, 1.75mm, natural color - Seneko","description":"PA-CF filament je razvit na osnovi kopolimera najlona 6\/66, kateremu je dodano 25% karbonskih vlaken. S tem se filamentu mo\u010dno pove\u010da trdnost, togost in \u017eilavost, zato lahko v mnogih primerih nadomesti kovinske materiale. PA-CF je odporen na\u00a0 obrabo in udarce je primeren za tiskanje trpe\u017enih delov. Odporen je tudi na visoke temperature - temperatura toplotne deformacije je nad 155 \u2103. Nizek skr\u010dek - pri tiskanju ne poka in se zvija enostavno, povr\u0161ina natisnjenih modelov pa je mat.","robots":{"index":"index","follow":"follow","max-snippet":"max-snippet:-1","max-image-preview":"max-image-preview:large","max-video-preview":"max-video-preview:-1"},"canonical":"https:\/\/www.seneko.net\/en\/product\/pa-cf-filament\/","og_locale":"en_US","og_type":"article","og_title":"PA-CF filament, 1.75mm, natural color - Seneko","og_description":"PA-CF filament je razvit na osnovi kopolimera najlona 6\/66, kateremu je dodano 25% karbonskih vlaken. S tem se filamentu mo\u010dno pove\u010da trdnost, togost in \u017eilavost, zato lahko v mnogih primerih nadomesti kovinske materiale. PA-CF je odporen na\u00a0 obrabo in udarce je primeren za tiskanje trpe\u017enih delov. Odporen je tudi na visoke temperature - temperatura toplotne deformacije je nad 155 \u2103. Nizek skr\u010dek - pri tiskanju ne poka in se zvija enostavno, povr\u0161ina natisnjenih modelov pa je mat.","og_url":"https:\/\/www.seneko.net\/en\/product\/pa-cf-filament\/","og_site_name":"Seneko","article_publisher":"https:\/\/www.facebook.com\/seneko3dshop","article_modified_time":"2026-01-02T17:40:08+00:00","og_image":[{"width":1000,"height":1000,"url":"https:\/\/www.seneko.net\/wp-content\/uploads\/2022\/03\/epa-cf3.png","type":"image\/png"}],"twitter_card":"summary_large_image","twitter_misc":{"Est. reading time":"2 minutes"},"schema":{"@context":"https:\/\/schema.org","@graph":[{"@type":"WebPage","@id":"https:\/\/www.seneko.net\/izdelek\/pa-cf-filament\/","url":"https:\/\/www.seneko.net\/izdelek\/pa-cf-filament\/","name":"PA-CF filament, 1.75mm, natural color - Seneko","isPartOf":{"@id":"https:\/\/www.seneko.net\/#website"},"primaryImageOfPage":{"@id":"https:\/\/www.seneko.net\/izdelek\/pa-cf-filament\/#primaryimage"},"image":{"@id":"https:\/\/www.seneko.net\/izdelek\/pa-cf-filament\/#primaryimage"},"thumbnailUrl":"https:\/\/www.seneko.net\/wp-content\/uploads\/2022\/03\/epa-cf3.png","datePublished":"2022-03-03T10:15:37+00:00","dateModified":"2026-01-02T17:40:08+00:00","description":"PA-CF filament je razvit na osnovi kopolimera najlona 6\/66, kateremu je dodano 25% karbonskih vlaken. S tem se filamentu mo\u010dno pove\u010da trdnost, togost in \u017eilavost, zato lahko v mnogih primerih nadomesti kovinske materiale. PA-CF je odporen na\u00a0 obrabo in udarce je primeren za tiskanje trpe\u017enih delov. Odporen je tudi na visoke temperature - temperatura toplotne deformacije je nad 155 \u2103. Nizek skr\u010dek - pri tiskanju ne poka in se zvija enostavno, povr\u0161ina natisnjenih modelov pa je mat.","breadcrumb":{"@id":"https:\/\/www.seneko.net\/izdelek\/pa-cf-filament\/#breadcrumb"},"inLanguage":"en-US","potentialAction":[{"@type":"ReadAction","target":["https:\/\/www.seneko.net\/izdelek\/pa-cf-filament\/"]}]},{"@type":"ImageObject","inLanguage":"en-US","@id":"https:\/\/www.seneko.net\/izdelek\/pa-cf-filament\/#primaryimage","url":"https:\/\/www.seneko.net\/wp-content\/uploads\/2022\/03\/epa-cf3.png","contentUrl":"https:\/\/www.seneko.net\/wp-content\/uploads\/2022\/03\/epa-cf3.png","width":1000,"height":1000,"caption":"PA-CF"},{"@type":"BreadcrumbList","@id":"https:\/\/www.seneko.net\/izdelek\/pa-cf-filament\/#breadcrumb","itemListElement":[{"@type":"ListItem","position":1,"name":"Home","item":"https:\/\/www.seneko.net\/"},{"@type":"ListItem","position":2,"name":"Trgovina","item":"https:\/\/www.seneko.net\/trgovina\/"},{"@type":"ListItem","position":3,"name":"PA-CF filament, 1.75mm, natural color"}]},{"@type":"WebSite","@id":"https:\/\/www.seneko.net\/#website","url":"https:\/\/www.seneko.net\/","name":"Seneko","description":"Z vami tiskamo prihodnost","publisher":{"@id":"https:\/\/www.seneko.net\/#organization"},"potentialAction":[{"@type":"SearchAction","target":{"@type":"EntryPoint","urlTemplate":"https:\/\/www.seneko.net\/?s={search_term_string}"},"query-input":{"@type":"PropertyValueSpecification","valueRequired":true,"valueName":"search_term_string"}}],"inLanguage":"en-US"},{"@type":"Organization","@id":"https:\/\/www.seneko.net\/#organization","name":"Seneko","url":"https:\/\/www.seneko.net\/","logo":{"@type":"ImageObject","inLanguage":"en-US","@id":"https:\/\/www.seneko.net\/#\/schema\/logo\/image\/","url":"https:\/\/www.seneko.net\/wp-content\/uploads\/2021\/09\/logo_1.png","contentUrl":"https:\/\/www.seneko.net\/wp-content\/uploads\/2021\/09\/logo_1.png","width":202,"height":80,"caption":"Seneko"},"image":{"@id":"https:\/\/www.seneko.net\/#\/schema\/logo\/image\/"},"sameAs":["https:\/\/www.facebook.com\/seneko3dshop","https:\/\/www.instagram.com\/Seneko3DShop\/"]}]}},"_links":{"self":[{"href":"https:\/\/www.seneko.net\/en\/wp-json\/wp\/v2\/product\/3598","targetHints":{"allow":["GET"]}}],"collection":[{"href":"https:\/\/www.seneko.net\/en\/wp-json\/wp\/v2\/product"}],"about":[{"href":"https:\/\/www.seneko.net\/en\/wp-json\/wp\/v2\/types\/product"}],"replies":[{"embeddable":true,"href":"https:\/\/www.seneko.net\/en\/wp-json\/wp\/v2\/comments?post=3598"}],"wp:featuredmedia":[{"embeddable":true,"href":"https:\/\/www.seneko.net\/en\/wp-json\/wp\/v2\/media\/3603"}],"wp:attachment":[{"href":"https:\/\/www.seneko.net\/en\/wp-json\/wp\/v2\/media?parent=3598"}],"wp:term":[{"taxonomy":"product_brand","embeddable":true,"href":"https:\/\/www.seneko.net\/en\/wp-json\/wp\/v2\/product_brand?post=3598"},{"taxonomy":"product_cat","embeddable":true,"href":"https:\/\/www.seneko.net\/en\/wp-json\/wp\/v2\/product_cat?post=3598"},{"taxonomy":"product_tag","embeddable":true,"href":"https:\/\/www.seneko.net\/en\/wp-json\/wp\/v2\/product_tag?post=3598"}],"curies":[{"name":"wp","href":"https:\/\/api.w.org\/{rel}","templated":true}]}}