{"id":3612,"date":"2022-03-03T12:32:04","date_gmt":"2022-03-03T10:32:04","guid":{"rendered":"https:\/\/www.seneko.net\/?post_type=product&#038;p=3612"},"modified":"2026-01-02T19:40:08","modified_gmt":"2026-01-02T17:40:08","slug":"resin-flex","status":"publish","type":"product","link":"https:\/\/www.seneko.net\/en\/product\/resin-flex\/","title":{"rendered":"Resin Flex,0.5kg\/bottle transparent yellow"},"content":{"rendered":"<p>Resin flex je elasti\u010dna smola, ki ima visok raztezek pri zlomu, dobro elasti\u010dnost, odpornost na trganje, natezno, upogibno trdnost in je stiskalna, ima hiter odboj ter dolo\u010deno odpornost proti obrabi. Relativno visoka stopnja uspe\u0161nosti odvojitve od del.povr\u0161ine, enostavno tiskanje. Deli so mehki in elasti\u010dni, odporni na upogibanje. Resin Flex se lahko uporablja na modelih izdelkov, ki zahtevajo pro\u017enost.<\/p>\n<p>&nbsp;<\/p>\n<p><strong>\u3010Fleksibilna smola<\/strong><strong>\u3011<\/strong> Trdota 85-90A. Visoka fleksibilnost. Visoka elasti\u010dnost. Visoka \u017eilavost. Odpornost proti obrabi. Odpornost na trganje. Upogljiv, raztegljiv in stisljiv. Zdru\u017eljiv z ve\u010dino LCD 3D tiskalnikov.<\/p>\n<p><strong>\u3010Visoka natan\u010dnost in nizko kr\u010denje<\/strong><strong>\u3011<\/strong>Fleksibilna smola eSUN vsebuje poliuretanske akrilatne monomere, ki zmanj\u0161ujejo kr\u010denje volumna med postopkom UV fotopolimerizacije, kar zagotavlja visoko natan\u010dnost modela tiska z gladkim zaklju\u010dnim slojem.<\/p>\n<p><strong>\u3010Odli\u010dna teko\u010dina in odli\u010dna stabilnost<\/strong>\u3011 Hitra smola lahko hitro prodre v modele, izbolj\u0161a hitrost tiskanja in skraj\u0161a \u010das strjevanja. Medtem ima UV smola dobro kombinacijo fleksibilnosti in \u017eilavosti, mo\u010dnega oprijema modela in enostavnega lo\u010devanja po tiskanju.<\/p>\n<p><strong>\u3010Profesionalen za LCD<\/strong><strong>\u3011<\/strong> Posebej zasnovan za LED svetlobni vir za doseganje bolj\u0161e kakovosti tiska. Zaradi mehke teksture smole jo je treba dvigovati, hitrost vzpona pa mora biti po\u010dasna za izravnavo po vsaki plasti izpostavljenosti.<\/p>\n<p><strong>\u3010Varno pakiranje<\/strong><strong>\u3011<\/strong> Odebeljena aluminijasta steklenica, popolnoma za\u0161\u010ditena pred svetlobo. Neprepustna steklenica je v celoti zavita s plasti\u010dno vre\u010dko z mehur\u010dki, da zagotovimo, da smola ostane na mestu, kamor sodi.<\/p>","protected":false},"excerpt":{"rendered":"<p>Resin flex je elasti\u010dna smola, ki ima visok raztezek pri zlomu, dobro elasti\u010dnost, odpornost na trganje, natezno, upogibno trdnost in je stiskalna, ima hiter odboj ter dolo\u010deno odpornost proti obrabi. Relativno visoka stopnja uspe\u0161nosti odvojitve od del.povr\u0161ine, enostavno tiskanje. Deli so mehki in elasti\u010dni, odporni na upogibanje. Resin Flex se lahko uporablja na modelih izdelkov, [&hellip;]<\/p>\n","protected":false},"featured_media":3613,"comment_status":"open","ping_status":"closed","template":"","meta":[],"product_brand":[],"product_cat":[341,338],"product_tag":[479,481,476,472,471,475,473,474,477,478,480,462,470,422],"class_list":{"0":"post-3612","1":"product","2":"type-product","3":"status-publish","4":"has-post-thumbnail","6":"product_cat-eresin-flex","7":"product_cat-inzenirske-smole","8":"product_tag-dlp","9":"product_tag-dlp-resin","10":"product_tag-elastic-resin","11":"product_tag-elasticna-smola","12":"product_tag-fleksibilna-smola","13":"product_tag-flex","14":"product_tag-flex-rezina","15":"product_tag-flex-smola","16":"product_tag-flexibilna-smola","17":"product_tag-flexibilna-smola-za-tiskalnik","18":"product_tag-lcd","19":"product_tag-lcd-smola","20":"product_tag-resin-flex","21":"product_tag-smola-za-tiskanje","22":"pa_barva-transparent-yellow","24":"first","25":"instock","26":"sale","27":"taxable","28":"shipping-taxable","29":"purchasable","30":"product-type-simple"},"bundled_by":[],"bundle_stock_status":"instock","bundle_stock_quantity":2,"bundle_virtual":false,"bundle_layout":"","bundle_add_to_cart_form_location":"","bundle_editable_in_cart":false,"bundle_sold_individually_context":"","bundle_item_grouping":"","bundle_min_size":"","bundle_max_size":"","bundle_price":[],"bundled_items":[],"bundle_sell_ids":[],"yoast_head":"<!-- This site is optimized with the Yoast SEO plugin v27.4 - https:\/\/yoast.com\/product\/yoast-seo-wordpress\/ -->\n<title>Resin Flex,0.5kg\/bottle transparent yellow - Seneko<\/title>\n<meta name=\"description\" content=\"Resin flex je elasti\u010dna smola, ki ima visok raztezek pri zlomu, dobro elasti\u010dnost, odpornost na trganje, natezno, upogibno trdnost in je stiskalna, ima hiter odboj ter dolo\u010deno odpornost proti obrabi. Relativno visoka stopnja uspe\u0161nosti odvojitve od del.povr\u0161ine, enostavno tiskanje. Deli so mehki in elasti\u010dni, odporni na upogibanje. Resin Flex se lahko uporablja na modelih izdelkov, ki zahtevajo pro\u017enost.\" \/>\n<meta name=\"robots\" content=\"index, follow, max-snippet:-1, max-image-preview:large, max-video-preview:-1\" \/>\n<link rel=\"canonical\" href=\"https:\/\/www.seneko.net\/en\/product\/resin-flex\/\" \/>\n<meta property=\"og:locale\" content=\"en_US\" \/>\n<meta property=\"og:type\" content=\"article\" \/>\n<meta property=\"og:title\" content=\"Resin Flex,0.5kg\/bottle transparent yellow - Seneko\" \/>\n<meta property=\"og:description\" content=\"Resin flex je elasti\u010dna smola, ki ima visok raztezek pri zlomu, dobro elasti\u010dnost, odpornost na trganje, natezno, upogibno trdnost in je stiskalna, ima hiter odboj ter dolo\u010deno odpornost proti obrabi. Relativno visoka stopnja uspe\u0161nosti odvojitve od del.povr\u0161ine, enostavno tiskanje. Deli so mehki in elasti\u010dni, odporni na upogibanje. Resin Flex se lahko uporablja na modelih izdelkov, ki zahtevajo pro\u017enost.\" \/>\n<meta property=\"og:url\" content=\"https:\/\/www.seneko.net\/en\/product\/resin-flex\/\" \/>\n<meta property=\"og:site_name\" content=\"Seneko\" \/>\n<meta property=\"article:publisher\" content=\"https:\/\/www.facebook.com\/seneko3dshop\" \/>\n<meta property=\"article:modified_time\" content=\"2026-01-02T17:40:08+00:00\" \/>\n<meta property=\"og:image\" content=\"https:\/\/www.seneko.net\/wp-content\/uploads\/2022\/03\/resine1.png\" \/>\n\t<meta property=\"og:image:width\" content=\"1000\" \/>\n\t<meta property=\"og:image:height\" content=\"1000\" \/>\n\t<meta property=\"og:image:type\" content=\"image\/png\" \/>\n<meta name=\"twitter:card\" content=\"summary_large_image\" \/>\n<meta name=\"twitter:label1\" content=\"Est. reading time\" \/>\n\t<meta name=\"twitter:data1\" content=\"2 minutes\" \/>\n<script type=\"application\/ld+json\" class=\"yoast-schema-graph\">{\"@context\":\"https:\\\/\\\/schema.org\",\"@graph\":[{\"@type\":\"WebPage\",\"@id\":\"https:\\\/\\\/www.seneko.net\\\/izdelek\\\/resin-flex\\\/\",\"url\":\"https:\\\/\\\/www.seneko.net\\\/izdelek\\\/resin-flex\\\/\",\"name\":\"Resin Flex,0.5kg\\\/bottle transparent yellow - Seneko\",\"isPartOf\":{\"@id\":\"https:\\\/\\\/www.seneko.net\\\/#website\"},\"primaryImageOfPage\":{\"@id\":\"https:\\\/\\\/www.seneko.net\\\/izdelek\\\/resin-flex\\\/#primaryimage\"},\"image\":{\"@id\":\"https:\\\/\\\/www.seneko.net\\\/izdelek\\\/resin-flex\\\/#primaryimage\"},\"thumbnailUrl\":\"https:\\\/\\\/www.seneko.net\\\/wp-content\\\/uploads\\\/2022\\\/03\\\/resine1.png\",\"datePublished\":\"2022-03-03T10:32:04+00:00\",\"dateModified\":\"2026-01-02T17:40:08+00:00\",\"description\":\"Resin flex je elasti\u010dna smola, ki ima visok raztezek pri zlomu, dobro elasti\u010dnost, odpornost na trganje, natezno, upogibno trdnost in je stiskalna, ima hiter odboj ter dolo\u010deno odpornost proti obrabi. Relativno visoka stopnja uspe\u0161nosti odvojitve od del.povr\u0161ine, enostavno tiskanje. Deli so mehki in elasti\u010dni, odporni na upogibanje. Resin Flex se lahko uporablja na modelih izdelkov, ki zahtevajo pro\u017enost.\",\"breadcrumb\":{\"@id\":\"https:\\\/\\\/www.seneko.net\\\/izdelek\\\/resin-flex\\\/#breadcrumb\"},\"inLanguage\":\"en-US\",\"potentialAction\":[{\"@type\":\"ReadAction\",\"target\":[\"https:\\\/\\\/www.seneko.net\\\/izdelek\\\/resin-flex\\\/\"]}]},{\"@type\":\"ImageObject\",\"inLanguage\":\"en-US\",\"@id\":\"https:\\\/\\\/www.seneko.net\\\/izdelek\\\/resin-flex\\\/#primaryimage\",\"url\":\"https:\\\/\\\/www.seneko.net\\\/wp-content\\\/uploads\\\/2022\\\/03\\\/resine1.png\",\"contentUrl\":\"https:\\\/\\\/www.seneko.net\\\/wp-content\\\/uploads\\\/2022\\\/03\\\/resine1.png\",\"width\":1000,\"height\":1000,\"caption\":\"resin flex\"},{\"@type\":\"BreadcrumbList\",\"@id\":\"https:\\\/\\\/www.seneko.net\\\/izdelek\\\/resin-flex\\\/#breadcrumb\",\"itemListElement\":[{\"@type\":\"ListItem\",\"position\":1,\"name\":\"Home\",\"item\":\"https:\\\/\\\/www.seneko.net\\\/\"},{\"@type\":\"ListItem\",\"position\":2,\"name\":\"Trgovina\",\"item\":\"https:\\\/\\\/www.seneko.net\\\/trgovina\\\/\"},{\"@type\":\"ListItem\",\"position\":3,\"name\":\"Resin Flex,0.5kg\\\/bottle transparent yellow\"}]},{\"@type\":\"WebSite\",\"@id\":\"https:\\\/\\\/www.seneko.net\\\/#website\",\"url\":\"https:\\\/\\\/www.seneko.net\\\/\",\"name\":\"Seneko\",\"description\":\"Z vami tiskamo prihodnost\",\"publisher\":{\"@id\":\"https:\\\/\\\/www.seneko.net\\\/#organization\"},\"potentialAction\":[{\"@type\":\"SearchAction\",\"target\":{\"@type\":\"EntryPoint\",\"urlTemplate\":\"https:\\\/\\\/www.seneko.net\\\/?s={search_term_string}\"},\"query-input\":{\"@type\":\"PropertyValueSpecification\",\"valueRequired\":true,\"valueName\":\"search_term_string\"}}],\"inLanguage\":\"en-US\"},{\"@type\":\"Organization\",\"@id\":\"https:\\\/\\\/www.seneko.net\\\/#organization\",\"name\":\"Seneko\",\"url\":\"https:\\\/\\\/www.seneko.net\\\/\",\"logo\":{\"@type\":\"ImageObject\",\"inLanguage\":\"en-US\",\"@id\":\"https:\\\/\\\/www.seneko.net\\\/#\\\/schema\\\/logo\\\/image\\\/\",\"url\":\"https:\\\/\\\/www.seneko.net\\\/wp-content\\\/uploads\\\/2021\\\/09\\\/logo_1.png\",\"contentUrl\":\"https:\\\/\\\/www.seneko.net\\\/wp-content\\\/uploads\\\/2021\\\/09\\\/logo_1.png\",\"width\":202,\"height\":80,\"caption\":\"Seneko\"},\"image\":{\"@id\":\"https:\\\/\\\/www.seneko.net\\\/#\\\/schema\\\/logo\\\/image\\\/\"},\"sameAs\":[\"https:\\\/\\\/www.facebook.com\\\/seneko3dshop\",\"https:\\\/\\\/www.instagram.com\\\/Seneko3DShop\\\/\"]}]}<\/script>\n<!-- \/ Yoast SEO plugin. -->","yoast_head_json":{"title":"Resin Flex,0.5kg\/bottle transparent yellow - Seneko","description":"Resin flex je elasti\u010dna smola, ki ima visok raztezek pri zlomu, dobro elasti\u010dnost, odpornost na trganje, natezno, upogibno trdnost in je stiskalna, ima hiter odboj ter dolo\u010deno odpornost proti obrabi. Relativno visoka stopnja uspe\u0161nosti odvojitve od del.povr\u0161ine, enostavno tiskanje. Deli so mehki in elasti\u010dni, odporni na upogibanje. Resin Flex se lahko uporablja na modelih izdelkov, ki zahtevajo pro\u017enost.","robots":{"index":"index","follow":"follow","max-snippet":"max-snippet:-1","max-image-preview":"max-image-preview:large","max-video-preview":"max-video-preview:-1"},"canonical":"https:\/\/www.seneko.net\/en\/product\/resin-flex\/","og_locale":"en_US","og_type":"article","og_title":"Resin Flex,0.5kg\/bottle transparent yellow - Seneko","og_description":"Resin flex je elasti\u010dna smola, ki ima visok raztezek pri zlomu, dobro elasti\u010dnost, odpornost na trganje, natezno, upogibno trdnost in je stiskalna, ima hiter odboj ter dolo\u010deno odpornost proti obrabi. Relativno visoka stopnja uspe\u0161nosti odvojitve od del.povr\u0161ine, enostavno tiskanje. Deli so mehki in elasti\u010dni, odporni na upogibanje. Resin Flex se lahko uporablja na modelih izdelkov, ki zahtevajo pro\u017enost.","og_url":"https:\/\/www.seneko.net\/en\/product\/resin-flex\/","og_site_name":"Seneko","article_publisher":"https:\/\/www.facebook.com\/seneko3dshop","article_modified_time":"2026-01-02T17:40:08+00:00","og_image":[{"width":1000,"height":1000,"url":"https:\/\/www.seneko.net\/wp-content\/uploads\/2022\/03\/resine1.png","type":"image\/png"}],"twitter_card":"summary_large_image","twitter_misc":{"Est. reading time":"2 minutes"},"schema":{"@context":"https:\/\/schema.org","@graph":[{"@type":"WebPage","@id":"https:\/\/www.seneko.net\/izdelek\/resin-flex\/","url":"https:\/\/www.seneko.net\/izdelek\/resin-flex\/","name":"Resin Flex,0.5kg\/bottle transparent yellow - Seneko","isPartOf":{"@id":"https:\/\/www.seneko.net\/#website"},"primaryImageOfPage":{"@id":"https:\/\/www.seneko.net\/izdelek\/resin-flex\/#primaryimage"},"image":{"@id":"https:\/\/www.seneko.net\/izdelek\/resin-flex\/#primaryimage"},"thumbnailUrl":"https:\/\/www.seneko.net\/wp-content\/uploads\/2022\/03\/resine1.png","datePublished":"2022-03-03T10:32:04+00:00","dateModified":"2026-01-02T17:40:08+00:00","description":"Resin flex je elasti\u010dna smola, ki ima visok raztezek pri zlomu, dobro elasti\u010dnost, odpornost na trganje, natezno, upogibno trdnost in je stiskalna, ima hiter odboj ter dolo\u010deno odpornost proti obrabi. Relativno visoka stopnja uspe\u0161nosti odvojitve od del.povr\u0161ine, enostavno tiskanje. Deli so mehki in elasti\u010dni, odporni na upogibanje. Resin Flex se lahko uporablja na modelih izdelkov, ki zahtevajo pro\u017enost.","breadcrumb":{"@id":"https:\/\/www.seneko.net\/izdelek\/resin-flex\/#breadcrumb"},"inLanguage":"en-US","potentialAction":[{"@type":"ReadAction","target":["https:\/\/www.seneko.net\/izdelek\/resin-flex\/"]}]},{"@type":"ImageObject","inLanguage":"en-US","@id":"https:\/\/www.seneko.net\/izdelek\/resin-flex\/#primaryimage","url":"https:\/\/www.seneko.net\/wp-content\/uploads\/2022\/03\/resine1.png","contentUrl":"https:\/\/www.seneko.net\/wp-content\/uploads\/2022\/03\/resine1.png","width":1000,"height":1000,"caption":"resin flex"},{"@type":"BreadcrumbList","@id":"https:\/\/www.seneko.net\/izdelek\/resin-flex\/#breadcrumb","itemListElement":[{"@type":"ListItem","position":1,"name":"Home","item":"https:\/\/www.seneko.net\/"},{"@type":"ListItem","position":2,"name":"Trgovina","item":"https:\/\/www.seneko.net\/trgovina\/"},{"@type":"ListItem","position":3,"name":"Resin Flex,0.5kg\/bottle transparent yellow"}]},{"@type":"WebSite","@id":"https:\/\/www.seneko.net\/#website","url":"https:\/\/www.seneko.net\/","name":"Seneko","description":"Z vami tiskamo prihodnost","publisher":{"@id":"https:\/\/www.seneko.net\/#organization"},"potentialAction":[{"@type":"SearchAction","target":{"@type":"EntryPoint","urlTemplate":"https:\/\/www.seneko.net\/?s={search_term_string}"},"query-input":{"@type":"PropertyValueSpecification","valueRequired":true,"valueName":"search_term_string"}}],"inLanguage":"en-US"},{"@type":"Organization","@id":"https:\/\/www.seneko.net\/#organization","name":"Seneko","url":"https:\/\/www.seneko.net\/","logo":{"@type":"ImageObject","inLanguage":"en-US","@id":"https:\/\/www.seneko.net\/#\/schema\/logo\/image\/","url":"https:\/\/www.seneko.net\/wp-content\/uploads\/2021\/09\/logo_1.png","contentUrl":"https:\/\/www.seneko.net\/wp-content\/uploads\/2021\/09\/logo_1.png","width":202,"height":80,"caption":"Seneko"},"image":{"@id":"https:\/\/www.seneko.net\/#\/schema\/logo\/image\/"},"sameAs":["https:\/\/www.facebook.com\/seneko3dshop","https:\/\/www.instagram.com\/Seneko3DShop\/"]}]}},"_links":{"self":[{"href":"https:\/\/www.seneko.net\/en\/wp-json\/wp\/v2\/product\/3612","targetHints":{"allow":["GET"]}}],"collection":[{"href":"https:\/\/www.seneko.net\/en\/wp-json\/wp\/v2\/product"}],"about":[{"href":"https:\/\/www.seneko.net\/en\/wp-json\/wp\/v2\/types\/product"}],"replies":[{"embeddable":true,"href":"https:\/\/www.seneko.net\/en\/wp-json\/wp\/v2\/comments?post=3612"}],"wp:featuredmedia":[{"embeddable":true,"href":"https:\/\/www.seneko.net\/en\/wp-json\/wp\/v2\/media\/3613"}],"wp:attachment":[{"href":"https:\/\/www.seneko.net\/en\/wp-json\/wp\/v2\/media?parent=3612"}],"wp:term":[{"taxonomy":"product_brand","embeddable":true,"href":"https:\/\/www.seneko.net\/en\/wp-json\/wp\/v2\/product_brand?post=3612"},{"taxonomy":"product_cat","embeddable":true,"href":"https:\/\/www.seneko.net\/en\/wp-json\/wp\/v2\/product_cat?post=3612"},{"taxonomy":"product_tag","embeddable":true,"href":"https:\/\/www.seneko.net\/en\/wp-json\/wp\/v2\/product_tag?post=3612"}],"curies":[{"name":"wp","href":"https:\/\/api.w.org\/{rel}","templated":true}]}}