{"id":3615,"date":"2022-03-03T12:41:09","date_gmt":"2022-03-03T10:41:09","guid":{"rendered":"https:\/\/www.seneko.net\/?post_type=product&#038;p=3615"},"modified":"2026-01-02T19:40:24","modified_gmt":"2026-01-02T17:40:24","slug":"resin-pla","status":"publish","type":"product","link":"https:\/\/www.seneko.net\/en\/product\/resin-pla\/","title":{"rendered":"Resin PLA ,1kg\/bottle"},"content":{"rendered":"<div><\/div>\n<div><span lang=\"EN-US\">Resin PLA je smola izdelana na podlagi sintetiziranega PLA poliola lastne proizvodnje eSUN, z dobro \u017eilavostjo, nizkim vonjem in gladko povr\u0161ino natisnjenih delov. Certificiran z EN71-3 standardom za igra\u010de, varnej\u0161i za uporabo. Resin PLA je mo\u017eno vrtati brez razpok, ima nizek vonj in bolj udoben pri uporabi in ravnanju. Esun jo proizvaja pod imenom eResin PLA.<\/span><\/div>\n<div><\/div>\n<p><strong>\u3010<\/strong><strong>Rastlinska smola<\/strong><strong>\u3011<\/strong>Iz mle\u010dne kisline na biolo\u0161ki osnovi. Okolju prijazna in biolo\u0161ko razgradljiva. Ni\u017eji vonj in dra\u017eenje. Trdota 75-80D. Bolj\u0161a trdnost in togost. Odli\u010dna za oblikovanje in odpornost na udarce.<\/p>\n<p><strong>\u3010<\/strong><strong>Visoka natan\u010dnost in nizko kr\u010denje<\/strong><strong>\u3011<\/strong> Rastlinska smola eSUN vsebuje metakrilatne monomere, ki zmanj\u0161ajo kr\u010denje volumna med postopkom fotopolimerizacije, kar zagotavlja visoko natan\u010dnost modela tiska z gladkimi prehodi zaklju\u010dnih slojev.<\/p>\n<p><strong>\u3010<\/strong><strong>Odli\u010dna preto\u010dnost in odli\u010dna stabilnost<\/strong><strong>\u3011<\/strong> Hitra smola lahko hitro prodre v modele, izbolj\u0161a hitrost tiskanja in skraj\u0161a \u010das strjevanja. Medtem ima UV smola dobro kombinacijo trdote in \u017eilavosti, mo\u010dno oprijemljivost modela in enostavno lo\u010ditev po strjevanju.<\/p>\n<p><strong>\u3010<\/strong><strong>Profesionalno za LCD<\/strong><strong>\u3011<\/strong> Posebej zasnovan za LED svetlobni vir za doseganje bolj\u0161e kakovosti tiska. Z visokokakovostnimi pigmenti in fotoiniciatorji imajo modeli, natisnjeni s smolo zelo \u010dist in osupljiv barvni u\u010dinek, tako kot umetni\u0161ko delo.<\/p>\n<p><strong>\u3010<\/strong><strong>Varno pakiranje<\/strong><strong>\u3011<\/strong> Odebeljena aluminijasta steklenica, popolnoma za\u0161\u010ditena pred svetlobo. Neprepustna steklenic, v celoti zavita s plasti\u010dno vre\u010dko z mehur\u010dki, da zagotovite, da smola ostane na mestu kamor sodi.<\/p>\n<p>&nbsp;<\/p>\n<p><strong>Opomba<\/strong><\/p>\n<p>Pred tiskanjem dobro pretresi.<\/p>","protected":false},"excerpt":{"rendered":"<ul>\n<li>Visoka \u017eilavost<\/li>\n<li>Nizek vonj<\/li>\n<\/ul>","protected":false},"featured_media":3632,"comment_status":"open","ping_status":"closed","template":"","meta":[],"product_brand":[],"product_cat":[334,333],"product_tag":[386,461,378,425,469,426,462,458,464,467,468,466,465,463,422,384],"class_list":{"0":"post-3615","1":"product","2":"type-product","3":"status-publish","4":"has-post-thumbnail","6":"product_cat-eresin-pla","7":"product_cat-splosne-smole","8":"product_tag-3d-smola","9":"product_tag-dlp-smola","10":"product_tag-esun","11":"product_tag-esun-resin","12":"product_tag-esun-resin-pla","13":"product_tag-esun-smola","14":"product_tag-lcd-smola","15":"product_tag-pla-smola","16":"product_tag-resin-pla","17":"product_tag-resina","18":"product_tag-resina-pla","19":"product_tag-rezina","20":"product_tag-smola-pla","21":"product_tag-smola-za-tiskalnik","22":"product_tag-smola-za-tiskanje","23":"product_tag-uv-smola","24":"pa_barva-beige-resin","25":"pa_barva-balck-resin","26":"pa_barva-grey-resin","27":"pa_barva-orange","28":"pa_barva-red","29":"pa_barva-transparent-bottle","31":"first","32":"instock","33":"sale","34":"taxable","35":"shipping-taxable","36":"purchasable","37":"product-type-variable"},"bundled_by":[],"bundle_stock_status":"instock","bundle_stock_quantity":null,"bundle_virtual":false,"bundle_layout":"","bundle_add_to_cart_form_location":"","bundle_editable_in_cart":false,"bundle_sold_individually_context":"","bundle_item_grouping":"","bundle_min_size":"","bundle_max_size":"","bundle_price":[],"bundled_items":[],"bundle_sell_ids":[],"yoast_head":"<!-- This site is optimized with the Yoast SEO plugin v27.4 - https:\/\/yoast.com\/product\/yoast-seo-wordpress\/ -->\n<title>Resin PLA ,1kg\/bottle - Seneko<\/title>\n<meta name=\"description\" content=\"Resin PLA je izdelana na podlagi sintetiziranega PLA poliola lastne proizvodnje eSUN, z dobro \u017eilavostjo, nizkim vonjem in gladko povr\u0161ino natisnjenih delov. Certificiran z EN71-3 standardom za igra\u010de, varnej\u0161i za uporabo. Resin PLA je mo\u017eno vrtati brez razpok, ima nizek vonj in bolj udoben pri uporabi in ravnanju. Esun jo proizvaja pod imenom eResin PLA.\" \/>\n<meta name=\"robots\" content=\"index, follow, max-snippet:-1, max-image-preview:large, max-video-preview:-1\" \/>\n<link rel=\"canonical\" href=\"https:\/\/www.seneko.net\/en\/product\/resin-pla\/\" \/>\n<meta property=\"og:locale\" content=\"en_US\" \/>\n<meta property=\"og:type\" content=\"article\" \/>\n<meta property=\"og:title\" content=\"Resin PLA ,1kg\/bottle - Seneko\" \/>\n<meta property=\"og:description\" content=\"Resin PLA je izdelana na podlagi sintetiziranega PLA poliola lastne proizvodnje eSUN, z dobro \u017eilavostjo, nizkim vonjem in gladko povr\u0161ino natisnjenih delov. Certificiran z EN71-3 standardom za igra\u010de, varnej\u0161i za uporabo. Resin PLA je mo\u017eno vrtati brez razpok, ima nizek vonj in bolj udoben pri uporabi in ravnanju. Esun jo proizvaja pod imenom eResin PLA.\" \/>\n<meta property=\"og:url\" content=\"https:\/\/www.seneko.net\/en\/product\/resin-pla\/\" \/>\n<meta property=\"og:site_name\" content=\"Seneko\" \/>\n<meta property=\"article:publisher\" content=\"https:\/\/www.facebook.com\/seneko3dshop\" \/>\n<meta property=\"article:modified_time\" content=\"2026-01-02T17:40:24+00:00\" \/>\n<meta property=\"og:image\" content=\"https:\/\/www.seneko.net\/wp-content\/uploads\/2022\/03\/black.png\" \/>\n\t<meta property=\"og:image:width\" content=\"1000\" \/>\n\t<meta property=\"og:image:height\" content=\"1000\" \/>\n\t<meta property=\"og:image:type\" content=\"image\/png\" \/>\n<meta name=\"twitter:card\" content=\"summary_large_image\" \/>\n<meta name=\"twitter:label1\" content=\"Est. reading time\" \/>\n\t<meta name=\"twitter:data1\" content=\"2 minutes\" \/>\n<script type=\"application\/ld+json\" class=\"yoast-schema-graph\">{\"@context\":\"https:\\\/\\\/schema.org\",\"@graph\":[{\"@type\":\"WebPage\",\"@id\":\"https:\\\/\\\/www.seneko.net\\\/izdelek\\\/resin-pla\\\/\",\"url\":\"https:\\\/\\\/www.seneko.net\\\/izdelek\\\/resin-pla\\\/\",\"name\":\"Resin PLA ,1kg\\\/bottle - Seneko\",\"isPartOf\":{\"@id\":\"https:\\\/\\\/www.seneko.net\\\/#website\"},\"primaryImageOfPage\":{\"@id\":\"https:\\\/\\\/www.seneko.net\\\/izdelek\\\/resin-pla\\\/#primaryimage\"},\"image\":{\"@id\":\"https:\\\/\\\/www.seneko.net\\\/izdelek\\\/resin-pla\\\/#primaryimage\"},\"thumbnailUrl\":\"https:\\\/\\\/www.seneko.net\\\/wp-content\\\/uploads\\\/2022\\\/03\\\/black.png\",\"datePublished\":\"2022-03-03T10:41:09+00:00\",\"dateModified\":\"2026-01-02T17:40:24+00:00\",\"description\":\"Resin PLA je izdelana na podlagi sintetiziranega PLA poliola lastne proizvodnje eSUN, z dobro \u017eilavostjo, nizkim vonjem in gladko povr\u0161ino natisnjenih delov. Certificiran z EN71-3 standardom za igra\u010de, varnej\u0161i za uporabo. Resin PLA je mo\u017eno vrtati brez razpok, ima nizek vonj in bolj udoben pri uporabi in ravnanju. Esun jo proizvaja pod imenom eResin PLA.\",\"breadcrumb\":{\"@id\":\"https:\\\/\\\/www.seneko.net\\\/izdelek\\\/resin-pla\\\/#breadcrumb\"},\"inLanguage\":\"en-US\",\"potentialAction\":[{\"@type\":\"ReadAction\",\"target\":[\"https:\\\/\\\/www.seneko.net\\\/izdelek\\\/resin-pla\\\/\"]}]},{\"@type\":\"ImageObject\",\"inLanguage\":\"en-US\",\"@id\":\"https:\\\/\\\/www.seneko.net\\\/izdelek\\\/resin-pla\\\/#primaryimage\",\"url\":\"https:\\\/\\\/www.seneko.net\\\/wp-content\\\/uploads\\\/2022\\\/03\\\/black.png\",\"contentUrl\":\"https:\\\/\\\/www.seneko.net\\\/wp-content\\\/uploads\\\/2022\\\/03\\\/black.png\",\"width\":1000,\"height\":1000,\"caption\":\"resin pla\"},{\"@type\":\"BreadcrumbList\",\"@id\":\"https:\\\/\\\/www.seneko.net\\\/izdelek\\\/resin-pla\\\/#breadcrumb\",\"itemListElement\":[{\"@type\":\"ListItem\",\"position\":1,\"name\":\"Home\",\"item\":\"https:\\\/\\\/www.seneko.net\\\/\"},{\"@type\":\"ListItem\",\"position\":2,\"name\":\"Trgovina\",\"item\":\"https:\\\/\\\/www.seneko.net\\\/trgovina\\\/\"},{\"@type\":\"ListItem\",\"position\":3,\"name\":\"Resin PLA ,1kg\\\/bottle\"}]},{\"@type\":\"WebSite\",\"@id\":\"https:\\\/\\\/www.seneko.net\\\/#website\",\"url\":\"https:\\\/\\\/www.seneko.net\\\/\",\"name\":\"Seneko\",\"description\":\"Z vami tiskamo prihodnost\",\"publisher\":{\"@id\":\"https:\\\/\\\/www.seneko.net\\\/#organization\"},\"potentialAction\":[{\"@type\":\"SearchAction\",\"target\":{\"@type\":\"EntryPoint\",\"urlTemplate\":\"https:\\\/\\\/www.seneko.net\\\/?s={search_term_string}\"},\"query-input\":{\"@type\":\"PropertyValueSpecification\",\"valueRequired\":true,\"valueName\":\"search_term_string\"}}],\"inLanguage\":\"en-US\"},{\"@type\":\"Organization\",\"@id\":\"https:\\\/\\\/www.seneko.net\\\/#organization\",\"name\":\"Seneko\",\"url\":\"https:\\\/\\\/www.seneko.net\\\/\",\"logo\":{\"@type\":\"ImageObject\",\"inLanguage\":\"en-US\",\"@id\":\"https:\\\/\\\/www.seneko.net\\\/#\\\/schema\\\/logo\\\/image\\\/\",\"url\":\"https:\\\/\\\/www.seneko.net\\\/wp-content\\\/uploads\\\/2021\\\/09\\\/logo_1.png\",\"contentUrl\":\"https:\\\/\\\/www.seneko.net\\\/wp-content\\\/uploads\\\/2021\\\/09\\\/logo_1.png\",\"width\":202,\"height\":80,\"caption\":\"Seneko\"},\"image\":{\"@id\":\"https:\\\/\\\/www.seneko.net\\\/#\\\/schema\\\/logo\\\/image\\\/\"},\"sameAs\":[\"https:\\\/\\\/www.facebook.com\\\/seneko3dshop\",\"https:\\\/\\\/www.instagram.com\\\/Seneko3DShop\\\/\"]}]}<\/script>\n<!-- \/ Yoast SEO plugin. -->","yoast_head_json":{"title":"Resin PLA ,1kg\/bottle - Seneko","description":"Resin PLA je izdelana na podlagi sintetiziranega PLA poliola lastne proizvodnje eSUN, z dobro \u017eilavostjo, nizkim vonjem in gladko povr\u0161ino natisnjenih delov. Certificiran z EN71-3 standardom za igra\u010de, varnej\u0161i za uporabo. Resin PLA je mo\u017eno vrtati brez razpok, ima nizek vonj in bolj udoben pri uporabi in ravnanju. Esun jo proizvaja pod imenom eResin PLA.","robots":{"index":"index","follow":"follow","max-snippet":"max-snippet:-1","max-image-preview":"max-image-preview:large","max-video-preview":"max-video-preview:-1"},"canonical":"https:\/\/www.seneko.net\/en\/product\/resin-pla\/","og_locale":"en_US","og_type":"article","og_title":"Resin PLA ,1kg\/bottle - Seneko","og_description":"Resin PLA je izdelana na podlagi sintetiziranega PLA poliola lastne proizvodnje eSUN, z dobro \u017eilavostjo, nizkim vonjem in gladko povr\u0161ino natisnjenih delov. Certificiran z EN71-3 standardom za igra\u010de, varnej\u0161i za uporabo. Resin PLA je mo\u017eno vrtati brez razpok, ima nizek vonj in bolj udoben pri uporabi in ravnanju. Esun jo proizvaja pod imenom eResin PLA.","og_url":"https:\/\/www.seneko.net\/en\/product\/resin-pla\/","og_site_name":"Seneko","article_publisher":"https:\/\/www.facebook.com\/seneko3dshop","article_modified_time":"2026-01-02T17:40:24+00:00","og_image":[{"width":1000,"height":1000,"url":"https:\/\/www.seneko.net\/wp-content\/uploads\/2022\/03\/black.png","type":"image\/png"}],"twitter_card":"summary_large_image","twitter_misc":{"Est. reading time":"2 minutes"},"schema":{"@context":"https:\/\/schema.org","@graph":[{"@type":"WebPage","@id":"https:\/\/www.seneko.net\/izdelek\/resin-pla\/","url":"https:\/\/www.seneko.net\/izdelek\/resin-pla\/","name":"Resin PLA ,1kg\/bottle - Seneko","isPartOf":{"@id":"https:\/\/www.seneko.net\/#website"},"primaryImageOfPage":{"@id":"https:\/\/www.seneko.net\/izdelek\/resin-pla\/#primaryimage"},"image":{"@id":"https:\/\/www.seneko.net\/izdelek\/resin-pla\/#primaryimage"},"thumbnailUrl":"https:\/\/www.seneko.net\/wp-content\/uploads\/2022\/03\/black.png","datePublished":"2022-03-03T10:41:09+00:00","dateModified":"2026-01-02T17:40:24+00:00","description":"Resin PLA je izdelana na podlagi sintetiziranega PLA poliola lastne proizvodnje eSUN, z dobro \u017eilavostjo, nizkim vonjem in gladko povr\u0161ino natisnjenih delov. Certificiran z EN71-3 standardom za igra\u010de, varnej\u0161i za uporabo. Resin PLA je mo\u017eno vrtati brez razpok, ima nizek vonj in bolj udoben pri uporabi in ravnanju. Esun jo proizvaja pod imenom eResin PLA.","breadcrumb":{"@id":"https:\/\/www.seneko.net\/izdelek\/resin-pla\/#breadcrumb"},"inLanguage":"en-US","potentialAction":[{"@type":"ReadAction","target":["https:\/\/www.seneko.net\/izdelek\/resin-pla\/"]}]},{"@type":"ImageObject","inLanguage":"en-US","@id":"https:\/\/www.seneko.net\/izdelek\/resin-pla\/#primaryimage","url":"https:\/\/www.seneko.net\/wp-content\/uploads\/2022\/03\/black.png","contentUrl":"https:\/\/www.seneko.net\/wp-content\/uploads\/2022\/03\/black.png","width":1000,"height":1000,"caption":"resin pla"},{"@type":"BreadcrumbList","@id":"https:\/\/www.seneko.net\/izdelek\/resin-pla\/#breadcrumb","itemListElement":[{"@type":"ListItem","position":1,"name":"Home","item":"https:\/\/www.seneko.net\/"},{"@type":"ListItem","position":2,"name":"Trgovina","item":"https:\/\/www.seneko.net\/trgovina\/"},{"@type":"ListItem","position":3,"name":"Resin PLA ,1kg\/bottle"}]},{"@type":"WebSite","@id":"https:\/\/www.seneko.net\/#website","url":"https:\/\/www.seneko.net\/","name":"Seneko","description":"Z vami tiskamo prihodnost","publisher":{"@id":"https:\/\/www.seneko.net\/#organization"},"potentialAction":[{"@type":"SearchAction","target":{"@type":"EntryPoint","urlTemplate":"https:\/\/www.seneko.net\/?s={search_term_string}"},"query-input":{"@type":"PropertyValueSpecification","valueRequired":true,"valueName":"search_term_string"}}],"inLanguage":"en-US"},{"@type":"Organization","@id":"https:\/\/www.seneko.net\/#organization","name":"Seneko","url":"https:\/\/www.seneko.net\/","logo":{"@type":"ImageObject","inLanguage":"en-US","@id":"https:\/\/www.seneko.net\/#\/schema\/logo\/image\/","url":"https:\/\/www.seneko.net\/wp-content\/uploads\/2021\/09\/logo_1.png","contentUrl":"https:\/\/www.seneko.net\/wp-content\/uploads\/2021\/09\/logo_1.png","width":202,"height":80,"caption":"Seneko"},"image":{"@id":"https:\/\/www.seneko.net\/#\/schema\/logo\/image\/"},"sameAs":["https:\/\/www.facebook.com\/seneko3dshop","https:\/\/www.instagram.com\/Seneko3DShop\/"]}]}},"_links":{"self":[{"href":"https:\/\/www.seneko.net\/en\/wp-json\/wp\/v2\/product\/3615","targetHints":{"allow":["GET"]}}],"collection":[{"href":"https:\/\/www.seneko.net\/en\/wp-json\/wp\/v2\/product"}],"about":[{"href":"https:\/\/www.seneko.net\/en\/wp-json\/wp\/v2\/types\/product"}],"replies":[{"embeddable":true,"href":"https:\/\/www.seneko.net\/en\/wp-json\/wp\/v2\/comments?post=3615"}],"wp:featuredmedia":[{"embeddable":true,"href":"https:\/\/www.seneko.net\/en\/wp-json\/wp\/v2\/media\/3632"}],"wp:attachment":[{"href":"https:\/\/www.seneko.net\/en\/wp-json\/wp\/v2\/media?parent=3615"}],"wp:term":[{"taxonomy":"product_brand","embeddable":true,"href":"https:\/\/www.seneko.net\/en\/wp-json\/wp\/v2\/product_brand?post=3615"},{"taxonomy":"product_cat","embeddable":true,"href":"https:\/\/www.seneko.net\/en\/wp-json\/wp\/v2\/product_cat?post=3615"},{"taxonomy":"product_tag","embeddable":true,"href":"https:\/\/www.seneko.net\/en\/wp-json\/wp\/v2\/product_tag?post=3615"}],"curies":[{"name":"wp","href":"https:\/\/api.w.org\/{rel}","templated":true}]}}