{"id":3657,"date":"2022-03-03T13:56:03","date_gmt":"2022-03-03T11:56:03","guid":{"rendered":"https:\/\/www.seneko.net\/?post_type=product&#038;p=3657"},"modified":"2026-01-02T19:40:24","modified_gmt":"2026-01-02T17:40:24","slug":"twinkling-filament1-75mm","status":"publish","type":"product","link":"https:\/\/www.seneko.net\/en\/product\/twinkling-filament1-75mm\/","title":{"rendered":"Twinkling filament,1.75mm"},"content":{"rendered":"<p>Twinkling filament prizvajalca ESUN ( eTWINKLING filament) je PLA material, kateremu je dodan\u00a0 ble\u0161\u010de\u010di prah. Vse zna\u010dilnosti materiala in tiskanja so enake, kot pri navadnemu Pla filamentu in je zelo nezahteven material za tiskanje. Twinkling filament ima lesketajo\u010d in sijo\u010d u\u010dinek na povr\u0161ini natisnjenega predmeta. Kot nala\u0161\u010d za umetni\u0161ke in obrtne projekte, vaze in vse druge 3D natisnjene predmete. Zdru\u017eljiv z ve\u010dino 3D tiskalnikov FDM.<\/p>\n<p>&nbsp;<\/p>\n<p><strong>\u3010<\/strong><strong>Lesketajo\u010d PLA<\/strong><strong>\u3011<\/strong>Twinkling filament ima lesketajo\u010d in sijo\u010d u\u010dinek na povr\u0161ini natisnjenega predmeta. Kot nala\u0161\u010d za umetni\u0161ke in obrtne projekte, vaze in vse druge 3D natisnjene predmete. Zdru\u017eljiv z ve\u010dino 3D tiskalnikov FDM.<\/p>\n<p>\u3010<strong>Dimenzijska toleranca +\/- 0,03 mm<\/strong>\u3011 Minimalna toleranca in nizka stopnja upogibanja, da se zagotovi\u00a0enakomeren in stabilen tisk, brez zama\u0161itve, z izjemno visoko stopnjo uspe\u0161nosti, kar se ka\u017ee na natan\u010dno natiskanih delih z dobro zaklju\u010dno povr\u0161ino.<\/p>\n<p>\u3010<strong>Brez prepletanja in brez zatikanja<\/strong><strong>\u3011<\/strong> Skupna dol\u017eina: 340-350 m. Celoten kolut filamenta za 3D tiskalnik ima popolno okroglost in zelo tesno toleranco premera, ki se ne prekriva ali zapleta. Topi se enakomerno in gladko brez ma\u0161enja \u0161obe ali ekstruderja.<\/p>\n<p>\u3010<strong>Okolju prijazen material<\/strong><strong>\u3011<\/strong>Filamenti eSUN so izdelani iz \u010distih materialov, biolo\u0161ko razgradljivih, okolju prijaznih, nestrupenih z nizko stopnjo vonjav. Ne \u0161kodi ne uporabniku, ne okolju.<\/p>\n<p>\u3010<strong>Visoka zdru\u017eljivost<\/strong><strong>\u3011<\/strong> Zdru\u017eljivo z ve\u010dino FDM 3D tiskalnikov, ki uporabljajo filament 1,75 mm, kot so: Prusa, Reprap, Afinia, MakerBot, PrintrBot, UltiMaker, Airwolf, Aleph Objects, Makergear, Up, Lulzbot, Simplify3D itd., Flash<\/p>\n<p><strong>\u3010Vakuumsko zaprta embala\u017ea<\/strong><strong>\u3011<\/strong> Neto te\u017ea: 1 kg. Filament eSUN je na voljo v zaprti vakuumski vre\u010dki s su\u0161ilno vre\u010dko, da ostane suh brez prahu in tujkov, kar prepre\u010di zagozdenje \u0161ob in enakomerno ekstruzijo.<\/p>","protected":false},"excerpt":{"rendered":"<ul>\n<li>Posebna ble\u0161\u010de\u010da barva.<\/li>\n<li>Enostaven za tiskanje<\/li>\n<\/ul>","protected":false},"featured_media":3660,"comment_status":"open","ping_status":"closed","template":"","meta":[],"product_brand":[],"product_cat":[288,292],"product_tag":[378,446,379,447,444,443,373,445,442],"class_list":{"0":"post-3657","1":"product","2":"type-product","3":"status-publish","4":"has-post-thumbnail","6":"product_cat-pla-filamenti","7":"product_cat-pla-twinkling","8":"product_tag-esun","9":"product_tag-esun-filament","10":"product_tag-filamenti","11":"product_tag-kakovosten-filament","12":"product_tag-lesketajoc-3d","13":"product_tag-lesketajoc-filament","14":"product_tag-pla-filament","15":"product_tag-twinkling","16":"product_tag-twinkling-filament","17":"pa_barva-black","18":"pa_barva-blue","19":"pa_barva-red","20":"pa_barva-warm-orange","22":"first","23":"instock","24":"sale","25":"taxable","26":"shipping-taxable","27":"purchasable","28":"product-type-variable","29":"has-default-attributes"},"bundled_by":[],"bundle_stock_status":"instock","bundle_stock_quantity":null,"bundle_virtual":false,"bundle_layout":"","bundle_add_to_cart_form_location":"","bundle_editable_in_cart":false,"bundle_sold_individually_context":"","bundle_item_grouping":"","bundle_min_size":"","bundle_max_size":"","bundle_price":[],"bundled_items":[],"bundle_sell_ids":[],"yoast_head":"<!-- This site is optimized with the Yoast SEO plugin v27.4 - https:\/\/yoast.com\/product\/yoast-seo-wordpress\/ -->\n<title>Twinkling filament,1.75mm - Seneko<\/title>\n<meta name=\"description\" content=\"Twinkling filament prizvajalca ESUN ( eTWINKLING filament) je PLA material, kateremu je dodan\u00a0 ble\u0161\u010de\u010di prah. Vse zna\u010dilnosti materiala in tiskanja so enake, kot pri navadnemu Pla filamentu in je zelo nezahteven material za tiskanje.\u3010Lesketajo\u010d PLA\u3011Twinkling filament ima lesketajo\u010d in sijo\u010d u\u010dinek na povr\u0161ini natisnjenega predmeta. Kot nala\u0161\u010d za umetni\u0161ke in obrtne projekte, vaze in vse druge 3D natisnjene predmete.\" \/>\n<meta name=\"robots\" content=\"index, follow, max-snippet:-1, max-image-preview:large, max-video-preview:-1\" \/>\n<link rel=\"canonical\" href=\"https:\/\/www.seneko.net\/en\/product\/twinkling-filament1-75mm\/\" \/>\n<meta property=\"og:locale\" content=\"en_US\" \/>\n<meta property=\"og:type\" content=\"article\" \/>\n<meta property=\"og:title\" content=\"Twinkling filament,1.75mm - Seneko\" \/>\n<meta property=\"og:description\" content=\"Twinkling filament prizvajalca ESUN ( eTWINKLING filament) je PLA material, kateremu je dodan\u00a0 ble\u0161\u010de\u010di prah. Vse zna\u010dilnosti materiala in tiskanja so enake, kot pri navadnemu Pla filamentu in je zelo nezahteven material za tiskanje.\u3010Lesketajo\u010d PLA\u3011Twinkling filament ima lesketajo\u010d in sijo\u010d u\u010dinek na povr\u0161ini natisnjenega predmeta. Kot nala\u0161\u010d za umetni\u0161ke in obrtne projekte, vaze in vse druge 3D natisnjene predmete.\" \/>\n<meta property=\"og:url\" content=\"https:\/\/www.seneko.net\/en\/product\/twinkling-filament1-75mm\/\" \/>\n<meta property=\"og:site_name\" content=\"Seneko\" \/>\n<meta property=\"article:publisher\" content=\"https:\/\/www.facebook.com\/seneko3dshop\" \/>\n<meta property=\"article:modified_time\" content=\"2026-01-02T17:40:24+00:00\" \/>\n<meta property=\"og:image\" content=\"https:\/\/www.seneko.net\/wp-content\/uploads\/2022\/03\/twnin_blue.png\" \/>\n\t<meta property=\"og:image:width\" content=\"1000\" \/>\n\t<meta property=\"og:image:height\" content=\"1000\" \/>\n\t<meta property=\"og:image:type\" content=\"image\/png\" \/>\n<meta name=\"twitter:card\" content=\"summary_large_image\" \/>\n<meta name=\"twitter:label1\" content=\"Est. reading time\" \/>\n\t<meta name=\"twitter:data1\" content=\"2 minutes\" \/>\n<script type=\"application\/ld+json\" class=\"yoast-schema-graph\">{\"@context\":\"https:\\\/\\\/schema.org\",\"@graph\":[{\"@type\":\"WebPage\",\"@id\":\"https:\\\/\\\/www.seneko.net\\\/izdelek\\\/twinkling-filament1-75mm\\\/\",\"url\":\"https:\\\/\\\/www.seneko.net\\\/izdelek\\\/twinkling-filament1-75mm\\\/\",\"name\":\"Twinkling filament,1.75mm - Seneko\",\"isPartOf\":{\"@id\":\"https:\\\/\\\/www.seneko.net\\\/#website\"},\"primaryImageOfPage\":{\"@id\":\"https:\\\/\\\/www.seneko.net\\\/izdelek\\\/twinkling-filament1-75mm\\\/#primaryimage\"},\"image\":{\"@id\":\"https:\\\/\\\/www.seneko.net\\\/izdelek\\\/twinkling-filament1-75mm\\\/#primaryimage\"},\"thumbnailUrl\":\"https:\\\/\\\/www.seneko.net\\\/wp-content\\\/uploads\\\/2022\\\/03\\\/twnin_blue.png\",\"datePublished\":\"2022-03-03T11:56:03+00:00\",\"dateModified\":\"2026-01-02T17:40:24+00:00\",\"description\":\"Twinkling filament prizvajalca ESUN ( eTWINKLING filament) je PLA material, kateremu je dodan\u00a0 ble\u0161\u010de\u010di prah. Vse zna\u010dilnosti materiala in tiskanja so enake, kot pri navadnemu Pla filamentu in je zelo nezahteven material za tiskanje.\u3010Lesketajo\u010d PLA\u3011Twinkling filament ima lesketajo\u010d in sijo\u010d u\u010dinek na povr\u0161ini natisnjenega predmeta. Kot nala\u0161\u010d za umetni\u0161ke in obrtne projekte, vaze in vse druge 3D natisnjene predmete.\",\"breadcrumb\":{\"@id\":\"https:\\\/\\\/www.seneko.net\\\/izdelek\\\/twinkling-filament1-75mm\\\/#breadcrumb\"},\"inLanguage\":\"en-US\",\"potentialAction\":[{\"@type\":\"ReadAction\",\"target\":[\"https:\\\/\\\/www.seneko.net\\\/izdelek\\\/twinkling-filament1-75mm\\\/\"]}]},{\"@type\":\"ImageObject\",\"inLanguage\":\"en-US\",\"@id\":\"https:\\\/\\\/www.seneko.net\\\/izdelek\\\/twinkling-filament1-75mm\\\/#primaryimage\",\"url\":\"https:\\\/\\\/www.seneko.net\\\/wp-content\\\/uploads\\\/2022\\\/03\\\/twnin_blue.png\",\"contentUrl\":\"https:\\\/\\\/www.seneko.net\\\/wp-content\\\/uploads\\\/2022\\\/03\\\/twnin_blue.png\",\"width\":1000,\"height\":1000,\"caption\":\"twinkling filament\"},{\"@type\":\"BreadcrumbList\",\"@id\":\"https:\\\/\\\/www.seneko.net\\\/izdelek\\\/twinkling-filament1-75mm\\\/#breadcrumb\",\"itemListElement\":[{\"@type\":\"ListItem\",\"position\":1,\"name\":\"Home\",\"item\":\"https:\\\/\\\/www.seneko.net\\\/\"},{\"@type\":\"ListItem\",\"position\":2,\"name\":\"Trgovina\",\"item\":\"https:\\\/\\\/www.seneko.net\\\/trgovina\\\/\"},{\"@type\":\"ListItem\",\"position\":3,\"name\":\"Twinkling filament,1.75mm\"}]},{\"@type\":\"WebSite\",\"@id\":\"https:\\\/\\\/www.seneko.net\\\/#website\",\"url\":\"https:\\\/\\\/www.seneko.net\\\/\",\"name\":\"Seneko\",\"description\":\"Z vami tiskamo prihodnost\",\"publisher\":{\"@id\":\"https:\\\/\\\/www.seneko.net\\\/#organization\"},\"potentialAction\":[{\"@type\":\"SearchAction\",\"target\":{\"@type\":\"EntryPoint\",\"urlTemplate\":\"https:\\\/\\\/www.seneko.net\\\/?s={search_term_string}\"},\"query-input\":{\"@type\":\"PropertyValueSpecification\",\"valueRequired\":true,\"valueName\":\"search_term_string\"}}],\"inLanguage\":\"en-US\"},{\"@type\":\"Organization\",\"@id\":\"https:\\\/\\\/www.seneko.net\\\/#organization\",\"name\":\"Seneko\",\"url\":\"https:\\\/\\\/www.seneko.net\\\/\",\"logo\":{\"@type\":\"ImageObject\",\"inLanguage\":\"en-US\",\"@id\":\"https:\\\/\\\/www.seneko.net\\\/#\\\/schema\\\/logo\\\/image\\\/\",\"url\":\"https:\\\/\\\/www.seneko.net\\\/wp-content\\\/uploads\\\/2021\\\/09\\\/logo_1.png\",\"contentUrl\":\"https:\\\/\\\/www.seneko.net\\\/wp-content\\\/uploads\\\/2021\\\/09\\\/logo_1.png\",\"width\":202,\"height\":80,\"caption\":\"Seneko\"},\"image\":{\"@id\":\"https:\\\/\\\/www.seneko.net\\\/#\\\/schema\\\/logo\\\/image\\\/\"},\"sameAs\":[\"https:\\\/\\\/www.facebook.com\\\/seneko3dshop\",\"https:\\\/\\\/www.instagram.com\\\/Seneko3DShop\\\/\"]}]}<\/script>\n<!-- \/ Yoast SEO plugin. -->","yoast_head_json":{"title":"Twinkling filament,1.75mm - Seneko","description":"Twinkling filament prizvajalca ESUN ( eTWINKLING filament) je PLA material, kateremu je dodan\u00a0 ble\u0161\u010de\u010di prah. Vse zna\u010dilnosti materiala in tiskanja so enake, kot pri navadnemu Pla filamentu in je zelo nezahteven material za tiskanje.\u3010Lesketajo\u010d PLA\u3011Twinkling filament ima lesketajo\u010d in sijo\u010d u\u010dinek na povr\u0161ini natisnjenega predmeta. Kot nala\u0161\u010d za umetni\u0161ke in obrtne projekte, vaze in vse druge 3D natisnjene predmete.","robots":{"index":"index","follow":"follow","max-snippet":"max-snippet:-1","max-image-preview":"max-image-preview:large","max-video-preview":"max-video-preview:-1"},"canonical":"https:\/\/www.seneko.net\/en\/product\/twinkling-filament1-75mm\/","og_locale":"en_US","og_type":"article","og_title":"Twinkling filament,1.75mm - Seneko","og_description":"Twinkling filament prizvajalca ESUN ( eTWINKLING filament) je PLA material, kateremu je dodan\u00a0 ble\u0161\u010de\u010di prah. Vse zna\u010dilnosti materiala in tiskanja so enake, kot pri navadnemu Pla filamentu in je zelo nezahteven material za tiskanje.\u3010Lesketajo\u010d PLA\u3011Twinkling filament ima lesketajo\u010d in sijo\u010d u\u010dinek na povr\u0161ini natisnjenega predmeta. Kot nala\u0161\u010d za umetni\u0161ke in obrtne projekte, vaze in vse druge 3D natisnjene predmete.","og_url":"https:\/\/www.seneko.net\/en\/product\/twinkling-filament1-75mm\/","og_site_name":"Seneko","article_publisher":"https:\/\/www.facebook.com\/seneko3dshop","article_modified_time":"2026-01-02T17:40:24+00:00","og_image":[{"width":1000,"height":1000,"url":"https:\/\/www.seneko.net\/wp-content\/uploads\/2022\/03\/twnin_blue.png","type":"image\/png"}],"twitter_card":"summary_large_image","twitter_misc":{"Est. reading time":"2 minutes"},"schema":{"@context":"https:\/\/schema.org","@graph":[{"@type":"WebPage","@id":"https:\/\/www.seneko.net\/izdelek\/twinkling-filament1-75mm\/","url":"https:\/\/www.seneko.net\/izdelek\/twinkling-filament1-75mm\/","name":"Twinkling filament,1.75mm - Seneko","isPartOf":{"@id":"https:\/\/www.seneko.net\/#website"},"primaryImageOfPage":{"@id":"https:\/\/www.seneko.net\/izdelek\/twinkling-filament1-75mm\/#primaryimage"},"image":{"@id":"https:\/\/www.seneko.net\/izdelek\/twinkling-filament1-75mm\/#primaryimage"},"thumbnailUrl":"https:\/\/www.seneko.net\/wp-content\/uploads\/2022\/03\/twnin_blue.png","datePublished":"2022-03-03T11:56:03+00:00","dateModified":"2026-01-02T17:40:24+00:00","description":"Twinkling filament prizvajalca ESUN ( eTWINKLING filament) je PLA material, kateremu je dodan\u00a0 ble\u0161\u010de\u010di prah. Vse zna\u010dilnosti materiala in tiskanja so enake, kot pri navadnemu Pla filamentu in je zelo nezahteven material za tiskanje.\u3010Lesketajo\u010d PLA\u3011Twinkling filament ima lesketajo\u010d in sijo\u010d u\u010dinek na povr\u0161ini natisnjenega predmeta. Kot nala\u0161\u010d za umetni\u0161ke in obrtne projekte, vaze in vse druge 3D natisnjene predmete.","breadcrumb":{"@id":"https:\/\/www.seneko.net\/izdelek\/twinkling-filament1-75mm\/#breadcrumb"},"inLanguage":"en-US","potentialAction":[{"@type":"ReadAction","target":["https:\/\/www.seneko.net\/izdelek\/twinkling-filament1-75mm\/"]}]},{"@type":"ImageObject","inLanguage":"en-US","@id":"https:\/\/www.seneko.net\/izdelek\/twinkling-filament1-75mm\/#primaryimage","url":"https:\/\/www.seneko.net\/wp-content\/uploads\/2022\/03\/twnin_blue.png","contentUrl":"https:\/\/www.seneko.net\/wp-content\/uploads\/2022\/03\/twnin_blue.png","width":1000,"height":1000,"caption":"twinkling filament"},{"@type":"BreadcrumbList","@id":"https:\/\/www.seneko.net\/izdelek\/twinkling-filament1-75mm\/#breadcrumb","itemListElement":[{"@type":"ListItem","position":1,"name":"Home","item":"https:\/\/www.seneko.net\/"},{"@type":"ListItem","position":2,"name":"Trgovina","item":"https:\/\/www.seneko.net\/trgovina\/"},{"@type":"ListItem","position":3,"name":"Twinkling filament,1.75mm"}]},{"@type":"WebSite","@id":"https:\/\/www.seneko.net\/#website","url":"https:\/\/www.seneko.net\/","name":"Seneko","description":"Z vami tiskamo prihodnost","publisher":{"@id":"https:\/\/www.seneko.net\/#organization"},"potentialAction":[{"@type":"SearchAction","target":{"@type":"EntryPoint","urlTemplate":"https:\/\/www.seneko.net\/?s={search_term_string}"},"query-input":{"@type":"PropertyValueSpecification","valueRequired":true,"valueName":"search_term_string"}}],"inLanguage":"en-US"},{"@type":"Organization","@id":"https:\/\/www.seneko.net\/#organization","name":"Seneko","url":"https:\/\/www.seneko.net\/","logo":{"@type":"ImageObject","inLanguage":"en-US","@id":"https:\/\/www.seneko.net\/#\/schema\/logo\/image\/","url":"https:\/\/www.seneko.net\/wp-content\/uploads\/2021\/09\/logo_1.png","contentUrl":"https:\/\/www.seneko.net\/wp-content\/uploads\/2021\/09\/logo_1.png","width":202,"height":80,"caption":"Seneko"},"image":{"@id":"https:\/\/www.seneko.net\/#\/schema\/logo\/image\/"},"sameAs":["https:\/\/www.facebook.com\/seneko3dshop","https:\/\/www.instagram.com\/Seneko3DShop\/"]}]}},"_links":{"self":[{"href":"https:\/\/www.seneko.net\/en\/wp-json\/wp\/v2\/product\/3657","targetHints":{"allow":["GET"]}}],"collection":[{"href":"https:\/\/www.seneko.net\/en\/wp-json\/wp\/v2\/product"}],"about":[{"href":"https:\/\/www.seneko.net\/en\/wp-json\/wp\/v2\/types\/product"}],"replies":[{"embeddable":true,"href":"https:\/\/www.seneko.net\/en\/wp-json\/wp\/v2\/comments?post=3657"}],"wp:featuredmedia":[{"embeddable":true,"href":"https:\/\/www.seneko.net\/en\/wp-json\/wp\/v2\/media\/3660"}],"wp:attachment":[{"href":"https:\/\/www.seneko.net\/en\/wp-json\/wp\/v2\/media?parent=3657"}],"wp:term":[{"taxonomy":"product_brand","embeddable":true,"href":"https:\/\/www.seneko.net\/en\/wp-json\/wp\/v2\/product_brand?post=3657"},{"taxonomy":"product_cat","embeddable":true,"href":"https:\/\/www.seneko.net\/en\/wp-json\/wp\/v2\/product_cat?post=3657"},{"taxonomy":"product_tag","embeddable":true,"href":"https:\/\/www.seneko.net\/en\/wp-json\/wp\/v2\/product_tag?post=3657"}],"curies":[{"name":"wp","href":"https:\/\/api.w.org\/{rel}","templated":true}]}}