{"id":4572,"date":"2022-05-13T15:43:59","date_gmt":"2022-05-13T13:43:59","guid":{"rendered":"https:\/\/www.seneko.net\/?post_type=product&#038;p=4572"},"modified":"2026-01-02T19:40:18","modified_gmt":"2026-01-02T17:40:18","slug":"castable-resin-for-dental-green-1kg","status":"publish","type":"product","link":"https:\/\/www.seneko.net\/en\/product\/castable-resin-for-dental-green-1kg\/","title":{"rendered":"Dental castable resin, Green, 1kg"},"content":{"rendered":"<p>eSUN Dental Castable resin ali smola bo zagotovila gladek zaklju\u010dni sloj in izjemno nizko kr\u010denje za zelo podrobne in natan\u010dne odtise. Dental Castable resin je bila oblikovana z mislijo na ulivanje zob. Popolnoma zgori v kalupu za vlivanje in se ne razbije in ima izredno malo kr\u010denje.<\/p>\n<p>&nbsp;<\/p>\n<p>Posebej zasnovan za LCD\/LED svetlobne vire za doseganje najbolj\u0161e kakovosti tiska.<\/p>\n<ul>\n<li>Zdru\u017eljiv z ve\u010dino tiskalnikov LCD, ki uporabljajo svetlobo z valovno dol\u017eino 405 nm<\/li>\n<li>Nizek vonj<\/li>\n<li>Enostavno \u010di\u0161\u010denje z izopropil alkoholom<\/li>\n<\/ul>\n<p>Zobne smole so specializirani materiali za zobozdravstveno podro\u010dje, kjer je uporaba tovrstne tehnologije vse bolj prisotna. Zahvaljujo\u010d eSUN Dental Castable resin \/ smoli je mogo\u010de izdelati modele kron in mostov, kirur\u0161kih vodil, opornic in retainerjev z neverjetno natan\u010dnostjo in z zelo nizkimi materialnimi stro\u0161ki za vsak element, ki so veliko ni\u017eji od tistih, ki jih povzro\u010dajo tradicionalne metode.<\/p>\n<p><img loading=\"lazy\" decoding=\"async\" class=\"alignnone size-medium wp-image-4573\" src=\"https:\/\/www.seneko.net\/wp-content\/uploads\/2022\/05\/Screenshot-2022-05-13-154142-300x290.png\" alt=\"\" width=\"300\" height=\"290\" \/><\/p>\n<p>eResin Dental Castable resin je precej edinstvena v primerjavi z mnogimi 3D smolami, ki so trenutno na voljo, saj je posebej narejena tako, da se ob zgorevanju popolnoma razpade, ne pu\u0161\u010da pepela ali ostankov kemikalij. Zaradi tega je idealna za vlivanje po postopku izgubljenega voska in poskrbi za vedno pogoste potrebe zobozdravnikov, ki morajo ustvariti popolne modele protez, profilov zob in dlesni ter kakr\u0161no koli eksperimentalno delo, ki bi ga morda bilo treba opraviti v edinstvenem primerih.<\/p>\n<p>Zobna smola eSUN je specializiran polimer za zobozdravstveno delo, zato, ker je bila izdelana posebej za izjemno nizko kr\u010denje v primerjavi z drugimi smolnimi formulami, hkrati pa ponuja visoko stopnjo trdote po dostopni ceni.<\/p>\n<p>Zobozdravstveno smolo eSUN, ko je natisnjena, je mo\u017eno enostavno obdelati v izjemno u\u010dinkovite razli\u010dice za vrtanje zob in dlesni. Zobna ulivna smola eSUN ne samo, da ohranja skoraj popolno natan\u010dnost (ob tem, da je odporna na lomljenje), ampak se tudi zmanj\u0161a skoraj minimalno, ko izgoreva iz izgubljenega vo\u0161\u010denega kalupa, zaradi \u010desar je ena najbolj\u0161ih in najbolj dostopnih re\u0161itev, ki so trenutno na voljo zobozdravnikom po vsem svetu.<\/p>","protected":false},"excerpt":{"rendered":"<p>Lastnosti izdelka:<\/p>\n<ul>\n<li>Popolno izgori brez ostankov in pepela<\/li>\n<li>Visoka natan\u010dnost<\/li>\n<\/ul>","protected":false},"featured_media":4577,"comment_status":"open","ping_status":"closed","template":"","meta":[],"product_brand":[],"product_cat":[346,343],"product_tag":[],"class_list":{"0":"post-4572","1":"product","2":"type-product","3":"status-publish","4":"has-post-thumbnail","6":"product_cat-castable-resin-dental","7":"product_cat-funkcionalne-smole","9":"first","10":"instock","11":"sale","12":"taxable","13":"shipping-taxable","14":"purchasable","15":"product-type-simple"},"bundled_by":[],"bundle_stock_status":"instock","bundle_stock_quantity":4,"bundle_virtual":false,"bundle_layout":"","bundle_add_to_cart_form_location":"","bundle_editable_in_cart":false,"bundle_sold_individually_context":"","bundle_item_grouping":"","bundle_min_size":"","bundle_max_size":"","bundle_price":[],"bundled_items":[],"bundle_sell_ids":[],"yoast_head":"<!-- This site is optimized with the Yoast SEO plugin v27.4 - https:\/\/yoast.com\/product\/yoast-seo-wordpress\/ -->\n<title>Dental castable resin, Green, 1kg - Seneko<\/title>\n<meta name=\"description\" content=\"eSUN Dental Castable resin ali smola bo zagotovila gladek zaklju\u010dni sloj in izjemno nizko kr\u010denje za zelo podrobne in natan\u010dne odtise. Dental Castable resin je bila oblikovana z mislijo na ulivanje zob. Popolnoma zgori v kalupu za vlivanje in se ne razbije in ima izredno malo kr\u010denje. Posebej zasnovan za LCD\/LED svetlobne vire za doseganje najbolj\u0161e kakovosti tiska. Zdru\u017eljiv z ve\u010dino tiskalnikov LCD, ki uporabljajo svetlobo z valovno dol\u017eino 405 nm.\" \/>\n<meta name=\"robots\" content=\"index, follow, max-snippet:-1, max-image-preview:large, max-video-preview:-1\" \/>\n<link rel=\"canonical\" href=\"https:\/\/www.seneko.net\/en\/product\/castable-resin-for-dental-green-1kg\/\" \/>\n<meta property=\"og:locale\" content=\"en_US\" \/>\n<meta property=\"og:type\" content=\"article\" \/>\n<meta property=\"og:title\" content=\"Dental castable resin, Green, 1kg - Seneko\" \/>\n<meta property=\"og:description\" content=\"eSUN Dental Castable resin ali smola bo zagotovila gladek zaklju\u010dni sloj in izjemno nizko kr\u010denje za zelo podrobne in natan\u010dne odtise. Dental Castable resin je bila oblikovana z mislijo na ulivanje zob. Popolnoma zgori v kalupu za vlivanje in se ne razbije in ima izredno malo kr\u010denje. Posebej zasnovan za LCD\/LED svetlobne vire za doseganje najbolj\u0161e kakovosti tiska. Zdru\u017eljiv z ve\u010dino tiskalnikov LCD, ki uporabljajo svetlobo z valovno dol\u017eino 405 nm.\" \/>\n<meta property=\"og:url\" content=\"https:\/\/www.seneko.net\/en\/product\/castable-resin-for-dental-green-1kg\/\" \/>\n<meta property=\"og:site_name\" content=\"Seneko\" \/>\n<meta property=\"article:publisher\" content=\"https:\/\/www.facebook.com\/seneko3dshop\" \/>\n<meta property=\"article:modified_time\" content=\"2026-01-02T17:40:18+00:00\" \/>\n<meta property=\"og:image\" content=\"https:\/\/www.seneko.net\/wp-content\/uploads\/2022\/05\/20190731142030866642965.jpg\" \/>\n\t<meta property=\"og:image:width\" content=\"500\" \/>\n\t<meta property=\"og:image:height\" content=\"380\" \/>\n\t<meta property=\"og:image:type\" content=\"image\/jpeg\" \/>\n<meta name=\"twitter:card\" content=\"summary_large_image\" \/>\n<meta name=\"twitter:label1\" content=\"Est. reading time\" \/>\n\t<meta name=\"twitter:data1\" content=\"2 minutes\" \/>\n<script type=\"application\/ld+json\" class=\"yoast-schema-graph\">{\"@context\":\"https:\\\/\\\/schema.org\",\"@graph\":[{\"@type\":\"WebPage\",\"@id\":\"https:\\\/\\\/www.seneko.net\\\/izdelek\\\/castable-resin-for-dental-green-1kg\\\/\",\"url\":\"https:\\\/\\\/www.seneko.net\\\/izdelek\\\/castable-resin-for-dental-green-1kg\\\/\",\"name\":\"Dental castable resin, Green, 1kg - Seneko\",\"isPartOf\":{\"@id\":\"https:\\\/\\\/www.seneko.net\\\/#website\"},\"primaryImageOfPage\":{\"@id\":\"https:\\\/\\\/www.seneko.net\\\/izdelek\\\/castable-resin-for-dental-green-1kg\\\/#primaryimage\"},\"image\":{\"@id\":\"https:\\\/\\\/www.seneko.net\\\/izdelek\\\/castable-resin-for-dental-green-1kg\\\/#primaryimage\"},\"thumbnailUrl\":\"https:\\\/\\\/www.seneko.net\\\/wp-content\\\/uploads\\\/2022\\\/05\\\/20190731142030866642965.jpg\",\"datePublished\":\"2022-05-13T13:43:59+00:00\",\"dateModified\":\"2026-01-02T17:40:18+00:00\",\"description\":\"eSUN Dental Castable resin ali smola bo zagotovila gladek zaklju\u010dni sloj in izjemno nizko kr\u010denje za zelo podrobne in natan\u010dne odtise. Dental Castable resin je bila oblikovana z mislijo na ulivanje zob. Popolnoma zgori v kalupu za vlivanje in se ne razbije in ima izredno malo kr\u010denje. Posebej zasnovan za LCD\\\/LED svetlobne vire za doseganje najbolj\u0161e kakovosti tiska. Zdru\u017eljiv z ve\u010dino tiskalnikov LCD, ki uporabljajo svetlobo z valovno dol\u017eino 405 nm.\",\"breadcrumb\":{\"@id\":\"https:\\\/\\\/www.seneko.net\\\/izdelek\\\/castable-resin-for-dental-green-1kg\\\/#breadcrumb\"},\"inLanguage\":\"en-US\",\"potentialAction\":[{\"@type\":\"ReadAction\",\"target\":[\"https:\\\/\\\/www.seneko.net\\\/izdelek\\\/castable-resin-for-dental-green-1kg\\\/\"]}]},{\"@type\":\"ImageObject\",\"inLanguage\":\"en-US\",\"@id\":\"https:\\\/\\\/www.seneko.net\\\/izdelek\\\/castable-resin-for-dental-green-1kg\\\/#primaryimage\",\"url\":\"https:\\\/\\\/www.seneko.net\\\/wp-content\\\/uploads\\\/2022\\\/05\\\/20190731142030866642965.jpg\",\"contentUrl\":\"https:\\\/\\\/www.seneko.net\\\/wp-content\\\/uploads\\\/2022\\\/05\\\/20190731142030866642965.jpg\",\"width\":500,\"height\":380,\"caption\":\"Dental Castable Resin\"},{\"@type\":\"BreadcrumbList\",\"@id\":\"https:\\\/\\\/www.seneko.net\\\/izdelek\\\/castable-resin-for-dental-green-1kg\\\/#breadcrumb\",\"itemListElement\":[{\"@type\":\"ListItem\",\"position\":1,\"name\":\"Home\",\"item\":\"https:\\\/\\\/www.seneko.net\\\/\"},{\"@type\":\"ListItem\",\"position\":2,\"name\":\"Trgovina\",\"item\":\"https:\\\/\\\/www.seneko.net\\\/trgovina\\\/\"},{\"@type\":\"ListItem\",\"position\":3,\"name\":\"Dental castable resin, Green, 1kg\"}]},{\"@type\":\"WebSite\",\"@id\":\"https:\\\/\\\/www.seneko.net\\\/#website\",\"url\":\"https:\\\/\\\/www.seneko.net\\\/\",\"name\":\"Seneko\",\"description\":\"Z vami tiskamo prihodnost\",\"publisher\":{\"@id\":\"https:\\\/\\\/www.seneko.net\\\/#organization\"},\"potentialAction\":[{\"@type\":\"SearchAction\",\"target\":{\"@type\":\"EntryPoint\",\"urlTemplate\":\"https:\\\/\\\/www.seneko.net\\\/?s={search_term_string}\"},\"query-input\":{\"@type\":\"PropertyValueSpecification\",\"valueRequired\":true,\"valueName\":\"search_term_string\"}}],\"inLanguage\":\"en-US\"},{\"@type\":\"Organization\",\"@id\":\"https:\\\/\\\/www.seneko.net\\\/#organization\",\"name\":\"Seneko\",\"url\":\"https:\\\/\\\/www.seneko.net\\\/\",\"logo\":{\"@type\":\"ImageObject\",\"inLanguage\":\"en-US\",\"@id\":\"https:\\\/\\\/www.seneko.net\\\/#\\\/schema\\\/logo\\\/image\\\/\",\"url\":\"https:\\\/\\\/www.seneko.net\\\/wp-content\\\/uploads\\\/2021\\\/09\\\/logo_1.png\",\"contentUrl\":\"https:\\\/\\\/www.seneko.net\\\/wp-content\\\/uploads\\\/2021\\\/09\\\/logo_1.png\",\"width\":202,\"height\":80,\"caption\":\"Seneko\"},\"image\":{\"@id\":\"https:\\\/\\\/www.seneko.net\\\/#\\\/schema\\\/logo\\\/image\\\/\"},\"sameAs\":[\"https:\\\/\\\/www.facebook.com\\\/seneko3dshop\",\"https:\\\/\\\/www.instagram.com\\\/Seneko3DShop\\\/\"]}]}<\/script>\n<!-- \/ Yoast SEO plugin. -->","yoast_head_json":{"title":"Dental castable resin, Green, 1kg - Seneko","description":"eSUN Dental Castable resin ali smola bo zagotovila gladek zaklju\u010dni sloj in izjemno nizko kr\u010denje za zelo podrobne in natan\u010dne odtise. Dental Castable resin je bila oblikovana z mislijo na ulivanje zob. Popolnoma zgori v kalupu za vlivanje in se ne razbije in ima izredno malo kr\u010denje. Posebej zasnovan za LCD\/LED svetlobne vire za doseganje najbolj\u0161e kakovosti tiska. Zdru\u017eljiv z ve\u010dino tiskalnikov LCD, ki uporabljajo svetlobo z valovno dol\u017eino 405 nm.","robots":{"index":"index","follow":"follow","max-snippet":"max-snippet:-1","max-image-preview":"max-image-preview:large","max-video-preview":"max-video-preview:-1"},"canonical":"https:\/\/www.seneko.net\/en\/product\/castable-resin-for-dental-green-1kg\/","og_locale":"en_US","og_type":"article","og_title":"Dental castable resin, Green, 1kg - Seneko","og_description":"eSUN Dental Castable resin ali smola bo zagotovila gladek zaklju\u010dni sloj in izjemno nizko kr\u010denje za zelo podrobne in natan\u010dne odtise. Dental Castable resin je bila oblikovana z mislijo na ulivanje zob. Popolnoma zgori v kalupu za vlivanje in se ne razbije in ima izredno malo kr\u010denje. Posebej zasnovan za LCD\/LED svetlobne vire za doseganje najbolj\u0161e kakovosti tiska. Zdru\u017eljiv z ve\u010dino tiskalnikov LCD, ki uporabljajo svetlobo z valovno dol\u017eino 405 nm.","og_url":"https:\/\/www.seneko.net\/en\/product\/castable-resin-for-dental-green-1kg\/","og_site_name":"Seneko","article_publisher":"https:\/\/www.facebook.com\/seneko3dshop","article_modified_time":"2026-01-02T17:40:18+00:00","og_image":[{"width":500,"height":380,"url":"https:\/\/www.seneko.net\/wp-content\/uploads\/2022\/05\/20190731142030866642965.jpg","type":"image\/jpeg"}],"twitter_card":"summary_large_image","twitter_misc":{"Est. reading time":"2 minutes"},"schema":{"@context":"https:\/\/schema.org","@graph":[{"@type":"WebPage","@id":"https:\/\/www.seneko.net\/izdelek\/castable-resin-for-dental-green-1kg\/","url":"https:\/\/www.seneko.net\/izdelek\/castable-resin-for-dental-green-1kg\/","name":"Dental castable resin, Green, 1kg - Seneko","isPartOf":{"@id":"https:\/\/www.seneko.net\/#website"},"primaryImageOfPage":{"@id":"https:\/\/www.seneko.net\/izdelek\/castable-resin-for-dental-green-1kg\/#primaryimage"},"image":{"@id":"https:\/\/www.seneko.net\/izdelek\/castable-resin-for-dental-green-1kg\/#primaryimage"},"thumbnailUrl":"https:\/\/www.seneko.net\/wp-content\/uploads\/2022\/05\/20190731142030866642965.jpg","datePublished":"2022-05-13T13:43:59+00:00","dateModified":"2026-01-02T17:40:18+00:00","description":"eSUN Dental Castable resin ali smola bo zagotovila gladek zaklju\u010dni sloj in izjemno nizko kr\u010denje za zelo podrobne in natan\u010dne odtise. Dental Castable resin je bila oblikovana z mislijo na ulivanje zob. Popolnoma zgori v kalupu za vlivanje in se ne razbije in ima izredno malo kr\u010denje. Posebej zasnovan za LCD\/LED svetlobne vire za doseganje najbolj\u0161e kakovosti tiska. Zdru\u017eljiv z ve\u010dino tiskalnikov LCD, ki uporabljajo svetlobo z valovno dol\u017eino 405 nm.","breadcrumb":{"@id":"https:\/\/www.seneko.net\/izdelek\/castable-resin-for-dental-green-1kg\/#breadcrumb"},"inLanguage":"en-US","potentialAction":[{"@type":"ReadAction","target":["https:\/\/www.seneko.net\/izdelek\/castable-resin-for-dental-green-1kg\/"]}]},{"@type":"ImageObject","inLanguage":"en-US","@id":"https:\/\/www.seneko.net\/izdelek\/castable-resin-for-dental-green-1kg\/#primaryimage","url":"https:\/\/www.seneko.net\/wp-content\/uploads\/2022\/05\/20190731142030866642965.jpg","contentUrl":"https:\/\/www.seneko.net\/wp-content\/uploads\/2022\/05\/20190731142030866642965.jpg","width":500,"height":380,"caption":"Dental Castable Resin"},{"@type":"BreadcrumbList","@id":"https:\/\/www.seneko.net\/izdelek\/castable-resin-for-dental-green-1kg\/#breadcrumb","itemListElement":[{"@type":"ListItem","position":1,"name":"Home","item":"https:\/\/www.seneko.net\/"},{"@type":"ListItem","position":2,"name":"Trgovina","item":"https:\/\/www.seneko.net\/trgovina\/"},{"@type":"ListItem","position":3,"name":"Dental castable resin, Green, 1kg"}]},{"@type":"WebSite","@id":"https:\/\/www.seneko.net\/#website","url":"https:\/\/www.seneko.net\/","name":"Seneko","description":"Z vami tiskamo prihodnost","publisher":{"@id":"https:\/\/www.seneko.net\/#organization"},"potentialAction":[{"@type":"SearchAction","target":{"@type":"EntryPoint","urlTemplate":"https:\/\/www.seneko.net\/?s={search_term_string}"},"query-input":{"@type":"PropertyValueSpecification","valueRequired":true,"valueName":"search_term_string"}}],"inLanguage":"en-US"},{"@type":"Organization","@id":"https:\/\/www.seneko.net\/#organization","name":"Seneko","url":"https:\/\/www.seneko.net\/","logo":{"@type":"ImageObject","inLanguage":"en-US","@id":"https:\/\/www.seneko.net\/#\/schema\/logo\/image\/","url":"https:\/\/www.seneko.net\/wp-content\/uploads\/2021\/09\/logo_1.png","contentUrl":"https:\/\/www.seneko.net\/wp-content\/uploads\/2021\/09\/logo_1.png","width":202,"height":80,"caption":"Seneko"},"image":{"@id":"https:\/\/www.seneko.net\/#\/schema\/logo\/image\/"},"sameAs":["https:\/\/www.facebook.com\/seneko3dshop","https:\/\/www.instagram.com\/Seneko3DShop\/"]}]}},"_links":{"self":[{"href":"https:\/\/www.seneko.net\/en\/wp-json\/wp\/v2\/product\/4572","targetHints":{"allow":["GET"]}}],"collection":[{"href":"https:\/\/www.seneko.net\/en\/wp-json\/wp\/v2\/product"}],"about":[{"href":"https:\/\/www.seneko.net\/en\/wp-json\/wp\/v2\/types\/product"}],"replies":[{"embeddable":true,"href":"https:\/\/www.seneko.net\/en\/wp-json\/wp\/v2\/comments?post=4572"}],"wp:featuredmedia":[{"embeddable":true,"href":"https:\/\/www.seneko.net\/en\/wp-json\/wp\/v2\/media\/4577"}],"wp:attachment":[{"href":"https:\/\/www.seneko.net\/en\/wp-json\/wp\/v2\/media?parent=4572"}],"wp:term":[{"taxonomy":"product_brand","embeddable":true,"href":"https:\/\/www.seneko.net\/en\/wp-json\/wp\/v2\/product_brand?post=4572"},{"taxonomy":"product_cat","embeddable":true,"href":"https:\/\/www.seneko.net\/en\/wp-json\/wp\/v2\/product_cat?post=4572"},{"taxonomy":"product_tag","embeddable":true,"href":"https:\/\/www.seneko.net\/en\/wp-json\/wp\/v2\/product_tag?post=4572"}],"curies":[{"name":"wp","href":"https:\/\/api.w.org\/{rel}","templated":true}]}}