{"id":4828,"date":"2022-07-26T13:17:50","date_gmt":"2022-07-26T11:17:50","guid":{"rendered":"https:\/\/www.seneko.net\/?post_type=product&#038;p=4828"},"modified":"2026-01-02T20:05:03","modified_gmt":"2026-01-02T18:05:03","slug":"petg-refill-filamenti-3x1kg","status":"publish","type":"product","link":"https:\/\/www.seneko.net\/en\/product\/petg-refill-filamenti-3x1kg\/","title":{"rendered":"PETG refill filamenti, 3x1kg"},"content":{"rendered":"<p>PETG refill filamenti je visoko cenovno zmogljiv material z vodoodpornostjo, kemi\u010dno odpornostjo in visoko \u017eilavostjo. Je tr\u0161i od ABS filamentov. Tiskani izdelek ima prosojno in gladko povr\u0161ino. Enostavno ga je tiskati, kot PLA filament brez temperaturne komore. PETG refill filamenti so tuljave, kjer uporabite eSPOOL ali pa si kolut tiskate sami (model v download sekciji) in tako prepre\u010dite kopi\u010denje odpadnih kolutov.<\/p>\n<p>&nbsp;<\/p>\n<p>\u3010<strong>PETG Refill Filament<\/strong><strong>\u3011<\/strong>Odli\u010dna \u010distost, prenos svetlobe in visoki sijaj. Visoka \u017eilavost in odpornost na udarce. Kemi\u010dna odpornost, vodoodporen, dobra stabilnost, brez pokanja in upogibanja. Prijazno do okolja. Nestrupen in brez vonjav.<\/p>\n<p>\u3010<strong>Dimenzijska toleranca +\/- 0,03 mm<\/strong>\u3011 Minimalna toleranca in nizka stopnja upogibanja, da se zagotovi\u00a0 enakomeren in stabilen tisk, brez zama\u0161itve, z izjemno visoko stopnjo uspe\u0161nosti, kar se ka\u017ee na natan\u010dno natiskanih delih z dobro zaklju\u010dno povr\u0161ino.<\/p>\n<p>\u3010<strong>Brez prepletanja in brez zatikanja<\/strong><strong>\u3011<\/strong> Skupna dol\u017eina: 340-350 m. Celoten kolut filamenta za 3D tiskalnik ima popolno okroglost in zelo tesno toleranco premera, ki se ne prekriva ali zapleta. Topi se enakomerno in gladko brez ma\u0161enja \u0161obe ali ekstruderja.<\/p>\n<p>\u3010<strong>Visoka zdru\u017eljivost<\/strong><strong>\u3011<\/strong> Zdru\u017eljivo z ve\u010dino FDM 3D tiskalnikov in enostaven za tiskanje.<\/p>\n<p><strong>\u3010Vakuumsko zaprta embala\u017ea<\/strong><strong>\u3011<\/strong> Neto te\u017ea: 1 kg. Filament eSUN je na voljo v zaprti vakuumski vre\u010dki s su\u0161ilno vre\u010dko, da ostane suh brez prahu in tujkov, kar prepre\u010di zagozdenje \u0161ob in enakomerno ekstruzijo.<\/p>\n<p><strong>\u3010Okolju prijazneje<\/strong><strong>\u3011<\/strong>PETG refill filament je tuljava, kjer uporabite eSPOOL ali pa si kolut tiskate sami in tako prepre\u010dite kopi\u010denje odpadnih kolutov.<strong><br \/>\n<\/strong><\/p>\n<h4><strong>O PETG materialu:<\/strong><\/h4>\n<p>PETG je narejen iz polietilen tereftalata (PET), materiala, ki ga morda poznate iz plasti\u010dnih steklenic za vodo, vendar je nekaj etilen glikola nadome\u0161\u010deno s CHDM (cikloheksandimetanol) &#8211; od tod \u010drka \u00bbG\u00ab za PET za \u00bbglikol modificiran\u00ab. Rezultat je \u010distej\u0161i, manj krhek filament, ki ga je la\u017eje iztisniti kot PET.<br \/>\nKljub temu je to odli\u010dna izbira filamenta za tiskanje predmetov, ki morajo biti \u010dvrsti, gladki in imeti majhno kr\u010denje. Priljubljen je tudi zato, ker PETG velja za varnega za \u017eivila.<br \/>\nPETG filamenti niso odli\u010dni pri tiskanju premostitev (bridging), ker je super lepljiv, vendar to pomeni, da ima odli\u010den oprijem plasti. Je tudi bolj higroskopi\u010den kot PLA, zato je lahko nagnjen k nitkanju(stringing) in absorpciji zra\u010dne vlage, kar se razre\u0161i s su\u0161enjem in uporabo eBOXA. Vendar, \u010de potrebujete material visoke trdnosti in ga PLA ali ABS ne moreta re\u0161iti, je standardni PETG odli\u010dna mo\u017enost.<\/p>","protected":false},"excerpt":{"rendered":"<div>\n<p><strong>AKCIJA! 3 x PETG Refilament<\/strong><\/p>\n<p>Pri nakupu 3 x PETG Refill filamenta dobite \u0161e dodatnih <strong>10% popusta.<\/strong>Izberite spodaj barvo posami\u010dnega filamenta brez koluta. Zamenljiv kolut eSPOOL si lahko tiskate sami ali pa dokupite <a href=\"https:\/\/www.seneko.net\/en\/product\/espool\/\">tukaj<\/a>.Veselo tiskanje vam \u017eelimo!<\/p>\n<p>PETG brez koluta se uporablja v kombinaciji z eSpool. Posledi\u010dno prihrani stro\u0161ke in odstrani prazne odpadne plasti\u010dne kolute, kar je okolju prijazno. Po izbiri si lahko kolut tiskate tudi sami.<\/p>\n<ul>\n<li><span lang=\"EN-US\">Okolju prijazneje<\/span><\/li>\n<\/ul>\n<\/div>","protected":false},"featured_media":4855,"comment_status":"open","ping_status":"closed","template":"","meta":[],"product_brand":[],"product_cat":[577,360,293],"product_tag":[378,374,416,379,413,415,412,408,414],"class_list":{"0":"post-4828","1":"product","2":"type-product","3":"status-publish","4":"has-post-thumbnail","6":"product_cat-akcija","7":"product_cat-petg-refill","8":"product_cat-petg","9":"product_tag-esun","10":"product_tag-filament","11":"product_tag-filament-brez-koluta","12":"product_tag-filamenti","13":"product_tag-petg","14":"product_tag-petg-refill","15":"product_tag-petg-refill-filament","16":"product_tag-refill","17":"product_tag-refill-filament","18":"pa_barva-blue","19":"pa_barva-natural","20":"pa_barva-solid-black","21":"pa_barva-solid-grey","22":"pa_barva-solid-white","24":"first","25":"instock","26":"sale","27":"taxable","28":"shipping-taxable","29":"purchasable","30":"product-type-bundle"},"bundled_by":[],"bundle_stock_status":"instock","bundle_stock_quantity":49,"bundle_virtual":false,"bundle_layout":"default","bundle_add_to_cart_form_location":"default","bundle_editable_in_cart":false,"bundle_sold_individually_context":"product","bundle_item_grouping":"parent","bundle_min_size":3,"bundle_max_size":3,"bundle_price":{"price":{"min":{"incl_tax":"41.9","excl_tax":"34.344262"},"max":{"incl_tax":"41.9","excl_tax":"34.344262"}},"regular_price":{"min":{"incl_tax":"65.625","excl_tax":"53.790984"},"max":{"incl_tax":"65.625","excl_tax":"53.790984"}}},"bundled_items":[{"bundled_item_id":11,"product_id":3724,"menu_order":0,"quantity_min":1,"quantity_max":3,"quantity_default":1,"priced_individually":false,"shipped_individually":false,"override_title":false,"title":"PETG refill filamenti","override_description":false,"description":"","optional":false,"hide_thumbnail":false,"discount":"","override_variations":false,"allowed_variations":[],"override_default_variation_attributes":false,"default_variation_attributes":[],"single_product_visibility":"visible","cart_visibility":"visible","order_visibility":"visible","single_product_price_visibility":"visible","cart_price_visibility":"visible","order_price_visibility":"visible","stock_status":"in_stock"},{"bundled_item_id":12,"product_id":3724,"menu_order":1,"quantity_min":1,"quantity_max":3,"quantity_default":1,"priced_individually":false,"shipped_individually":false,"override_title":false,"title":"PETG refill filamenti","override_description":false,"description":"","optional":false,"hide_thumbnail":false,"discount":"","override_variations":false,"allowed_variations":[],"override_default_variation_attributes":false,"default_variation_attributes":[],"single_product_visibility":"visible","cart_visibility":"visible","order_visibility":"visible","single_product_price_visibility":"visible","cart_price_visibility":"visible","order_price_visibility":"visible","stock_status":"in_stock"},{"bundled_item_id":13,"product_id":3724,"menu_order":2,"quantity_min":1,"quantity_max":3,"quantity_default":1,"priced_individually":false,"shipped_individually":false,"override_title":false,"title":"PETG refill filamenti","override_description":false,"description":"","optional":false,"hide_thumbnail":false,"discount":"","override_variations":false,"allowed_variations":[],"override_default_variation_attributes":false,"default_variation_attributes":[],"single_product_visibility":"visible","cart_visibility":"visible","order_visibility":"visible","single_product_price_visibility":"visible","cart_price_visibility":"visible","order_price_visibility":"visible","stock_status":"in_stock"}],"bundle_sell_ids":[],"yoast_head":"<!-- This site is optimized with the Yoast SEO plugin v26.5 - https:\/\/yoast.com\/wordpress\/plugins\/seo\/ -->\n<title>PETG refill filamenti, 3x1kg - Seneko<\/title>\n<meta name=\"description\" content=\"PETG refill filamenti \u20ac15.75 1000g proizvajalca eSUN je visoko cenovno zmogljiv material z vodoodpornostjo, kemi\u010dno odpornostjo in visoko \u017eilavostjo. Je tr\u0161i od ABS-a. Tiskani izdelek ima prosojno in gladko povr\u0161ino. Enostavno ga je tiskati, kot PLA brez temperaturne komore. PETG filamenti imajo odli\u010dno \u010distost, prenos svetlobe in visoki sijaj. Visoka \u017eilavost in odpornost na udarce. Kemi\u010dna odpornost, vodoodporen, dobra stabilnost, brez pokanja in upogibanja.\" \/>\n<meta name=\"robots\" content=\"index, follow, max-snippet:-1, max-image-preview:large, max-video-preview:-1\" \/>\n<link rel=\"canonical\" href=\"https:\/\/www.seneko.net\/en\/product\/petg-refill-filamenti-3x1kg\/\" \/>\n<meta property=\"og:locale\" content=\"en_US\" \/>\n<meta property=\"og:type\" content=\"article\" \/>\n<meta property=\"og:title\" content=\"PETG refill filamenti, 3x1kg - Seneko\" \/>\n<meta property=\"og:description\" content=\"PETG refill filamenti \u20ac15.75 1000g proizvajalca eSUN je visoko cenovno zmogljiv material z vodoodpornostjo, kemi\u010dno odpornostjo in visoko \u017eilavostjo. Je tr\u0161i od ABS-a. Tiskani izdelek ima prosojno in gladko povr\u0161ino. Enostavno ga je tiskati, kot PLA brez temperaturne komore. PETG filamenti imajo odli\u010dno \u010distost, prenos svetlobe in visoki sijaj. Visoka \u017eilavost in odpornost na udarce. Kemi\u010dna odpornost, vodoodporen, dobra stabilnost, brez pokanja in upogibanja.\" \/>\n<meta property=\"og:url\" content=\"https:\/\/www.seneko.net\/en\/product\/petg-refill-filamenti-3x1kg\/\" \/>\n<meta property=\"og:site_name\" content=\"Seneko\" \/>\n<meta property=\"article:publisher\" content=\"https:\/\/www.facebook.com\/seneko3dshop\" \/>\n<meta property=\"article:modified_time\" content=\"2026-01-02T18:05:03+00:00\" \/>\n<meta property=\"og:image\" content=\"https:\/\/www.seneko.net\/wp-content\/uploads\/2022\/07\/NOVA_AK_PETG_REFILL-1.jpg\" \/>\n\t<meta property=\"og:image:width\" content=\"1080\" \/>\n\t<meta property=\"og:image:height\" content=\"565\" \/>\n\t<meta property=\"og:image:type\" content=\"image\/jpeg\" \/>\n<meta name=\"twitter:card\" content=\"summary_large_image\" \/>\n<meta name=\"twitter:label1\" content=\"Est. reading time\" \/>\n\t<meta name=\"twitter:data1\" content=\"2 minutes\" \/>\n<script type=\"application\/ld+json\" class=\"yoast-schema-graph\">{\"@context\":\"https:\/\/schema.org\",\"@graph\":[{\"@type\":\"WebPage\",\"@id\":\"https:\/\/www.seneko.net\/izdelek\/petg-refill-filamenti-3x1kg\/\",\"url\":\"https:\/\/www.seneko.net\/izdelek\/petg-refill-filamenti-3x1kg\/\",\"name\":\"PETG refill filamenti, 3x1kg - Seneko\",\"isPartOf\":{\"@id\":\"https:\/\/www.seneko.net\/#website\"},\"primaryImageOfPage\":{\"@id\":\"https:\/\/www.seneko.net\/izdelek\/petg-refill-filamenti-3x1kg\/#primaryimage\"},\"image\":{\"@id\":\"https:\/\/www.seneko.net\/izdelek\/petg-refill-filamenti-3x1kg\/#primaryimage\"},\"thumbnailUrl\":\"https:\/\/www.seneko.net\/wp-content\/uploads\/2022\/07\/NOVA_AK_PETG_REFILL-1.jpg\",\"datePublished\":\"2022-07-26T11:17:50+00:00\",\"dateModified\":\"2026-01-02T18:05:03+00:00\",\"description\":\"PETG refill filamenti \u20ac15.75 1000g proizvajalca eSUN je visoko cenovno zmogljiv material z vodoodpornostjo, kemi\u010dno odpornostjo in visoko \u017eilavostjo. Je tr\u0161i od ABS-a. Tiskani izdelek ima prosojno in gladko povr\u0161ino. Enostavno ga je tiskati, kot PLA brez temperaturne komore. PETG filamenti imajo odli\u010dno \u010distost, prenos svetlobe in visoki sijaj. Visoka \u017eilavost in odpornost na udarce. Kemi\u010dna odpornost, vodoodporen, dobra stabilnost, brez pokanja in upogibanja.\",\"breadcrumb\":{\"@id\":\"https:\/\/www.seneko.net\/izdelek\/petg-refill-filamenti-3x1kg\/#breadcrumb\"},\"inLanguage\":\"en-US\",\"potentialAction\":[{\"@type\":\"ReadAction\",\"target\":[\"https:\/\/www.seneko.net\/izdelek\/petg-refill-filamenti-3x1kg\/\"]}]},{\"@type\":\"ImageObject\",\"inLanguage\":\"en-US\",\"@id\":\"https:\/\/www.seneko.net\/izdelek\/petg-refill-filamenti-3x1kg\/#primaryimage\",\"url\":\"https:\/\/www.seneko.net\/wp-content\/uploads\/2022\/07\/NOVA_AK_PETG_REFILL-1.jpg\",\"contentUrl\":\"https:\/\/www.seneko.net\/wp-content\/uploads\/2022\/07\/NOVA_AK_PETG_REFILL-1.jpg\",\"width\":1080,\"height\":565,\"caption\":\"petg refill\"},{\"@type\":\"BreadcrumbList\",\"@id\":\"https:\/\/www.seneko.net\/izdelek\/petg-refill-filamenti-3x1kg\/#breadcrumb\",\"itemListElement\":[{\"@type\":\"ListItem\",\"position\":1,\"name\":\"Home\",\"item\":\"https:\/\/www.seneko.net\/\"},{\"@type\":\"ListItem\",\"position\":2,\"name\":\"Trgovina\",\"item\":\"https:\/\/www.seneko.net\/trgovina\/\"},{\"@type\":\"ListItem\",\"position\":3,\"name\":\"PETG refill filamenti, 3x1kg\"}]},{\"@type\":\"WebSite\",\"@id\":\"https:\/\/www.seneko.net\/#website\",\"url\":\"https:\/\/www.seneko.net\/\",\"name\":\"Seneko\",\"description\":\"Z vami tiskamo prihodnost\",\"publisher\":{\"@id\":\"https:\/\/www.seneko.net\/#organization\"},\"potentialAction\":[{\"@type\":\"SearchAction\",\"target\":{\"@type\":\"EntryPoint\",\"urlTemplate\":\"https:\/\/www.seneko.net\/?s={search_term_string}\"},\"query-input\":{\"@type\":\"PropertyValueSpecification\",\"valueRequired\":true,\"valueName\":\"search_term_string\"}}],\"inLanguage\":\"en-US\"},{\"@type\":\"Organization\",\"@id\":\"https:\/\/www.seneko.net\/#organization\",\"name\":\"Seneko\",\"url\":\"https:\/\/www.seneko.net\/\",\"logo\":{\"@type\":\"ImageObject\",\"inLanguage\":\"en-US\",\"@id\":\"https:\/\/www.seneko.net\/#\/schema\/logo\/image\/\",\"url\":\"https:\/\/www.seneko.net\/wp-content\/uploads\/2021\/09\/logo_1.png\",\"contentUrl\":\"https:\/\/www.seneko.net\/wp-content\/uploads\/2021\/09\/logo_1.png\",\"width\":202,\"height\":80,\"caption\":\"Seneko\"},\"image\":{\"@id\":\"https:\/\/www.seneko.net\/#\/schema\/logo\/image\/\"},\"sameAs\":[\"https:\/\/www.facebook.com\/seneko3dshop\",\"https:\/\/www.instagram.com\/Seneko3DShop\/\"]}]}<\/script>\n<!-- \/ Yoast SEO plugin. -->","yoast_head_json":{"title":"PETG refill filamenti, 3x1kg - Seneko","description":"PETG refill filamenti \u20ac15.75 1000g proizvajalca eSUN je visoko cenovno zmogljiv material z vodoodpornostjo, kemi\u010dno odpornostjo in visoko \u017eilavostjo. Je tr\u0161i od ABS-a. Tiskani izdelek ima prosojno in gladko povr\u0161ino. Enostavno ga je tiskati, kot PLA brez temperaturne komore. PETG filamenti imajo odli\u010dno \u010distost, prenos svetlobe in visoki sijaj. Visoka \u017eilavost in odpornost na udarce. Kemi\u010dna odpornost, vodoodporen, dobra stabilnost, brez pokanja in upogibanja.","robots":{"index":"index","follow":"follow","max-snippet":"max-snippet:-1","max-image-preview":"max-image-preview:large","max-video-preview":"max-video-preview:-1"},"canonical":"https:\/\/www.seneko.net\/en\/product\/petg-refill-filamenti-3x1kg\/","og_locale":"en_US","og_type":"article","og_title":"PETG refill filamenti, 3x1kg - Seneko","og_description":"PETG refill filamenti \u20ac15.75 1000g proizvajalca eSUN je visoko cenovno zmogljiv material z vodoodpornostjo, kemi\u010dno odpornostjo in visoko \u017eilavostjo. Je tr\u0161i od ABS-a. Tiskani izdelek ima prosojno in gladko povr\u0161ino. Enostavno ga je tiskati, kot PLA brez temperaturne komore. PETG filamenti imajo odli\u010dno \u010distost, prenos svetlobe in visoki sijaj. Visoka \u017eilavost in odpornost na udarce. Kemi\u010dna odpornost, vodoodporen, dobra stabilnost, brez pokanja in upogibanja.","og_url":"https:\/\/www.seneko.net\/en\/product\/petg-refill-filamenti-3x1kg\/","og_site_name":"Seneko","article_publisher":"https:\/\/www.facebook.com\/seneko3dshop","article_modified_time":"2026-01-02T18:05:03+00:00","og_image":[{"width":1080,"height":565,"url":"https:\/\/www.seneko.net\/wp-content\/uploads\/2022\/07\/NOVA_AK_PETG_REFILL-1.jpg","type":"image\/jpeg"}],"twitter_card":"summary_large_image","twitter_misc":{"Est. reading time":"2 minutes"},"schema":{"@context":"https:\/\/schema.org","@graph":[{"@type":"WebPage","@id":"https:\/\/www.seneko.net\/izdelek\/petg-refill-filamenti-3x1kg\/","url":"https:\/\/www.seneko.net\/izdelek\/petg-refill-filamenti-3x1kg\/","name":"PETG refill filamenti, 3x1kg - Seneko","isPartOf":{"@id":"https:\/\/www.seneko.net\/#website"},"primaryImageOfPage":{"@id":"https:\/\/www.seneko.net\/izdelek\/petg-refill-filamenti-3x1kg\/#primaryimage"},"image":{"@id":"https:\/\/www.seneko.net\/izdelek\/petg-refill-filamenti-3x1kg\/#primaryimage"},"thumbnailUrl":"https:\/\/www.seneko.net\/wp-content\/uploads\/2022\/07\/NOVA_AK_PETG_REFILL-1.jpg","datePublished":"2022-07-26T11:17:50+00:00","dateModified":"2026-01-02T18:05:03+00:00","description":"PETG refill filamenti \u20ac15.75 1000g proizvajalca eSUN je visoko cenovno zmogljiv material z vodoodpornostjo, kemi\u010dno odpornostjo in visoko \u017eilavostjo. Je tr\u0161i od ABS-a. Tiskani izdelek ima prosojno in gladko povr\u0161ino. Enostavno ga je tiskati, kot PLA brez temperaturne komore. PETG filamenti imajo odli\u010dno \u010distost, prenos svetlobe in visoki sijaj. Visoka \u017eilavost in odpornost na udarce. Kemi\u010dna odpornost, vodoodporen, dobra stabilnost, brez pokanja in upogibanja.","breadcrumb":{"@id":"https:\/\/www.seneko.net\/izdelek\/petg-refill-filamenti-3x1kg\/#breadcrumb"},"inLanguage":"en-US","potentialAction":[{"@type":"ReadAction","target":["https:\/\/www.seneko.net\/izdelek\/petg-refill-filamenti-3x1kg\/"]}]},{"@type":"ImageObject","inLanguage":"en-US","@id":"https:\/\/www.seneko.net\/izdelek\/petg-refill-filamenti-3x1kg\/#primaryimage","url":"https:\/\/www.seneko.net\/wp-content\/uploads\/2022\/07\/NOVA_AK_PETG_REFILL-1.jpg","contentUrl":"https:\/\/www.seneko.net\/wp-content\/uploads\/2022\/07\/NOVA_AK_PETG_REFILL-1.jpg","width":1080,"height":565,"caption":"petg refill"},{"@type":"BreadcrumbList","@id":"https:\/\/www.seneko.net\/izdelek\/petg-refill-filamenti-3x1kg\/#breadcrumb","itemListElement":[{"@type":"ListItem","position":1,"name":"Home","item":"https:\/\/www.seneko.net\/"},{"@type":"ListItem","position":2,"name":"Trgovina","item":"https:\/\/www.seneko.net\/trgovina\/"},{"@type":"ListItem","position":3,"name":"PETG refill filamenti, 3x1kg"}]},{"@type":"WebSite","@id":"https:\/\/www.seneko.net\/#website","url":"https:\/\/www.seneko.net\/","name":"Seneko","description":"Z vami tiskamo prihodnost","publisher":{"@id":"https:\/\/www.seneko.net\/#organization"},"potentialAction":[{"@type":"SearchAction","target":{"@type":"EntryPoint","urlTemplate":"https:\/\/www.seneko.net\/?s={search_term_string}"},"query-input":{"@type":"PropertyValueSpecification","valueRequired":true,"valueName":"search_term_string"}}],"inLanguage":"en-US"},{"@type":"Organization","@id":"https:\/\/www.seneko.net\/#organization","name":"Seneko","url":"https:\/\/www.seneko.net\/","logo":{"@type":"ImageObject","inLanguage":"en-US","@id":"https:\/\/www.seneko.net\/#\/schema\/logo\/image\/","url":"https:\/\/www.seneko.net\/wp-content\/uploads\/2021\/09\/logo_1.png","contentUrl":"https:\/\/www.seneko.net\/wp-content\/uploads\/2021\/09\/logo_1.png","width":202,"height":80,"caption":"Seneko"},"image":{"@id":"https:\/\/www.seneko.net\/#\/schema\/logo\/image\/"},"sameAs":["https:\/\/www.facebook.com\/seneko3dshop","https:\/\/www.instagram.com\/Seneko3DShop\/"]}]}},"_links":{"self":[{"href":"https:\/\/www.seneko.net\/en\/wp-json\/wp\/v2\/product\/4828","targetHints":{"allow":["GET"]}}],"collection":[{"href":"https:\/\/www.seneko.net\/en\/wp-json\/wp\/v2\/product"}],"about":[{"href":"https:\/\/www.seneko.net\/en\/wp-json\/wp\/v2\/types\/product"}],"replies":[{"embeddable":true,"href":"https:\/\/www.seneko.net\/en\/wp-json\/wp\/v2\/comments?post=4828"}],"wp:featuredmedia":[{"embeddable":true,"href":"https:\/\/www.seneko.net\/en\/wp-json\/wp\/v2\/media\/4855"}],"wp:attachment":[{"href":"https:\/\/www.seneko.net\/en\/wp-json\/wp\/v2\/media?parent=4828"}],"wp:term":[{"taxonomy":"product_brand","embeddable":true,"href":"https:\/\/www.seneko.net\/en\/wp-json\/wp\/v2\/product_brand?post=4828"},{"taxonomy":"product_cat","embeddable":true,"href":"https:\/\/www.seneko.net\/en\/wp-json\/wp\/v2\/product_cat?post=4828"},{"taxonomy":"product_tag","embeddable":true,"href":"https:\/\/www.seneko.net\/en\/wp-json\/wp\/v2\/product_tag?post=4828"}],"curies":[{"name":"wp","href":"https:\/\/api.w.org\/{rel}","templated":true}]}}