{"id":4842,"date":"2022-07-26T14:21:42","date_gmt":"2022-07-26T12:21:42","guid":{"rendered":"https:\/\/www.seneko.net\/?post_type=product&#038;p=4842"},"modified":"2026-01-02T20:04:09","modified_gmt":"2026-01-02T18:04:09","slug":"petg-filamenti-1-75mm-3x1kg","status":"publish","type":"product","link":"https:\/\/www.seneko.net\/en\/product\/petg-filamenti-1-75mm-3x1kg\/","title":{"rendered":"PETG filamenti,1.75mm, 3 x 1kg"},"content":{"rendered":"<p>PETG filamenti so zelo zmogljivi, trd vodoodporen material, odporen na kemikalije. PETG filamenti so tr\u0161i od ABS-filamentov. Tiskani izdelek ima prosojno in gladko povr\u0161ino. Enostavno ga je tiskati, enako kot pri PLA filamentu. Pri tiskanju z PETG filamenti temperaturna komora ni potrebna.<\/p>\n<p>&nbsp;<\/p>\n<p>\u3010<strong>PETG Filamenti<\/strong><strong>\u3011<\/strong>Odli\u010dna \u010distost, prenos svetlobe in visoki sijaj. Visoka \u017eilavost in odpornost na udarce. Kemi\u010dna odpornost, vodoodporen, dobra stabilnost, brez pokanja in upogibanja. Prijazno do okolja. Nestrupen in brez vonjav.<\/p>\n<p>\u3010<strong>Dimenzijska toleranca +\/- 0,03 mm<\/strong>\u3011 Minimalna toleranca in nizka stopnja upogibanja, da se zagotovi\u00a0 enakomeren in stabilen tisk, brez zama\u0161itve, z izjemno visoko stopnjo uspe\u0161nosti, kar se ka\u017ee na natan\u010dno natiskanih delih z dobro zaklju\u010dno povr\u0161ino.<\/p>\n<p>\u3010<strong>Brez prepletanja in brez zatikanja<\/strong><strong>\u3011<\/strong> Skupna dol\u017eina: 340-350 m. Celoten kolut filamenta za 3D tiskalnik ima popolno okroglost in zelo tesno toleranco premera, ki se ne prekriva ali zapleta. Topi se enakomerno in gladko brez ma\u0161enja \u0161obe ali ekstruderja.<\/p>\n<p>\u3010<strong>Visoka zdru\u017eljivost<\/strong><strong>\u3011<\/strong> Zdru\u017eljivo z ve\u010dino FDM 3D tiskalnikov in enostaven za tiskanje.<\/p>\n<p><strong>\u3010Vakuumsko zaprta embala\u017ea<\/strong><strong>\u3011<\/strong> Neto te\u017ea: 1 kg. Filament eSUN je na voljo v zaprti vakuumski vre\u010dki s su\u0161ilno vre\u010dko, da ostane suh brez prahu in tujkov, kar prepre\u010di zagozdenje \u0161ob in enakomerno ekstruzijo.<\/p>\n<p>PETG je narejen iz polietilen tereftalata (PET), materiala, ki ga morda poznate iz plasti\u010dnih steklenic za vodo, vendar je nekaj etilen glikola nadome\u0161\u010deno s CHDM (cikloheksandimetanol) &#8211; od tod \u010drka \u00bbG\u00ab za PET za \u00bbglikol modificiran\u00ab. Rezultat je \u010distej\u0161i, manj krhek filament, ki ga je la\u017eje iztisniti kot PET. Kljub temu je to odli\u010dna izbira filamenta za tiskanje predmetov, ki morajo biti \u010dvrsti, gladki in imeti majhen skr\u010dek. Priljubljen je tudi zato, ker PETG velja za varnega za \u017eivila.<\/p>\n<p>PETG filamenti niso odli\u010dni pri tiskanju premostitev (bridging), ker je super lepljiv, vendar to pomeni, da ima odli\u010den oprijem plasti. Je tudi bolj higroskopi\u010den kot PLA, zato je lahko nagnjen k nitkanju(stringing) in absorpciji zra\u010dne vlage, kar se razre\u0161i s su\u0161enjem in uporabo eBOXA. Vendar, \u010de potrebujete material visoke trdnosti in ga PLA ali ABS ne moreta re\u0161iti, je standardni PETG odli\u010dna mo\u017enost.<\/p>","protected":false},"excerpt":{"rendered":"<div class=\"p-title\">\n<p><strong>AKCIJA! 3 x PETG filament<\/strong><\/p>\n<p>Pri nakupu 3 x PETG filamenta dobite \u0161e dodatnih <strong>10% popusta.<\/strong>Izberite spodaj barvo posami\u010dnega filamenta. Veselo tiskanje vam \u017eelimo!<\/p>\n<p class=\"p-subheading\">Prosojni filament z odli\u010dno odpornostjo na udarce<\/p>\n<p><strong>Glavne zna\u010dilnosti eSUN PETG:<\/strong><\/p>\n<ul>\n<li>Velika trdnost<\/li>\n<li>Kemi\u010dna odpornost<\/li>\n<li>Vodoodpornost<\/li>\n<\/ul>\n<\/div>\n<div class=\"p-rating\"><\/div>","protected":false},"featured_media":4849,"comment_status":"open","ping_status":"closed","template":"","meta":[],"product_brand":[],"product_cat":[577,293,294],"product_tag":[523,516,518,517,514,413,513,515,520,521,522],"class_list":{"0":"post-4842","1":"product","2":"type-product","3":"status-publish","4":"has-post-thumbnail","6":"product_cat-akcija","7":"product_cat-petg","8":"product_cat-petg-filamenti","9":"product_tag-3d-shop","10":"product_tag-esun-filamenti","11":"product_tag-filamenti-za-tiskanje","12":"product_tag-kakovostni-filamenti","13":"product_tag-pet","14":"product_tag-petg","15":"product_tag-petg-filament","16":"product_tag-petg-filamenti","17":"product_tag-poceni-filament","18":"product_tag-seneko","19":"product_tag-seneko-filament","20":"pa_barva-magneta","21":"pa_barva-natural","22":"pa_barva-solid-gold","23":"pa_barva-solid-white","24":"pa_barva-solid-yellow","26":"first","27":"instock","28":"sale","29":"taxable","30":"shipping-taxable","31":"purchasable","32":"product-type-bundle"},"bundled_by":[],"bundle_stock_status":"instock","bundle_stock_quantity":29,"bundle_virtual":false,"bundle_layout":"default","bundle_add_to_cart_form_location":"default","bundle_editable_in_cart":false,"bundle_sold_individually_context":"product","bundle_item_grouping":"parent","bundle_min_size":3,"bundle_max_size":3,"bundle_price":{"price":{"min":{"incl_tax":"42.9","excl_tax":"35.163934"},"max":{"incl_tax":"42.9","excl_tax":"35.163934"}},"regular_price":{"min":{"incl_tax":"67.47","excl_tax":"55.303279"},"max":{"incl_tax":"67.47","excl_tax":"55.303279"}}},"bundled_items":[{"bundled_item_id":18,"product_id":3481,"menu_order":0,"quantity_min":1,"quantity_max":3,"quantity_default":1,"priced_individually":false,"shipped_individually":false,"override_title":false,"title":"PETG filament,1.75mm, 1kg","override_description":false,"description":"","optional":false,"hide_thumbnail":false,"discount":"","override_variations":false,"allowed_variations":[],"override_default_variation_attributes":false,"default_variation_attributes":[],"single_product_visibility":"visible","cart_visibility":"visible","order_visibility":"visible","single_product_price_visibility":"visible","cart_price_visibility":"visible","order_price_visibility":"visible","stock_status":"in_stock"},{"bundled_item_id":19,"product_id":3481,"menu_order":1,"quantity_min":1,"quantity_max":3,"quantity_default":1,"priced_individually":false,"shipped_individually":false,"override_title":false,"title":"PETG filament,1.75mm, 1kg","override_description":false,"description":"","optional":false,"hide_thumbnail":false,"discount":"","override_variations":false,"allowed_variations":[],"override_default_variation_attributes":false,"default_variation_attributes":[],"single_product_visibility":"visible","cart_visibility":"visible","order_visibility":"visible","single_product_price_visibility":"visible","cart_price_visibility":"visible","order_price_visibility":"visible","stock_status":"in_stock"},{"bundled_item_id":20,"product_id":3481,"menu_order":2,"quantity_min":1,"quantity_max":3,"quantity_default":1,"priced_individually":false,"shipped_individually":false,"override_title":false,"title":"PETG filament,1.75mm, 1kg","override_description":false,"description":"","optional":false,"hide_thumbnail":false,"discount":"","override_variations":false,"allowed_variations":[],"override_default_variation_attributes":false,"default_variation_attributes":[],"single_product_visibility":"visible","cart_visibility":"visible","order_visibility":"visible","single_product_price_visibility":"visible","cart_price_visibility":"visible","order_price_visibility":"visible","stock_status":"in_stock"}],"bundle_sell_ids":[],"yoast_head":"<!-- This site is optimized with the Yoast SEO plugin v27.4 - https:\/\/yoast.com\/product\/yoast-seo-wordpress\/ -->\n<title>PETG filamenti,1.75mm, 3 x 1kg - Seneko<\/title>\n<meta name=\"description\" content=\"PETG filamenti \u20ac16.19 1000g. PETG je zelo zmogljiv, trd vodoodporen material, odporen na kemikalije. Filament je tr\u0161i od ABS-a. Tiskani izdelek ima prosojno in gladko povr\u0161ino. Enostavno ga je tiskati, enako kot pri PLA filamentu. Pri tiskanju z PETG filamentom temperaturna komora ni potrebna.\" \/>\n<meta name=\"robots\" content=\"index, follow, max-snippet:-1, max-image-preview:large, max-video-preview:-1\" \/>\n<link rel=\"canonical\" href=\"https:\/\/www.seneko.net\/en\/product\/petg-filamenti-1-75mm-3x1kg\/\" \/>\n<meta property=\"og:locale\" content=\"en_US\" \/>\n<meta property=\"og:type\" content=\"article\" \/>\n<meta property=\"og:title\" content=\"PETG filamenti,1.75mm, 3 x 1kg - Seneko\" \/>\n<meta property=\"og:description\" content=\"PETG filamenti \u20ac16.19 1000g. PETG je zelo zmogljiv, trd vodoodporen material, odporen na kemikalije. Filament je tr\u0161i od ABS-a. Tiskani izdelek ima prosojno in gladko povr\u0161ino. Enostavno ga je tiskati, enako kot pri PLA filamentu. Pri tiskanju z PETG filamentom temperaturna komora ni potrebna.\" \/>\n<meta property=\"og:url\" content=\"https:\/\/www.seneko.net\/en\/product\/petg-filamenti-1-75mm-3x1kg\/\" \/>\n<meta property=\"og:site_name\" content=\"Seneko\" \/>\n<meta property=\"article:publisher\" content=\"https:\/\/www.facebook.com\/seneko3dshop\" \/>\n<meta property=\"article:modified_time\" content=\"2026-01-02T18:04:09+00:00\" \/>\n<meta property=\"og:image\" content=\"https:\/\/www.seneko.net\/wp-content\/uploads\/2022\/07\/NOVA-AK-PETG-e1658838298476.jpg\" \/>\n\t<meta property=\"og:image:width\" content=\"1082\" \/>\n\t<meta property=\"og:image:height\" content=\"563\" \/>\n\t<meta property=\"og:image:type\" content=\"image\/jpeg\" \/>\n<meta name=\"twitter:card\" content=\"summary_large_image\" \/>\n<meta name=\"twitter:label1\" content=\"Est. reading time\" \/>\n\t<meta name=\"twitter:data1\" content=\"2 minutes\" \/>\n<script type=\"application\/ld+json\" class=\"yoast-schema-graph\">{\"@context\":\"https:\\\/\\\/schema.org\",\"@graph\":[{\"@type\":\"WebPage\",\"@id\":\"https:\\\/\\\/www.seneko.net\\\/izdelek\\\/petg-filamenti-1-75mm-3x1kg\\\/\",\"url\":\"https:\\\/\\\/www.seneko.net\\\/izdelek\\\/petg-filamenti-1-75mm-3x1kg\\\/\",\"name\":\"PETG filamenti,1.75mm, 3 x 1kg - Seneko\",\"isPartOf\":{\"@id\":\"https:\\\/\\\/www.seneko.net\\\/#website\"},\"primaryImageOfPage\":{\"@id\":\"https:\\\/\\\/www.seneko.net\\\/izdelek\\\/petg-filamenti-1-75mm-3x1kg\\\/#primaryimage\"},\"image\":{\"@id\":\"https:\\\/\\\/www.seneko.net\\\/izdelek\\\/petg-filamenti-1-75mm-3x1kg\\\/#primaryimage\"},\"thumbnailUrl\":\"https:\\\/\\\/www.seneko.net\\\/wp-content\\\/uploads\\\/2022\\\/07\\\/NOVA-AK-PETG-e1658838298476.jpg\",\"datePublished\":\"2022-07-26T12:21:42+00:00\",\"dateModified\":\"2026-01-02T18:04:09+00:00\",\"description\":\"PETG filamenti \u20ac16.19 1000g. PETG je zelo zmogljiv, trd vodoodporen material, odporen na kemikalije. Filament je tr\u0161i od ABS-a. Tiskani izdelek ima prosojno in gladko povr\u0161ino. Enostavno ga je tiskati, enako kot pri PLA filamentu. Pri tiskanju z PETG filamentom temperaturna komora ni potrebna.\",\"breadcrumb\":{\"@id\":\"https:\\\/\\\/www.seneko.net\\\/izdelek\\\/petg-filamenti-1-75mm-3x1kg\\\/#breadcrumb\"},\"inLanguage\":\"en-US\",\"potentialAction\":[{\"@type\":\"ReadAction\",\"target\":[\"https:\\\/\\\/www.seneko.net\\\/izdelek\\\/petg-filamenti-1-75mm-3x1kg\\\/\"]}]},{\"@type\":\"ImageObject\",\"inLanguage\":\"en-US\",\"@id\":\"https:\\\/\\\/www.seneko.net\\\/izdelek\\\/petg-filamenti-1-75mm-3x1kg\\\/#primaryimage\",\"url\":\"https:\\\/\\\/www.seneko.net\\\/wp-content\\\/uploads\\\/2022\\\/07\\\/NOVA-AK-PETG-e1658838298476.jpg\",\"contentUrl\":\"https:\\\/\\\/www.seneko.net\\\/wp-content\\\/uploads\\\/2022\\\/07\\\/NOVA-AK-PETG-e1658838298476.jpg\",\"width\":1082,\"height\":563,\"caption\":\"3x PETG filament akcija\"},{\"@type\":\"BreadcrumbList\",\"@id\":\"https:\\\/\\\/www.seneko.net\\\/izdelek\\\/petg-filamenti-1-75mm-3x1kg\\\/#breadcrumb\",\"itemListElement\":[{\"@type\":\"ListItem\",\"position\":1,\"name\":\"Home\",\"item\":\"https:\\\/\\\/www.seneko.net\\\/\"},{\"@type\":\"ListItem\",\"position\":2,\"name\":\"Trgovina\",\"item\":\"https:\\\/\\\/www.seneko.net\\\/trgovina\\\/\"},{\"@type\":\"ListItem\",\"position\":3,\"name\":\"PETG filamenti,1.75mm, 3 x 1kg\"}]},{\"@type\":\"WebSite\",\"@id\":\"https:\\\/\\\/www.seneko.net\\\/#website\",\"url\":\"https:\\\/\\\/www.seneko.net\\\/\",\"name\":\"Seneko\",\"description\":\"Z vami tiskamo prihodnost\",\"publisher\":{\"@id\":\"https:\\\/\\\/www.seneko.net\\\/#organization\"},\"potentialAction\":[{\"@type\":\"SearchAction\",\"target\":{\"@type\":\"EntryPoint\",\"urlTemplate\":\"https:\\\/\\\/www.seneko.net\\\/?s={search_term_string}\"},\"query-input\":{\"@type\":\"PropertyValueSpecification\",\"valueRequired\":true,\"valueName\":\"search_term_string\"}}],\"inLanguage\":\"en-US\"},{\"@type\":\"Organization\",\"@id\":\"https:\\\/\\\/www.seneko.net\\\/#organization\",\"name\":\"Seneko\",\"url\":\"https:\\\/\\\/www.seneko.net\\\/\",\"logo\":{\"@type\":\"ImageObject\",\"inLanguage\":\"en-US\",\"@id\":\"https:\\\/\\\/www.seneko.net\\\/#\\\/schema\\\/logo\\\/image\\\/\",\"url\":\"https:\\\/\\\/www.seneko.net\\\/wp-content\\\/uploads\\\/2021\\\/09\\\/logo_1.png\",\"contentUrl\":\"https:\\\/\\\/www.seneko.net\\\/wp-content\\\/uploads\\\/2021\\\/09\\\/logo_1.png\",\"width\":202,\"height\":80,\"caption\":\"Seneko\"},\"image\":{\"@id\":\"https:\\\/\\\/www.seneko.net\\\/#\\\/schema\\\/logo\\\/image\\\/\"},\"sameAs\":[\"https:\\\/\\\/www.facebook.com\\\/seneko3dshop\",\"https:\\\/\\\/www.instagram.com\\\/Seneko3DShop\\\/\"]}]}<\/script>\n<!-- \/ Yoast SEO plugin. -->","yoast_head_json":{"title":"PETG filamenti,1.75mm, 3 x 1kg - Seneko","description":"PETG filamenti \u20ac16.19 1000g. PETG je zelo zmogljiv, trd vodoodporen material, odporen na kemikalije. Filament je tr\u0161i od ABS-a. Tiskani izdelek ima prosojno in gladko povr\u0161ino. Enostavno ga je tiskati, enako kot pri PLA filamentu. Pri tiskanju z PETG filamentom temperaturna komora ni potrebna.","robots":{"index":"index","follow":"follow","max-snippet":"max-snippet:-1","max-image-preview":"max-image-preview:large","max-video-preview":"max-video-preview:-1"},"canonical":"https:\/\/www.seneko.net\/en\/product\/petg-filamenti-1-75mm-3x1kg\/","og_locale":"en_US","og_type":"article","og_title":"PETG filamenti,1.75mm, 3 x 1kg - Seneko","og_description":"PETG filamenti \u20ac16.19 1000g. PETG je zelo zmogljiv, trd vodoodporen material, odporen na kemikalije. Filament je tr\u0161i od ABS-a. Tiskani izdelek ima prosojno in gladko povr\u0161ino. Enostavno ga je tiskati, enako kot pri PLA filamentu. Pri tiskanju z PETG filamentom temperaturna komora ni potrebna.","og_url":"https:\/\/www.seneko.net\/en\/product\/petg-filamenti-1-75mm-3x1kg\/","og_site_name":"Seneko","article_publisher":"https:\/\/www.facebook.com\/seneko3dshop","article_modified_time":"2026-01-02T18:04:09+00:00","og_image":[{"width":1082,"height":563,"url":"https:\/\/www.seneko.net\/wp-content\/uploads\/2022\/07\/NOVA-AK-PETG-e1658838298476.jpg","type":"image\/jpeg"}],"twitter_card":"summary_large_image","twitter_misc":{"Est. reading time":"2 minutes"},"schema":{"@context":"https:\/\/schema.org","@graph":[{"@type":"WebPage","@id":"https:\/\/www.seneko.net\/izdelek\/petg-filamenti-1-75mm-3x1kg\/","url":"https:\/\/www.seneko.net\/izdelek\/petg-filamenti-1-75mm-3x1kg\/","name":"PETG filamenti,1.75mm, 3 x 1kg - Seneko","isPartOf":{"@id":"https:\/\/www.seneko.net\/#website"},"primaryImageOfPage":{"@id":"https:\/\/www.seneko.net\/izdelek\/petg-filamenti-1-75mm-3x1kg\/#primaryimage"},"image":{"@id":"https:\/\/www.seneko.net\/izdelek\/petg-filamenti-1-75mm-3x1kg\/#primaryimage"},"thumbnailUrl":"https:\/\/www.seneko.net\/wp-content\/uploads\/2022\/07\/NOVA-AK-PETG-e1658838298476.jpg","datePublished":"2022-07-26T12:21:42+00:00","dateModified":"2026-01-02T18:04:09+00:00","description":"PETG filamenti \u20ac16.19 1000g. PETG je zelo zmogljiv, trd vodoodporen material, odporen na kemikalije. Filament je tr\u0161i od ABS-a. Tiskani izdelek ima prosojno in gladko povr\u0161ino. Enostavno ga je tiskati, enako kot pri PLA filamentu. Pri tiskanju z PETG filamentom temperaturna komora ni potrebna.","breadcrumb":{"@id":"https:\/\/www.seneko.net\/izdelek\/petg-filamenti-1-75mm-3x1kg\/#breadcrumb"},"inLanguage":"en-US","potentialAction":[{"@type":"ReadAction","target":["https:\/\/www.seneko.net\/izdelek\/petg-filamenti-1-75mm-3x1kg\/"]}]},{"@type":"ImageObject","inLanguage":"en-US","@id":"https:\/\/www.seneko.net\/izdelek\/petg-filamenti-1-75mm-3x1kg\/#primaryimage","url":"https:\/\/www.seneko.net\/wp-content\/uploads\/2022\/07\/NOVA-AK-PETG-e1658838298476.jpg","contentUrl":"https:\/\/www.seneko.net\/wp-content\/uploads\/2022\/07\/NOVA-AK-PETG-e1658838298476.jpg","width":1082,"height":563,"caption":"3x PETG filament akcija"},{"@type":"BreadcrumbList","@id":"https:\/\/www.seneko.net\/izdelek\/petg-filamenti-1-75mm-3x1kg\/#breadcrumb","itemListElement":[{"@type":"ListItem","position":1,"name":"Home","item":"https:\/\/www.seneko.net\/"},{"@type":"ListItem","position":2,"name":"Trgovina","item":"https:\/\/www.seneko.net\/trgovina\/"},{"@type":"ListItem","position":3,"name":"PETG filamenti,1.75mm, 3 x 1kg"}]},{"@type":"WebSite","@id":"https:\/\/www.seneko.net\/#website","url":"https:\/\/www.seneko.net\/","name":"Seneko","description":"Z vami tiskamo prihodnost","publisher":{"@id":"https:\/\/www.seneko.net\/#organization"},"potentialAction":[{"@type":"SearchAction","target":{"@type":"EntryPoint","urlTemplate":"https:\/\/www.seneko.net\/?s={search_term_string}"},"query-input":{"@type":"PropertyValueSpecification","valueRequired":true,"valueName":"search_term_string"}}],"inLanguage":"en-US"},{"@type":"Organization","@id":"https:\/\/www.seneko.net\/#organization","name":"Seneko","url":"https:\/\/www.seneko.net\/","logo":{"@type":"ImageObject","inLanguage":"en-US","@id":"https:\/\/www.seneko.net\/#\/schema\/logo\/image\/","url":"https:\/\/www.seneko.net\/wp-content\/uploads\/2021\/09\/logo_1.png","contentUrl":"https:\/\/www.seneko.net\/wp-content\/uploads\/2021\/09\/logo_1.png","width":202,"height":80,"caption":"Seneko"},"image":{"@id":"https:\/\/www.seneko.net\/#\/schema\/logo\/image\/"},"sameAs":["https:\/\/www.facebook.com\/seneko3dshop","https:\/\/www.instagram.com\/Seneko3DShop\/"]}]}},"_links":{"self":[{"href":"https:\/\/www.seneko.net\/en\/wp-json\/wp\/v2\/product\/4842","targetHints":{"allow":["GET"]}}],"collection":[{"href":"https:\/\/www.seneko.net\/en\/wp-json\/wp\/v2\/product"}],"about":[{"href":"https:\/\/www.seneko.net\/en\/wp-json\/wp\/v2\/types\/product"}],"replies":[{"embeddable":true,"href":"https:\/\/www.seneko.net\/en\/wp-json\/wp\/v2\/comments?post=4842"}],"wp:featuredmedia":[{"embeddable":true,"href":"https:\/\/www.seneko.net\/en\/wp-json\/wp\/v2\/media\/4849"}],"wp:attachment":[{"href":"https:\/\/www.seneko.net\/en\/wp-json\/wp\/v2\/media?parent=4842"}],"wp:term":[{"taxonomy":"product_brand","embeddable":true,"href":"https:\/\/www.seneko.net\/en\/wp-json\/wp\/v2\/product_brand?post=4842"},{"taxonomy":"product_cat","embeddable":true,"href":"https:\/\/www.seneko.net\/en\/wp-json\/wp\/v2\/product_cat?post=4842"},{"taxonomy":"product_tag","embeddable":true,"href":"https:\/\/www.seneko.net\/en\/wp-json\/wp\/v2\/product_tag?post=4842"}],"curies":[{"name":"wp","href":"https:\/\/api.w.org\/{rel}","templated":true}]}}