{"id":3446,"date":"2022-02-03T15:53:54","date_gmt":"2022-02-03T13:53:54","guid":{"rendered":"https:\/\/www.seneko.net\/?post_type=product&#038;p=3446"},"modified":"2026-01-02T19:40:04","modified_gmt":"2026-01-02T17:40:04","slug":"abs-max-filament-1-75mm-black","status":"publish","type":"product","link":"https:\/\/www.seneko.net\/hr\/proizvod\/abs-max-filament-1-75mm-black\/","title":{"rendered":"eABS Max Filament, 1.75mm (black)"},"content":{"rendered":"<p>ABS MAX je izbolj\u0161an filament na osnovi ABS+ filamenta z vi\u0161jimi mehanskimi lastnostmi in spada v razred negorljivosti UL94V-0. Je brez halogena, okolju prijazen, negorljiv in varnej\u0161i. Visoka \u017eilavost in odpornost na udarce, lahko se tiskajo mo\u010dni in trpe\u017eni deli. Temperatura toplotne deformacije je visoka. Zaradi majhnega skr\u010dka je ABS MAX najla\u017eji za tiskanje.<\/p>\n<p>&nbsp;<\/p>\n<p>\u3010<strong>ABS Max<\/strong>\u3011ABS Max je izbolj\u0161an in nadgrajen na osnovi ABS+, pokanje in upogibanje je bilo izbolj\u0161ano pri tiskanju ve\u010djih kosov. Ve\u010dja trdnost. Negorljiv. Toplotna odpornost. Odpornost proti obrabi. Odli\u010dna udarna mo\u010d.<\/p>\n<p>\u3010<strong>Dimenzijska toleranca +\/- 0,03 mm<\/strong>\u3011 Minimalna toleranca in nizka stopnja upogibanja, da se zagotovi\u00a0 enakomeren in stabilen tisk, brez zama\u0161itve, z izjemno visoko stopnjo uspe\u0161nosti, kar se ka\u017ee na natan\u010dno natiskanih delih z dobro zaklju\u010dno povr\u0161ino.<\/p>\n<p><strong>\u3010Brez prepletanja in brez zatikanja<\/strong><strong>\u3011<\/strong> Skupna dol\u017eina: 340-350 m. Celoten kolut filamenta ima konsistentno obliko in zelo tesno toleranco premera, ki se ne prekriva ali zapleta. Topi se enakomerno in gladko brez ma\u0161enja \u0161obe ali ekstruderja.<\/p>\n<p><strong>\u3010Vakuumsko zaprta embala\u017ea<\/strong><strong>\u3011<\/strong> Neto te\u017ea: 1 kg. Filament eSUN je na voljo v zaprti vakuumski vre\u010dki s su\u0161ilno vre\u010dko, da ostane suh brez prahu in tujkov, kar prepre\u010di zagozdenje \u0161ob in enakomerno ekstruzijo.<\/p>","protected":false},"excerpt":{"rendered":"<div class=\"dePhmb\">\n<div class=\"eyKpYb\" data-language=\"sl\" data-original-language=\"en\" data-result-index=\"0\">\n<p><strong>Glavne zna\u010dilnosti eABS MAX:<\/strong><\/p>\n<ul>\n<li class=\"J0lOec\">Negorljiv<\/li>\n<li class=\"J0lOec\">Trden in vzdr\u017eljiv<\/li>\n<li class=\"J0lOec\">Toplotno odporen<\/li>\n<li class=\"J0lOec\">Visoka \u017eilavost<\/li>\n<li class=\"J0lOec\">Visoka odpornost na udarce<\/li>\n<\/ul>\n<\/div>\n<\/div>","protected":false},"featured_media":3451,"comment_status":"open","ping_status":"closed","template":"","meta":[],"product_brand":[],"product_cat":[295,296],"product_tag":[361,363,537,536,535,538,528,446,379,540,511,519,521,539,529],"class_list":{"0":"post-3446","1":"product","2":"type-product","3":"status-publish","4":"has-post-thumbnail","6":"product_cat-abs","7":"product_cat-abs-max","8":"product_tag-3d-filamenti","9":"product_tag-3d-tisk","10":"product_tag-abs","11":"product_tag-abs-filament","12":"product_tag-abs-max","13":"product_tag-abs-max-filament","14":"product_tag-azurefilm","15":"product_tag-esun-filament","16":"product_tag-filamenti","17":"product_tag-filamenti-abs","18":"product_tag-filamenti-za-3d-tisk","19":"product_tag-naj-filament","20":"product_tag-seneko","21":"product_tag-top-abs","22":"product_tag-trcek","24":"first","25":"outofstock","26":"sale","27":"taxable","28":"shipping-taxable","29":"purchasable","30":"product-type-simple"},"bundled_by":[],"bundle_stock_status":"outofstock","bundle_stock_quantity":0,"bundle_virtual":false,"bundle_layout":"","bundle_add_to_cart_form_location":"","bundle_editable_in_cart":false,"bundle_sold_individually_context":"","bundle_item_grouping":"","bundle_min_size":"","bundle_max_size":"","bundle_price":[],"bundled_items":[],"bundle_sell_ids":[],"yoast_head":"<!-- This site is optimized with the Yoast SEO plugin v27.4 - https:\/\/yoast.com\/product\/yoast-seo-wordpress\/ -->\n<title>ABS MAX - Seneko<\/title>\n<meta name=\"description\" content=\"ABS MAX je izbolj\u0161an filament na osnovi ABS+ filamenta z vi\u0161jimi mehanskimi lastnostmi in spada v razred negorljivosti UL94V-0. Je brez halogena, okolju prijazen, negorljiv in varnej\u0161i. Visoka \u017eilavost in odpornost na udarce, lahko se tiskajo mo\u010dni in trpe\u017eni deli. Temperatura toplotne deformacije je visoka. Zaradi majhnega skr\u010dka je ABS MAX najla\u017eji za tiskanje. eABS-MAX podjetja ESUN. Najbolj\u0161a izbira pri tiskanju z ABS-om.\" \/>\n<meta name=\"robots\" content=\"index, follow, max-snippet:-1, max-image-preview:large, max-video-preview:-1\" \/>\n<link rel=\"canonical\" href=\"https:\/\/www.seneko.net\/hr\/proizvod\/abs-max-filament-1-75mm-black\/\" \/>\n<meta property=\"og:locale\" content=\"hr_HR\" \/>\n<meta property=\"og:type\" content=\"article\" \/>\n<meta property=\"og:title\" content=\"ABS MAX - Seneko\" \/>\n<meta property=\"og:description\" content=\"ABS MAX je izbolj\u0161an filament na osnovi ABS+ filamenta z vi\u0161jimi mehanskimi lastnostmi in spada v razred negorljivosti UL94V-0. Je brez halogena, okolju prijazen, negorljiv in varnej\u0161i. Visoka \u017eilavost in odpornost na udarce, lahko se tiskajo mo\u010dni in trpe\u017eni deli. Temperatura toplotne deformacije je visoka. Zaradi majhnega skr\u010dka je ABS MAX najla\u017eji za tiskanje. eABS-MAX podjetja ESUN. Najbolj\u0161a izbira pri tiskanju z ABS-om.\" \/>\n<meta property=\"og:url\" content=\"https:\/\/www.seneko.net\/hr\/proizvod\/abs-max-filament-1-75mm-black\/\" \/>\n<meta property=\"og:site_name\" content=\"Seneko\" \/>\n<meta property=\"article:publisher\" content=\"https:\/\/www.facebook.com\/seneko3dshop\" \/>\n<meta property=\"article:modified_time\" content=\"2026-01-02T17:40:04+00:00\" \/>\n<meta property=\"og:image\" content=\"https:\/\/www.seneko.net\/wp-content\/uploads\/2022\/02\/81-dMP7q7wL._SL1500_.jpg\" \/>\n\t<meta property=\"og:image:width\" content=\"1456\" \/>\n\t<meta property=\"og:image:height\" content=\"1500\" \/>\n\t<meta property=\"og:image:type\" content=\"image\/jpeg\" \/>\n<meta name=\"twitter:card\" content=\"summary_large_image\" \/>\n<meta name=\"twitter:label1\" content=\"Procijenjeno vrijeme \u010ditanja\" \/>\n\t<meta name=\"twitter:data1\" content=\"2 minute\" \/>\n<script type=\"application\/ld+json\" class=\"yoast-schema-graph\">{\"@context\":\"https:\\\/\\\/schema.org\",\"@graph\":[{\"@type\":\"WebPage\",\"@id\":\"https:\\\/\\\/www.seneko.net\\\/izdelek\\\/abs-max-filament-1-75mm-black\\\/\",\"url\":\"https:\\\/\\\/www.seneko.net\\\/izdelek\\\/abs-max-filament-1-75mm-black\\\/\",\"name\":\"ABS MAX - Seneko\",\"isPartOf\":{\"@id\":\"https:\\\/\\\/www.seneko.net\\\/#website\"},\"primaryImageOfPage\":{\"@id\":\"https:\\\/\\\/www.seneko.net\\\/izdelek\\\/abs-max-filament-1-75mm-black\\\/#primaryimage\"},\"image\":{\"@id\":\"https:\\\/\\\/www.seneko.net\\\/izdelek\\\/abs-max-filament-1-75mm-black\\\/#primaryimage\"},\"thumbnailUrl\":\"https:\\\/\\\/www.seneko.net\\\/wp-content\\\/uploads\\\/2022\\\/02\\\/81-dMP7q7wL._SL1500_.jpg\",\"datePublished\":\"2022-02-03T13:53:54+00:00\",\"dateModified\":\"2026-01-02T17:40:04+00:00\",\"description\":\"ABS MAX je izbolj\u0161an filament na osnovi ABS+ filamenta z vi\u0161jimi mehanskimi lastnostmi in spada v razred negorljivosti UL94V-0. Je brez halogena, okolju prijazen, negorljiv in varnej\u0161i. Visoka \u017eilavost in odpornost na udarce, lahko se tiskajo mo\u010dni in trpe\u017eni deli. Temperatura toplotne deformacije je visoka. Zaradi majhnega skr\u010dka je ABS MAX najla\u017eji za tiskanje. eABS-MAX podjetja ESUN. Najbolj\u0161a izbira pri tiskanju z ABS-om.\",\"breadcrumb\":{\"@id\":\"https:\\\/\\\/www.seneko.net\\\/izdelek\\\/abs-max-filament-1-75mm-black\\\/#breadcrumb\"},\"inLanguage\":\"hr\",\"potentialAction\":[{\"@type\":\"ReadAction\",\"target\":[\"https:\\\/\\\/www.seneko.net\\\/izdelek\\\/abs-max-filament-1-75mm-black\\\/\"]}]},{\"@type\":\"ImageObject\",\"inLanguage\":\"hr\",\"@id\":\"https:\\\/\\\/www.seneko.net\\\/izdelek\\\/abs-max-filament-1-75mm-black\\\/#primaryimage\",\"url\":\"https:\\\/\\\/www.seneko.net\\\/wp-content\\\/uploads\\\/2022\\\/02\\\/81-dMP7q7wL._SL1500_.jpg\",\"contentUrl\":\"https:\\\/\\\/www.seneko.net\\\/wp-content\\\/uploads\\\/2022\\\/02\\\/81-dMP7q7wL._SL1500_.jpg\",\"width\":1456,\"height\":1500,\"caption\":\"ABS MAX Black\"},{\"@type\":\"BreadcrumbList\",\"@id\":\"https:\\\/\\\/www.seneko.net\\\/izdelek\\\/abs-max-filament-1-75mm-black\\\/#breadcrumb\",\"itemListElement\":[{\"@type\":\"ListItem\",\"position\":1,\"name\":\"Home\",\"item\":\"https:\\\/\\\/www.seneko.net\\\/\"},{\"@type\":\"ListItem\",\"position\":2,\"name\":\"Trgovina\",\"item\":\"https:\\\/\\\/www.seneko.net\\\/trgovina\\\/\"},{\"@type\":\"ListItem\",\"position\":3,\"name\":\"eABS Max Filament, 1.75mm (black)\"}]},{\"@type\":\"WebSite\",\"@id\":\"https:\\\/\\\/www.seneko.net\\\/#website\",\"url\":\"https:\\\/\\\/www.seneko.net\\\/\",\"name\":\"Seneko\",\"description\":\"Z vami tiskamo prihodnost\",\"publisher\":{\"@id\":\"https:\\\/\\\/www.seneko.net\\\/#organization\"},\"potentialAction\":[{\"@type\":\"SearchAction\",\"target\":{\"@type\":\"EntryPoint\",\"urlTemplate\":\"https:\\\/\\\/www.seneko.net\\\/?s={search_term_string}\"},\"query-input\":{\"@type\":\"PropertyValueSpecification\",\"valueRequired\":true,\"valueName\":\"search_term_string\"}}],\"inLanguage\":\"hr\"},{\"@type\":\"Organization\",\"@id\":\"https:\\\/\\\/www.seneko.net\\\/#organization\",\"name\":\"Seneko\",\"url\":\"https:\\\/\\\/www.seneko.net\\\/\",\"logo\":{\"@type\":\"ImageObject\",\"inLanguage\":\"hr\",\"@id\":\"https:\\\/\\\/www.seneko.net\\\/#\\\/schema\\\/logo\\\/image\\\/\",\"url\":\"https:\\\/\\\/www.seneko.net\\\/wp-content\\\/uploads\\\/2021\\\/09\\\/logo_1.png\",\"contentUrl\":\"https:\\\/\\\/www.seneko.net\\\/wp-content\\\/uploads\\\/2021\\\/09\\\/logo_1.png\",\"width\":202,\"height\":80,\"caption\":\"Seneko\"},\"image\":{\"@id\":\"https:\\\/\\\/www.seneko.net\\\/#\\\/schema\\\/logo\\\/image\\\/\"},\"sameAs\":[\"https:\\\/\\\/www.facebook.com\\\/seneko3dshop\",\"https:\\\/\\\/www.instagram.com\\\/Seneko3DShop\\\/\"]}]}<\/script>\n<!-- \/ Yoast SEO plugin. -->","yoast_head_json":{"title":"ABS MAX - Seneko","description":"ABS MAX je izbolj\u0161an filament na osnovi ABS+ filamenta z vi\u0161jimi mehanskimi lastnostmi in spada v razred negorljivosti UL94V-0. Je brez halogena, okolju prijazen, negorljiv in varnej\u0161i. Visoka \u017eilavost in odpornost na udarce, lahko se tiskajo mo\u010dni in trpe\u017eni deli. Temperatura toplotne deformacije je visoka. Zaradi majhnega skr\u010dka je ABS MAX najla\u017eji za tiskanje. eABS-MAX podjetja ESUN. Najbolj\u0161a izbira pri tiskanju z ABS-om.","robots":{"index":"index","follow":"follow","max-snippet":"max-snippet:-1","max-image-preview":"max-image-preview:large","max-video-preview":"max-video-preview:-1"},"canonical":"https:\/\/www.seneko.net\/hr\/proizvod\/abs-max-filament-1-75mm-black\/","og_locale":"hr_HR","og_type":"article","og_title":"ABS MAX - Seneko","og_description":"ABS MAX je izbolj\u0161an filament na osnovi ABS+ filamenta z vi\u0161jimi mehanskimi lastnostmi in spada v razred negorljivosti UL94V-0. Je brez halogena, okolju prijazen, negorljiv in varnej\u0161i. Visoka \u017eilavost in odpornost na udarce, lahko se tiskajo mo\u010dni in trpe\u017eni deli. Temperatura toplotne deformacije je visoka. Zaradi majhnega skr\u010dka je ABS MAX najla\u017eji za tiskanje. eABS-MAX podjetja ESUN. Najbolj\u0161a izbira pri tiskanju z ABS-om.","og_url":"https:\/\/www.seneko.net\/hr\/proizvod\/abs-max-filament-1-75mm-black\/","og_site_name":"Seneko","article_publisher":"https:\/\/www.facebook.com\/seneko3dshop","article_modified_time":"2026-01-02T17:40:04+00:00","og_image":[{"width":1456,"height":1500,"url":"https:\/\/www.seneko.net\/wp-content\/uploads\/2022\/02\/81-dMP7q7wL._SL1500_.jpg","type":"image\/jpeg"}],"twitter_card":"summary_large_image","twitter_misc":{"Procijenjeno vrijeme \u010ditanja":"2 minute"},"schema":{"@context":"https:\/\/schema.org","@graph":[{"@type":"WebPage","@id":"https:\/\/www.seneko.net\/izdelek\/abs-max-filament-1-75mm-black\/","url":"https:\/\/www.seneko.net\/izdelek\/abs-max-filament-1-75mm-black\/","name":"ABS MAX - Seneko","isPartOf":{"@id":"https:\/\/www.seneko.net\/#website"},"primaryImageOfPage":{"@id":"https:\/\/www.seneko.net\/izdelek\/abs-max-filament-1-75mm-black\/#primaryimage"},"image":{"@id":"https:\/\/www.seneko.net\/izdelek\/abs-max-filament-1-75mm-black\/#primaryimage"},"thumbnailUrl":"https:\/\/www.seneko.net\/wp-content\/uploads\/2022\/02\/81-dMP7q7wL._SL1500_.jpg","datePublished":"2022-02-03T13:53:54+00:00","dateModified":"2026-01-02T17:40:04+00:00","description":"ABS MAX je izbolj\u0161an filament na osnovi ABS+ filamenta z vi\u0161jimi mehanskimi lastnostmi in spada v razred negorljivosti UL94V-0. Je brez halogena, okolju prijazen, negorljiv in varnej\u0161i. Visoka \u017eilavost in odpornost na udarce, lahko se tiskajo mo\u010dni in trpe\u017eni deli. Temperatura toplotne deformacije je visoka. Zaradi majhnega skr\u010dka je ABS MAX najla\u017eji za tiskanje. eABS-MAX podjetja ESUN. Najbolj\u0161a izbira pri tiskanju z ABS-om.","breadcrumb":{"@id":"https:\/\/www.seneko.net\/izdelek\/abs-max-filament-1-75mm-black\/#breadcrumb"},"inLanguage":"hr","potentialAction":[{"@type":"ReadAction","target":["https:\/\/www.seneko.net\/izdelek\/abs-max-filament-1-75mm-black\/"]}]},{"@type":"ImageObject","inLanguage":"hr","@id":"https:\/\/www.seneko.net\/izdelek\/abs-max-filament-1-75mm-black\/#primaryimage","url":"https:\/\/www.seneko.net\/wp-content\/uploads\/2022\/02\/81-dMP7q7wL._SL1500_.jpg","contentUrl":"https:\/\/www.seneko.net\/wp-content\/uploads\/2022\/02\/81-dMP7q7wL._SL1500_.jpg","width":1456,"height":1500,"caption":"ABS MAX Black"},{"@type":"BreadcrumbList","@id":"https:\/\/www.seneko.net\/izdelek\/abs-max-filament-1-75mm-black\/#breadcrumb","itemListElement":[{"@type":"ListItem","position":1,"name":"Home","item":"https:\/\/www.seneko.net\/"},{"@type":"ListItem","position":2,"name":"Trgovina","item":"https:\/\/www.seneko.net\/trgovina\/"},{"@type":"ListItem","position":3,"name":"eABS Max Filament, 1.75mm (black)"}]},{"@type":"WebSite","@id":"https:\/\/www.seneko.net\/#website","url":"https:\/\/www.seneko.net\/","name":"Seneko","description":"Z vami tiskamo prihodnost","publisher":{"@id":"https:\/\/www.seneko.net\/#organization"},"potentialAction":[{"@type":"SearchAction","target":{"@type":"EntryPoint","urlTemplate":"https:\/\/www.seneko.net\/?s={search_term_string}"},"query-input":{"@type":"PropertyValueSpecification","valueRequired":true,"valueName":"search_term_string"}}],"inLanguage":"hr"},{"@type":"Organization","@id":"https:\/\/www.seneko.net\/#organization","name":"Seneko","url":"https:\/\/www.seneko.net\/","logo":{"@type":"ImageObject","inLanguage":"hr","@id":"https:\/\/www.seneko.net\/#\/schema\/logo\/image\/","url":"https:\/\/www.seneko.net\/wp-content\/uploads\/2021\/09\/logo_1.png","contentUrl":"https:\/\/www.seneko.net\/wp-content\/uploads\/2021\/09\/logo_1.png","width":202,"height":80,"caption":"Seneko"},"image":{"@id":"https:\/\/www.seneko.net\/#\/schema\/logo\/image\/"},"sameAs":["https:\/\/www.facebook.com\/seneko3dshop","https:\/\/www.instagram.com\/Seneko3DShop\/"]}]}},"_links":{"self":[{"href":"https:\/\/www.seneko.net\/hr\/wp-json\/wp\/v2\/product\/3446","targetHints":{"allow":["GET"]}}],"collection":[{"href":"https:\/\/www.seneko.net\/hr\/wp-json\/wp\/v2\/product"}],"about":[{"href":"https:\/\/www.seneko.net\/hr\/wp-json\/wp\/v2\/types\/product"}],"replies":[{"embeddable":true,"href":"https:\/\/www.seneko.net\/hr\/wp-json\/wp\/v2\/comments?post=3446"}],"wp:featuredmedia":[{"embeddable":true,"href":"https:\/\/www.seneko.net\/hr\/wp-json\/wp\/v2\/media\/3451"}],"wp:attachment":[{"href":"https:\/\/www.seneko.net\/hr\/wp-json\/wp\/v2\/media?parent=3446"}],"wp:term":[{"taxonomy":"product_brand","embeddable":true,"href":"https:\/\/www.seneko.net\/hr\/wp-json\/wp\/v2\/product_brand?post=3446"},{"taxonomy":"product_cat","embeddable":true,"href":"https:\/\/www.seneko.net\/hr\/wp-json\/wp\/v2\/product_cat?post=3446"},{"taxonomy":"product_tag","embeddable":true,"href":"https:\/\/www.seneko.net\/hr\/wp-json\/wp\/v2\/product_tag?post=3446"}],"curies":[{"name":"wp","href":"https:\/\/api.w.org\/{rel}","templated":true}]}}