{"id":3605,"date":"2022-03-03T12:22:54","date_gmt":"2022-03-03T10:22:54","guid":{"rendered":"https:\/\/www.seneko.net\/?post_type=product&#038;p=3605"},"modified":"2026-01-02T19:40:08","modified_gmt":"2026-01-02T17:40:08","slug":"pla-lw","status":"publish","type":"product","link":"https:\/\/www.seneko.net\/hr\/proizvod\/pla-lw\/","title":{"rendered":"PLA-LW,1.75mm,natural color"},"content":{"rendered":"<p>PLA-LW (Low Weight) ali PLA z nizko gostoto je material, razvit posebej za letalsko modelarstvo. Medslojna adhezija je dobra, hitrost in mo\u010d penjenja pa je mogo\u010de nadzorovati s prilagajanjem temperature tiskanja. Z uporabo aktivne tehnologije penjenja za doseganje lahkih PLA delov z nizko gostoto je razmerje volumna penjenja 220 %, gostota pa je 0,54 g\/cm3. PLA-LW ima zaradi penjenja ve\u010dplastni vzorec skoraj neviden, povr\u0161ina potiskanega predmeta pa je mat in ob\u010dutljiva. Pod istim modelom in pri isti hitrosti lahki PLA omogo\u010da modelu manj\u0161o obremenitev kril in ni\u017ejo hitrost hlajenja, kar lahko mo\u010dno izbolj\u0161a zmogljivost modela letala.<\/p>\n<p>&nbsp;<\/p>\n<p><strong>\u3010<\/strong><strong>Aplikacija<\/strong><strong>\u3011<\/strong> Tehnologija aktivnega penenja se uporablja za izdelavo lahkih in PLA delov z nizko gostoto, posebej zasnovanih za podro\u010dja modelov letal, dronov in COSPLAY.<\/p>\n<p><strong>\u3010<\/strong><strong>La\u017eja te\u017ea<\/strong><strong>\u3011<\/strong> Pri istem modelu in pri isti hitrosti ePLA-LW omogo\u010da, da ima model letala manj\u0161o obremenitev kril in ni\u017ejo hitrost zastoja.<\/p>\n<p><strong>\u3010<\/strong><strong>Ve\u010d prihranka<\/strong><strong>\u3011<\/strong> Pri tiskanju enakega obsega modela lahko 1 kolut ePLA-LW uporabite kot 2 koluta obi\u010dajnega PLA, kar prihrani 55 % filamenta v primerjavi z obi\u010dajnim PLA.<\/p>\n<p><strong>\u3010<\/strong><strong>Odli\u010den u\u010dinek tiska<\/strong><strong>\u3011<\/strong> V bistvu skoraj neviden rob plasti, odli\u010den mat in ob\u010dutljiv vizualni u\u010dinek po tiskanju. Barvanje je enostavno, povr\u0161inski pigment pa ima mo\u010dno oprijemljivost.<\/p>\n<p><strong>\u3010<\/strong><strong>Vakumirana zaprta embala\u017ea<\/strong><strong>\u3011<\/strong> Neto te\u017ea: 1 kg. Filament eSUN je na voljo v zaprti vakuumski vre\u010dki s su\u0161ilno vre\u010dko, da ostane suh in prepre\u010di prah in tujke, prepre\u010di zagozdenje \u0161ob in ustvari gladke zaklju\u010dne plasti 3D modelov.<\/p>\n<div style=\"width: 1140px;\" class=\"wp-video\"><video class=\"wp-video-shortcode\" id=\"video-3605-1\" width=\"1140\" height=\"641\" preload=\"metadata\" controls=\"controls\"><source type=\"video\/mp4\" src=\"https:\/\/www.seneko.net\/wp-content\/uploads\/2022\/03\/ePLA-LW-eSUN-3D-printer-Filament.mp4?_=1\" \/><a href=\"https:\/\/www.seneko.net\/wp-content\/uploads\/2022\/03\/ePLA-LW-eSUN-3D-printer-Filament.mp4\">https:\/\/www.seneko.net\/wp-content\/uploads\/2022\/03\/ePLA-LW-eSUN-3D-printer-Filament.mp4<\/a><\/video><\/div>\n<p>&nbsp;<\/p>","protected":false},"excerpt":{"rendered":"<ul>\n<li>Gostota do 0,54 g\/cm3<\/li>\n<li>Volumensko razmerje pene 220 %<\/li>\n<li>Prosta nastavitev jakosti in razmerja pene<\/li>\n<li>Odli\u010den u\u010dinek mat povr\u0161ine<\/li>\n<li>Dobra plastna adhezija<\/li>\n<li>Enostaven za barvanje<\/li>\n<li>Odli\u010dna mo\u017enost tiskanja<\/li>\n<\/ul>","protected":false},"featured_media":3608,"comment_status":"open","ping_status":"closed","template":"","meta":[],"product_brand":[],"product_cat":[288,366],"product_tag":[487,486,485,373,380,483,484,482],"class_list":{"0":"post-3605","1":"product","2":"type-product","3":"status-publish","4":"has-post-thumbnail","6":"product_cat-pla-filamenti","7":"product_cat-pla-lw-filamenti","8":"product_tag-lahki-filament","9":"product_tag-low-weight-filament","10":"product_tag-lw-filament","11":"product_tag-pla-filament","12":"product_tag-pla-filamenti","13":"product_tag-pla-low-weight","14":"product_tag-pla-lw-filament","15":"product_tag-pla-lw","16":"pa_barva-natural","18":"first","19":"outofstock","20":"sale","21":"taxable","22":"shipping-taxable","23":"purchasable","24":"product-type-simple"},"bundled_by":[],"bundle_stock_status":"outofstock","bundle_stock_quantity":0,"bundle_virtual":false,"bundle_layout":"","bundle_add_to_cart_form_location":"","bundle_editable_in_cart":false,"bundle_sold_individually_context":"","bundle_item_grouping":"","bundle_min_size":"","bundle_max_size":"","bundle_price":[],"bundled_items":[],"bundle_sell_ids":[],"yoast_head":"<!-- This site is optimized with the Yoast SEO plugin v27.4 - https:\/\/yoast.com\/product\/yoast-seo-wordpress\/ -->\n<title>PLA-LW,1.75mm,natural color - Seneko<\/title>\n<meta name=\"description\" content=\"PLA-LW ali PLA z nizko gostoto je material, razvit posebej za letalsko modelarstvo. Penjenje je mogo\u010de nadzorovati s prilagajanjem temperature tiskanja.\" \/>\n<meta name=\"robots\" content=\"index, follow, max-snippet:-1, max-image-preview:large, max-video-preview:-1\" \/>\n<link rel=\"canonical\" href=\"https:\/\/www.seneko.net\/hr\/proizvod\/pla-lw\/\" \/>\n<meta property=\"og:locale\" content=\"hr_HR\" \/>\n<meta property=\"og:type\" content=\"article\" \/>\n<meta property=\"og:title\" content=\"PLA-LW,1.75mm,natural color - Seneko\" \/>\n<meta property=\"og:description\" content=\"PLA-LW ali PLA z nizko gostoto je material, razvit posebej za letalsko modelarstvo. Penjenje je mogo\u010de nadzorovati s prilagajanjem temperature tiskanja.\" \/>\n<meta property=\"og:url\" content=\"https:\/\/www.seneko.net\/hr\/proizvod\/pla-lw\/\" \/>\n<meta property=\"og:site_name\" content=\"Seneko\" \/>\n<meta property=\"article:publisher\" content=\"https:\/\/www.facebook.com\/seneko3dshop\" \/>\n<meta property=\"article:modified_time\" content=\"2026-01-02T17:40:08+00:00\" \/>\n<meta property=\"og:image\" content=\"https:\/\/www.seneko.net\/wp-content\/uploads\/2022\/03\/epla-lw1.png\" \/>\n\t<meta property=\"og:image:width\" content=\"1000\" \/>\n\t<meta property=\"og:image:height\" content=\"1000\" \/>\n\t<meta property=\"og:image:type\" content=\"image\/png\" \/>\n<meta name=\"twitter:card\" content=\"summary_large_image\" \/>\n<meta name=\"twitter:label1\" content=\"Procijenjeno vrijeme \u010ditanja\" \/>\n\t<meta name=\"twitter:data1\" content=\"2 minute\" \/>\n<script type=\"application\/ld+json\" class=\"yoast-schema-graph\">{\"@context\":\"https:\\\/\\\/schema.org\",\"@graph\":[{\"@type\":\"WebPage\",\"@id\":\"https:\\\/\\\/www.seneko.net\\\/izdelek\\\/pla-lw\\\/\",\"url\":\"https:\\\/\\\/www.seneko.net\\\/izdelek\\\/pla-lw\\\/\",\"name\":\"PLA-LW,1.75mm,natural color - Seneko\",\"isPartOf\":{\"@id\":\"https:\\\/\\\/www.seneko.net\\\/#website\"},\"primaryImageOfPage\":{\"@id\":\"https:\\\/\\\/www.seneko.net\\\/izdelek\\\/pla-lw\\\/#primaryimage\"},\"image\":{\"@id\":\"https:\\\/\\\/www.seneko.net\\\/izdelek\\\/pla-lw\\\/#primaryimage\"},\"thumbnailUrl\":\"https:\\\/\\\/www.seneko.net\\\/wp-content\\\/uploads\\\/2022\\\/03\\\/epla-lw1.png\",\"datePublished\":\"2022-03-03T10:22:54+00:00\",\"dateModified\":\"2026-01-02T17:40:08+00:00\",\"description\":\"PLA-LW ali PLA z nizko gostoto je material, razvit posebej za letalsko modelarstvo. Penjenje je mogo\u010de nadzorovati s prilagajanjem temperature tiskanja.\",\"breadcrumb\":{\"@id\":\"https:\\\/\\\/www.seneko.net\\\/izdelek\\\/pla-lw\\\/#breadcrumb\"},\"inLanguage\":\"hr\",\"potentialAction\":[{\"@type\":\"ReadAction\",\"target\":[\"https:\\\/\\\/www.seneko.net\\\/izdelek\\\/pla-lw\\\/\"]}]},{\"@type\":\"ImageObject\",\"inLanguage\":\"hr\",\"@id\":\"https:\\\/\\\/www.seneko.net\\\/izdelek\\\/pla-lw\\\/#primaryimage\",\"url\":\"https:\\\/\\\/www.seneko.net\\\/wp-content\\\/uploads\\\/2022\\\/03\\\/epla-lw1.png\",\"contentUrl\":\"https:\\\/\\\/www.seneko.net\\\/wp-content\\\/uploads\\\/2022\\\/03\\\/epla-lw1.png\",\"width\":1000,\"height\":1000,\"caption\":\"PLA-LW\"},{\"@type\":\"BreadcrumbList\",\"@id\":\"https:\\\/\\\/www.seneko.net\\\/izdelek\\\/pla-lw\\\/#breadcrumb\",\"itemListElement\":[{\"@type\":\"ListItem\",\"position\":1,\"name\":\"Home\",\"item\":\"https:\\\/\\\/www.seneko.net\\\/\"},{\"@type\":\"ListItem\",\"position\":2,\"name\":\"Trgovina\",\"item\":\"https:\\\/\\\/www.seneko.net\\\/trgovina\\\/\"},{\"@type\":\"ListItem\",\"position\":3,\"name\":\"PLA-LW,1.75mm,natural color\"}]},{\"@type\":\"WebSite\",\"@id\":\"https:\\\/\\\/www.seneko.net\\\/#website\",\"url\":\"https:\\\/\\\/www.seneko.net\\\/\",\"name\":\"Seneko\",\"description\":\"Z vami tiskamo prihodnost\",\"publisher\":{\"@id\":\"https:\\\/\\\/www.seneko.net\\\/#organization\"},\"potentialAction\":[{\"@type\":\"SearchAction\",\"target\":{\"@type\":\"EntryPoint\",\"urlTemplate\":\"https:\\\/\\\/www.seneko.net\\\/?s={search_term_string}\"},\"query-input\":{\"@type\":\"PropertyValueSpecification\",\"valueRequired\":true,\"valueName\":\"search_term_string\"}}],\"inLanguage\":\"hr\"},{\"@type\":\"Organization\",\"@id\":\"https:\\\/\\\/www.seneko.net\\\/#organization\",\"name\":\"Seneko\",\"url\":\"https:\\\/\\\/www.seneko.net\\\/\",\"logo\":{\"@type\":\"ImageObject\",\"inLanguage\":\"hr\",\"@id\":\"https:\\\/\\\/www.seneko.net\\\/#\\\/schema\\\/logo\\\/image\\\/\",\"url\":\"https:\\\/\\\/www.seneko.net\\\/wp-content\\\/uploads\\\/2021\\\/09\\\/logo_1.png\",\"contentUrl\":\"https:\\\/\\\/www.seneko.net\\\/wp-content\\\/uploads\\\/2021\\\/09\\\/logo_1.png\",\"width\":202,\"height\":80,\"caption\":\"Seneko\"},\"image\":{\"@id\":\"https:\\\/\\\/www.seneko.net\\\/#\\\/schema\\\/logo\\\/image\\\/\"},\"sameAs\":[\"https:\\\/\\\/www.facebook.com\\\/seneko3dshop\",\"https:\\\/\\\/www.instagram.com\\\/Seneko3DShop\\\/\"]}]}<\/script>\n<!-- \/ Yoast SEO plugin. -->","yoast_head_json":{"title":"PLA-LW,1.75mm,natural color - Seneko","description":"PLA-LW ali PLA z nizko gostoto je material, razvit posebej za letalsko modelarstvo. Penjenje je mogo\u010de nadzorovati s prilagajanjem temperature tiskanja.","robots":{"index":"index","follow":"follow","max-snippet":"max-snippet:-1","max-image-preview":"max-image-preview:large","max-video-preview":"max-video-preview:-1"},"canonical":"https:\/\/www.seneko.net\/hr\/proizvod\/pla-lw\/","og_locale":"hr_HR","og_type":"article","og_title":"PLA-LW,1.75mm,natural color - Seneko","og_description":"PLA-LW ali PLA z nizko gostoto je material, razvit posebej za letalsko modelarstvo. Penjenje je mogo\u010de nadzorovati s prilagajanjem temperature tiskanja.","og_url":"https:\/\/www.seneko.net\/hr\/proizvod\/pla-lw\/","og_site_name":"Seneko","article_publisher":"https:\/\/www.facebook.com\/seneko3dshop","article_modified_time":"2026-01-02T17:40:08+00:00","og_image":[{"width":1000,"height":1000,"url":"https:\/\/www.seneko.net\/wp-content\/uploads\/2022\/03\/epla-lw1.png","type":"image\/png"}],"twitter_card":"summary_large_image","twitter_misc":{"Procijenjeno vrijeme \u010ditanja":"2 minute"},"schema":{"@context":"https:\/\/schema.org","@graph":[{"@type":"WebPage","@id":"https:\/\/www.seneko.net\/izdelek\/pla-lw\/","url":"https:\/\/www.seneko.net\/izdelek\/pla-lw\/","name":"PLA-LW,1.75mm,natural color - Seneko","isPartOf":{"@id":"https:\/\/www.seneko.net\/#website"},"primaryImageOfPage":{"@id":"https:\/\/www.seneko.net\/izdelek\/pla-lw\/#primaryimage"},"image":{"@id":"https:\/\/www.seneko.net\/izdelek\/pla-lw\/#primaryimage"},"thumbnailUrl":"https:\/\/www.seneko.net\/wp-content\/uploads\/2022\/03\/epla-lw1.png","datePublished":"2022-03-03T10:22:54+00:00","dateModified":"2026-01-02T17:40:08+00:00","description":"PLA-LW ali PLA z nizko gostoto je material, razvit posebej za letalsko modelarstvo. Penjenje je mogo\u010de nadzorovati s prilagajanjem temperature tiskanja.","breadcrumb":{"@id":"https:\/\/www.seneko.net\/izdelek\/pla-lw\/#breadcrumb"},"inLanguage":"hr","potentialAction":[{"@type":"ReadAction","target":["https:\/\/www.seneko.net\/izdelek\/pla-lw\/"]}]},{"@type":"ImageObject","inLanguage":"hr","@id":"https:\/\/www.seneko.net\/izdelek\/pla-lw\/#primaryimage","url":"https:\/\/www.seneko.net\/wp-content\/uploads\/2022\/03\/epla-lw1.png","contentUrl":"https:\/\/www.seneko.net\/wp-content\/uploads\/2022\/03\/epla-lw1.png","width":1000,"height":1000,"caption":"PLA-LW"},{"@type":"BreadcrumbList","@id":"https:\/\/www.seneko.net\/izdelek\/pla-lw\/#breadcrumb","itemListElement":[{"@type":"ListItem","position":1,"name":"Home","item":"https:\/\/www.seneko.net\/"},{"@type":"ListItem","position":2,"name":"Trgovina","item":"https:\/\/www.seneko.net\/trgovina\/"},{"@type":"ListItem","position":3,"name":"PLA-LW,1.75mm,natural color"}]},{"@type":"WebSite","@id":"https:\/\/www.seneko.net\/#website","url":"https:\/\/www.seneko.net\/","name":"Seneko","description":"Z vami tiskamo prihodnost","publisher":{"@id":"https:\/\/www.seneko.net\/#organization"},"potentialAction":[{"@type":"SearchAction","target":{"@type":"EntryPoint","urlTemplate":"https:\/\/www.seneko.net\/?s={search_term_string}"},"query-input":{"@type":"PropertyValueSpecification","valueRequired":true,"valueName":"search_term_string"}}],"inLanguage":"hr"},{"@type":"Organization","@id":"https:\/\/www.seneko.net\/#organization","name":"Seneko","url":"https:\/\/www.seneko.net\/","logo":{"@type":"ImageObject","inLanguage":"hr","@id":"https:\/\/www.seneko.net\/#\/schema\/logo\/image\/","url":"https:\/\/www.seneko.net\/wp-content\/uploads\/2021\/09\/logo_1.png","contentUrl":"https:\/\/www.seneko.net\/wp-content\/uploads\/2021\/09\/logo_1.png","width":202,"height":80,"caption":"Seneko"},"image":{"@id":"https:\/\/www.seneko.net\/#\/schema\/logo\/image\/"},"sameAs":["https:\/\/www.facebook.com\/seneko3dshop","https:\/\/www.instagram.com\/Seneko3DShop\/"]}]}},"_links":{"self":[{"href":"https:\/\/www.seneko.net\/hr\/wp-json\/wp\/v2\/product\/3605","targetHints":{"allow":["GET"]}}],"collection":[{"href":"https:\/\/www.seneko.net\/hr\/wp-json\/wp\/v2\/product"}],"about":[{"href":"https:\/\/www.seneko.net\/hr\/wp-json\/wp\/v2\/types\/product"}],"replies":[{"embeddable":true,"href":"https:\/\/www.seneko.net\/hr\/wp-json\/wp\/v2\/comments?post=3605"}],"wp:featuredmedia":[{"embeddable":true,"href":"https:\/\/www.seneko.net\/hr\/wp-json\/wp\/v2\/media\/3608"}],"wp:attachment":[{"href":"https:\/\/www.seneko.net\/hr\/wp-json\/wp\/v2\/media?parent=3605"}],"wp:term":[{"taxonomy":"product_brand","embeddable":true,"href":"https:\/\/www.seneko.net\/hr\/wp-json\/wp\/v2\/product_brand?post=3605"},{"taxonomy":"product_cat","embeddable":true,"href":"https:\/\/www.seneko.net\/hr\/wp-json\/wp\/v2\/product_cat?post=3605"},{"taxonomy":"product_tag","embeddable":true,"href":"https:\/\/www.seneko.net\/hr\/wp-json\/wp\/v2\/product_tag?post=3605"}],"curies":[{"name":"wp","href":"https:\/\/api.w.org\/{rel}","templated":true}]}}