{"id":3643,"date":"2022-03-03T13:23:51","date_gmt":"2022-03-03T11:23:51","guid":{"rendered":"https:\/\/www.seneko.net\/?post_type=product&#038;p=3643"},"modified":"2026-04-24T13:19:38","modified_gmt":"2026-04-24T11:19:38","slug":"silk-pla-filament1-75mm","status":"publish","type":"product","link":"https:\/\/www.seneko.net\/hr\/proizvod\/silk-pla-filament1-75mm\/","title":{"rendered":"Silk PLA filament,1.75mm"},"content":{"rendered":"<p>Silk PLA filament je PLA filament z svilnatim kon\u010dnim videzom. Model ima sijo\u010do in svileno sijajno teksturo, povr\u0161ina tiskanega izdelka je gladka brez vidnih plasti. Modificiran je iz PLA materiala in je enostaven za tiskanje. Gladka in sijo\u010da \u200b\u200bpovr\u0161ina, kot prava svila. Ni potrebno dodatno poliranje, tiskanje z visoko resolucijo daje \u010dudovit svilnat zaklju\u010dek tiskanemu izdelku. Silk PLA filament je popoln za umetni\u0161ke in obrtne projekte, vaze in vse druge 3D tiskane predmete, ki bi lahko imeli korist od edinstvenega svilnatega gladkega izgleda.<\/p>\n<p>&nbsp;<\/p>\n<p><strong>\u3010Silk PLA<\/strong><strong>\u3011<\/strong> Gladka in sijo\u010da \u200b\u200bpovr\u0161ina, kot prava svila. Ni potrebno dodatno poliranje, tiskanje z visoko resolucijo daje \u010dudovit svilnat zaklju\u010dek tiskanemu izdelku. Popoln za umetni\u0161ke in obrtne projekte, vaze in vse druge 3D tiskane predmete, ki bi lahko imeli korist od edinstvenega svilnatega gladkega izgleda.<\/p>\n<p>\u3010<strong>Dimenzijska toleranca +\/- 0,03 mm<\/strong>\u3011 Minimalna toleranca in nizka stopnja upogibanja, da se zagotovi\u00a0 enakomeren in stabilen tisk, brez zama\u0161itve, z izjemno visoko stopnjo uspe\u0161nosti, kar se ka\u017ee na natan\u010dno natiskanih delih z dobro zaklju\u010dno povr\u0161ino.<\/p>\n<p>\u3010<strong>Brez prepletanja in brez zatikanja<\/strong><strong>\u3011<\/strong> Skupna dol\u017eina: 340-350 m. Celoten kolut filamenta za 3D tiskalnik ima popolno okroglost in zelo tesno toleranco premera, ki se ne prekriva ali zapleta. Topi se enakomerno in gladko brez ma\u0161enja \u0161obe ali ekstruderja.<\/p>\n<p>\u3010<strong>Okolju prijazen material<\/strong><strong>\u3011<\/strong>Filamenti eSUN so izdelani iz \u010distih materialov, biolo\u0161ko razgradljivih, okolju prijaznih, nestrupenih z nizko stopnjo vonjav. Ne \u0161kodi ne uporabniku, ne okolju.<\/p>\n<p>\u3010<strong>Visoka zdru\u017eljivost<\/strong><strong>\u3011<\/strong> Zdru\u017eljivo z ve\u010dino FDM 3D tiskalnikov, ki uporabljajo filament 1,75 mm, kot so: Prusa, Reprap, Afinia, MakerBot, PrintrBot, UltiMaker, Airwolf, Aleph Objects, Makergear, Up, Lulzbot, Simplify3D itd., Flash<\/p>\n<p><strong>\u3010Vakuumsko zaprta embala\u017ea<\/strong><strong>\u3011<\/strong> Neto te\u017ea: 1 kg. Filament eSUN je na voljo v zaprti vakuumski vre\u010dki s su\u0161ilno vre\u010dko, da ostane suh brez prahu in tujkov, kar prepre\u010di zagozdenje \u0161ob in enakomerno ekstruzijo.<\/p>\n<p>&nbsp;<\/p>\n<p>Primeren za:\u00a0Igra\u010de, Dekoracija<\/p>","protected":false},"excerpt":{"rendered":"<ul>\n<li>Sijo\u010da \u200b\u200bin svilena sijajna tekstura,<\/li>\n<li>Gladka povr\u0161ina.<\/li>\n<li>Enostavno tiskanje kot pri PLA.<\/li>\n<li>Visoka \u017eilavost.<\/li>\n<\/ul>","protected":false},"featured_media":4037,"comment_status":"open","ping_status":"closed","template":"","meta":[],"product_brand":[],"product_cat":[288,291],"product_tag":[378,374,379,454,449,451,448,453,452,450],"class_list":{"0":"post-3643","1":"product","2":"type-product","3":"status-publish","4":"has-post-thumbnail","6":"product_cat-pla-filamenti","7":"product_cat-pla-silk","8":"product_tag-esun","9":"product_tag-filament","10":"product_tag-filamenti","11":"product_tag-pla-silk","12":"product_tag-silk-filament","13":"product_tag-silk-filamenti","14":"product_tag-silk-pla","15":"product_tag-silk-pla-filament","16":"product_tag-svilnat","17":"product_tag-svilnati-filament","18":"pa_barva-copper","19":"pa_barva-purple","20":"pa_barva-rainbow","21":"pa_barva-red","22":"pa_barva-rose-gold","23":"pa_barva-silver","24":"pa_barva-white","26":"first","27":"instock","28":"sale","29":"taxable","30":"shipping-taxable","31":"purchasable","32":"product-type-variable"},"bundled_by":[],"bundle_stock_status":"instock","bundle_stock_quantity":null,"bundle_virtual":false,"bundle_layout":"","bundle_add_to_cart_form_location":"","bundle_editable_in_cart":false,"bundle_sold_individually_context":"","bundle_item_grouping":"","bundle_min_size":"","bundle_max_size":"","bundle_price":[],"bundled_items":[],"bundle_sell_ids":[],"yoast_head":"<!-- This site is optimized with the Yoast SEO plugin v27.4 - https:\/\/yoast.com\/product\/yoast-seo-wordpress\/ -->\n<title>Silk PLA filament,1.75mm - Seneko<\/title>\n<meta name=\"description\" content=\"Silk PLA filament je PLA filament z svilnatim kon\u010dnim videzom. Model ima sijo\u010do in svileno sijajno teksturo, povr\u0161ina tiskanega izdelka je gladka brez vidnih plasti. Modificiran je iz PLA materiala in je enostaven za tiskanje. Gladka in sijo\u010da \u200b\u200bpovr\u0161ina, kot prava svila. Ni potrebno dodatno poliranje, tiskanje z visoko resolucijo daje \u010dudovit svilnat zaklju\u010dek tiskanemu izdelku. Silk PLA filament je popoln za umetni\u0161ke in obrtne projekte, vaze in vse druge 3D tiskane predmete, ki bi lahko imeli korist od edinstvenega svilnatega gladkega izgleda.\u3010Silk PLA\u3011 Gladka in sijo\u010da \u200b\u200bpovr\u0161ina, kot prava svila. Ni potrebno dodatno poliranje, tiskanje z visoko resolucijo daje \u010dudovit svilnat zaklju\u010dek tiskanemu izdelku. Popoln za umetni\u0161ke in obrtne projekte, vaze in vse druge 3D tiskane predmete, ki bi lahko imeli korist od edinstvenega svilnatega gladkega izgleda.\u3010Dimenzijska toleranca +\/- 0,03 mm\u3011 Minimalna toleranca in nizka stopnja upogibanja, da se zagotovi\u00a0 enakomeren in stabilen tisk, brez zama\u0161itve, z izjemno visoko stopnjo uspe\u0161nosti, kar se ka\u017ee na natan\u010dno natiskanih delih z dobro zaklju\u010dno povr\u0161ino.\u3010Brez prepletanja in brez zatikanja\u3011 Skupna dol\u017eina: 340-350 m. Celoten kolut filamenta za 3D tiskalnik ima popolno okroglost in zelo tesno toleranco premera, ki se ne prekriva ali zapleta. Topi se enakomerno in gladko brez ma\u0161enja \u0161obe ali ekstruderja.\u3010Okolju prijazen material\u3011Filamenti eSUN so izdelani iz \u010distih materialov, biolo\u0161ko razgradljivih, okolju prijaznih, nestrupenih z nizko stopnjo vonjav. Ne \u0161kodi ne uporabniku, ne okolju.\u3010Visoka zdru\u017eljivost\u3011 Zdru\u017eljivo z ve\u010dino FDM 3D tiskalnikov, ki uporabljajo filament 1,75 mm, kot so: Prusa, Reprap, Afinia, MakerBot, PrintrBot, UltiMaker, Airwolf, Aleph Objects, Makergear, Up, Lulzbot, Simplify3D itd., Flash\u3010Vakuumsko zaprta embala\u017ea\u3011 Neto te\u017ea: 1 kg. Filament eSUN je na voljo v zaprti vakuumski vre\u010dki s su\u0161ilno vre\u010dko, da ostane suh brez prahu in tujkov, kar prepre\u010di zagozdenje \u0161ob in enakomerno ekstruzijo.Primeren za:\u00a0Igra\u010de, Dekoracija\" \/>\n<meta name=\"robots\" content=\"index, follow, max-snippet:-1, max-image-preview:large, max-video-preview:-1\" \/>\n<link rel=\"canonical\" href=\"https:\/\/www.seneko.net\/hr\/proizvod\/silk-pla-filament1-75mm\/\" \/>\n<meta property=\"og:locale\" content=\"hr_HR\" \/>\n<meta property=\"og:type\" content=\"article\" \/>\n<meta property=\"og:title\" content=\"Silk PLA filament,1.75mm - Seneko\" \/>\n<meta property=\"og:description\" content=\"Silk PLA filament je PLA filament z svilnatim kon\u010dnim videzom. Model ima sijo\u010do in svileno sijajno teksturo, povr\u0161ina tiskanega izdelka je gladka brez vidnih plasti. Modificiran je iz PLA materiala in je enostaven za tiskanje. Gladka in sijo\u010da \u200b\u200bpovr\u0161ina, kot prava svila. Ni potrebno dodatno poliranje, tiskanje z visoko resolucijo daje \u010dudovit svilnat zaklju\u010dek tiskanemu izdelku. Silk PLA filament je popoln za umetni\u0161ke in obrtne projekte, vaze in vse druge 3D tiskane predmete, ki bi lahko imeli korist od edinstvenega svilnatega gladkega izgleda.\u3010Silk PLA\u3011 Gladka in sijo\u010da \u200b\u200bpovr\u0161ina, kot prava svila. Ni potrebno dodatno poliranje, tiskanje z visoko resolucijo daje \u010dudovit svilnat zaklju\u010dek tiskanemu izdelku. Popoln za umetni\u0161ke in obrtne projekte, vaze in vse druge 3D tiskane predmete, ki bi lahko imeli korist od edinstvenega svilnatega gladkega izgleda.\u3010Dimenzijska toleranca +\/- 0,03 mm\u3011 Minimalna toleranca in nizka stopnja upogibanja, da se zagotovi\u00a0 enakomeren in stabilen tisk, brez zama\u0161itve, z izjemno visoko stopnjo uspe\u0161nosti, kar se ka\u017ee na natan\u010dno natiskanih delih z dobro zaklju\u010dno povr\u0161ino.\u3010Brez prepletanja in brez zatikanja\u3011 Skupna dol\u017eina: 340-350 m. Celoten kolut filamenta za 3D tiskalnik ima popolno okroglost in zelo tesno toleranco premera, ki se ne prekriva ali zapleta. Topi se enakomerno in gladko brez ma\u0161enja \u0161obe ali ekstruderja.\u3010Okolju prijazen material\u3011Filamenti eSUN so izdelani iz \u010distih materialov, biolo\u0161ko razgradljivih, okolju prijaznih, nestrupenih z nizko stopnjo vonjav. Ne \u0161kodi ne uporabniku, ne okolju.\u3010Visoka zdru\u017eljivost\u3011 Zdru\u017eljivo z ve\u010dino FDM 3D tiskalnikov, ki uporabljajo filament 1,75 mm, kot so: Prusa, Reprap, Afinia, MakerBot, PrintrBot, UltiMaker, Airwolf, Aleph Objects, Makergear, Up, Lulzbot, Simplify3D itd., Flash\u3010Vakuumsko zaprta embala\u017ea\u3011 Neto te\u017ea: 1 kg. Filament eSUN je na voljo v zaprti vakuumski vre\u010dki s su\u0161ilno vre\u010dko, da ostane suh brez prahu in tujkov, kar prepre\u010di zagozdenje \u0161ob in enakomerno ekstruzijo.Primeren za:\u00a0Igra\u010de, Dekoracija\" \/>\n<meta property=\"og:url\" content=\"https:\/\/www.seneko.net\/hr\/proizvod\/silk-pla-filament1-75mm\/\" \/>\n<meta property=\"og:site_name\" content=\"Seneko\" \/>\n<meta property=\"article:publisher\" content=\"https:\/\/www.facebook.com\/seneko3dshop\" \/>\n<meta property=\"article:modified_time\" content=\"2026-04-24T11:19:38+00:00\" \/>\n<meta property=\"og:image\" content=\"https:\/\/www.seneko.net\/wp-content\/uploads\/2022\/03\/esilk2-1.png\" \/>\n\t<meta property=\"og:image:width\" content=\"1000\" \/>\n\t<meta property=\"og:image:height\" content=\"1000\" \/>\n\t<meta property=\"og:image:type\" content=\"image\/png\" \/>\n<meta name=\"twitter:card\" content=\"summary_large_image\" \/>\n<meta name=\"twitter:label1\" content=\"Procijenjeno vrijeme \u010ditanja\" \/>\n\t<meta name=\"twitter:data1\" content=\"2 minute\" \/>\n<script type=\"application\/ld+json\" class=\"yoast-schema-graph\">{\"@context\":\"https:\\\/\\\/schema.org\",\"@graph\":[{\"@type\":\"WebPage\",\"@id\":\"https:\\\/\\\/www.seneko.net\\\/izdelek\\\/silk-pla-filament1-75mm\\\/\",\"url\":\"https:\\\/\\\/www.seneko.net\\\/izdelek\\\/silk-pla-filament1-75mm\\\/\",\"name\":\"Silk PLA filament,1.75mm - Seneko\",\"isPartOf\":{\"@id\":\"https:\\\/\\\/www.seneko.net\\\/#website\"},\"primaryImageOfPage\":{\"@id\":\"https:\\\/\\\/www.seneko.net\\\/izdelek\\\/silk-pla-filament1-75mm\\\/#primaryimage\"},\"image\":{\"@id\":\"https:\\\/\\\/www.seneko.net\\\/izdelek\\\/silk-pla-filament1-75mm\\\/#primaryimage\"},\"thumbnailUrl\":\"https:\\\/\\\/www.seneko.net\\\/wp-content\\\/uploads\\\/2022\\\/03\\\/esilk2-1.png\",\"datePublished\":\"2022-03-03T11:23:51+00:00\",\"dateModified\":\"2026-04-24T11:19:38+00:00\",\"description\":\"Silk PLA filament je PLA filament z svilnatim kon\u010dnim videzom. Model ima sijo\u010do in svileno sijajno teksturo, povr\u0161ina tiskanega izdelka je gladka brez vidnih plasti. Modificiran je iz PLA materiala in je enostaven za tiskanje. Gladka in sijo\u010da \u200b\u200bpovr\u0161ina, kot prava svila. Ni potrebno dodatno poliranje, tiskanje z visoko resolucijo daje \u010dudovit svilnat zaklju\u010dek tiskanemu izdelku. Silk PLA filament je popoln za umetni\u0161ke in obrtne projekte, vaze in vse druge 3D tiskane predmete, ki bi lahko imeli korist od edinstvenega svilnatega gladkega izgleda.\u3010Silk PLA\u3011 Gladka in sijo\u010da \u200b\u200bpovr\u0161ina, kot prava svila. Ni potrebno dodatno poliranje, tiskanje z visoko resolucijo daje \u010dudovit svilnat zaklju\u010dek tiskanemu izdelku. Popoln za umetni\u0161ke in obrtne projekte, vaze in vse druge 3D tiskane predmete, ki bi lahko imeli korist od edinstvenega svilnatega gladkega izgleda.\u3010Dimenzijska toleranca +\\\/- 0,03 mm\u3011 Minimalna toleranca in nizka stopnja upogibanja, da se zagotovi\u00a0 enakomeren in stabilen tisk, brez zama\u0161itve, z izjemno visoko stopnjo uspe\u0161nosti, kar se ka\u017ee na natan\u010dno natiskanih delih z dobro zaklju\u010dno povr\u0161ino.\u3010Brez prepletanja in brez zatikanja\u3011 Skupna dol\u017eina: 340-350 m. Celoten kolut filamenta za 3D tiskalnik ima popolno okroglost in zelo tesno toleranco premera, ki se ne prekriva ali zapleta. Topi se enakomerno in gladko brez ma\u0161enja \u0161obe ali ekstruderja.\u3010Okolju prijazen material\u3011Filamenti eSUN so izdelani iz \u010distih materialov, biolo\u0161ko razgradljivih, okolju prijaznih, nestrupenih z nizko stopnjo vonjav. Ne \u0161kodi ne uporabniku, ne okolju.\u3010Visoka zdru\u017eljivost\u3011 Zdru\u017eljivo z ve\u010dino FDM 3D tiskalnikov, ki uporabljajo filament 1,75 mm, kot so: Prusa, Reprap, Afinia, MakerBot, PrintrBot, UltiMaker, Airwolf, Aleph Objects, Makergear, Up, Lulzbot, Simplify3D itd., Flash\u3010Vakuumsko zaprta embala\u017ea\u3011 Neto te\u017ea: 1 kg. Filament eSUN je na voljo v zaprti vakuumski vre\u010dki s su\u0161ilno vre\u010dko, da ostane suh brez prahu in tujkov, kar prepre\u010di zagozdenje \u0161ob in enakomerno ekstruzijo.Primeren za:\u00a0Igra\u010de, Dekoracija\",\"breadcrumb\":{\"@id\":\"https:\\\/\\\/www.seneko.net\\\/izdelek\\\/silk-pla-filament1-75mm\\\/#breadcrumb\"},\"inLanguage\":\"hr\",\"potentialAction\":[{\"@type\":\"ReadAction\",\"target\":[\"https:\\\/\\\/www.seneko.net\\\/izdelek\\\/silk-pla-filament1-75mm\\\/\"]}]},{\"@type\":\"ImageObject\",\"inLanguage\":\"hr\",\"@id\":\"https:\\\/\\\/www.seneko.net\\\/izdelek\\\/silk-pla-filament1-75mm\\\/#primaryimage\",\"url\":\"https:\\\/\\\/www.seneko.net\\\/wp-content\\\/uploads\\\/2022\\\/03\\\/esilk2-1.png\",\"contentUrl\":\"https:\\\/\\\/www.seneko.net\\\/wp-content\\\/uploads\\\/2022\\\/03\\\/esilk2-1.png\",\"width\":1000,\"height\":1000,\"caption\":\"Silk-PLA filament\"},{\"@type\":\"BreadcrumbList\",\"@id\":\"https:\\\/\\\/www.seneko.net\\\/izdelek\\\/silk-pla-filament1-75mm\\\/#breadcrumb\",\"itemListElement\":[{\"@type\":\"ListItem\",\"position\":1,\"name\":\"Home\",\"item\":\"https:\\\/\\\/www.seneko.net\\\/\"},{\"@type\":\"ListItem\",\"position\":2,\"name\":\"Trgovina\",\"item\":\"https:\\\/\\\/www.seneko.net\\\/trgovina\\\/\"},{\"@type\":\"ListItem\",\"position\":3,\"name\":\"Silk PLA filament,1.75mm\"}]},{\"@type\":\"WebSite\",\"@id\":\"https:\\\/\\\/www.seneko.net\\\/#website\",\"url\":\"https:\\\/\\\/www.seneko.net\\\/\",\"name\":\"Seneko\",\"description\":\"Z vami tiskamo prihodnost\",\"publisher\":{\"@id\":\"https:\\\/\\\/www.seneko.net\\\/#organization\"},\"potentialAction\":[{\"@type\":\"SearchAction\",\"target\":{\"@type\":\"EntryPoint\",\"urlTemplate\":\"https:\\\/\\\/www.seneko.net\\\/?s={search_term_string}\"},\"query-input\":{\"@type\":\"PropertyValueSpecification\",\"valueRequired\":true,\"valueName\":\"search_term_string\"}}],\"inLanguage\":\"hr\"},{\"@type\":\"Organization\",\"@id\":\"https:\\\/\\\/www.seneko.net\\\/#organization\",\"name\":\"Seneko\",\"url\":\"https:\\\/\\\/www.seneko.net\\\/\",\"logo\":{\"@type\":\"ImageObject\",\"inLanguage\":\"hr\",\"@id\":\"https:\\\/\\\/www.seneko.net\\\/#\\\/schema\\\/logo\\\/image\\\/\",\"url\":\"https:\\\/\\\/www.seneko.net\\\/wp-content\\\/uploads\\\/2021\\\/09\\\/logo_1.png\",\"contentUrl\":\"https:\\\/\\\/www.seneko.net\\\/wp-content\\\/uploads\\\/2021\\\/09\\\/logo_1.png\",\"width\":202,\"height\":80,\"caption\":\"Seneko\"},\"image\":{\"@id\":\"https:\\\/\\\/www.seneko.net\\\/#\\\/schema\\\/logo\\\/image\\\/\"},\"sameAs\":[\"https:\\\/\\\/www.facebook.com\\\/seneko3dshop\",\"https:\\\/\\\/www.instagram.com\\\/Seneko3DShop\\\/\"]}]}<\/script>\n<!-- \/ Yoast SEO plugin. -->","yoast_head_json":{"title":"Silk PLA filament,1.75mm - Seneko","description":"Silk PLA filament je PLA filament z svilnatim kon\u010dnim videzom. Model ima sijo\u010do in svileno sijajno teksturo, povr\u0161ina tiskanega izdelka je gladka brez vidnih plasti. Modificiran je iz PLA materiala in je enostaven za tiskanje. Gladka in sijo\u010da \u200b\u200bpovr\u0161ina, kot prava svila. Ni potrebno dodatno poliranje, tiskanje z visoko resolucijo daje \u010dudovit svilnat zaklju\u010dek tiskanemu izdelku. Silk PLA filament je popoln za umetni\u0161ke in obrtne projekte, vaze in vse druge 3D tiskane predmete, ki bi lahko imeli korist od edinstvenega svilnatega gladkega izgleda.\u3010Silk PLA\u3011 Gladka in sijo\u010da \u200b\u200bpovr\u0161ina, kot prava svila. Ni potrebno dodatno poliranje, tiskanje z visoko resolucijo daje \u010dudovit svilnat zaklju\u010dek tiskanemu izdelku. Popoln za umetni\u0161ke in obrtne projekte, vaze in vse druge 3D tiskane predmete, ki bi lahko imeli korist od edinstvenega svilnatega gladkega izgleda.\u3010Dimenzijska toleranca +\/- 0,03 mm\u3011 Minimalna toleranca in nizka stopnja upogibanja, da se zagotovi\u00a0 enakomeren in stabilen tisk, brez zama\u0161itve, z izjemno visoko stopnjo uspe\u0161nosti, kar se ka\u017ee na natan\u010dno natiskanih delih z dobro zaklju\u010dno povr\u0161ino.\u3010Brez prepletanja in brez zatikanja\u3011 Skupna dol\u017eina: 340-350 m. Celoten kolut filamenta za 3D tiskalnik ima popolno okroglost in zelo tesno toleranco premera, ki se ne prekriva ali zapleta. Topi se enakomerno in gladko brez ma\u0161enja \u0161obe ali ekstruderja.\u3010Okolju prijazen material\u3011Filamenti eSUN so izdelani iz \u010distih materialov, biolo\u0161ko razgradljivih, okolju prijaznih, nestrupenih z nizko stopnjo vonjav. Ne \u0161kodi ne uporabniku, ne okolju.\u3010Visoka zdru\u017eljivost\u3011 Zdru\u017eljivo z ve\u010dino FDM 3D tiskalnikov, ki uporabljajo filament 1,75 mm, kot so: Prusa, Reprap, Afinia, MakerBot, PrintrBot, UltiMaker, Airwolf, Aleph Objects, Makergear, Up, Lulzbot, Simplify3D itd., Flash\u3010Vakuumsko zaprta embala\u017ea\u3011 Neto te\u017ea: 1 kg. Filament eSUN je na voljo v zaprti vakuumski vre\u010dki s su\u0161ilno vre\u010dko, da ostane suh brez prahu in tujkov, kar prepre\u010di zagozdenje \u0161ob in enakomerno ekstruzijo.Primeren za:\u00a0Igra\u010de, Dekoracija","robots":{"index":"index","follow":"follow","max-snippet":"max-snippet:-1","max-image-preview":"max-image-preview:large","max-video-preview":"max-video-preview:-1"},"canonical":"https:\/\/www.seneko.net\/hr\/proizvod\/silk-pla-filament1-75mm\/","og_locale":"hr_HR","og_type":"article","og_title":"Silk PLA filament,1.75mm - Seneko","og_description":"Silk PLA filament je PLA filament z svilnatim kon\u010dnim videzom. Model ima sijo\u010do in svileno sijajno teksturo, povr\u0161ina tiskanega izdelka je gladka brez vidnih plasti. Modificiran je iz PLA materiala in je enostaven za tiskanje. Gladka in sijo\u010da \u200b\u200bpovr\u0161ina, kot prava svila. Ni potrebno dodatno poliranje, tiskanje z visoko resolucijo daje \u010dudovit svilnat zaklju\u010dek tiskanemu izdelku. Silk PLA filament je popoln za umetni\u0161ke in obrtne projekte, vaze in vse druge 3D tiskane predmete, ki bi lahko imeli korist od edinstvenega svilnatega gladkega izgleda.\u3010Silk PLA\u3011 Gladka in sijo\u010da \u200b\u200bpovr\u0161ina, kot prava svila. Ni potrebno dodatno poliranje, tiskanje z visoko resolucijo daje \u010dudovit svilnat zaklju\u010dek tiskanemu izdelku. Popoln za umetni\u0161ke in obrtne projekte, vaze in vse druge 3D tiskane predmete, ki bi lahko imeli korist od edinstvenega svilnatega gladkega izgleda.\u3010Dimenzijska toleranca +\/- 0,03 mm\u3011 Minimalna toleranca in nizka stopnja upogibanja, da se zagotovi\u00a0 enakomeren in stabilen tisk, brez zama\u0161itve, z izjemno visoko stopnjo uspe\u0161nosti, kar se ka\u017ee na natan\u010dno natiskanih delih z dobro zaklju\u010dno povr\u0161ino.\u3010Brez prepletanja in brez zatikanja\u3011 Skupna dol\u017eina: 340-350 m. Celoten kolut filamenta za 3D tiskalnik ima popolno okroglost in zelo tesno toleranco premera, ki se ne prekriva ali zapleta. Topi se enakomerno in gladko brez ma\u0161enja \u0161obe ali ekstruderja.\u3010Okolju prijazen material\u3011Filamenti eSUN so izdelani iz \u010distih materialov, biolo\u0161ko razgradljivih, okolju prijaznih, nestrupenih z nizko stopnjo vonjav. Ne \u0161kodi ne uporabniku, ne okolju.\u3010Visoka zdru\u017eljivost\u3011 Zdru\u017eljivo z ve\u010dino FDM 3D tiskalnikov, ki uporabljajo filament 1,75 mm, kot so: Prusa, Reprap, Afinia, MakerBot, PrintrBot, UltiMaker, Airwolf, Aleph Objects, Makergear, Up, Lulzbot, Simplify3D itd., Flash\u3010Vakuumsko zaprta embala\u017ea\u3011 Neto te\u017ea: 1 kg. Filament eSUN je na voljo v zaprti vakuumski vre\u010dki s su\u0161ilno vre\u010dko, da ostane suh brez prahu in tujkov, kar prepre\u010di zagozdenje \u0161ob in enakomerno ekstruzijo.Primeren za:\u00a0Igra\u010de, Dekoracija","og_url":"https:\/\/www.seneko.net\/hr\/proizvod\/silk-pla-filament1-75mm\/","og_site_name":"Seneko","article_publisher":"https:\/\/www.facebook.com\/seneko3dshop","article_modified_time":"2026-04-24T11:19:38+00:00","og_image":[{"width":1000,"height":1000,"url":"https:\/\/www.seneko.net\/wp-content\/uploads\/2022\/03\/esilk2-1.png","type":"image\/png"}],"twitter_card":"summary_large_image","twitter_misc":{"Procijenjeno vrijeme \u010ditanja":"2 minute"},"schema":{"@context":"https:\/\/schema.org","@graph":[{"@type":"WebPage","@id":"https:\/\/www.seneko.net\/izdelek\/silk-pla-filament1-75mm\/","url":"https:\/\/www.seneko.net\/izdelek\/silk-pla-filament1-75mm\/","name":"Silk PLA filament,1.75mm - Seneko","isPartOf":{"@id":"https:\/\/www.seneko.net\/#website"},"primaryImageOfPage":{"@id":"https:\/\/www.seneko.net\/izdelek\/silk-pla-filament1-75mm\/#primaryimage"},"image":{"@id":"https:\/\/www.seneko.net\/izdelek\/silk-pla-filament1-75mm\/#primaryimage"},"thumbnailUrl":"https:\/\/www.seneko.net\/wp-content\/uploads\/2022\/03\/esilk2-1.png","datePublished":"2022-03-03T11:23:51+00:00","dateModified":"2026-04-24T11:19:38+00:00","description":"Silk PLA filament je PLA filament z svilnatim kon\u010dnim videzom. Model ima sijo\u010do in svileno sijajno teksturo, povr\u0161ina tiskanega izdelka je gladka brez vidnih plasti. Modificiran je iz PLA materiala in je enostaven za tiskanje. Gladka in sijo\u010da \u200b\u200bpovr\u0161ina, kot prava svila. Ni potrebno dodatno poliranje, tiskanje z visoko resolucijo daje \u010dudovit svilnat zaklju\u010dek tiskanemu izdelku. Silk PLA filament je popoln za umetni\u0161ke in obrtne projekte, vaze in vse druge 3D tiskane predmete, ki bi lahko imeli korist od edinstvenega svilnatega gladkega izgleda.\u3010Silk PLA\u3011 Gladka in sijo\u010da \u200b\u200bpovr\u0161ina, kot prava svila. Ni potrebno dodatno poliranje, tiskanje z visoko resolucijo daje \u010dudovit svilnat zaklju\u010dek tiskanemu izdelku. Popoln za umetni\u0161ke in obrtne projekte, vaze in vse druge 3D tiskane predmete, ki bi lahko imeli korist od edinstvenega svilnatega gladkega izgleda.\u3010Dimenzijska toleranca +\/- 0,03 mm\u3011 Minimalna toleranca in nizka stopnja upogibanja, da se zagotovi\u00a0 enakomeren in stabilen tisk, brez zama\u0161itve, z izjemno visoko stopnjo uspe\u0161nosti, kar se ka\u017ee na natan\u010dno natiskanih delih z dobro zaklju\u010dno povr\u0161ino.\u3010Brez prepletanja in brez zatikanja\u3011 Skupna dol\u017eina: 340-350 m. Celoten kolut filamenta za 3D tiskalnik ima popolno okroglost in zelo tesno toleranco premera, ki se ne prekriva ali zapleta. Topi se enakomerno in gladko brez ma\u0161enja \u0161obe ali ekstruderja.\u3010Okolju prijazen material\u3011Filamenti eSUN so izdelani iz \u010distih materialov, biolo\u0161ko razgradljivih, okolju prijaznih, nestrupenih z nizko stopnjo vonjav. Ne \u0161kodi ne uporabniku, ne okolju.\u3010Visoka zdru\u017eljivost\u3011 Zdru\u017eljivo z ve\u010dino FDM 3D tiskalnikov, ki uporabljajo filament 1,75 mm, kot so: Prusa, Reprap, Afinia, MakerBot, PrintrBot, UltiMaker, Airwolf, Aleph Objects, Makergear, Up, Lulzbot, Simplify3D itd., Flash\u3010Vakuumsko zaprta embala\u017ea\u3011 Neto te\u017ea: 1 kg. Filament eSUN je na voljo v zaprti vakuumski vre\u010dki s su\u0161ilno vre\u010dko, da ostane suh brez prahu in tujkov, kar prepre\u010di zagozdenje \u0161ob in enakomerno ekstruzijo.Primeren za:\u00a0Igra\u010de, Dekoracija","breadcrumb":{"@id":"https:\/\/www.seneko.net\/izdelek\/silk-pla-filament1-75mm\/#breadcrumb"},"inLanguage":"hr","potentialAction":[{"@type":"ReadAction","target":["https:\/\/www.seneko.net\/izdelek\/silk-pla-filament1-75mm\/"]}]},{"@type":"ImageObject","inLanguage":"hr","@id":"https:\/\/www.seneko.net\/izdelek\/silk-pla-filament1-75mm\/#primaryimage","url":"https:\/\/www.seneko.net\/wp-content\/uploads\/2022\/03\/esilk2-1.png","contentUrl":"https:\/\/www.seneko.net\/wp-content\/uploads\/2022\/03\/esilk2-1.png","width":1000,"height":1000,"caption":"Silk-PLA filament"},{"@type":"BreadcrumbList","@id":"https:\/\/www.seneko.net\/izdelek\/silk-pla-filament1-75mm\/#breadcrumb","itemListElement":[{"@type":"ListItem","position":1,"name":"Home","item":"https:\/\/www.seneko.net\/"},{"@type":"ListItem","position":2,"name":"Trgovina","item":"https:\/\/www.seneko.net\/trgovina\/"},{"@type":"ListItem","position":3,"name":"Silk PLA filament,1.75mm"}]},{"@type":"WebSite","@id":"https:\/\/www.seneko.net\/#website","url":"https:\/\/www.seneko.net\/","name":"Seneko","description":"Z vami tiskamo prihodnost","publisher":{"@id":"https:\/\/www.seneko.net\/#organization"},"potentialAction":[{"@type":"SearchAction","target":{"@type":"EntryPoint","urlTemplate":"https:\/\/www.seneko.net\/?s={search_term_string}"},"query-input":{"@type":"PropertyValueSpecification","valueRequired":true,"valueName":"search_term_string"}}],"inLanguage":"hr"},{"@type":"Organization","@id":"https:\/\/www.seneko.net\/#organization","name":"Seneko","url":"https:\/\/www.seneko.net\/","logo":{"@type":"ImageObject","inLanguage":"hr","@id":"https:\/\/www.seneko.net\/#\/schema\/logo\/image\/","url":"https:\/\/www.seneko.net\/wp-content\/uploads\/2021\/09\/logo_1.png","contentUrl":"https:\/\/www.seneko.net\/wp-content\/uploads\/2021\/09\/logo_1.png","width":202,"height":80,"caption":"Seneko"},"image":{"@id":"https:\/\/www.seneko.net\/#\/schema\/logo\/image\/"},"sameAs":["https:\/\/www.facebook.com\/seneko3dshop","https:\/\/www.instagram.com\/Seneko3DShop\/"]}]}},"_links":{"self":[{"href":"https:\/\/www.seneko.net\/hr\/wp-json\/wp\/v2\/product\/3643","targetHints":{"allow":["GET"]}}],"collection":[{"href":"https:\/\/www.seneko.net\/hr\/wp-json\/wp\/v2\/product"}],"about":[{"href":"https:\/\/www.seneko.net\/hr\/wp-json\/wp\/v2\/types\/product"}],"replies":[{"embeddable":true,"href":"https:\/\/www.seneko.net\/hr\/wp-json\/wp\/v2\/comments?post=3643"}],"wp:featuredmedia":[{"embeddable":true,"href":"https:\/\/www.seneko.net\/hr\/wp-json\/wp\/v2\/media\/4037"}],"wp:attachment":[{"href":"https:\/\/www.seneko.net\/hr\/wp-json\/wp\/v2\/media?parent=3643"}],"wp:term":[{"taxonomy":"product_brand","embeddable":true,"href":"https:\/\/www.seneko.net\/hr\/wp-json\/wp\/v2\/product_brand?post=3643"},{"taxonomy":"product_cat","embeddable":true,"href":"https:\/\/www.seneko.net\/hr\/wp-json\/wp\/v2\/product_cat?post=3643"},{"taxonomy":"product_tag","embeddable":true,"href":"https:\/\/www.seneko.net\/hr\/wp-json\/wp\/v2\/product_tag?post=3643"}],"curies":[{"name":"wp","href":"https:\/\/api.w.org\/{rel}","templated":true}]}}