{"id":3673,"date":"2022-03-03T14:10:16","date_gmt":"2022-03-03T12:10:16","guid":{"rendered":"https:\/\/www.seneko.net\/?post_type=product&#038;p=3673"},"modified":"2026-01-02T19:40:13","modified_gmt":"2026-01-02T17:40:13","slug":"filament-weighting-and-heating-box","status":"publish","type":"product","link":"https:\/\/www.seneko.net\/hr\/proizvod\/filament-weighting-and-heating-box\/","title":{"rendered":"eBOX Filament weighting and heating box"},"content":{"rendered":"<p>Filament weighting and heating box ali eBOX je posebej razvit za filamente za 3D tiskanje, stro\u0161kovno u\u010dinkovita \u0161katla za shranjevanje s konstantno temperaturo in vlago, odporna na vlago in prah, funkcijo ogrevanja in tehtanja.<\/p>\n<p>eBOX ima prozoren pokrov, izdelan iz PC (Poli karbonata), omogo\u010da opazovanje porabe potro\u0161nega materiala v realnem \u010dasu, funkcija tehtanja vam omogo\u010da, da v vsakem trenutku veste koliko materiala vam je \u0161e ostalo, da prepre\u010dite napake pri tiskanju.<\/p>\n<p>eBOX (Filament weighting and heating box) se zaradi \u0161iroke zdru\u017eljivosti\u00a0 lahko uporablja z vsemi vrstami potro\u0161nega materiala.<\/p>\n<p>&nbsp;<\/p>\n<p>\u3010Odporen proti prahu in vlagi\u3011 eSUN eBOX lahko za\u0161\u010diti filamente pred prahom in vlago, kar lahko ohrani najbolj\u0161e stanje filamenta za va\u0161e potrebe tiskanja.<\/p>\n<p>\u3010Tehtanje filamentov\u3011eSUN eBOX se lahko uporablja za tehtanje filamentov in toleranca je \u00b10,04 kg. In lahko spremljate preostalo te\u017eo filamenta v realnem \u010dasu. Prosimo, nastavite privzeto te\u017eo tuljave, preden tehtate te\u017eo preostalega filamenta.<\/p>\n<p>\u3010Nastavitev temperature in \u010dasa\u3011Nastavitev temperature v \u0161tirih prestavah od 1 do 4 z razponom temperature vro\u010de plo\u0161\u010de od 50\u2103-80\u2103 (notranja temperatura od 36\u2103-50\u2103) in notranja vla\u017enost od 30%-15%.<\/p>\n<p>\u3010Visoka zdru\u017eljivost\u3011 eSUN eBOX dr\u017ealo za tuljavo z filamentom je zdru\u017eljivo z 99 % 3D tuljav z filamentom. Ni pomembno \u010de je tuljava z 0,5 kg; 0,75 kg; 1 kg ali 1,75 mm 2,85 mm filamenta.<\/p>\n<p>\u3010Seznam paketov\u30111* eBOX, 1* paketna \u0161katla, 1* uporabni\u0161ki priro\u010dnik, 1* cev z \u017earilno nitko in 1* napajalni adapter za ZDA. Upo\u0161tevajte, da v paketu ni su\u0161ilnega sredstva, vendar vam priporo\u010damo, da ga uporabite skupaj z na\u0161im eBOX-om.<\/p>","protected":false},"excerpt":{"rendered":"<ul>\n<li>Ogrevanje in su\u0161enje<\/li>\n<li>Odporen na vlago in prah<\/li>\n<li>Opazovanje v realnem \u010dasu<\/li>\n<li>Funkcija tehtanja<\/li>\n<li>\u0160iroka zdru\u017eljivost<\/li>\n<\/ul>","protected":false},"featured_media":3674,"comment_status":"open","ping_status":"closed","template":"","meta":[],"product_brand":[],"product_cat":[350,348],"product_tag":[427,431,433,378,432,428,429,430,434,404],"class_list":{"0":"post-3673","1":"product","2":"type-product","3":"status-publish","4":"has-post-thumbnail","6":"product_cat-ebox","7":"product_cat-pribori-deli","8":"product_tag-ebox","9":"product_tag-ebox-filament","10":"product_tag-ebox-susenje-in-gretje-filamenta","11":"product_tag-esun","12":"product_tag-esun-filament-box","13":"product_tag-filament-box","14":"product_tag-filament-heating","15":"product_tag-posoda-za-filament","16":"product_tag-skatla-za-gretje-filamenta","17":"product_tag-susenje-filamenta","19":"first","20":"instock","21":"sale","22":"taxable","23":"shipping-taxable","24":"purchasable","25":"product-type-simple"},"bundled_by":[],"bundle_stock_status":"instock","bundle_stock_quantity":3,"bundle_virtual":false,"bundle_layout":"","bundle_add_to_cart_form_location":"","bundle_editable_in_cart":false,"bundle_sold_individually_context":"","bundle_item_grouping":"","bundle_min_size":"","bundle_max_size":"","bundle_price":[],"bundled_items":[],"bundle_sell_ids":[],"yoast_head":"<!-- This site is optimized with the Yoast SEO plugin v27.4 - https:\/\/yoast.com\/product\/yoast-seo-wordpress\/ -->\n<title>eBOX Filament weighting and heating box - Seneko<\/title>\n<meta name=\"description\" content=\"Filament weighting and heating box ali eBOX je posebej razvit za filamente za 3D tiskanje, stro\u0161kovno u\u010dinkovita \u0161katla za shranjevanje s konstantno temperaturo in vlago, odporna na vlago in prah, funkcijo ogrevanja in tehtanja. eBOX ima prozoren pokrov, izdelan iz PC (Poli karbonata), omogo\u010da opazovanje porabe potro\u0161nega materiala v realnem \u010dasu, funkcija tehtanja vam omogo\u010da, da v vsakem trenutku veste koliko materiala vam je \u0161e ostalo, da prepre\u010dite napake pri tiskanju.eBOX (Filament weighting and heating box) se zaradi \u0161iroke zdru\u017eljivosti\u00a0 lahko uporablja z vsemi vrstami potro\u0161nega materiala.\u3010Odporen proti prahu in vlagi\u3011\u3010Tehtanje filamentov\u3011\u3010Nastavitev temperature in \u010dasa\u3011\u3010Visoka zdru\u017eljivost\u3011 \u3010Seznam paketov\u3011\" \/>\n<meta name=\"robots\" content=\"index, follow, max-snippet:-1, max-image-preview:large, max-video-preview:-1\" \/>\n<link rel=\"canonical\" href=\"https:\/\/www.seneko.net\/hr\/proizvod\/filament-weighting-and-heating-box\/\" \/>\n<meta property=\"og:locale\" content=\"hr_HR\" \/>\n<meta property=\"og:type\" content=\"article\" \/>\n<meta property=\"og:title\" content=\"eBOX Filament weighting and heating box - Seneko\" \/>\n<meta property=\"og:description\" content=\"Filament weighting and heating box ali eBOX je posebej razvit za filamente za 3D tiskanje, stro\u0161kovno u\u010dinkovita \u0161katla za shranjevanje s konstantno temperaturo in vlago, odporna na vlago in prah, funkcijo ogrevanja in tehtanja. eBOX ima prozoren pokrov, izdelan iz PC (Poli karbonata), omogo\u010da opazovanje porabe potro\u0161nega materiala v realnem \u010dasu, funkcija tehtanja vam omogo\u010da, da v vsakem trenutku veste koliko materiala vam je \u0161e ostalo, da prepre\u010dite napake pri tiskanju.eBOX (Filament weighting and heating box) se zaradi \u0161iroke zdru\u017eljivosti\u00a0 lahko uporablja z vsemi vrstami potro\u0161nega materiala.\u3010Odporen proti prahu in vlagi\u3011\u3010Tehtanje filamentov\u3011\u3010Nastavitev temperature in \u010dasa\u3011\u3010Visoka zdru\u017eljivost\u3011 \u3010Seznam paketov\u3011\" \/>\n<meta property=\"og:url\" content=\"https:\/\/www.seneko.net\/hr\/proizvod\/filament-weighting-and-heating-box\/\" \/>\n<meta property=\"og:site_name\" content=\"Seneko\" \/>\n<meta property=\"article:publisher\" content=\"https:\/\/www.facebook.com\/seneko3dshop\" \/>\n<meta property=\"article:modified_time\" content=\"2026-01-02T17:40:13+00:00\" \/>\n<meta property=\"og:image\" content=\"https:\/\/www.seneko.net\/wp-content\/uploads\/2022\/03\/ebox2.png\" \/>\n\t<meta property=\"og:image:width\" content=\"1000\" \/>\n\t<meta property=\"og:image:height\" content=\"1000\" \/>\n\t<meta property=\"og:image:type\" content=\"image\/png\" \/>\n<meta name=\"twitter:card\" content=\"summary_large_image\" \/>\n<meta name=\"twitter:label1\" content=\"Procijenjeno vrijeme \u010ditanja\" \/>\n\t<meta name=\"twitter:data1\" content=\"2 minute\" \/>\n<script type=\"application\/ld+json\" class=\"yoast-schema-graph\">{\"@context\":\"https:\\\/\\\/schema.org\",\"@graph\":[{\"@type\":\"WebPage\",\"@id\":\"https:\\\/\\\/www.seneko.net\\\/izdelek\\\/filament-weighting-and-heating-box\\\/\",\"url\":\"https:\\\/\\\/www.seneko.net\\\/izdelek\\\/filament-weighting-and-heating-box\\\/\",\"name\":\"eBOX Filament weighting and heating box - Seneko\",\"isPartOf\":{\"@id\":\"https:\\\/\\\/www.seneko.net\\\/#website\"},\"primaryImageOfPage\":{\"@id\":\"https:\\\/\\\/www.seneko.net\\\/izdelek\\\/filament-weighting-and-heating-box\\\/#primaryimage\"},\"image\":{\"@id\":\"https:\\\/\\\/www.seneko.net\\\/izdelek\\\/filament-weighting-and-heating-box\\\/#primaryimage\"},\"thumbnailUrl\":\"https:\\\/\\\/www.seneko.net\\\/wp-content\\\/uploads\\\/2022\\\/03\\\/ebox2.png\",\"datePublished\":\"2022-03-03T12:10:16+00:00\",\"dateModified\":\"2026-01-02T17:40:13+00:00\",\"description\":\"Filament weighting and heating box ali eBOX je posebej razvit za filamente za 3D tiskanje, stro\u0161kovno u\u010dinkovita \u0161katla za shranjevanje s konstantno temperaturo in vlago, odporna na vlago in prah, funkcijo ogrevanja in tehtanja. eBOX ima prozoren pokrov, izdelan iz PC (Poli karbonata), omogo\u010da opazovanje porabe potro\u0161nega materiala v realnem \u010dasu, funkcija tehtanja vam omogo\u010da, da v vsakem trenutku veste koliko materiala vam je \u0161e ostalo, da prepre\u010dite napake pri tiskanju.eBOX (Filament weighting and heating box) se zaradi \u0161iroke zdru\u017eljivosti\u00a0 lahko uporablja z vsemi vrstami potro\u0161nega materiala.\u3010Odporen proti prahu in vlagi\u3011\u3010Tehtanje filamentov\u3011\u3010Nastavitev temperature in \u010dasa\u3011\u3010Visoka zdru\u017eljivost\u3011 \u3010Seznam paketov\u3011\",\"breadcrumb\":{\"@id\":\"https:\\\/\\\/www.seneko.net\\\/izdelek\\\/filament-weighting-and-heating-box\\\/#breadcrumb\"},\"inLanguage\":\"hr\",\"potentialAction\":[{\"@type\":\"ReadAction\",\"target\":[\"https:\\\/\\\/www.seneko.net\\\/izdelek\\\/filament-weighting-and-heating-box\\\/\"]}]},{\"@type\":\"ImageObject\",\"inLanguage\":\"hr\",\"@id\":\"https:\\\/\\\/www.seneko.net\\\/izdelek\\\/filament-weighting-and-heating-box\\\/#primaryimage\",\"url\":\"https:\\\/\\\/www.seneko.net\\\/wp-content\\\/uploads\\\/2022\\\/03\\\/ebox2.png\",\"contentUrl\":\"https:\\\/\\\/www.seneko.net\\\/wp-content\\\/uploads\\\/2022\\\/03\\\/ebox2.png\",\"width\":1000,\"height\":1000,\"caption\":\"ebox-lite-filament-heating-box\"},{\"@type\":\"BreadcrumbList\",\"@id\":\"https:\\\/\\\/www.seneko.net\\\/izdelek\\\/filament-weighting-and-heating-box\\\/#breadcrumb\",\"itemListElement\":[{\"@type\":\"ListItem\",\"position\":1,\"name\":\"Home\",\"item\":\"https:\\\/\\\/www.seneko.net\\\/\"},{\"@type\":\"ListItem\",\"position\":2,\"name\":\"Trgovina\",\"item\":\"https:\\\/\\\/www.seneko.net\\\/trgovina\\\/\"},{\"@type\":\"ListItem\",\"position\":3,\"name\":\"eBOX Filament weighting and heating box\"}]},{\"@type\":\"WebSite\",\"@id\":\"https:\\\/\\\/www.seneko.net\\\/#website\",\"url\":\"https:\\\/\\\/www.seneko.net\\\/\",\"name\":\"Seneko\",\"description\":\"Z vami tiskamo prihodnost\",\"publisher\":{\"@id\":\"https:\\\/\\\/www.seneko.net\\\/#organization\"},\"potentialAction\":[{\"@type\":\"SearchAction\",\"target\":{\"@type\":\"EntryPoint\",\"urlTemplate\":\"https:\\\/\\\/www.seneko.net\\\/?s={search_term_string}\"},\"query-input\":{\"@type\":\"PropertyValueSpecification\",\"valueRequired\":true,\"valueName\":\"search_term_string\"}}],\"inLanguage\":\"hr\"},{\"@type\":\"Organization\",\"@id\":\"https:\\\/\\\/www.seneko.net\\\/#organization\",\"name\":\"Seneko\",\"url\":\"https:\\\/\\\/www.seneko.net\\\/\",\"logo\":{\"@type\":\"ImageObject\",\"inLanguage\":\"hr\",\"@id\":\"https:\\\/\\\/www.seneko.net\\\/#\\\/schema\\\/logo\\\/image\\\/\",\"url\":\"https:\\\/\\\/www.seneko.net\\\/wp-content\\\/uploads\\\/2021\\\/09\\\/logo_1.png\",\"contentUrl\":\"https:\\\/\\\/www.seneko.net\\\/wp-content\\\/uploads\\\/2021\\\/09\\\/logo_1.png\",\"width\":202,\"height\":80,\"caption\":\"Seneko\"},\"image\":{\"@id\":\"https:\\\/\\\/www.seneko.net\\\/#\\\/schema\\\/logo\\\/image\\\/\"},\"sameAs\":[\"https:\\\/\\\/www.facebook.com\\\/seneko3dshop\",\"https:\\\/\\\/www.instagram.com\\\/Seneko3DShop\\\/\"]}]}<\/script>\n<!-- \/ Yoast SEO plugin. -->","yoast_head_json":{"title":"eBOX Filament weighting and heating box - Seneko","description":"Filament weighting and heating box ali eBOX je posebej razvit za filamente za 3D tiskanje, stro\u0161kovno u\u010dinkovita \u0161katla za shranjevanje s konstantno temperaturo in vlago, odporna na vlago in prah, funkcijo ogrevanja in tehtanja. eBOX ima prozoren pokrov, izdelan iz PC (Poli karbonata), omogo\u010da opazovanje porabe potro\u0161nega materiala v realnem \u010dasu, funkcija tehtanja vam omogo\u010da, da v vsakem trenutku veste koliko materiala vam je \u0161e ostalo, da prepre\u010dite napake pri tiskanju.eBOX (Filament weighting and heating box) se zaradi \u0161iroke zdru\u017eljivosti\u00a0 lahko uporablja z vsemi vrstami potro\u0161nega materiala.\u3010Odporen proti prahu in vlagi\u3011\u3010Tehtanje filamentov\u3011\u3010Nastavitev temperature in \u010dasa\u3011\u3010Visoka zdru\u017eljivost\u3011 \u3010Seznam paketov\u3011","robots":{"index":"index","follow":"follow","max-snippet":"max-snippet:-1","max-image-preview":"max-image-preview:large","max-video-preview":"max-video-preview:-1"},"canonical":"https:\/\/www.seneko.net\/hr\/proizvod\/filament-weighting-and-heating-box\/","og_locale":"hr_HR","og_type":"article","og_title":"eBOX Filament weighting and heating box - Seneko","og_description":"Filament weighting and heating box ali eBOX je posebej razvit za filamente za 3D tiskanje, stro\u0161kovno u\u010dinkovita \u0161katla za shranjevanje s konstantno temperaturo in vlago, odporna na vlago in prah, funkcijo ogrevanja in tehtanja. eBOX ima prozoren pokrov, izdelan iz PC (Poli karbonata), omogo\u010da opazovanje porabe potro\u0161nega materiala v realnem \u010dasu, funkcija tehtanja vam omogo\u010da, da v vsakem trenutku veste koliko materiala vam je \u0161e ostalo, da prepre\u010dite napake pri tiskanju.eBOX (Filament weighting and heating box) se zaradi \u0161iroke zdru\u017eljivosti\u00a0 lahko uporablja z vsemi vrstami potro\u0161nega materiala.\u3010Odporen proti prahu in vlagi\u3011\u3010Tehtanje filamentov\u3011\u3010Nastavitev temperature in \u010dasa\u3011\u3010Visoka zdru\u017eljivost\u3011 \u3010Seznam paketov\u3011","og_url":"https:\/\/www.seneko.net\/hr\/proizvod\/filament-weighting-and-heating-box\/","og_site_name":"Seneko","article_publisher":"https:\/\/www.facebook.com\/seneko3dshop","article_modified_time":"2026-01-02T17:40:13+00:00","og_image":[{"width":1000,"height":1000,"url":"https:\/\/www.seneko.net\/wp-content\/uploads\/2022\/03\/ebox2.png","type":"image\/png"}],"twitter_card":"summary_large_image","twitter_misc":{"Procijenjeno vrijeme \u010ditanja":"2 minute"},"schema":{"@context":"https:\/\/schema.org","@graph":[{"@type":"WebPage","@id":"https:\/\/www.seneko.net\/izdelek\/filament-weighting-and-heating-box\/","url":"https:\/\/www.seneko.net\/izdelek\/filament-weighting-and-heating-box\/","name":"eBOX Filament weighting and heating box - Seneko","isPartOf":{"@id":"https:\/\/www.seneko.net\/#website"},"primaryImageOfPage":{"@id":"https:\/\/www.seneko.net\/izdelek\/filament-weighting-and-heating-box\/#primaryimage"},"image":{"@id":"https:\/\/www.seneko.net\/izdelek\/filament-weighting-and-heating-box\/#primaryimage"},"thumbnailUrl":"https:\/\/www.seneko.net\/wp-content\/uploads\/2022\/03\/ebox2.png","datePublished":"2022-03-03T12:10:16+00:00","dateModified":"2026-01-02T17:40:13+00:00","description":"Filament weighting and heating box ali eBOX je posebej razvit za filamente za 3D tiskanje, stro\u0161kovno u\u010dinkovita \u0161katla za shranjevanje s konstantno temperaturo in vlago, odporna na vlago in prah, funkcijo ogrevanja in tehtanja. eBOX ima prozoren pokrov, izdelan iz PC (Poli karbonata), omogo\u010da opazovanje porabe potro\u0161nega materiala v realnem \u010dasu, funkcija tehtanja vam omogo\u010da, da v vsakem trenutku veste koliko materiala vam je \u0161e ostalo, da prepre\u010dite napake pri tiskanju.eBOX (Filament weighting and heating box) se zaradi \u0161iroke zdru\u017eljivosti\u00a0 lahko uporablja z vsemi vrstami potro\u0161nega materiala.\u3010Odporen proti prahu in vlagi\u3011\u3010Tehtanje filamentov\u3011\u3010Nastavitev temperature in \u010dasa\u3011\u3010Visoka zdru\u017eljivost\u3011 \u3010Seznam paketov\u3011","breadcrumb":{"@id":"https:\/\/www.seneko.net\/izdelek\/filament-weighting-and-heating-box\/#breadcrumb"},"inLanguage":"hr","potentialAction":[{"@type":"ReadAction","target":["https:\/\/www.seneko.net\/izdelek\/filament-weighting-and-heating-box\/"]}]},{"@type":"ImageObject","inLanguage":"hr","@id":"https:\/\/www.seneko.net\/izdelek\/filament-weighting-and-heating-box\/#primaryimage","url":"https:\/\/www.seneko.net\/wp-content\/uploads\/2022\/03\/ebox2.png","contentUrl":"https:\/\/www.seneko.net\/wp-content\/uploads\/2022\/03\/ebox2.png","width":1000,"height":1000,"caption":"ebox-lite-filament-heating-box"},{"@type":"BreadcrumbList","@id":"https:\/\/www.seneko.net\/izdelek\/filament-weighting-and-heating-box\/#breadcrumb","itemListElement":[{"@type":"ListItem","position":1,"name":"Home","item":"https:\/\/www.seneko.net\/"},{"@type":"ListItem","position":2,"name":"Trgovina","item":"https:\/\/www.seneko.net\/trgovina\/"},{"@type":"ListItem","position":3,"name":"eBOX Filament weighting and heating box"}]},{"@type":"WebSite","@id":"https:\/\/www.seneko.net\/#website","url":"https:\/\/www.seneko.net\/","name":"Seneko","description":"Z vami tiskamo prihodnost","publisher":{"@id":"https:\/\/www.seneko.net\/#organization"},"potentialAction":[{"@type":"SearchAction","target":{"@type":"EntryPoint","urlTemplate":"https:\/\/www.seneko.net\/?s={search_term_string}"},"query-input":{"@type":"PropertyValueSpecification","valueRequired":true,"valueName":"search_term_string"}}],"inLanguage":"hr"},{"@type":"Organization","@id":"https:\/\/www.seneko.net\/#organization","name":"Seneko","url":"https:\/\/www.seneko.net\/","logo":{"@type":"ImageObject","inLanguage":"hr","@id":"https:\/\/www.seneko.net\/#\/schema\/logo\/image\/","url":"https:\/\/www.seneko.net\/wp-content\/uploads\/2021\/09\/logo_1.png","contentUrl":"https:\/\/www.seneko.net\/wp-content\/uploads\/2021\/09\/logo_1.png","width":202,"height":80,"caption":"Seneko"},"image":{"@id":"https:\/\/www.seneko.net\/#\/schema\/logo\/image\/"},"sameAs":["https:\/\/www.facebook.com\/seneko3dshop","https:\/\/www.instagram.com\/Seneko3DShop\/"]}]}},"_links":{"self":[{"href":"https:\/\/www.seneko.net\/hr\/wp-json\/wp\/v2\/product\/3673","targetHints":{"allow":["GET"]}}],"collection":[{"href":"https:\/\/www.seneko.net\/hr\/wp-json\/wp\/v2\/product"}],"about":[{"href":"https:\/\/www.seneko.net\/hr\/wp-json\/wp\/v2\/types\/product"}],"replies":[{"embeddable":true,"href":"https:\/\/www.seneko.net\/hr\/wp-json\/wp\/v2\/comments?post=3673"}],"wp:featuredmedia":[{"embeddable":true,"href":"https:\/\/www.seneko.net\/hr\/wp-json\/wp\/v2\/media\/3674"}],"wp:attachment":[{"href":"https:\/\/www.seneko.net\/hr\/wp-json\/wp\/v2\/media?parent=3673"}],"wp:term":[{"taxonomy":"product_brand","embeddable":true,"href":"https:\/\/www.seneko.net\/hr\/wp-json\/wp\/v2\/product_brand?post=3673"},{"taxonomy":"product_cat","embeddable":true,"href":"https:\/\/www.seneko.net\/hr\/wp-json\/wp\/v2\/product_cat?post=3673"},{"taxonomy":"product_tag","embeddable":true,"href":"https:\/\/www.seneko.net\/hr\/wp-json\/wp\/v2\/product_tag?post=3673"}],"curies":[{"name":"wp","href":"https:\/\/api.w.org\/{rel}","templated":true}]}}