{"id":3767,"date":"2022-03-03T15:20:26","date_gmt":"2022-03-03T13:20:26","guid":{"rendered":"https:\/\/www.seneko.net\/?post_type=product&#038;p=3767"},"modified":"2026-01-23T11:54:24","modified_gmt":"2026-01-23T09:54:24","slug":"pla-refill-filamenti","status":"publish","type":"product","link":"https:\/\/www.seneko.net\/hr\/proizvod\/pla-refill-filamenti\/","title":{"rendered":"PLA+ refill filamenti"},"content":{"rendered":"<p>PLA+ refill filamenti je okolju prijazen material, ki ga je enostavno tiskati in ima gladko povr\u0161ino. PLA+ refill filamenti se dobavijo brez koluta in tako se izognete veliko odpadnih kolutov. Dodatno transport refil filamenta povzro\u010di manj\u0161i oglji\u010dni odtis. Kolut eSPOOL lahko kupite ali pa si ga tiskate sami. Dodatne dobre lastnosti so dobra trdnost, togost, ravnovesje \u017eilavosti in mo\u010dna odpornost na udarce. Zelo primeren je za tiskanje funkcionalnih delov, odobren s strani FDA in tako varnej\u0161i za uporabo. Lahko se uporablja za konceptualne modele, hitre izdelave prototipov ter uporabne dele, umetnine in drugo.<\/p>\n<p>&nbsp;<\/p>\n<p>\u3010<strong>Dimenzijska toleranca +\/- 0,03 mm<\/strong>\u3011 Minimalna toleranca in nizka stopnja upogibanja, da se zagotovi\u00a0 enakomeren in stabilen tisk, brez zama\u0161itve, z izjemno visoko stopnjo uspe\u0161nosti, kar se ka\u017ee na natan\u010dno natiskanih delih z dobro zaklju\u010dno povr\u0161ino.<\/p>\n<p>\u3010<strong>Brez prepletanja in brez zatikanja<\/strong><strong>\u3011<\/strong> Skupna dol\u017eina: 340-350 m. Celoten kolut filamenta za 3D tiskalnik ima popolno okroglost in zelo tesno toleranco premera, ki se ne prekriva ali zapleta. Topi se enakomerno in gladko brez ma\u0161enja \u0161obe ali ekstruderja.<\/p>\n<p>\u3010<strong>Okolju prijazen material<\/strong><strong>\u3011<\/strong>Filamenti eSUN so izdelani iz \u010distih materialov, biolo\u0161ko razgradljivih, okolju prijaznih, nestrupenih z nizko stopnjo vonjav. Ne \u0161kodi ne uporabniku, ne okolju.<\/p>\n<p>\u3010<strong>Visoka zdru\u017eljivost<\/strong><strong>\u3011<\/strong> Zdru\u017eljivo z ve\u010dino FDM 3D tiskalnikov, ki uporabljajo filament 1,75 mm, kot so: Prusa, Reprap, Afinia, MakerBot, PrintrBot, UltiMaker, Airwolf, Aleph Objects, Makergear, Up, Lulzbot, Simplify3D itd., Flash<\/p>\n<p><strong>\u3010Vakuumsko zaprta embala\u017ea<\/strong><strong>\u3011<\/strong> Neto te\u017ea: 1 kg. Filament eSUN je na voljo v zaprti vakuumski vre\u010dki s su\u0161ilno vre\u010dko, da ostane suh brez prahu in tujkov, kar prepre\u010di zagozdenje \u0161ob in enakomerno ekstruzijo.<\/p>\n<p><strong>\u3010Okolju prijazneje<\/strong><strong>\u3011<\/strong>PLA+ refill filament se dobavi brez koluta in tako se izognete z veliko odpadnih kolutov. Dodatno transport refil filamenta povzro\u010di manj\u0161i oglji\u010dni odtis.<\/p>\n<h4><strong>O PLA materijalu:<\/strong><\/h4>\n<p>PolyLactic Acid 100 % na biolo\u0161ki osnovi, v skladu z EN13432 in ASTM D6400. V okolju kompostiranja se popolnoma razgradi na ogljikov dioksid in vodo, ki je nestrupen in ne\u0161kodljiv za \u010dlove\u0161ko telo, biologijo in okolje. Zasnovan v skladu z lastnostmi filamentov za 3D tiskanje FDM, pro\u017een, ni krhek in stro\u0161kovno u\u010dinkovit. Standardno barvno ujemanje, stabilna barva, lahko je izdelana v razli\u010dnih barvah glede na zahteve kupcev in pripravljena za uporabo. Na podlagi zmogljivosti je pri PLA mo\u010dno izbolj\u0161ana \u017eilavost materiala, ni ga enostavno zlomiti, gladko tiskanje, natisnjeni deli so lepega videza in ni te\u017eav, kot so razpoke ali zvijanje.<\/p>","protected":false},"excerpt":{"rendered":"<ul>\n<li>Dobra \u017eilavost<\/li>\n<li>Dobra odpornost na udarce<\/li>\n<li>Visoka hitrost tiskanja<\/li>\n<li>Brez ne\u010disto\u010d<\/li>\n<li>Brez mehur\u010dkov<\/li>\n<li>Brez deformacije<\/li>\n<li>Okolju prijazno in ne toksi\u010den \/ odobrila FDA<\/li>\n<li>Enostaven za uporabo in tiskanje<\/li>\n<li>Gladka natisnjena povr\u0161ina<\/li>\n<li>\u017dilavi izdelki<\/li>\n<\/ul>","protected":false},"featured_media":3773,"comment_status":"open","ping_status":"closed","template":"","meta":[],"product_brand":[],"product_cat":[288,289],"product_tag":[378,397,410,373,380,409,407,408,411],"class_list":{"0":"post-3767","1":"product","2":"type-product","3":"status-publish","4":"has-post-thumbnail","6":"product_cat-pla-filamenti","7":"product_cat-pla","8":"product_tag-esun","9":"product_tag-pla","10":"product_tag-pla-brez-koluta","11":"product_tag-pla-filament","12":"product_tag-pla-filamenti","13":"product_tag-pla-polnitev","14":"product_tag-pla-refillament","15":"product_tag-refill","16":"product_tag-refill-pla","17":"pa_barva-black","18":"pa_barva-blue","19":"pa_barva-cold-white","20":"pa_barva-red","21":"pa_barva-silver","23":"first","24":"instock","25":"sale","26":"taxable","27":"shipping-taxable","28":"purchasable","29":"product-type-variable"},"bundled_by":["4819","4819","4819","4825","4825","4825"],"bundle_stock_status":"instock","bundle_stock_quantity":null,"bundle_virtual":false,"bundle_layout":"","bundle_add_to_cart_form_location":"","bundle_editable_in_cart":false,"bundle_sold_individually_context":"","bundle_item_grouping":"","bundle_min_size":"","bundle_max_size":"","bundle_price":[],"bundled_items":[],"bundle_sell_ids":[],"yoast_head":"<!-- This site is optimized with the Yoast SEO plugin v27.4 - https:\/\/yoast.com\/product\/yoast-seo-wordpress\/ -->\n<title>PLA+ refill filamenti - Seneko<\/title>\n<meta name=\"description\" content=\"PLA+ refill filamenti je okolju prijazen material, ki ga je enostavno tiskati in ima gladko povr\u0161ino. PLA+ refill filamenti se dobavijo brez koluta in tako se izognete veliko odpadnih kolutov. Dodatno transport refil filamenta povzro\u010di manj\u0161i oglji\u010dni odtis. Kolut eSPOOL lahko kupite ali pa si ga tiskate sami. Dodatne dobre lastnosti so dobra trdnost, togost, ravnovesje \u017eilavosti in mo\u010dna odpornost na udarce. Zelo primeren je za tiskanje funkcionalnih delov, odobren s strani FDA in tako varnej\u0161i za uporabo. Lahko se uporablja za konceptualne modele, hitre izdelave prototipov ter uporabne dele, umetnine in drugo.\" \/>\n<meta name=\"robots\" content=\"index, follow, max-snippet:-1, max-image-preview:large, max-video-preview:-1\" \/>\n<link rel=\"canonical\" href=\"https:\/\/www.seneko.net\/hr\/proizvod\/pla-refill-filamenti\/\" \/>\n<meta property=\"og:locale\" content=\"hr_HR\" \/>\n<meta property=\"og:type\" content=\"article\" \/>\n<meta property=\"og:title\" content=\"PLA+ refill filamenti - Seneko\" \/>\n<meta property=\"og:description\" content=\"PLA+ refill filamenti je okolju prijazen material, ki ga je enostavno tiskati in ima gladko povr\u0161ino. PLA+ refill filamenti se dobavijo brez koluta in tako se izognete veliko odpadnih kolutov. Dodatno transport refil filamenta povzro\u010di manj\u0161i oglji\u010dni odtis. Kolut eSPOOL lahko kupite ali pa si ga tiskate sami. Dodatne dobre lastnosti so dobra trdnost, togost, ravnovesje \u017eilavosti in mo\u010dna odpornost na udarce. Zelo primeren je za tiskanje funkcionalnih delov, odobren s strani FDA in tako varnej\u0161i za uporabo. Lahko se uporablja za konceptualne modele, hitre izdelave prototipov ter uporabne dele, umetnine in drugo.\" \/>\n<meta property=\"og:url\" content=\"https:\/\/www.seneko.net\/hr\/proizvod\/pla-refill-filamenti\/\" \/>\n<meta property=\"og:site_name\" content=\"Seneko\" \/>\n<meta property=\"article:publisher\" content=\"https:\/\/www.facebook.com\/seneko3dshop\" \/>\n<meta property=\"article:modified_time\" content=\"2026-01-23T09:54:24+00:00\" \/>\n<meta property=\"og:image\" content=\"https:\/\/www.seneko.net\/wp-content\/uploads\/2022\/03\/plarefill_black.png\" \/>\n\t<meta property=\"og:image:width\" content=\"1000\" \/>\n\t<meta property=\"og:image:height\" content=\"1000\" \/>\n\t<meta property=\"og:image:type\" content=\"image\/png\" \/>\n<meta name=\"twitter:card\" content=\"summary_large_image\" \/>\n<meta name=\"twitter:label1\" content=\"Procijenjeno vrijeme \u010ditanja\" \/>\n\t<meta name=\"twitter:data1\" content=\"2 minute\" \/>\n<script type=\"application\/ld+json\" class=\"yoast-schema-graph\">{\"@context\":\"https:\\\/\\\/schema.org\",\"@graph\":[{\"@type\":\"WebPage\",\"@id\":\"https:\\\/\\\/www.seneko.net\\\/izdelek\\\/pla-refill-filamenti\\\/\",\"url\":\"https:\\\/\\\/www.seneko.net\\\/izdelek\\\/pla-refill-filamenti\\\/\",\"name\":\"PLA+ refill filamenti - Seneko\",\"isPartOf\":{\"@id\":\"https:\\\/\\\/www.seneko.net\\\/#website\"},\"primaryImageOfPage\":{\"@id\":\"https:\\\/\\\/www.seneko.net\\\/izdelek\\\/pla-refill-filamenti\\\/#primaryimage\"},\"image\":{\"@id\":\"https:\\\/\\\/www.seneko.net\\\/izdelek\\\/pla-refill-filamenti\\\/#primaryimage\"},\"thumbnailUrl\":\"https:\\\/\\\/www.seneko.net\\\/wp-content\\\/uploads\\\/2022\\\/03\\\/plarefill_black.png\",\"datePublished\":\"2022-03-03T13:20:26+00:00\",\"dateModified\":\"2026-01-23T09:54:24+00:00\",\"description\":\"PLA+ refill filamenti je okolju prijazen material, ki ga je enostavno tiskati in ima gladko povr\u0161ino. PLA+ refill filamenti se dobavijo brez koluta in tako se izognete veliko odpadnih kolutov. Dodatno transport refil filamenta povzro\u010di manj\u0161i oglji\u010dni odtis. Kolut eSPOOL lahko kupite ali pa si ga tiskate sami. Dodatne dobre lastnosti so dobra trdnost, togost, ravnovesje \u017eilavosti in mo\u010dna odpornost na udarce. Zelo primeren je za tiskanje funkcionalnih delov, odobren s strani FDA in tako varnej\u0161i za uporabo. Lahko se uporablja za konceptualne modele, hitre izdelave prototipov ter uporabne dele, umetnine in drugo.\",\"breadcrumb\":{\"@id\":\"https:\\\/\\\/www.seneko.net\\\/izdelek\\\/pla-refill-filamenti\\\/#breadcrumb\"},\"inLanguage\":\"hr\",\"potentialAction\":[{\"@type\":\"ReadAction\",\"target\":[\"https:\\\/\\\/www.seneko.net\\\/izdelek\\\/pla-refill-filamenti\\\/\"]}]},{\"@type\":\"ImageObject\",\"inLanguage\":\"hr\",\"@id\":\"https:\\\/\\\/www.seneko.net\\\/izdelek\\\/pla-refill-filamenti\\\/#primaryimage\",\"url\":\"https:\\\/\\\/www.seneko.net\\\/wp-content\\\/uploads\\\/2022\\\/03\\\/plarefill_black.png\",\"contentUrl\":\"https:\\\/\\\/www.seneko.net\\\/wp-content\\\/uploads\\\/2022\\\/03\\\/plarefill_black.png\",\"width\":1000,\"height\":1000,\"caption\":\"PLA+ refill filamenti\"},{\"@type\":\"BreadcrumbList\",\"@id\":\"https:\\\/\\\/www.seneko.net\\\/izdelek\\\/pla-refill-filamenti\\\/#breadcrumb\",\"itemListElement\":[{\"@type\":\"ListItem\",\"position\":1,\"name\":\"Home\",\"item\":\"https:\\\/\\\/www.seneko.net\\\/\"},{\"@type\":\"ListItem\",\"position\":2,\"name\":\"Trgovina\",\"item\":\"https:\\\/\\\/www.seneko.net\\\/trgovina\\\/\"},{\"@type\":\"ListItem\",\"position\":3,\"name\":\"PLA+ refill filamenti\"}]},{\"@type\":\"WebSite\",\"@id\":\"https:\\\/\\\/www.seneko.net\\\/#website\",\"url\":\"https:\\\/\\\/www.seneko.net\\\/\",\"name\":\"Seneko\",\"description\":\"Z vami tiskamo prihodnost\",\"publisher\":{\"@id\":\"https:\\\/\\\/www.seneko.net\\\/#organization\"},\"potentialAction\":[{\"@type\":\"SearchAction\",\"target\":{\"@type\":\"EntryPoint\",\"urlTemplate\":\"https:\\\/\\\/www.seneko.net\\\/?s={search_term_string}\"},\"query-input\":{\"@type\":\"PropertyValueSpecification\",\"valueRequired\":true,\"valueName\":\"search_term_string\"}}],\"inLanguage\":\"hr\"},{\"@type\":\"Organization\",\"@id\":\"https:\\\/\\\/www.seneko.net\\\/#organization\",\"name\":\"Seneko\",\"url\":\"https:\\\/\\\/www.seneko.net\\\/\",\"logo\":{\"@type\":\"ImageObject\",\"inLanguage\":\"hr\",\"@id\":\"https:\\\/\\\/www.seneko.net\\\/#\\\/schema\\\/logo\\\/image\\\/\",\"url\":\"https:\\\/\\\/www.seneko.net\\\/wp-content\\\/uploads\\\/2021\\\/09\\\/logo_1.png\",\"contentUrl\":\"https:\\\/\\\/www.seneko.net\\\/wp-content\\\/uploads\\\/2021\\\/09\\\/logo_1.png\",\"width\":202,\"height\":80,\"caption\":\"Seneko\"},\"image\":{\"@id\":\"https:\\\/\\\/www.seneko.net\\\/#\\\/schema\\\/logo\\\/image\\\/\"},\"sameAs\":[\"https:\\\/\\\/www.facebook.com\\\/seneko3dshop\",\"https:\\\/\\\/www.instagram.com\\\/Seneko3DShop\\\/\"]}]}<\/script>\n<!-- \/ Yoast SEO plugin. -->","yoast_head_json":{"title":"PLA+ refill filamenti - Seneko","description":"PLA+ refill filamenti je okolju prijazen material, ki ga je enostavno tiskati in ima gladko povr\u0161ino. PLA+ refill filamenti se dobavijo brez koluta in tako se izognete veliko odpadnih kolutov. Dodatno transport refil filamenta povzro\u010di manj\u0161i oglji\u010dni odtis. Kolut eSPOOL lahko kupite ali pa si ga tiskate sami. Dodatne dobre lastnosti so dobra trdnost, togost, ravnovesje \u017eilavosti in mo\u010dna odpornost na udarce. Zelo primeren je za tiskanje funkcionalnih delov, odobren s strani FDA in tako varnej\u0161i za uporabo. Lahko se uporablja za konceptualne modele, hitre izdelave prototipov ter uporabne dele, umetnine in drugo.","robots":{"index":"index","follow":"follow","max-snippet":"max-snippet:-1","max-image-preview":"max-image-preview:large","max-video-preview":"max-video-preview:-1"},"canonical":"https:\/\/www.seneko.net\/hr\/proizvod\/pla-refill-filamenti\/","og_locale":"hr_HR","og_type":"article","og_title":"PLA+ refill filamenti - Seneko","og_description":"PLA+ refill filamenti je okolju prijazen material, ki ga je enostavno tiskati in ima gladko povr\u0161ino. PLA+ refill filamenti se dobavijo brez koluta in tako se izognete veliko odpadnih kolutov. Dodatno transport refil filamenta povzro\u010di manj\u0161i oglji\u010dni odtis. Kolut eSPOOL lahko kupite ali pa si ga tiskate sami. Dodatne dobre lastnosti so dobra trdnost, togost, ravnovesje \u017eilavosti in mo\u010dna odpornost na udarce. Zelo primeren je za tiskanje funkcionalnih delov, odobren s strani FDA in tako varnej\u0161i za uporabo. Lahko se uporablja za konceptualne modele, hitre izdelave prototipov ter uporabne dele, umetnine in drugo.","og_url":"https:\/\/www.seneko.net\/hr\/proizvod\/pla-refill-filamenti\/","og_site_name":"Seneko","article_publisher":"https:\/\/www.facebook.com\/seneko3dshop","article_modified_time":"2026-01-23T09:54:24+00:00","og_image":[{"width":1000,"height":1000,"url":"https:\/\/www.seneko.net\/wp-content\/uploads\/2022\/03\/plarefill_black.png","type":"image\/png"}],"twitter_card":"summary_large_image","twitter_misc":{"Procijenjeno vrijeme \u010ditanja":"2 minute"},"schema":{"@context":"https:\/\/schema.org","@graph":[{"@type":"WebPage","@id":"https:\/\/www.seneko.net\/izdelek\/pla-refill-filamenti\/","url":"https:\/\/www.seneko.net\/izdelek\/pla-refill-filamenti\/","name":"PLA+ refill filamenti - Seneko","isPartOf":{"@id":"https:\/\/www.seneko.net\/#website"},"primaryImageOfPage":{"@id":"https:\/\/www.seneko.net\/izdelek\/pla-refill-filamenti\/#primaryimage"},"image":{"@id":"https:\/\/www.seneko.net\/izdelek\/pla-refill-filamenti\/#primaryimage"},"thumbnailUrl":"https:\/\/www.seneko.net\/wp-content\/uploads\/2022\/03\/plarefill_black.png","datePublished":"2022-03-03T13:20:26+00:00","dateModified":"2026-01-23T09:54:24+00:00","description":"PLA+ refill filamenti je okolju prijazen material, ki ga je enostavno tiskati in ima gladko povr\u0161ino. PLA+ refill filamenti se dobavijo brez koluta in tako se izognete veliko odpadnih kolutov. Dodatno transport refil filamenta povzro\u010di manj\u0161i oglji\u010dni odtis. Kolut eSPOOL lahko kupite ali pa si ga tiskate sami. Dodatne dobre lastnosti so dobra trdnost, togost, ravnovesje \u017eilavosti in mo\u010dna odpornost na udarce. Zelo primeren je za tiskanje funkcionalnih delov, odobren s strani FDA in tako varnej\u0161i za uporabo. Lahko se uporablja za konceptualne modele, hitre izdelave prototipov ter uporabne dele, umetnine in drugo.","breadcrumb":{"@id":"https:\/\/www.seneko.net\/izdelek\/pla-refill-filamenti\/#breadcrumb"},"inLanguage":"hr","potentialAction":[{"@type":"ReadAction","target":["https:\/\/www.seneko.net\/izdelek\/pla-refill-filamenti\/"]}]},{"@type":"ImageObject","inLanguage":"hr","@id":"https:\/\/www.seneko.net\/izdelek\/pla-refill-filamenti\/#primaryimage","url":"https:\/\/www.seneko.net\/wp-content\/uploads\/2022\/03\/plarefill_black.png","contentUrl":"https:\/\/www.seneko.net\/wp-content\/uploads\/2022\/03\/plarefill_black.png","width":1000,"height":1000,"caption":"PLA+ refill filamenti"},{"@type":"BreadcrumbList","@id":"https:\/\/www.seneko.net\/izdelek\/pla-refill-filamenti\/#breadcrumb","itemListElement":[{"@type":"ListItem","position":1,"name":"Home","item":"https:\/\/www.seneko.net\/"},{"@type":"ListItem","position":2,"name":"Trgovina","item":"https:\/\/www.seneko.net\/trgovina\/"},{"@type":"ListItem","position":3,"name":"PLA+ refill filamenti"}]},{"@type":"WebSite","@id":"https:\/\/www.seneko.net\/#website","url":"https:\/\/www.seneko.net\/","name":"Seneko","description":"Z vami tiskamo prihodnost","publisher":{"@id":"https:\/\/www.seneko.net\/#organization"},"potentialAction":[{"@type":"SearchAction","target":{"@type":"EntryPoint","urlTemplate":"https:\/\/www.seneko.net\/?s={search_term_string}"},"query-input":{"@type":"PropertyValueSpecification","valueRequired":true,"valueName":"search_term_string"}}],"inLanguage":"hr"},{"@type":"Organization","@id":"https:\/\/www.seneko.net\/#organization","name":"Seneko","url":"https:\/\/www.seneko.net\/","logo":{"@type":"ImageObject","inLanguage":"hr","@id":"https:\/\/www.seneko.net\/#\/schema\/logo\/image\/","url":"https:\/\/www.seneko.net\/wp-content\/uploads\/2021\/09\/logo_1.png","contentUrl":"https:\/\/www.seneko.net\/wp-content\/uploads\/2021\/09\/logo_1.png","width":202,"height":80,"caption":"Seneko"},"image":{"@id":"https:\/\/www.seneko.net\/#\/schema\/logo\/image\/"},"sameAs":["https:\/\/www.facebook.com\/seneko3dshop","https:\/\/www.instagram.com\/Seneko3DShop\/"]}]}},"_links":{"self":[{"href":"https:\/\/www.seneko.net\/hr\/wp-json\/wp\/v2\/product\/3767","targetHints":{"allow":["GET"]}}],"collection":[{"href":"https:\/\/www.seneko.net\/hr\/wp-json\/wp\/v2\/product"}],"about":[{"href":"https:\/\/www.seneko.net\/hr\/wp-json\/wp\/v2\/types\/product"}],"replies":[{"embeddable":true,"href":"https:\/\/www.seneko.net\/hr\/wp-json\/wp\/v2\/comments?post=3767"}],"wp:featuredmedia":[{"embeddable":true,"href":"https:\/\/www.seneko.net\/hr\/wp-json\/wp\/v2\/media\/3773"}],"wp:attachment":[{"href":"https:\/\/www.seneko.net\/hr\/wp-json\/wp\/v2\/media?parent=3767"}],"wp:term":[{"taxonomy":"product_brand","embeddable":true,"href":"https:\/\/www.seneko.net\/hr\/wp-json\/wp\/v2\/product_brand?post=3767"},{"taxonomy":"product_cat","embeddable":true,"href":"https:\/\/www.seneko.net\/hr\/wp-json\/wp\/v2\/product_cat?post=3767"},{"taxonomy":"product_tag","embeddable":true,"href":"https:\/\/www.seneko.net\/hr\/wp-json\/wp\/v2\/product_tag?post=3767"}],"curies":[{"name":"wp","href":"https:\/\/api.w.org\/{rel}","templated":true}]}}