{"id":3789,"date":"2022-03-03T15:22:59","date_gmt":"2022-03-03T13:22:59","guid":{"rendered":"https:\/\/www.seneko.net\/?post_type=product&#038;p=3789"},"modified":"2026-01-23T11:54:22","modified_gmt":"2026-01-23T09:54:22","slug":"espool","status":"publish","type":"product","link":"https:\/\/www.seneko.net\/hr\/proizvod\/espool\/","title":{"rendered":"eSpool"},"content":{"rendered":"<div><span lang=\"EN-US\">ESpool ali kolut za ve\u010dkratno uporabo. Je snemljiv, posebej zasnovan za filamente brez tuljav. Prozoren in trpe\u017een PC material, pri katerem se lahko sproti opazi poraba materiala. PC material je odporen na visoke temperature zato se lahko uporablja tudi za su\u0161enje filamentov. Dvostranska votla zasnova omogo\u010da enostavno su\u0161enje in zmanj\u0161a stro\u0161ke proizvodnje in transporta ter zmanj\u0161uje emisije ogljika.<\/span><\/div>\n<div><\/div>\n<div><\/div>\n<div><\/div>\n<div>\n<p>\u3010 Kolut eSpool za ve\u010dkratno uporabo\u3011 Posebej zasnovan za 3d refill filamente brez koluta. ESpool je mogo\u010de prosto sestaviti in razstaviti za ve\u010dkratno uporabo, mo\u017eno ga je reciklirati in je okolju prijazen. V primerjavi z nesnemljivim kolutom prihrani prostor za shranjevanje in stro\u0161ke in zmanj\u0161a \u0161tevilo odpadnih kolutov za enkratno uporabo.<\/p>\n<p>\u3010Okolju prijazno\u3011Izdelan je iz PC materiala, je lahek, vendar ima visoko \u017eilavost in trdnost. Prozoren videz lahko spremlja porabo preostale filamente v realnem \u010dasu. Visoka temperaturna odpornost in velika votla struktura omogo\u010data hitrej\u0161e su\u0161enje filamenta 3D tiskalnika.<\/p>\n<p>\u3010Enostaven za uporabo\u3011 Pritisnite stolpec v pritrdilno luknjo diska, vstavite 3D filament na name\u0161\u010den disk, nato poravnajte pritrdilno luknjo drugega diska in pritiskajte, dokler nista diska tesno pritrjena skupaj. eSpool se lahko uporablja ve\u010dkrat, je vzdr\u017eljiv in mo\u010dan, ni ga lahko zlomiti.<\/p>\n<p>\u3010Visoka zdru\u017eljivost\u3011 Premer diska 200 mm, dol\u017eina stolpca 65 mm, \u0161irina stolpca 34 mm, debelina diska 4 mm. Zdru\u017eljivo z ve\u010dino 0,5KG, 0,75KG in 1KG PLA, PETG in drugimi filamenti brez tuljav za 3D tiskalnike.<\/p>\n<p>\u3010Vsebina paketa\u3011eSpool kolut vklju\u010duje 2 okrogla diska in 3 kose za povezavo med diski. Pakirano pa je v embala\u017eni vre\u010dki iz biolo\u0161ko razgradljivih PBAT in PLA biolo\u0161kih materialov. eSpool se lahko uporablja skupaj s su\u0161ilno \u0161katlo eSUN eBOX, katera skraj\u0161a \u010das su\u0161enja filamenta.<\/p>\n<p>&nbsp;<\/p>\n<\/div>\n<p>Okolju prijazno:<\/p>\n<p>Izdelek je mogo\u010de razstaviti in reciklirati ter je okolju prijazen; embala\u017ena vre\u010dka je izdelana iz biolo\u0161ko razgradljivih PBAT in PLA biolo\u0161kih materialov.<\/p>","protected":false},"excerpt":{"rendered":"<ul>\n<li>Preglednost<\/li>\n<li>Visoka trdnost in \u017eilavost<\/li>\n<li>Okolju prijazen<\/li>\n<li>Lahko se su\u0161i pri visoki temperaturi<\/li>\n<li>Biorazgradljiva zelena vre\u010dka za za\u0161\u010dito okolja<\/li>\n<\/ul>","protected":false},"featured_media":3790,"comment_status":"open","ping_status":"closed","template":"","meta":[],"product_brand":[],"product_cat":[349,348],"product_tag":[402,362,405,406,404,403],"class_list":{"0":"post-3789","1":"product","2":"type-product","3":"status-publish","4":"has-post-thumbnail","6":"product_cat-espool","7":"product_cat-pribori-deli","8":"product_tag-espool","9":"product_tag-filamenti-esun","10":"product_tag-kolut","11":"product_tag-spool","12":"product_tag-susenje-filamenta","13":"product_tag-zascita-filamenta","15":"first","16":"instock","17":"sale","18":"taxable","19":"shipping-taxable","20":"purchasable","21":"product-type-simple"},"bundled_by":["4825","4836"],"bundle_stock_status":"instock","bundle_stock_quantity":6,"bundle_virtual":false,"bundle_layout":"","bundle_add_to_cart_form_location":"","bundle_editable_in_cart":false,"bundle_sold_individually_context":"","bundle_item_grouping":"","bundle_min_size":"","bundle_max_size":"","bundle_price":[],"bundled_items":[],"bundle_sell_ids":[],"yoast_head":"<!-- This site is optimized with the Yoast SEO plugin v27.4 - https:\/\/yoast.com\/product\/yoast-seo-wordpress\/ -->\n<title>eSpool - Seneko<\/title>\n<meta name=\"description\" content=\"Seneko - ESpool ali Kolut za ve\u010dkratno uporabo. Je snemljiv, posebej zasnovan za filamente brez tuljav. Prozoren in trpe\u017een PC material, pri katerem se lahko sproti opazi poraba materiala. PC material je odporen na visoke temperature zato se lahko uporablja tudi za su\u0161enje filamentov. Dvostranska votla zasnova omogo\u010da enostavno su\u0161enje in zmanj\u0161a stro\u0161ke proizvodnje in transporta ter zmanj\u0161uje emisije ogljika.\" \/>\n<meta name=\"robots\" content=\"index, follow, max-snippet:-1, max-image-preview:large, max-video-preview:-1\" \/>\n<link rel=\"canonical\" href=\"https:\/\/www.seneko.net\/hr\/proizvod\/espool\/\" \/>\n<meta property=\"og:locale\" content=\"hr_HR\" \/>\n<meta property=\"og:type\" content=\"article\" \/>\n<meta property=\"og:title\" content=\"eSpool - Seneko\" \/>\n<meta property=\"og:description\" content=\"Seneko - ESpool ali Kolut za ve\u010dkratno uporabo. Je snemljiv, posebej zasnovan za filamente brez tuljav. Prozoren in trpe\u017een PC material, pri katerem se lahko sproti opazi poraba materiala. PC material je odporen na visoke temperature zato se lahko uporablja tudi za su\u0161enje filamentov. Dvostranska votla zasnova omogo\u010da enostavno su\u0161enje in zmanj\u0161a stro\u0161ke proizvodnje in transporta ter zmanj\u0161uje emisije ogljika.\" \/>\n<meta property=\"og:url\" content=\"https:\/\/www.seneko.net\/hr\/proizvod\/espool\/\" \/>\n<meta property=\"og:site_name\" content=\"Seneko\" \/>\n<meta property=\"article:publisher\" content=\"https:\/\/www.facebook.com\/seneko3dshop\" \/>\n<meta property=\"article:modified_time\" content=\"2026-01-23T09:54:22+00:00\" \/>\n<meta property=\"og:image\" content=\"https:\/\/www.seneko.net\/wp-content\/uploads\/2022\/03\/espool1.png\" \/>\n\t<meta property=\"og:image:width\" content=\"1000\" \/>\n\t<meta property=\"og:image:height\" content=\"1000\" \/>\n\t<meta property=\"og:image:type\" content=\"image\/png\" \/>\n<meta name=\"twitter:card\" content=\"summary_large_image\" \/>\n<meta name=\"twitter:label1\" content=\"Procijenjeno vrijeme \u010ditanja\" \/>\n\t<meta name=\"twitter:data1\" content=\"2 minute\" \/>\n<script type=\"application\/ld+json\" class=\"yoast-schema-graph\">{\"@context\":\"https:\\\/\\\/schema.org\",\"@graph\":[{\"@type\":\"WebPage\",\"@id\":\"https:\\\/\\\/www.seneko.net\\\/izdelek\\\/espool\\\/\",\"url\":\"https:\\\/\\\/www.seneko.net\\\/izdelek\\\/espool\\\/\",\"name\":\"eSpool - Seneko\",\"isPartOf\":{\"@id\":\"https:\\\/\\\/www.seneko.net\\\/#website\"},\"primaryImageOfPage\":{\"@id\":\"https:\\\/\\\/www.seneko.net\\\/izdelek\\\/espool\\\/#primaryimage\"},\"image\":{\"@id\":\"https:\\\/\\\/www.seneko.net\\\/izdelek\\\/espool\\\/#primaryimage\"},\"thumbnailUrl\":\"https:\\\/\\\/www.seneko.net\\\/wp-content\\\/uploads\\\/2022\\\/03\\\/espool1.png\",\"datePublished\":\"2022-03-03T13:22:59+00:00\",\"dateModified\":\"2026-01-23T09:54:22+00:00\",\"description\":\"Seneko - ESpool ali Kolut za ve\u010dkratno uporabo. Je snemljiv, posebej zasnovan za filamente brez tuljav. Prozoren in trpe\u017een PC material, pri katerem se lahko sproti opazi poraba materiala. PC material je odporen na visoke temperature zato se lahko uporablja tudi za su\u0161enje filamentov. Dvostranska votla zasnova omogo\u010da enostavno su\u0161enje in zmanj\u0161a stro\u0161ke proizvodnje in transporta ter zmanj\u0161uje emisije ogljika.\",\"breadcrumb\":{\"@id\":\"https:\\\/\\\/www.seneko.net\\\/izdelek\\\/espool\\\/#breadcrumb\"},\"inLanguage\":\"hr\",\"potentialAction\":[{\"@type\":\"ReadAction\",\"target\":[\"https:\\\/\\\/www.seneko.net\\\/izdelek\\\/espool\\\/\"]}]},{\"@type\":\"ImageObject\",\"inLanguage\":\"hr\",\"@id\":\"https:\\\/\\\/www.seneko.net\\\/izdelek\\\/espool\\\/#primaryimage\",\"url\":\"https:\\\/\\\/www.seneko.net\\\/wp-content\\\/uploads\\\/2022\\\/03\\\/espool1.png\",\"contentUrl\":\"https:\\\/\\\/www.seneko.net\\\/wp-content\\\/uploads\\\/2022\\\/03\\\/espool1.png\",\"width\":1000,\"height\":1000,\"caption\":\"eSpool\"},{\"@type\":\"BreadcrumbList\",\"@id\":\"https:\\\/\\\/www.seneko.net\\\/izdelek\\\/espool\\\/#breadcrumb\",\"itemListElement\":[{\"@type\":\"ListItem\",\"position\":1,\"name\":\"Home\",\"item\":\"https:\\\/\\\/www.seneko.net\\\/\"},{\"@type\":\"ListItem\",\"position\":2,\"name\":\"Trgovina\",\"item\":\"https:\\\/\\\/www.seneko.net\\\/trgovina\\\/\"},{\"@type\":\"ListItem\",\"position\":3,\"name\":\"eSpool\"}]},{\"@type\":\"WebSite\",\"@id\":\"https:\\\/\\\/www.seneko.net\\\/#website\",\"url\":\"https:\\\/\\\/www.seneko.net\\\/\",\"name\":\"Seneko\",\"description\":\"Z vami tiskamo prihodnost\",\"publisher\":{\"@id\":\"https:\\\/\\\/www.seneko.net\\\/#organization\"},\"potentialAction\":[{\"@type\":\"SearchAction\",\"target\":{\"@type\":\"EntryPoint\",\"urlTemplate\":\"https:\\\/\\\/www.seneko.net\\\/?s={search_term_string}\"},\"query-input\":{\"@type\":\"PropertyValueSpecification\",\"valueRequired\":true,\"valueName\":\"search_term_string\"}}],\"inLanguage\":\"hr\"},{\"@type\":\"Organization\",\"@id\":\"https:\\\/\\\/www.seneko.net\\\/#organization\",\"name\":\"Seneko\",\"url\":\"https:\\\/\\\/www.seneko.net\\\/\",\"logo\":{\"@type\":\"ImageObject\",\"inLanguage\":\"hr\",\"@id\":\"https:\\\/\\\/www.seneko.net\\\/#\\\/schema\\\/logo\\\/image\\\/\",\"url\":\"https:\\\/\\\/www.seneko.net\\\/wp-content\\\/uploads\\\/2021\\\/09\\\/logo_1.png\",\"contentUrl\":\"https:\\\/\\\/www.seneko.net\\\/wp-content\\\/uploads\\\/2021\\\/09\\\/logo_1.png\",\"width\":202,\"height\":80,\"caption\":\"Seneko\"},\"image\":{\"@id\":\"https:\\\/\\\/www.seneko.net\\\/#\\\/schema\\\/logo\\\/image\\\/\"},\"sameAs\":[\"https:\\\/\\\/www.facebook.com\\\/seneko3dshop\",\"https:\\\/\\\/www.instagram.com\\\/Seneko3DShop\\\/\"]}]}<\/script>\n<!-- \/ Yoast SEO plugin. -->","yoast_head_json":{"title":"eSpool - Seneko","description":"Seneko - ESpool ali Kolut za ve\u010dkratno uporabo. Je snemljiv, posebej zasnovan za filamente brez tuljav. Prozoren in trpe\u017een PC material, pri katerem se lahko sproti opazi poraba materiala. PC material je odporen na visoke temperature zato se lahko uporablja tudi za su\u0161enje filamentov. Dvostranska votla zasnova omogo\u010da enostavno su\u0161enje in zmanj\u0161a stro\u0161ke proizvodnje in transporta ter zmanj\u0161uje emisije ogljika.","robots":{"index":"index","follow":"follow","max-snippet":"max-snippet:-1","max-image-preview":"max-image-preview:large","max-video-preview":"max-video-preview:-1"},"canonical":"https:\/\/www.seneko.net\/hr\/proizvod\/espool\/","og_locale":"hr_HR","og_type":"article","og_title":"eSpool - Seneko","og_description":"Seneko - ESpool ali Kolut za ve\u010dkratno uporabo. Je snemljiv, posebej zasnovan za filamente brez tuljav. Prozoren in trpe\u017een PC material, pri katerem se lahko sproti opazi poraba materiala. PC material je odporen na visoke temperature zato se lahko uporablja tudi za su\u0161enje filamentov. Dvostranska votla zasnova omogo\u010da enostavno su\u0161enje in zmanj\u0161a stro\u0161ke proizvodnje in transporta ter zmanj\u0161uje emisije ogljika.","og_url":"https:\/\/www.seneko.net\/hr\/proizvod\/espool\/","og_site_name":"Seneko","article_publisher":"https:\/\/www.facebook.com\/seneko3dshop","article_modified_time":"2026-01-23T09:54:22+00:00","og_image":[{"width":1000,"height":1000,"url":"https:\/\/www.seneko.net\/wp-content\/uploads\/2022\/03\/espool1.png","type":"image\/png"}],"twitter_card":"summary_large_image","twitter_misc":{"Procijenjeno vrijeme \u010ditanja":"2 minute"},"schema":{"@context":"https:\/\/schema.org","@graph":[{"@type":"WebPage","@id":"https:\/\/www.seneko.net\/izdelek\/espool\/","url":"https:\/\/www.seneko.net\/izdelek\/espool\/","name":"eSpool - Seneko","isPartOf":{"@id":"https:\/\/www.seneko.net\/#website"},"primaryImageOfPage":{"@id":"https:\/\/www.seneko.net\/izdelek\/espool\/#primaryimage"},"image":{"@id":"https:\/\/www.seneko.net\/izdelek\/espool\/#primaryimage"},"thumbnailUrl":"https:\/\/www.seneko.net\/wp-content\/uploads\/2022\/03\/espool1.png","datePublished":"2022-03-03T13:22:59+00:00","dateModified":"2026-01-23T09:54:22+00:00","description":"Seneko - ESpool ali Kolut za ve\u010dkratno uporabo. Je snemljiv, posebej zasnovan za filamente brez tuljav. Prozoren in trpe\u017een PC material, pri katerem se lahko sproti opazi poraba materiala. PC material je odporen na visoke temperature zato se lahko uporablja tudi za su\u0161enje filamentov. Dvostranska votla zasnova omogo\u010da enostavno su\u0161enje in zmanj\u0161a stro\u0161ke proizvodnje in transporta ter zmanj\u0161uje emisije ogljika.","breadcrumb":{"@id":"https:\/\/www.seneko.net\/izdelek\/espool\/#breadcrumb"},"inLanguage":"hr","potentialAction":[{"@type":"ReadAction","target":["https:\/\/www.seneko.net\/izdelek\/espool\/"]}]},{"@type":"ImageObject","inLanguage":"hr","@id":"https:\/\/www.seneko.net\/izdelek\/espool\/#primaryimage","url":"https:\/\/www.seneko.net\/wp-content\/uploads\/2022\/03\/espool1.png","contentUrl":"https:\/\/www.seneko.net\/wp-content\/uploads\/2022\/03\/espool1.png","width":1000,"height":1000,"caption":"eSpool"},{"@type":"BreadcrumbList","@id":"https:\/\/www.seneko.net\/izdelek\/espool\/#breadcrumb","itemListElement":[{"@type":"ListItem","position":1,"name":"Home","item":"https:\/\/www.seneko.net\/"},{"@type":"ListItem","position":2,"name":"Trgovina","item":"https:\/\/www.seneko.net\/trgovina\/"},{"@type":"ListItem","position":3,"name":"eSpool"}]},{"@type":"WebSite","@id":"https:\/\/www.seneko.net\/#website","url":"https:\/\/www.seneko.net\/","name":"Seneko","description":"Z vami tiskamo prihodnost","publisher":{"@id":"https:\/\/www.seneko.net\/#organization"},"potentialAction":[{"@type":"SearchAction","target":{"@type":"EntryPoint","urlTemplate":"https:\/\/www.seneko.net\/?s={search_term_string}"},"query-input":{"@type":"PropertyValueSpecification","valueRequired":true,"valueName":"search_term_string"}}],"inLanguage":"hr"},{"@type":"Organization","@id":"https:\/\/www.seneko.net\/#organization","name":"Seneko","url":"https:\/\/www.seneko.net\/","logo":{"@type":"ImageObject","inLanguage":"hr","@id":"https:\/\/www.seneko.net\/#\/schema\/logo\/image\/","url":"https:\/\/www.seneko.net\/wp-content\/uploads\/2021\/09\/logo_1.png","contentUrl":"https:\/\/www.seneko.net\/wp-content\/uploads\/2021\/09\/logo_1.png","width":202,"height":80,"caption":"Seneko"},"image":{"@id":"https:\/\/www.seneko.net\/#\/schema\/logo\/image\/"},"sameAs":["https:\/\/www.facebook.com\/seneko3dshop","https:\/\/www.instagram.com\/Seneko3DShop\/"]}]}},"_links":{"self":[{"href":"https:\/\/www.seneko.net\/hr\/wp-json\/wp\/v2\/product\/3789","targetHints":{"allow":["GET"]}}],"collection":[{"href":"https:\/\/www.seneko.net\/hr\/wp-json\/wp\/v2\/product"}],"about":[{"href":"https:\/\/www.seneko.net\/hr\/wp-json\/wp\/v2\/types\/product"}],"replies":[{"embeddable":true,"href":"https:\/\/www.seneko.net\/hr\/wp-json\/wp\/v2\/comments?post=3789"}],"wp:featuredmedia":[{"embeddable":true,"href":"https:\/\/www.seneko.net\/hr\/wp-json\/wp\/v2\/media\/3790"}],"wp:attachment":[{"href":"https:\/\/www.seneko.net\/hr\/wp-json\/wp\/v2\/media?parent=3789"}],"wp:term":[{"taxonomy":"product_brand","embeddable":true,"href":"https:\/\/www.seneko.net\/hr\/wp-json\/wp\/v2\/product_brand?post=3789"},{"taxonomy":"product_cat","embeddable":true,"href":"https:\/\/www.seneko.net\/hr\/wp-json\/wp\/v2\/product_cat?post=3789"},{"taxonomy":"product_tag","embeddable":true,"href":"https:\/\/www.seneko.net\/hr\/wp-json\/wp\/v2\/product_tag?post=3789"}],"curies":[{"name":"wp","href":"https:\/\/api.w.org\/{rel}","templated":true}]}}