{"id":3802,"date":"2022-03-03T15:33:40","date_gmt":"2022-03-03T13:33:40","guid":{"rendered":"https:\/\/www.seneko.net\/?post_type=product&#038;p=3802"},"modified":"2026-01-02T19:40:19","modified_gmt":"2026-01-02T17:40:19","slug":"water-washable-resin","status":"publish","type":"product","link":"https:\/\/www.seneko.net\/hr\/proizvod\/water-washable-resin\/","title":{"rendered":"Water Washable Resin"},"content":{"rendered":"<p>Water Washable Resin \/ smola, ki se lahko opere z vodo in je ni potrebno \u010distiti z alkoholom \u2013 s tem prihranimo in skraj\u0161amo \u010das naknadne obdelave izdelka. S tem je izbolj\u0161ana u\u010dinkovitost tiskanja in zmanj\u0161ani stro\u0161ki naknadne obdelave.<\/p>\n<p>Natan\u010dnost pri tiskanju Water Washable Resin je visoka, z visoko lo\u010dljivostjo, kjer je povr\u0161ina natisnjenega izdelka\u00a0 gladka in podrobnosti tiska so jasno vidne. Mehanske lastnosti, kot so trdnost, \u017eilavost in togost, so uravnote\u017eene. Nizka viskoznost, enostavna lo\u010ditev po strjevanju in enostavno za tiskati.<\/p>\n<p>&nbsp;<\/p>\n<p>\u3010<strong>Vodno pralna smola<\/strong>\u3011Trdota 76D. Nizka viskoznost. Nizka stopnja vonja. Enostaven za \u010di\u0161\u010denje, lahko se opere z vodo. Hitro strjevanje, izbolj\u0161anje u\u010dinkovitosti tiskanja. Visoka stopnja uspe\u0161nosti. Zdru\u017eljiv z ve\u010dino LCD 3D tiskalnikov.<\/p>\n<p><strong>\u3010<\/strong><strong>Visoka natan\u010dnost in nizko kr\u010denje<\/strong><strong>\u3011<\/strong> Rastlinska smola eSUN vsebuje metakrilatne monomere, ki zmanj\u0161ajo kr\u010denje volumna med postopkom fotopolimerizacije, kar zagotavlja visoko natan\u010dnost modela tiska z gladkimi prehodi zaklju\u010dnih slojev.<\/p>\n<p><strong>\u3010<\/strong><strong>Odli\u010dna preto\u010dnost in odli\u010dna stabilnost<\/strong><strong>\u3011<\/strong> Hitra smola lahko hitro prodre v modele, izbolj\u0161a hitrost tiskanja in skraj\u0161a \u010das strjevanja. Medtem ima UV smola dobro kombinacijo trdote in \u017eilavosti, mo\u010dno oprijemljivost modela in enostavno lo\u010ditev po strjevanju.<\/p>\n<p><strong>\u3010<\/strong><strong>Profesionalno za LCD<\/strong><strong>\u3011<\/strong> Posebej zasnovan za LED svetlobni vir za doseganje bolj\u0161e kakovosti tiska. Z visokokakovostnimi pigmenti in fotoiniciatorji imajo modeli, natisnjeni s smolo zelo \u010dist in osupljiv barvni u\u010dinek, tako kot umetni\u0161ko delo.<\/p>\n<p><strong>\u3010<\/strong><strong>Varno pakiranje<\/strong><strong>\u3011<\/strong> Odebeljena aluminijasta steklenica, popolnoma za\u0161\u010ditena pred svetlobo. Neprepustna steklenic, v celoti zavita s plasti\u010dno vre\u010dko z mehur\u010dki, da zagotovite, da smola ostane na mestu kamor sodi.<\/p>\n<p>&nbsp;<\/p>\n<p><strong>Opombe<\/strong><\/p>\n<ol>\n<li>Pred tiskanjem dobro pretresite<\/li>\n<li>Vodno pralne smole ne smete dolgo \u010dasa dr\u017eati pod vodo. Lahko jo od desetine sekunde do ene minute. Po pranju jih pravo\u010dasno posu\u0161ite s su\u0161ilcem za lase. Pri shranjevanju pazite, da ga ne postavite v vla\u017eno in visoko temperaturno okolje.<\/li>\n<\/ol>","protected":false},"excerpt":{"rendered":"<ul>\n<li>Pralno<\/li>\n<li>Nizka viskoznost<\/li>\n<li>Visoka natan\u010dnost<\/li>\n<li>Uravnote\u017eena mo\u010d, \u017eilavost in togost<\/li>\n<\/ul>","protected":false},"featured_media":3824,"comment_status":"open","ping_status":"closed","template":"","meta":[],"product_brand":[],"product_cat":[333,337],"product_tag":[390,378,392,389,393,391,388,394],"class_list":{"0":"post-3802","1":"product","2":"type-product","3":"status-publish","4":"has-post-thumbnail","6":"product_cat-splosne-smole","7":"product_cat-water-washable-resin","8":"product_tag-3d-smola-na-vodni-osnovi","9":"product_tag-esun","10":"product_tag-resin","11":"product_tag-smola-na-vodni-osnovi","12":"product_tag-smola-za-tisk","13":"product_tag-vodna-smola","14":"product_tag-water-washable-resin","15":"product_tag-wwr","16":"pa_barva-beige-resin","17":"pa_barva-black","18":"pa_barva-clear","19":"pa_barva-grey","20":"pa_barva-red","21":"pa_barva-transparent","22":"pa_barva-white","23":"pa_barva-yellow","25":"first","26":"instock","27":"sale","28":"taxable","29":"shipping-taxable","30":"purchasable","31":"product-type-variable","32":"has-default-attributes"},"bundled_by":[],"bundle_stock_status":"instock","bundle_stock_quantity":null,"bundle_virtual":false,"bundle_layout":"","bundle_add_to_cart_form_location":"","bundle_editable_in_cart":false,"bundle_sold_individually_context":"","bundle_item_grouping":"","bundle_min_size":"","bundle_max_size":"","bundle_price":[],"bundled_items":[],"bundle_sell_ids":[],"yoast_head":"<!-- This site is optimized with the Yoast SEO plugin v27.4 - https:\/\/yoast.com\/product\/yoast-seo-wordpress\/ -->\n<title>Water Washable Resin - Seneko<\/title>\n<meta name=\"description\" content=\"Water Washable Resin \/ smola, ki se lahko opere z vodo in je ni potrebno \u010distiti z alkoholom \u2013 s tem prihranimo in skraj\u0161amo \u010das naknadne obdelave izdelka. S tem je izbolj\u0161ana u\u010dinkovitost tiskanja in zmanj\u0161ani stro\u0161ki naknadne obdelave. Natan\u010dnost pri tiskanju Water Washable Resin je visoka, z visoko lo\u010dljivostjo, kjer je povr\u0161ina natisnjenega izdelka gladka in podrobnosti tiska so jasno vidne. Mehanske lastnosti, kot so trdnost, \u017eilavost in togost, so uravnote\u017eene. Nizka viskoznost, enostavna lo\u010ditev po strjevanju in enostavno za tiskati. Hitro strjevanje, izbolj\u0161anje u\u010dinkovitosti tiskanja. Visoka stopnja uspe\u0161nosti. Zdru\u017eljiv z ve\u010dino LCD 3D tiskalnikov. Visoka natan\u010dnost in nizko kr\u010denje - rastlinska smola eSUN vsebuje metakrilatne monomere, ki zmanj\u0161ajo kr\u010denje volumna med postopkom fotopolimerizacije, kar zagotavlja visoko natan\u010dnost modela tiska z gladkimi prehodi zaklju\u010dnih slojev. Odli\u010dna preto\u010dnost in odli\u010dna stabilnost - hitra smola lahko hitro prodre v modele, izbolj\u0161a hitrost tiskanja in skraj\u0161a \u010das strjevanja. Medtem ima UV smola dobro kombinacijo trdote in \u017eilavosti, mo\u010dno oprijemljivost modela in enostavno lo\u010ditev po strjevanju. Posebej zasnovan za LED svetlobni vir za doseganje bolj\u0161e kakovosti tiska. Z visokokakovostnimi pigmenti in fotoiniciatorji imajo modeli, natisnjeni s smolo zelo \u010dist in osupljiv barvni u\u010dinek, tako kot umetni\u0161ko delo. Varno pakiranje - odebeljena aluminijasta steklenica, popolnoma za\u0161\u010ditena pred svetlobo. Neprepustna steklenic, v celoti zavita s plasti\u010dno vre\u010dko z mehur\u010dki, da zagotovite, da smola ostane na mestu kamor sodi.\" \/>\n<meta name=\"robots\" content=\"index, follow, max-snippet:-1, max-image-preview:large, max-video-preview:-1\" \/>\n<link rel=\"canonical\" href=\"https:\/\/www.seneko.net\/hr\/proizvod\/water-washable-resin\/\" \/>\n<meta property=\"og:locale\" content=\"hr_HR\" \/>\n<meta property=\"og:type\" content=\"article\" \/>\n<meta property=\"og:title\" content=\"Water Washable Resin - Seneko\" \/>\n<meta property=\"og:description\" content=\"Water Washable Resin \/ smola, ki se lahko opere z vodo in je ni potrebno \u010distiti z alkoholom \u2013 s tem prihranimo in skraj\u0161amo \u010das naknadne obdelave izdelka. S tem je izbolj\u0161ana u\u010dinkovitost tiskanja in zmanj\u0161ani stro\u0161ki naknadne obdelave. Natan\u010dnost pri tiskanju Water Washable Resin je visoka, z visoko lo\u010dljivostjo, kjer je povr\u0161ina natisnjenega izdelka gladka in podrobnosti tiska so jasno vidne. Mehanske lastnosti, kot so trdnost, \u017eilavost in togost, so uravnote\u017eene. Nizka viskoznost, enostavna lo\u010ditev po strjevanju in enostavno za tiskati. Hitro strjevanje, izbolj\u0161anje u\u010dinkovitosti tiskanja. Visoka stopnja uspe\u0161nosti. Zdru\u017eljiv z ve\u010dino LCD 3D tiskalnikov. Visoka natan\u010dnost in nizko kr\u010denje - rastlinska smola eSUN vsebuje metakrilatne monomere, ki zmanj\u0161ajo kr\u010denje volumna med postopkom fotopolimerizacije, kar zagotavlja visoko natan\u010dnost modela tiska z gladkimi prehodi zaklju\u010dnih slojev. Odli\u010dna preto\u010dnost in odli\u010dna stabilnost - hitra smola lahko hitro prodre v modele, izbolj\u0161a hitrost tiskanja in skraj\u0161a \u010das strjevanja. Medtem ima UV smola dobro kombinacijo trdote in \u017eilavosti, mo\u010dno oprijemljivost modela in enostavno lo\u010ditev po strjevanju. Posebej zasnovan za LED svetlobni vir za doseganje bolj\u0161e kakovosti tiska. Z visokokakovostnimi pigmenti in fotoiniciatorji imajo modeli, natisnjeni s smolo zelo \u010dist in osupljiv barvni u\u010dinek, tako kot umetni\u0161ko delo. Varno pakiranje - odebeljena aluminijasta steklenica, popolnoma za\u0161\u010ditena pred svetlobo. Neprepustna steklenic, v celoti zavita s plasti\u010dno vre\u010dko z mehur\u010dki, da zagotovite, da smola ostane na mestu kamor sodi.\" \/>\n<meta property=\"og:url\" content=\"https:\/\/www.seneko.net\/hr\/proizvod\/water-washable-resin\/\" \/>\n<meta property=\"og:site_name\" content=\"Seneko\" \/>\n<meta property=\"article:publisher\" content=\"https:\/\/www.facebook.com\/seneko3dshop\" \/>\n<meta property=\"article:modified_time\" content=\"2026-01-02T17:40:19+00:00\" \/>\n<meta property=\"og:image\" content=\"https:\/\/www.seneko.net\/wp-content\/uploads\/2022\/03\/black1.png\" \/>\n\t<meta property=\"og:image:width\" content=\"1000\" \/>\n\t<meta property=\"og:image:height\" content=\"1000\" \/>\n\t<meta property=\"og:image:type\" content=\"image\/png\" \/>\n<meta name=\"twitter:card\" content=\"summary_large_image\" \/>\n<meta name=\"twitter:label1\" content=\"Procijenjeno vrijeme \u010ditanja\" \/>\n\t<meta name=\"twitter:data1\" content=\"2 minute\" \/>\n<script type=\"application\/ld+json\" class=\"yoast-schema-graph\">{\"@context\":\"https:\\\/\\\/schema.org\",\"@graph\":[{\"@type\":\"WebPage\",\"@id\":\"https:\\\/\\\/www.seneko.net\\\/izdelek\\\/water-washable-resin\\\/\",\"url\":\"https:\\\/\\\/www.seneko.net\\\/izdelek\\\/water-washable-resin\\\/\",\"name\":\"Water Washable Resin - Seneko\",\"isPartOf\":{\"@id\":\"https:\\\/\\\/www.seneko.net\\\/#website\"},\"primaryImageOfPage\":{\"@id\":\"https:\\\/\\\/www.seneko.net\\\/izdelek\\\/water-washable-resin\\\/#primaryimage\"},\"image\":{\"@id\":\"https:\\\/\\\/www.seneko.net\\\/izdelek\\\/water-washable-resin\\\/#primaryimage\"},\"thumbnailUrl\":\"https:\\\/\\\/www.seneko.net\\\/wp-content\\\/uploads\\\/2022\\\/03\\\/black1.png\",\"datePublished\":\"2022-03-03T13:33:40+00:00\",\"dateModified\":\"2026-01-02T17:40:19+00:00\",\"description\":\"Water Washable Resin \\\/ smola, ki se lahko opere z vodo in je ni potrebno \u010distiti z alkoholom \u2013 s tem prihranimo in skraj\u0161amo \u010das naknadne obdelave izdelka. S tem je izbolj\u0161ana u\u010dinkovitost tiskanja in zmanj\u0161ani stro\u0161ki naknadne obdelave. Natan\u010dnost pri tiskanju Water Washable Resin je visoka, z visoko lo\u010dljivostjo, kjer je povr\u0161ina natisnjenega izdelka gladka in podrobnosti tiska so jasno vidne. Mehanske lastnosti, kot so trdnost, \u017eilavost in togost, so uravnote\u017eene. Nizka viskoznost, enostavna lo\u010ditev po strjevanju in enostavno za tiskati. Hitro strjevanje, izbolj\u0161anje u\u010dinkovitosti tiskanja. Visoka stopnja uspe\u0161nosti. Zdru\u017eljiv z ve\u010dino LCD 3D tiskalnikov. Visoka natan\u010dnost in nizko kr\u010denje - rastlinska smola eSUN vsebuje metakrilatne monomere, ki zmanj\u0161ajo kr\u010denje volumna med postopkom fotopolimerizacije, kar zagotavlja visoko natan\u010dnost modela tiska z gladkimi prehodi zaklju\u010dnih slojev. Odli\u010dna preto\u010dnost in odli\u010dna stabilnost - hitra smola lahko hitro prodre v modele, izbolj\u0161a hitrost tiskanja in skraj\u0161a \u010das strjevanja. Medtem ima UV smola dobro kombinacijo trdote in \u017eilavosti, mo\u010dno oprijemljivost modela in enostavno lo\u010ditev po strjevanju. Posebej zasnovan za LED svetlobni vir za doseganje bolj\u0161e kakovosti tiska. Z visokokakovostnimi pigmenti in fotoiniciatorji imajo modeli, natisnjeni s smolo zelo \u010dist in osupljiv barvni u\u010dinek, tako kot umetni\u0161ko delo. Varno pakiranje - odebeljena aluminijasta steklenica, popolnoma za\u0161\u010ditena pred svetlobo. Neprepustna steklenic, v celoti zavita s plasti\u010dno vre\u010dko z mehur\u010dki, da zagotovite, da smola ostane na mestu kamor sodi.\",\"breadcrumb\":{\"@id\":\"https:\\\/\\\/www.seneko.net\\\/izdelek\\\/water-washable-resin\\\/#breadcrumb\"},\"inLanguage\":\"hr\",\"potentialAction\":[{\"@type\":\"ReadAction\",\"target\":[\"https:\\\/\\\/www.seneko.net\\\/izdelek\\\/water-washable-resin\\\/\"]}]},{\"@type\":\"ImageObject\",\"inLanguage\":\"hr\",\"@id\":\"https:\\\/\\\/www.seneko.net\\\/izdelek\\\/water-washable-resin\\\/#primaryimage\",\"url\":\"https:\\\/\\\/www.seneko.net\\\/wp-content\\\/uploads\\\/2022\\\/03\\\/black1.png\",\"contentUrl\":\"https:\\\/\\\/www.seneko.net\\\/wp-content\\\/uploads\\\/2022\\\/03\\\/black1.png\",\"width\":1000,\"height\":1000,\"caption\":\"water washable resin black\"},{\"@type\":\"BreadcrumbList\",\"@id\":\"https:\\\/\\\/www.seneko.net\\\/izdelek\\\/water-washable-resin\\\/#breadcrumb\",\"itemListElement\":[{\"@type\":\"ListItem\",\"position\":1,\"name\":\"Home\",\"item\":\"https:\\\/\\\/www.seneko.net\\\/\"},{\"@type\":\"ListItem\",\"position\":2,\"name\":\"Trgovina\",\"item\":\"https:\\\/\\\/www.seneko.net\\\/trgovina\\\/\"},{\"@type\":\"ListItem\",\"position\":3,\"name\":\"Water Washable Resin\"}]},{\"@type\":\"WebSite\",\"@id\":\"https:\\\/\\\/www.seneko.net\\\/#website\",\"url\":\"https:\\\/\\\/www.seneko.net\\\/\",\"name\":\"Seneko\",\"description\":\"Z vami tiskamo prihodnost\",\"publisher\":{\"@id\":\"https:\\\/\\\/www.seneko.net\\\/#organization\"},\"potentialAction\":[{\"@type\":\"SearchAction\",\"target\":{\"@type\":\"EntryPoint\",\"urlTemplate\":\"https:\\\/\\\/www.seneko.net\\\/?s={search_term_string}\"},\"query-input\":{\"@type\":\"PropertyValueSpecification\",\"valueRequired\":true,\"valueName\":\"search_term_string\"}}],\"inLanguage\":\"hr\"},{\"@type\":\"Organization\",\"@id\":\"https:\\\/\\\/www.seneko.net\\\/#organization\",\"name\":\"Seneko\",\"url\":\"https:\\\/\\\/www.seneko.net\\\/\",\"logo\":{\"@type\":\"ImageObject\",\"inLanguage\":\"hr\",\"@id\":\"https:\\\/\\\/www.seneko.net\\\/#\\\/schema\\\/logo\\\/image\\\/\",\"url\":\"https:\\\/\\\/www.seneko.net\\\/wp-content\\\/uploads\\\/2021\\\/09\\\/logo_1.png\",\"contentUrl\":\"https:\\\/\\\/www.seneko.net\\\/wp-content\\\/uploads\\\/2021\\\/09\\\/logo_1.png\",\"width\":202,\"height\":80,\"caption\":\"Seneko\"},\"image\":{\"@id\":\"https:\\\/\\\/www.seneko.net\\\/#\\\/schema\\\/logo\\\/image\\\/\"},\"sameAs\":[\"https:\\\/\\\/www.facebook.com\\\/seneko3dshop\",\"https:\\\/\\\/www.instagram.com\\\/Seneko3DShop\\\/\"]}]}<\/script>\n<!-- \/ Yoast SEO plugin. -->","yoast_head_json":{"title":"Water Washable Resin - Seneko","description":"Water Washable Resin \/ smola, ki se lahko opere z vodo in je ni potrebno \u010distiti z alkoholom \u2013 s tem prihranimo in skraj\u0161amo \u010das naknadne obdelave izdelka. S tem je izbolj\u0161ana u\u010dinkovitost tiskanja in zmanj\u0161ani stro\u0161ki naknadne obdelave. Natan\u010dnost pri tiskanju Water Washable Resin je visoka, z visoko lo\u010dljivostjo, kjer je povr\u0161ina natisnjenega izdelka gladka in podrobnosti tiska so jasno vidne. Mehanske lastnosti, kot so trdnost, \u017eilavost in togost, so uravnote\u017eene. Nizka viskoznost, enostavna lo\u010ditev po strjevanju in enostavno za tiskati. Hitro strjevanje, izbolj\u0161anje u\u010dinkovitosti tiskanja. Visoka stopnja uspe\u0161nosti. Zdru\u017eljiv z ve\u010dino LCD 3D tiskalnikov. Visoka natan\u010dnost in nizko kr\u010denje - rastlinska smola eSUN vsebuje metakrilatne monomere, ki zmanj\u0161ajo kr\u010denje volumna med postopkom fotopolimerizacije, kar zagotavlja visoko natan\u010dnost modela tiska z gladkimi prehodi zaklju\u010dnih slojev. Odli\u010dna preto\u010dnost in odli\u010dna stabilnost - hitra smola lahko hitro prodre v modele, izbolj\u0161a hitrost tiskanja in skraj\u0161a \u010das strjevanja. Medtem ima UV smola dobro kombinacijo trdote in \u017eilavosti, mo\u010dno oprijemljivost modela in enostavno lo\u010ditev po strjevanju. Posebej zasnovan za LED svetlobni vir za doseganje bolj\u0161e kakovosti tiska. Z visokokakovostnimi pigmenti in fotoiniciatorji imajo modeli, natisnjeni s smolo zelo \u010dist in osupljiv barvni u\u010dinek, tako kot umetni\u0161ko delo. Varno pakiranje - odebeljena aluminijasta steklenica, popolnoma za\u0161\u010ditena pred svetlobo. Neprepustna steklenic, v celoti zavita s plasti\u010dno vre\u010dko z mehur\u010dki, da zagotovite, da smola ostane na mestu kamor sodi.","robots":{"index":"index","follow":"follow","max-snippet":"max-snippet:-1","max-image-preview":"max-image-preview:large","max-video-preview":"max-video-preview:-1"},"canonical":"https:\/\/www.seneko.net\/hr\/proizvod\/water-washable-resin\/","og_locale":"hr_HR","og_type":"article","og_title":"Water Washable Resin - Seneko","og_description":"Water Washable Resin \/ smola, ki se lahko opere z vodo in je ni potrebno \u010distiti z alkoholom \u2013 s tem prihranimo in skraj\u0161amo \u010das naknadne obdelave izdelka. S tem je izbolj\u0161ana u\u010dinkovitost tiskanja in zmanj\u0161ani stro\u0161ki naknadne obdelave. Natan\u010dnost pri tiskanju Water Washable Resin je visoka, z visoko lo\u010dljivostjo, kjer je povr\u0161ina natisnjenega izdelka gladka in podrobnosti tiska so jasno vidne. Mehanske lastnosti, kot so trdnost, \u017eilavost in togost, so uravnote\u017eene. Nizka viskoznost, enostavna lo\u010ditev po strjevanju in enostavno za tiskati. Hitro strjevanje, izbolj\u0161anje u\u010dinkovitosti tiskanja. Visoka stopnja uspe\u0161nosti. Zdru\u017eljiv z ve\u010dino LCD 3D tiskalnikov. Visoka natan\u010dnost in nizko kr\u010denje - rastlinska smola eSUN vsebuje metakrilatne monomere, ki zmanj\u0161ajo kr\u010denje volumna med postopkom fotopolimerizacije, kar zagotavlja visoko natan\u010dnost modela tiska z gladkimi prehodi zaklju\u010dnih slojev. Odli\u010dna preto\u010dnost in odli\u010dna stabilnost - hitra smola lahko hitro prodre v modele, izbolj\u0161a hitrost tiskanja in skraj\u0161a \u010das strjevanja. Medtem ima UV smola dobro kombinacijo trdote in \u017eilavosti, mo\u010dno oprijemljivost modela in enostavno lo\u010ditev po strjevanju. Posebej zasnovan za LED svetlobni vir za doseganje bolj\u0161e kakovosti tiska. Z visokokakovostnimi pigmenti in fotoiniciatorji imajo modeli, natisnjeni s smolo zelo \u010dist in osupljiv barvni u\u010dinek, tako kot umetni\u0161ko delo. Varno pakiranje - odebeljena aluminijasta steklenica, popolnoma za\u0161\u010ditena pred svetlobo. Neprepustna steklenic, v celoti zavita s plasti\u010dno vre\u010dko z mehur\u010dki, da zagotovite, da smola ostane na mestu kamor sodi.","og_url":"https:\/\/www.seneko.net\/hr\/proizvod\/water-washable-resin\/","og_site_name":"Seneko","article_publisher":"https:\/\/www.facebook.com\/seneko3dshop","article_modified_time":"2026-01-02T17:40:19+00:00","og_image":[{"width":1000,"height":1000,"url":"https:\/\/www.seneko.net\/wp-content\/uploads\/2022\/03\/black1.png","type":"image\/png"}],"twitter_card":"summary_large_image","twitter_misc":{"Procijenjeno vrijeme \u010ditanja":"2 minute"},"schema":{"@context":"https:\/\/schema.org","@graph":[{"@type":"WebPage","@id":"https:\/\/www.seneko.net\/izdelek\/water-washable-resin\/","url":"https:\/\/www.seneko.net\/izdelek\/water-washable-resin\/","name":"Water Washable Resin - Seneko","isPartOf":{"@id":"https:\/\/www.seneko.net\/#website"},"primaryImageOfPage":{"@id":"https:\/\/www.seneko.net\/izdelek\/water-washable-resin\/#primaryimage"},"image":{"@id":"https:\/\/www.seneko.net\/izdelek\/water-washable-resin\/#primaryimage"},"thumbnailUrl":"https:\/\/www.seneko.net\/wp-content\/uploads\/2022\/03\/black1.png","datePublished":"2022-03-03T13:33:40+00:00","dateModified":"2026-01-02T17:40:19+00:00","description":"Water Washable Resin \/ smola, ki se lahko opere z vodo in je ni potrebno \u010distiti z alkoholom \u2013 s tem prihranimo in skraj\u0161amo \u010das naknadne obdelave izdelka. S tem je izbolj\u0161ana u\u010dinkovitost tiskanja in zmanj\u0161ani stro\u0161ki naknadne obdelave. Natan\u010dnost pri tiskanju Water Washable Resin je visoka, z visoko lo\u010dljivostjo, kjer je povr\u0161ina natisnjenega izdelka gladka in podrobnosti tiska so jasno vidne. Mehanske lastnosti, kot so trdnost, \u017eilavost in togost, so uravnote\u017eene. Nizka viskoznost, enostavna lo\u010ditev po strjevanju in enostavno za tiskati. Hitro strjevanje, izbolj\u0161anje u\u010dinkovitosti tiskanja. Visoka stopnja uspe\u0161nosti. Zdru\u017eljiv z ve\u010dino LCD 3D tiskalnikov. Visoka natan\u010dnost in nizko kr\u010denje - rastlinska smola eSUN vsebuje metakrilatne monomere, ki zmanj\u0161ajo kr\u010denje volumna med postopkom fotopolimerizacije, kar zagotavlja visoko natan\u010dnost modela tiska z gladkimi prehodi zaklju\u010dnih slojev. Odli\u010dna preto\u010dnost in odli\u010dna stabilnost - hitra smola lahko hitro prodre v modele, izbolj\u0161a hitrost tiskanja in skraj\u0161a \u010das strjevanja. Medtem ima UV smola dobro kombinacijo trdote in \u017eilavosti, mo\u010dno oprijemljivost modela in enostavno lo\u010ditev po strjevanju. Posebej zasnovan za LED svetlobni vir za doseganje bolj\u0161e kakovosti tiska. Z visokokakovostnimi pigmenti in fotoiniciatorji imajo modeli, natisnjeni s smolo zelo \u010dist in osupljiv barvni u\u010dinek, tako kot umetni\u0161ko delo. Varno pakiranje - odebeljena aluminijasta steklenica, popolnoma za\u0161\u010ditena pred svetlobo. Neprepustna steklenic, v celoti zavita s plasti\u010dno vre\u010dko z mehur\u010dki, da zagotovite, da smola ostane na mestu kamor sodi.","breadcrumb":{"@id":"https:\/\/www.seneko.net\/izdelek\/water-washable-resin\/#breadcrumb"},"inLanguage":"hr","potentialAction":[{"@type":"ReadAction","target":["https:\/\/www.seneko.net\/izdelek\/water-washable-resin\/"]}]},{"@type":"ImageObject","inLanguage":"hr","@id":"https:\/\/www.seneko.net\/izdelek\/water-washable-resin\/#primaryimage","url":"https:\/\/www.seneko.net\/wp-content\/uploads\/2022\/03\/black1.png","contentUrl":"https:\/\/www.seneko.net\/wp-content\/uploads\/2022\/03\/black1.png","width":1000,"height":1000,"caption":"water washable resin black"},{"@type":"BreadcrumbList","@id":"https:\/\/www.seneko.net\/izdelek\/water-washable-resin\/#breadcrumb","itemListElement":[{"@type":"ListItem","position":1,"name":"Home","item":"https:\/\/www.seneko.net\/"},{"@type":"ListItem","position":2,"name":"Trgovina","item":"https:\/\/www.seneko.net\/trgovina\/"},{"@type":"ListItem","position":3,"name":"Water Washable Resin"}]},{"@type":"WebSite","@id":"https:\/\/www.seneko.net\/#website","url":"https:\/\/www.seneko.net\/","name":"Seneko","description":"Z vami tiskamo prihodnost","publisher":{"@id":"https:\/\/www.seneko.net\/#organization"},"potentialAction":[{"@type":"SearchAction","target":{"@type":"EntryPoint","urlTemplate":"https:\/\/www.seneko.net\/?s={search_term_string}"},"query-input":{"@type":"PropertyValueSpecification","valueRequired":true,"valueName":"search_term_string"}}],"inLanguage":"hr"},{"@type":"Organization","@id":"https:\/\/www.seneko.net\/#organization","name":"Seneko","url":"https:\/\/www.seneko.net\/","logo":{"@type":"ImageObject","inLanguage":"hr","@id":"https:\/\/www.seneko.net\/#\/schema\/logo\/image\/","url":"https:\/\/www.seneko.net\/wp-content\/uploads\/2021\/09\/logo_1.png","contentUrl":"https:\/\/www.seneko.net\/wp-content\/uploads\/2021\/09\/logo_1.png","width":202,"height":80,"caption":"Seneko"},"image":{"@id":"https:\/\/www.seneko.net\/#\/schema\/logo\/image\/"},"sameAs":["https:\/\/www.facebook.com\/seneko3dshop","https:\/\/www.instagram.com\/Seneko3DShop\/"]}]}},"_links":{"self":[{"href":"https:\/\/www.seneko.net\/hr\/wp-json\/wp\/v2\/product\/3802","targetHints":{"allow":["GET"]}}],"collection":[{"href":"https:\/\/www.seneko.net\/hr\/wp-json\/wp\/v2\/product"}],"about":[{"href":"https:\/\/www.seneko.net\/hr\/wp-json\/wp\/v2\/types\/product"}],"replies":[{"embeddable":true,"href":"https:\/\/www.seneko.net\/hr\/wp-json\/wp\/v2\/comments?post=3802"}],"wp:featuredmedia":[{"embeddable":true,"href":"https:\/\/www.seneko.net\/hr\/wp-json\/wp\/v2\/media\/3824"}],"wp:attachment":[{"href":"https:\/\/www.seneko.net\/hr\/wp-json\/wp\/v2\/media?parent=3802"}],"wp:term":[{"taxonomy":"product_brand","embeddable":true,"href":"https:\/\/www.seneko.net\/hr\/wp-json\/wp\/v2\/product_brand?post=3802"},{"taxonomy":"product_cat","embeddable":true,"href":"https:\/\/www.seneko.net\/hr\/wp-json\/wp\/v2\/product_cat?post=3802"},{"taxonomy":"product_tag","embeddable":true,"href":"https:\/\/www.seneko.net\/hr\/wp-json\/wp\/v2\/product_tag?post=3802"}],"curies":[{"name":"wp","href":"https:\/\/api.w.org\/{rel}","templated":true}]}}