{"id":4052,"date":"2022-03-20T19:49:38","date_gmt":"2022-03-20T17:49:38","guid":{"rendered":"https:\/\/www.seneko.net\/?post_type=product&#038;p=4052"},"modified":"2026-01-02T19:40:18","modified_gmt":"2026-01-02T17:40:18","slug":"pla-luminous-rainbow-175mm-1kg","status":"publish","type":"product","link":"https:\/\/www.seneko.net\/hr\/proizvod\/pla-luminous-rainbow-175mm-1kg\/","title":{"rendered":"PLA Luminous Rainbow, 1,75mm, 1KG"},"content":{"rendered":"<div><\/div>\n<div><span lang=\"EN-US\">PLA Luminous Rainbow filament je izdelek modificiran na osnovi PLA materiala in ima poleg tega \u010dudovit vizualni u\u010dinek svetle\u010dega mavri\u010dnega videza v temi. PLA je okolju prijazen material in enostaven za tiskanje. PLA Luminous Rainbow lahko sveti v temi, potem ko absorbira svetlobno energijo, v obliki mavrice, kar ima romanti\u010den pridih.<br \/>\n<\/span><\/div>\n<div><\/div>\n<div><strong>\u3010<\/strong><strong>Glow in the Dark<\/strong><strong>\u3011<\/strong>PLA Luminous Rainbow lahko sveti v temi, potem ko absorbira svetlobno energijo, v obliki mavrice, kar ima romanti\u010den pridih. Intenzivnost svetilnosti je povezana z intenzivnostjo in \u010dasom sevanja vira svetlobe. U\u010dinek ultravijoli\u010dne svetlobe je ve\u010dji od neposredne son\u010dne svetlobe.<\/div>\n<div>\n<p><strong>\u3010<\/strong><strong>Odli\u010dna mo\u017enost tiskanja<\/strong><strong>\u3011<\/strong> Enostavno tiskanje, brez upogibanja, dober oprijem, brez mehur\u010dkov, izjemno visoka stopnja uspe\u0161nosti, gladka povr\u0161ina in visoka natan\u010dnost. Tiskani predmeti se lahko uporabljajo za dekoracijo, igra\u010de, ustvarjalnem in v umetni\u0161kem podro\u010dju.<\/p>\n<p><strong>\u3010<\/strong><strong>Brez zapletanja in brez zama\u0161itve<\/strong><strong>\u3011<\/strong> Popolna okroglost in zelo natan\u010dna toleranca premera, dobro navijanje brez prekrivanja ali zapletanja. Gladko in neprekinjeno se nalaga v ekstruder brez zama\u0161itve \u0161obe .<\/p>\n<p><strong>\u3010<\/strong><strong>Visoka zdru\u017eljivost<\/strong><strong>\u3011<\/strong> Zdru\u017eljivo z 99,9 % FFF 3D tiskalniki.<\/p>\n<p>&nbsp;<\/p>\n<\/div>\n<p><strong>Opombe o tiskanju:<\/strong><\/p>\n<ol>\n<li>PLA Luminous Rainbow lahko zaradi abrazivnosti po\u0161koduje, zbrusi \u0161obe in zobnike ekstruderja, priporo\u010damo uporabo jeklene \u0161obe ali rubinaste \u0161obe, zobnikov za ekstruder iz kaljenega jekla. \u010ce se \u0161oba zama\u0161i, zamenjajte \u0161obo.<\/li>\n<li>Svetlobni u\u010dinek je povezan z intenzivnostjo in \u010dasom svetlobnega vira. Dalj\u0161i kot je \u010das obsevanja, bolj\u0161i je svetlobni u\u010dinek.<\/li>\n<\/ol>","protected":false},"excerpt":{"rendered":"<ul>\n<li>U\u010dinek \u010dudovitega svetle\u010dega videza mavrice<\/li>\n<li>Odli\u010dna mo\u017enost tiskanja<\/li>\n<\/ul>","protected":false},"featured_media":4055,"comment_status":"open","ping_status":"closed","template":"","meta":[],"product_brand":[],"product_cat":[288,356],"product_tag":[378,374,379,362,375,377,373,380,372,376],"class_list":{"0":"post-4052","1":"product","2":"type-product","3":"status-publish","4":"has-post-thumbnail","6":"product_cat-pla-filamenti","7":"product_cat-pla-luminous-rainbow","8":"product_tag-esun","9":"product_tag-filament","10":"product_tag-filamenti","11":"product_tag-filamenti-esun","12":"product_tag-glow-in-the-dark","13":"product_tag-mavricni-filament","14":"product_tag-pla-filament","15":"product_tag-pla-filamenti","16":"product_tag-pla-luminous-rainbow","17":"product_tag-sveti-v-temi","19":"first","20":"outofstock","21":"sale","22":"taxable","23":"shipping-taxable","24":"purchasable","25":"product-type-simple"},"bundled_by":[],"bundle_stock_status":"outofstock","bundle_stock_quantity":0,"bundle_virtual":false,"bundle_layout":"","bundle_add_to_cart_form_location":"","bundle_editable_in_cart":false,"bundle_sold_individually_context":"","bundle_item_grouping":"","bundle_min_size":"","bundle_max_size":"","bundle_price":[],"bundled_items":[],"bundle_sell_ids":[],"yoast_head":"<!-- This site is optimized with the Yoast SEO plugin v27.4 - https:\/\/yoast.com\/product\/yoast-seo-wordpress\/ -->\n<title>PLA Luminous Rainbow, 1,75mm, 1KG - Seneko<\/title>\n<meta name=\"description\" content=\"PLA Luminous Rainbow\u00a0filament je izdelek modificiran na osnovi PLA materiala in ima poleg tega \u010dudovit vizualni u\u010dinek svetle\u010dega mavri\u010dnega videza. PLA Luminous Rainbow filament ima videz bele barve na svetlobi, v temi pa sveti v mavri\u010dnih odtenkih.\" \/>\n<meta name=\"robots\" content=\"index, follow, max-snippet:-1, max-image-preview:large, max-video-preview:-1\" \/>\n<link rel=\"canonical\" href=\"https:\/\/www.seneko.net\/hr\/proizvod\/pla-luminous-rainbow-175mm-1kg\/\" \/>\n<meta property=\"og:locale\" content=\"hr_HR\" \/>\n<meta property=\"og:type\" content=\"article\" \/>\n<meta property=\"og:title\" content=\"PLA Luminous Rainbow\" \/>\n<meta property=\"og:description\" content=\"PLA Luminous Rainbow, filament, ki sveti v temi\" \/>\n<meta property=\"og:url\" content=\"https:\/\/www.seneko.net\/hr\/proizvod\/pla-luminous-rainbow-175mm-1kg\/\" \/>\n<meta property=\"og:site_name\" content=\"Seneko\" \/>\n<meta property=\"article:publisher\" content=\"https:\/\/www.facebook.com\/seneko3dshop\" \/>\n<meta property=\"article:modified_time\" content=\"2026-01-02T17:40:18+00:00\" \/>\n<meta property=\"og:image\" content=\"https:\/\/www.seneko.net\/wp-content\/uploads\/2022\/03\/DSCF9653-scaled.jpg\" \/>\n\t<meta property=\"og:image:width\" content=\"2560\" \/>\n\t<meta property=\"og:image:height\" content=\"1441\" \/>\n\t<meta property=\"og:image:type\" content=\"image\/jpeg\" \/>\n<meta name=\"twitter:card\" content=\"summary_large_image\" \/>\n<meta name=\"twitter:label1\" content=\"Procijenjeno vrijeme \u010ditanja\" \/>\n\t<meta name=\"twitter:data1\" content=\"2 minute\" \/>\n<script type=\"application\/ld+json\" class=\"yoast-schema-graph\">{\"@context\":\"https:\\\/\\\/schema.org\",\"@graph\":[{\"@type\":\"WebPage\",\"@id\":\"https:\\\/\\\/www.seneko.net\\\/izdelek\\\/pla-luminous-rainbow-175mm-1kg\\\/\",\"url\":\"https:\\\/\\\/www.seneko.net\\\/izdelek\\\/pla-luminous-rainbow-175mm-1kg\\\/\",\"name\":\"PLA Luminous Rainbow, 1,75mm, 1KG - Seneko\",\"isPartOf\":{\"@id\":\"https:\\\/\\\/www.seneko.net\\\/#website\"},\"primaryImageOfPage\":{\"@id\":\"https:\\\/\\\/www.seneko.net\\\/izdelek\\\/pla-luminous-rainbow-175mm-1kg\\\/#primaryimage\"},\"image\":{\"@id\":\"https:\\\/\\\/www.seneko.net\\\/izdelek\\\/pla-luminous-rainbow-175mm-1kg\\\/#primaryimage\"},\"thumbnailUrl\":\"https:\\\/\\\/www.seneko.net\\\/wp-content\\\/uploads\\\/2022\\\/03\\\/rainbow1.png\",\"datePublished\":\"2022-03-20T17:49:38+00:00\",\"dateModified\":\"2026-01-02T17:40:18+00:00\",\"description\":\"PLA Luminous Rainbow\u00a0filament je izdelek modificiran na osnovi PLA materiala in ima poleg tega \u010dudovit vizualni u\u010dinek svetle\u010dega mavri\u010dnega videza. PLA Luminous Rainbow filament ima videz bele barve na svetlobi, v temi pa sveti v mavri\u010dnih odtenkih.\",\"breadcrumb\":{\"@id\":\"https:\\\/\\\/www.seneko.net\\\/izdelek\\\/pla-luminous-rainbow-175mm-1kg\\\/#breadcrumb\"},\"inLanguage\":\"hr\",\"potentialAction\":[{\"@type\":\"ReadAction\",\"target\":[\"https:\\\/\\\/www.seneko.net\\\/izdelek\\\/pla-luminous-rainbow-175mm-1kg\\\/\"]}]},{\"@type\":\"ImageObject\",\"inLanguage\":\"hr\",\"@id\":\"https:\\\/\\\/www.seneko.net\\\/izdelek\\\/pla-luminous-rainbow-175mm-1kg\\\/#primaryimage\",\"url\":\"https:\\\/\\\/www.seneko.net\\\/wp-content\\\/uploads\\\/2022\\\/03\\\/rainbow1.png\",\"contentUrl\":\"https:\\\/\\\/www.seneko.net\\\/wp-content\\\/uploads\\\/2022\\\/03\\\/rainbow1.png\",\"width\":1000,\"height\":1000,\"caption\":\"PLA Luminous Rainbow\"},{\"@type\":\"BreadcrumbList\",\"@id\":\"https:\\\/\\\/www.seneko.net\\\/izdelek\\\/pla-luminous-rainbow-175mm-1kg\\\/#breadcrumb\",\"itemListElement\":[{\"@type\":\"ListItem\",\"position\":1,\"name\":\"Home\",\"item\":\"https:\\\/\\\/www.seneko.net\\\/\"},{\"@type\":\"ListItem\",\"position\":2,\"name\":\"Trgovina\",\"item\":\"https:\\\/\\\/www.seneko.net\\\/trgovina\\\/\"},{\"@type\":\"ListItem\",\"position\":3,\"name\":\"PLA Luminous Rainbow, 1,75mm, 1KG\"}]},{\"@type\":\"WebSite\",\"@id\":\"https:\\\/\\\/www.seneko.net\\\/#website\",\"url\":\"https:\\\/\\\/www.seneko.net\\\/\",\"name\":\"Seneko\",\"description\":\"Z vami tiskamo prihodnost\",\"publisher\":{\"@id\":\"https:\\\/\\\/www.seneko.net\\\/#organization\"},\"potentialAction\":[{\"@type\":\"SearchAction\",\"target\":{\"@type\":\"EntryPoint\",\"urlTemplate\":\"https:\\\/\\\/www.seneko.net\\\/?s={search_term_string}\"},\"query-input\":{\"@type\":\"PropertyValueSpecification\",\"valueRequired\":true,\"valueName\":\"search_term_string\"}}],\"inLanguage\":\"hr\"},{\"@type\":\"Organization\",\"@id\":\"https:\\\/\\\/www.seneko.net\\\/#organization\",\"name\":\"Seneko\",\"url\":\"https:\\\/\\\/www.seneko.net\\\/\",\"logo\":{\"@type\":\"ImageObject\",\"inLanguage\":\"hr\",\"@id\":\"https:\\\/\\\/www.seneko.net\\\/#\\\/schema\\\/logo\\\/image\\\/\",\"url\":\"https:\\\/\\\/www.seneko.net\\\/wp-content\\\/uploads\\\/2021\\\/09\\\/logo_1.png\",\"contentUrl\":\"https:\\\/\\\/www.seneko.net\\\/wp-content\\\/uploads\\\/2021\\\/09\\\/logo_1.png\",\"width\":202,\"height\":80,\"caption\":\"Seneko\"},\"image\":{\"@id\":\"https:\\\/\\\/www.seneko.net\\\/#\\\/schema\\\/logo\\\/image\\\/\"},\"sameAs\":[\"https:\\\/\\\/www.facebook.com\\\/seneko3dshop\",\"https:\\\/\\\/www.instagram.com\\\/Seneko3DShop\\\/\"]}]}<\/script>\n<!-- \/ Yoast SEO plugin. -->","yoast_head_json":{"title":"PLA Luminous Rainbow, 1,75mm, 1KG - Seneko","description":"PLA Luminous Rainbow\u00a0filament je izdelek modificiran na osnovi PLA materiala in ima poleg tega \u010dudovit vizualni u\u010dinek svetle\u010dega mavri\u010dnega videza. PLA Luminous Rainbow filament ima videz bele barve na svetlobi, v temi pa sveti v mavri\u010dnih odtenkih.","robots":{"index":"index","follow":"follow","max-snippet":"max-snippet:-1","max-image-preview":"max-image-preview:large","max-video-preview":"max-video-preview:-1"},"canonical":"https:\/\/www.seneko.net\/hr\/proizvod\/pla-luminous-rainbow-175mm-1kg\/","og_locale":"hr_HR","og_type":"article","og_title":"PLA Luminous Rainbow","og_description":"PLA Luminous Rainbow, filament, ki sveti v temi","og_url":"https:\/\/www.seneko.net\/hr\/proizvod\/pla-luminous-rainbow-175mm-1kg\/","og_site_name":"Seneko","article_publisher":"https:\/\/www.facebook.com\/seneko3dshop","article_modified_time":"2026-01-02T17:40:18+00:00","og_image":[{"width":2560,"height":1441,"url":"https:\/\/www.seneko.net\/wp-content\/uploads\/2022\/03\/DSCF9653-scaled.jpg","type":"image\/jpeg"}],"twitter_card":"summary_large_image","twitter_misc":{"Procijenjeno vrijeme \u010ditanja":"2 minute"},"schema":{"@context":"https:\/\/schema.org","@graph":[{"@type":"WebPage","@id":"https:\/\/www.seneko.net\/izdelek\/pla-luminous-rainbow-175mm-1kg\/","url":"https:\/\/www.seneko.net\/izdelek\/pla-luminous-rainbow-175mm-1kg\/","name":"PLA Luminous Rainbow, 1,75mm, 1KG - Seneko","isPartOf":{"@id":"https:\/\/www.seneko.net\/#website"},"primaryImageOfPage":{"@id":"https:\/\/www.seneko.net\/izdelek\/pla-luminous-rainbow-175mm-1kg\/#primaryimage"},"image":{"@id":"https:\/\/www.seneko.net\/izdelek\/pla-luminous-rainbow-175mm-1kg\/#primaryimage"},"thumbnailUrl":"https:\/\/www.seneko.net\/wp-content\/uploads\/2022\/03\/rainbow1.png","datePublished":"2022-03-20T17:49:38+00:00","dateModified":"2026-01-02T17:40:18+00:00","description":"PLA Luminous Rainbow\u00a0filament je izdelek modificiran na osnovi PLA materiala in ima poleg tega \u010dudovit vizualni u\u010dinek svetle\u010dega mavri\u010dnega videza. PLA Luminous Rainbow filament ima videz bele barve na svetlobi, v temi pa sveti v mavri\u010dnih odtenkih.","breadcrumb":{"@id":"https:\/\/www.seneko.net\/izdelek\/pla-luminous-rainbow-175mm-1kg\/#breadcrumb"},"inLanguage":"hr","potentialAction":[{"@type":"ReadAction","target":["https:\/\/www.seneko.net\/izdelek\/pla-luminous-rainbow-175mm-1kg\/"]}]},{"@type":"ImageObject","inLanguage":"hr","@id":"https:\/\/www.seneko.net\/izdelek\/pla-luminous-rainbow-175mm-1kg\/#primaryimage","url":"https:\/\/www.seneko.net\/wp-content\/uploads\/2022\/03\/rainbow1.png","contentUrl":"https:\/\/www.seneko.net\/wp-content\/uploads\/2022\/03\/rainbow1.png","width":1000,"height":1000,"caption":"PLA Luminous Rainbow"},{"@type":"BreadcrumbList","@id":"https:\/\/www.seneko.net\/izdelek\/pla-luminous-rainbow-175mm-1kg\/#breadcrumb","itemListElement":[{"@type":"ListItem","position":1,"name":"Home","item":"https:\/\/www.seneko.net\/"},{"@type":"ListItem","position":2,"name":"Trgovina","item":"https:\/\/www.seneko.net\/trgovina\/"},{"@type":"ListItem","position":3,"name":"PLA Luminous Rainbow, 1,75mm, 1KG"}]},{"@type":"WebSite","@id":"https:\/\/www.seneko.net\/#website","url":"https:\/\/www.seneko.net\/","name":"Seneko","description":"Z vami tiskamo prihodnost","publisher":{"@id":"https:\/\/www.seneko.net\/#organization"},"potentialAction":[{"@type":"SearchAction","target":{"@type":"EntryPoint","urlTemplate":"https:\/\/www.seneko.net\/?s={search_term_string}"},"query-input":{"@type":"PropertyValueSpecification","valueRequired":true,"valueName":"search_term_string"}}],"inLanguage":"hr"},{"@type":"Organization","@id":"https:\/\/www.seneko.net\/#organization","name":"Seneko","url":"https:\/\/www.seneko.net\/","logo":{"@type":"ImageObject","inLanguage":"hr","@id":"https:\/\/www.seneko.net\/#\/schema\/logo\/image\/","url":"https:\/\/www.seneko.net\/wp-content\/uploads\/2021\/09\/logo_1.png","contentUrl":"https:\/\/www.seneko.net\/wp-content\/uploads\/2021\/09\/logo_1.png","width":202,"height":80,"caption":"Seneko"},"image":{"@id":"https:\/\/www.seneko.net\/#\/schema\/logo\/image\/"},"sameAs":["https:\/\/www.facebook.com\/seneko3dshop","https:\/\/www.instagram.com\/Seneko3DShop\/"]}]}},"_links":{"self":[{"href":"https:\/\/www.seneko.net\/hr\/wp-json\/wp\/v2\/product\/4052","targetHints":{"allow":["GET"]}}],"collection":[{"href":"https:\/\/www.seneko.net\/hr\/wp-json\/wp\/v2\/product"}],"about":[{"href":"https:\/\/www.seneko.net\/hr\/wp-json\/wp\/v2\/types\/product"}],"replies":[{"embeddable":true,"href":"https:\/\/www.seneko.net\/hr\/wp-json\/wp\/v2\/comments?post=4052"}],"wp:featuredmedia":[{"embeddable":true,"href":"https:\/\/www.seneko.net\/hr\/wp-json\/wp\/v2\/media\/4055"}],"wp:attachment":[{"href":"https:\/\/www.seneko.net\/hr\/wp-json\/wp\/v2\/media?parent=4052"}],"wp:term":[{"taxonomy":"product_brand","embeddable":true,"href":"https:\/\/www.seneko.net\/hr\/wp-json\/wp\/v2\/product_brand?post=4052"},{"taxonomy":"product_cat","embeddable":true,"href":"https:\/\/www.seneko.net\/hr\/wp-json\/wp\/v2\/product_cat?post=4052"},{"taxonomy":"product_tag","embeddable":true,"href":"https:\/\/www.seneko.net\/hr\/wp-json\/wp\/v2\/product_tag?post=4052"}],"curies":[{"name":"wp","href":"https:\/\/api.w.org\/{rel}","templated":true}]}}