{"id":4524,"date":"2022-05-13T15:37:32","date_gmt":"2022-05-13T13:37:32","guid":{"rendered":"https:\/\/www.seneko.net\/?post_type=product&#038;p=4524"},"modified":"2026-01-02T19:40:19","modified_gmt":"2026-01-02T17:40:19","slug":"abs-filament","status":"publish","type":"product","link":"https:\/\/www.seneko.net\/hr\/proizvod\/abs-filament\/","title":{"rendered":"ABS+ filament, 1,75mm, 1KG"},"content":{"rendered":"<p>ABS+ filament je prilagojen material, ki ima bolj\u0161e mehanske lastnosti, manj vonja in ni\u017ejo stopnjo kr\u010denja kot obi\u010dajni ABS materiali. Z visoko stopnjo \u017eilavosti in odpornostjo na udarce se ABS+ filament lahko uporablja za tiskanje trdnih in trpe\u017enih delov. Med tiskanjem s filamentom ABS+ se spro\u0161\u010da manj hlapov organskih spojin, ter je zelo majhna verjetnost razpok ali zvijanja na natisnjenih izdelkih.<\/p>\n<p>Toplotna odpornost, trden, vzdr\u017eljiv, visoka \u017eilavost, malo vonja, nizka stopnja kr\u010denja, visoka odpornost na udarce, odli\u010dna mo\u017enost tiskanja. Za ABS filamente se priporo\u010da tiskanje v komori.<\/p>\n<p>\u3010<strong>Dimenzijska toleranca +\/- 0,03 mm<\/strong>\u3011 Minimalna toleranca in nizka stopnja upogibanja, da se zagotovi\u00a0 enakomeren in stabilen tisk, brez zama\u0161itve, z izjemno visoko stopnjo uspe\u0161nosti, kar se ka\u017ee na natan\u010dno natiskanih delih z dobro zaklju\u010dno povr\u0161ino.<\/p>\n<p>\u3010<strong>Brez prepletanja in brez zatikanja<\/strong><strong>\u3011<\/strong> Skupna dol\u017eina: 340-350 m. Celoten kolut filamenta za 3D tiskalnik ima popolno okroglost in zelo tesno toleranco premera, ki se ne prekriva ali zapleta. Topi se enakomerno in gladko brez ma\u0161enja \u0161obe ali ekstruderja.<\/p>\n<p><strong>\u3010Priporo\u010dena temperatura tiskanja<\/strong><strong>\u3011<\/strong> Temp. pri 220-260 \u2103 vam lahko zagotovi enakomerno ekstruzijo, ki zahtevajo manj kalibracije in povzro\u010dajo manj te\u017eav. Priporo\u010dljiva je uporaba ogrevane delovne povr\u0161ine in za\u0161\u010ditne komore.<\/p>\n<p><strong>\u3010Vakuumsko zaprta embala\u017ea<\/strong><strong>\u3011<\/strong> Neto te\u017ea: 1 kg. Filament ABS eSUN je na voljo v zaprti vakuumski vre\u010dki s su\u0161ilno vre\u010dko, da ostane suh brez prahu in tujkov, kar prepre\u010di zagozdenje \u0161ob in enakomerno ekstruzijo.<\/p>","protected":false},"excerpt":{"rendered":"<p>ABS+ filament je prilagojen material, ki ima bolj\u0161e mehanske lastnosti, manj vonja in ni\u017ejo stopnjo kr\u010denja kot obi\u010dajni ABS materiali. Z visoko stopnjo \u017eilavosti in odpornostjo na udarce se ABS+ filament lahko uporablja za tiskanje trdnih in trpe\u017enih delov. Med tiskanjem s filamentom ABS+ se spro\u0161\u010da manj hlapov organskih spojin, ter je zelo majhna verjetnost [&hellip;]<\/p>\n","protected":false},"featured_media":4553,"comment_status":"open","ping_status":"closed","template":"","meta":[],"product_brand":[],"product_cat":[295,298],"product_tag":[],"class_list":{"0":"post-4524","1":"product","2":"type-product","3":"status-publish","4":"has-post-thumbnail","6":"product_cat-abs","7":"product_cat-abs-filamenti","8":"pa_barva-black","9":"pa_barva-cold-white","11":"first","12":"instock","13":"sale","14":"taxable","15":"shipping-taxable","16":"purchasable","17":"product-type-variable"},"bundled_by":[],"bundle_stock_status":"instock","bundle_stock_quantity":null,"bundle_virtual":false,"bundle_layout":"","bundle_add_to_cart_form_location":"","bundle_editable_in_cart":false,"bundle_sold_individually_context":"","bundle_item_grouping":"","bundle_min_size":"","bundle_max_size":"","bundle_price":[],"bundled_items":[],"bundle_sell_ids":[],"yoast_head":"<!-- This site is optimized with the Yoast SEO plugin v27.4 - https:\/\/yoast.com\/product\/yoast-seo-wordpress\/ -->\n<title>ABS+ filament, 1,75mm, 1KG - Seneko<\/title>\n<meta name=\"description\" content=\"ABS+ filament je prilagojen material, ki ima bolj\u0161e mehanske lastnosti, manj vonja in ni\u017ejo stopnjo kr\u010denja kot obi\u010dajni ABS materiali. Z visoko stopnjo \u017eilavosti in odpornostjo na udarce se ABS+filament lahko uporablja za tiskanje trdnih in trpe\u017enih delov. Med tiskanjem s filamentom ABS+ se spro\u0161\u010da manj hlapov organskih spojin, ter je zelo majhna verjetnost razpok ali zvijanja na natisnjenih izdelkih.\" \/>\n<meta name=\"robots\" content=\"index, follow, max-snippet:-1, max-image-preview:large, max-video-preview:-1\" \/>\n<link rel=\"canonical\" href=\"https:\/\/www.seneko.net\/hr\/proizvod\/abs-filament\/\" \/>\n<meta property=\"og:locale\" content=\"hr_HR\" \/>\n<meta property=\"og:type\" content=\"article\" \/>\n<meta property=\"og:title\" content=\"ABS+ filament, 1,75mm, 1KG - Seneko\" \/>\n<meta property=\"og:description\" content=\"ABS+ filament je prilagojen material, ki ima bolj\u0161e mehanske lastnosti, manj vonja in ni\u017ejo stopnjo kr\u010denja kot obi\u010dajni ABS materiali. Z visoko stopnjo \u017eilavosti in odpornostjo na udarce se ABS+filament lahko uporablja za tiskanje trdnih in trpe\u017enih delov. Med tiskanjem s filamentom ABS+ se spro\u0161\u010da manj hlapov organskih spojin, ter je zelo majhna verjetnost razpok ali zvijanja na natisnjenih izdelkih.\" \/>\n<meta property=\"og:url\" content=\"https:\/\/www.seneko.net\/hr\/proizvod\/abs-filament\/\" \/>\n<meta property=\"og:site_name\" content=\"Seneko\" \/>\n<meta property=\"article:publisher\" content=\"https:\/\/www.facebook.com\/seneko3dshop\" \/>\n<meta property=\"article:modified_time\" content=\"2026-01-02T17:40:19+00:00\" \/>\n<meta property=\"og:image\" content=\"https:\/\/www.seneko.net\/wp-content\/uploads\/2022\/05\/ABS-BLACK-2.jpg\" \/>\n\t<meta property=\"og:image:width\" content=\"1000\" \/>\n\t<meta property=\"og:image:height\" content=\"1000\" \/>\n\t<meta property=\"og:image:type\" content=\"image\/jpeg\" \/>\n<meta name=\"twitter:card\" content=\"summary_large_image\" \/>\n<meta name=\"twitter:label1\" content=\"Procijenjeno vrijeme \u010ditanja\" \/>\n\t<meta name=\"twitter:data1\" content=\"2 minute\" \/>\n<script type=\"application\/ld+json\" class=\"yoast-schema-graph\">{\"@context\":\"https:\\\/\\\/schema.org\",\"@graph\":[{\"@type\":\"WebPage\",\"@id\":\"https:\\\/\\\/www.seneko.net\\\/izdelek\\\/abs-filament\\\/\",\"url\":\"https:\\\/\\\/www.seneko.net\\\/izdelek\\\/abs-filament\\\/\",\"name\":\"ABS+ filament, 1,75mm, 1KG - Seneko\",\"isPartOf\":{\"@id\":\"https:\\\/\\\/www.seneko.net\\\/#website\"},\"primaryImageOfPage\":{\"@id\":\"https:\\\/\\\/www.seneko.net\\\/izdelek\\\/abs-filament\\\/#primaryimage\"},\"image\":{\"@id\":\"https:\\\/\\\/www.seneko.net\\\/izdelek\\\/abs-filament\\\/#primaryimage\"},\"thumbnailUrl\":\"https:\\\/\\\/www.seneko.net\\\/wp-content\\\/uploads\\\/2022\\\/05\\\/ABS-BLACK-2.jpg\",\"datePublished\":\"2022-05-13T13:37:32+00:00\",\"dateModified\":\"2026-01-02T17:40:19+00:00\",\"description\":\"ABS+ filament je prilagojen material, ki ima bolj\u0161e mehanske lastnosti, manj vonja in ni\u017ejo stopnjo kr\u010denja kot obi\u010dajni ABS materiali. Z visoko stopnjo \u017eilavosti in odpornostjo na udarce se ABS+filament lahko uporablja za tiskanje trdnih in trpe\u017enih delov. Med tiskanjem s filamentom ABS+ se spro\u0161\u010da manj hlapov organskih spojin, ter je zelo majhna verjetnost razpok ali zvijanja na natisnjenih izdelkih.\",\"breadcrumb\":{\"@id\":\"https:\\\/\\\/www.seneko.net\\\/izdelek\\\/abs-filament\\\/#breadcrumb\"},\"inLanguage\":\"hr\",\"potentialAction\":[{\"@type\":\"ReadAction\",\"target\":[\"https:\\\/\\\/www.seneko.net\\\/izdelek\\\/abs-filament\\\/\"]}]},{\"@type\":\"ImageObject\",\"inLanguage\":\"hr\",\"@id\":\"https:\\\/\\\/www.seneko.net\\\/izdelek\\\/abs-filament\\\/#primaryimage\",\"url\":\"https:\\\/\\\/www.seneko.net\\\/wp-content\\\/uploads\\\/2022\\\/05\\\/ABS-BLACK-2.jpg\",\"contentUrl\":\"https:\\\/\\\/www.seneko.net\\\/wp-content\\\/uploads\\\/2022\\\/05\\\/ABS-BLACK-2.jpg\",\"width\":1000,\"height\":1000},{\"@type\":\"BreadcrumbList\",\"@id\":\"https:\\\/\\\/www.seneko.net\\\/izdelek\\\/abs-filament\\\/#breadcrumb\",\"itemListElement\":[{\"@type\":\"ListItem\",\"position\":1,\"name\":\"Home\",\"item\":\"https:\\\/\\\/www.seneko.net\\\/\"},{\"@type\":\"ListItem\",\"position\":2,\"name\":\"Trgovina\",\"item\":\"https:\\\/\\\/www.seneko.net\\\/trgovina\\\/\"},{\"@type\":\"ListItem\",\"position\":3,\"name\":\"ABS+ filament, 1,75mm, 1KG\"}]},{\"@type\":\"WebSite\",\"@id\":\"https:\\\/\\\/www.seneko.net\\\/#website\",\"url\":\"https:\\\/\\\/www.seneko.net\\\/\",\"name\":\"Seneko\",\"description\":\"Z vami tiskamo prihodnost\",\"publisher\":{\"@id\":\"https:\\\/\\\/www.seneko.net\\\/#organization\"},\"potentialAction\":[{\"@type\":\"SearchAction\",\"target\":{\"@type\":\"EntryPoint\",\"urlTemplate\":\"https:\\\/\\\/www.seneko.net\\\/?s={search_term_string}\"},\"query-input\":{\"@type\":\"PropertyValueSpecification\",\"valueRequired\":true,\"valueName\":\"search_term_string\"}}],\"inLanguage\":\"hr\"},{\"@type\":\"Organization\",\"@id\":\"https:\\\/\\\/www.seneko.net\\\/#organization\",\"name\":\"Seneko\",\"url\":\"https:\\\/\\\/www.seneko.net\\\/\",\"logo\":{\"@type\":\"ImageObject\",\"inLanguage\":\"hr\",\"@id\":\"https:\\\/\\\/www.seneko.net\\\/#\\\/schema\\\/logo\\\/image\\\/\",\"url\":\"https:\\\/\\\/www.seneko.net\\\/wp-content\\\/uploads\\\/2021\\\/09\\\/logo_1.png\",\"contentUrl\":\"https:\\\/\\\/www.seneko.net\\\/wp-content\\\/uploads\\\/2021\\\/09\\\/logo_1.png\",\"width\":202,\"height\":80,\"caption\":\"Seneko\"},\"image\":{\"@id\":\"https:\\\/\\\/www.seneko.net\\\/#\\\/schema\\\/logo\\\/image\\\/\"},\"sameAs\":[\"https:\\\/\\\/www.facebook.com\\\/seneko3dshop\",\"https:\\\/\\\/www.instagram.com\\\/Seneko3DShop\\\/\"]}]}<\/script>\n<!-- \/ Yoast SEO plugin. -->","yoast_head_json":{"title":"ABS+ filament, 1,75mm, 1KG - Seneko","description":"ABS+ filament je prilagojen material, ki ima bolj\u0161e mehanske lastnosti, manj vonja in ni\u017ejo stopnjo kr\u010denja kot obi\u010dajni ABS materiali. Z visoko stopnjo \u017eilavosti in odpornostjo na udarce se ABS+filament lahko uporablja za tiskanje trdnih in trpe\u017enih delov. Med tiskanjem s filamentom ABS+ se spro\u0161\u010da manj hlapov organskih spojin, ter je zelo majhna verjetnost razpok ali zvijanja na natisnjenih izdelkih.","robots":{"index":"index","follow":"follow","max-snippet":"max-snippet:-1","max-image-preview":"max-image-preview:large","max-video-preview":"max-video-preview:-1"},"canonical":"https:\/\/www.seneko.net\/hr\/proizvod\/abs-filament\/","og_locale":"hr_HR","og_type":"article","og_title":"ABS+ filament, 1,75mm, 1KG - Seneko","og_description":"ABS+ filament je prilagojen material, ki ima bolj\u0161e mehanske lastnosti, manj vonja in ni\u017ejo stopnjo kr\u010denja kot obi\u010dajni ABS materiali. Z visoko stopnjo \u017eilavosti in odpornostjo na udarce se ABS+filament lahko uporablja za tiskanje trdnih in trpe\u017enih delov. Med tiskanjem s filamentom ABS+ se spro\u0161\u010da manj hlapov organskih spojin, ter je zelo majhna verjetnost razpok ali zvijanja na natisnjenih izdelkih.","og_url":"https:\/\/www.seneko.net\/hr\/proizvod\/abs-filament\/","og_site_name":"Seneko","article_publisher":"https:\/\/www.facebook.com\/seneko3dshop","article_modified_time":"2026-01-02T17:40:19+00:00","og_image":[{"width":1000,"height":1000,"url":"https:\/\/www.seneko.net\/wp-content\/uploads\/2022\/05\/ABS-BLACK-2.jpg","type":"image\/jpeg"}],"twitter_card":"summary_large_image","twitter_misc":{"Procijenjeno vrijeme \u010ditanja":"2 minute"},"schema":{"@context":"https:\/\/schema.org","@graph":[{"@type":"WebPage","@id":"https:\/\/www.seneko.net\/izdelek\/abs-filament\/","url":"https:\/\/www.seneko.net\/izdelek\/abs-filament\/","name":"ABS+ filament, 1,75mm, 1KG - Seneko","isPartOf":{"@id":"https:\/\/www.seneko.net\/#website"},"primaryImageOfPage":{"@id":"https:\/\/www.seneko.net\/izdelek\/abs-filament\/#primaryimage"},"image":{"@id":"https:\/\/www.seneko.net\/izdelek\/abs-filament\/#primaryimage"},"thumbnailUrl":"https:\/\/www.seneko.net\/wp-content\/uploads\/2022\/05\/ABS-BLACK-2.jpg","datePublished":"2022-05-13T13:37:32+00:00","dateModified":"2026-01-02T17:40:19+00:00","description":"ABS+ filament je prilagojen material, ki ima bolj\u0161e mehanske lastnosti, manj vonja in ni\u017ejo stopnjo kr\u010denja kot obi\u010dajni ABS materiali. Z visoko stopnjo \u017eilavosti in odpornostjo na udarce se ABS+filament lahko uporablja za tiskanje trdnih in trpe\u017enih delov. Med tiskanjem s filamentom ABS+ se spro\u0161\u010da manj hlapov organskih spojin, ter je zelo majhna verjetnost razpok ali zvijanja na natisnjenih izdelkih.","breadcrumb":{"@id":"https:\/\/www.seneko.net\/izdelek\/abs-filament\/#breadcrumb"},"inLanguage":"hr","potentialAction":[{"@type":"ReadAction","target":["https:\/\/www.seneko.net\/izdelek\/abs-filament\/"]}]},{"@type":"ImageObject","inLanguage":"hr","@id":"https:\/\/www.seneko.net\/izdelek\/abs-filament\/#primaryimage","url":"https:\/\/www.seneko.net\/wp-content\/uploads\/2022\/05\/ABS-BLACK-2.jpg","contentUrl":"https:\/\/www.seneko.net\/wp-content\/uploads\/2022\/05\/ABS-BLACK-2.jpg","width":1000,"height":1000},{"@type":"BreadcrumbList","@id":"https:\/\/www.seneko.net\/izdelek\/abs-filament\/#breadcrumb","itemListElement":[{"@type":"ListItem","position":1,"name":"Home","item":"https:\/\/www.seneko.net\/"},{"@type":"ListItem","position":2,"name":"Trgovina","item":"https:\/\/www.seneko.net\/trgovina\/"},{"@type":"ListItem","position":3,"name":"ABS+ filament, 1,75mm, 1KG"}]},{"@type":"WebSite","@id":"https:\/\/www.seneko.net\/#website","url":"https:\/\/www.seneko.net\/","name":"Seneko","description":"Z vami tiskamo prihodnost","publisher":{"@id":"https:\/\/www.seneko.net\/#organization"},"potentialAction":[{"@type":"SearchAction","target":{"@type":"EntryPoint","urlTemplate":"https:\/\/www.seneko.net\/?s={search_term_string}"},"query-input":{"@type":"PropertyValueSpecification","valueRequired":true,"valueName":"search_term_string"}}],"inLanguage":"hr"},{"@type":"Organization","@id":"https:\/\/www.seneko.net\/#organization","name":"Seneko","url":"https:\/\/www.seneko.net\/","logo":{"@type":"ImageObject","inLanguage":"hr","@id":"https:\/\/www.seneko.net\/#\/schema\/logo\/image\/","url":"https:\/\/www.seneko.net\/wp-content\/uploads\/2021\/09\/logo_1.png","contentUrl":"https:\/\/www.seneko.net\/wp-content\/uploads\/2021\/09\/logo_1.png","width":202,"height":80,"caption":"Seneko"},"image":{"@id":"https:\/\/www.seneko.net\/#\/schema\/logo\/image\/"},"sameAs":["https:\/\/www.facebook.com\/seneko3dshop","https:\/\/www.instagram.com\/Seneko3DShop\/"]}]}},"_links":{"self":[{"href":"https:\/\/www.seneko.net\/hr\/wp-json\/wp\/v2\/product\/4524","targetHints":{"allow":["GET"]}}],"collection":[{"href":"https:\/\/www.seneko.net\/hr\/wp-json\/wp\/v2\/product"}],"about":[{"href":"https:\/\/www.seneko.net\/hr\/wp-json\/wp\/v2\/types\/product"}],"replies":[{"embeddable":true,"href":"https:\/\/www.seneko.net\/hr\/wp-json\/wp\/v2\/comments?post=4524"}],"wp:featuredmedia":[{"embeddable":true,"href":"https:\/\/www.seneko.net\/hr\/wp-json\/wp\/v2\/media\/4553"}],"wp:attachment":[{"href":"https:\/\/www.seneko.net\/hr\/wp-json\/wp\/v2\/media?parent=4524"}],"wp:term":[{"taxonomy":"product_brand","embeddable":true,"href":"https:\/\/www.seneko.net\/hr\/wp-json\/wp\/v2\/product_brand?post=4524"},{"taxonomy":"product_cat","embeddable":true,"href":"https:\/\/www.seneko.net\/hr\/wp-json\/wp\/v2\/product_cat?post=4524"},{"taxonomy":"product_tag","embeddable":true,"href":"https:\/\/www.seneko.net\/hr\/wp-json\/wp\/v2\/product_tag?post=4524"}],"curies":[{"name":"wp","href":"https:\/\/api.w.org\/{rel}","templated":true}]}}