{"id":4801,"date":"2022-07-25T11:22:12","date_gmt":"2022-07-25T09:22:12","guid":{"rendered":"https:\/\/www.seneko.net\/?post_type=product&#038;p=4801"},"modified":"2026-01-02T20:09:41","modified_gmt":"2026-01-02T18:09:41","slug":"pla-filamenti-3x1kg","status":"publish","type":"product","link":"https:\/\/www.seneko.net\/hr\/proizvod\/pla-filamenti-3x1kg\/","title":{"rendered":"PLA+ Filamenti, 3x1kg"},"content":{"rendered":"<p>PLA filamenti so okolju prijazen material, katerega je enostavno tiskati in ima gladko povr\u0161ino. Dodatne dobre lastnosti so dobra trdnost, togost, ravnovesje \u017eilavosti in mo\u010dna odpornost na udarce. PLA+ je izbolj\u0161ana verzija PLA filamenta. Zelo primeren je za tiskanje funkcionalnih delov, odobren s strani FDA in tako varnej\u0161i za uporabo. PLA filamenti se lahko uporabljajo za konceptualne modele, hitre izdelave prototipov ter uporabne dele, umetnine in drugo.<\/p>\n<p>&nbsp;<\/p>\n<p>\u3010<strong>Dimenzijska toleranca +\/- 0,03 mm<\/strong>\u3011 Minimalna toleranca in nizka stopnja upogibanja, da se zagotovi\u00a0 enakomeren in stabilen tisk, brez zama\u0161itve, z izjemno visoko stopnjo uspe\u0161nosti, kar se ka\u017ee na natan\u010dno natiskanih delih z dobro zaklju\u010dno povr\u0161ino.<\/p>\n<p>\u3010<strong>Brez prepletanja in brez zatikanja<\/strong><strong>\u3011<\/strong> Skupna dol\u017eina: 340-350 m. Celoten kolut filamenta za 3D tiskalnik ima popolno okroglost in zelo tesno toleranco premera, ki se ne prekriva ali zapleta. Topi se enakomerno in gladko brez ma\u0161enja \u0161obe ali ekstruderja.<\/p>\n<p>\u3010<strong>Okolju prijazen material<\/strong><strong>\u3011<\/strong>Filamenti eSUN so izdelani iz \u010distih materialov, biolo\u0161ko razgradljivih, okolju prijaznih, nestrupenih z nizko stopnjo vonjav. Ne \u0161kodi ne uporabniku, ne okolju.<\/p>\n<p>\u3010<strong>Visoka zdru\u017eljivost<\/strong><strong>\u3011<\/strong> Zdru\u017eljivo z ve\u010dino FDM 3D tiskalnikov, ki uporabljajo filament 1,75 mm, kot so: Prusa, Reprap, Afinia, MakerBot, PrintrBot, UltiMaker, Airwolf, Aleph Objects, Makergear, Up, Lulzbot, Simplify3D itd., Flash<\/p>\n<p><strong>\u3010Vakuumsko zaprta embala\u017ea<\/strong><strong>\u3011<\/strong> Neto te\u017ea: 1 kg. Filament eSUN je na voljo v zaprti vakuumski vre\u010dki s su\u0161ilno vre\u010dko, da ostane suh brez prahu in tujkov, kar prepre\u010di zagozdenje \u0161ob in enakomerno ekstruzijo.<\/p>\n<h4><strong>O PLA materijalu:<\/strong><\/h4>\n<p>PolyLactic Acid 100 % na biolo\u0161ki osnovi, v skladu z EN13432 in ASTM D6400. V okolju kompostiranja se popolnoma razgradi na ogljikov dioksid in vodo, ki je nestrupen in ne\u0161kodljiv za \u010dlove\u0161ko telo, biologijo in okolje. Zasnovan v skladu z lastnostmi filamentov za 3D tiskanje FDM, pro\u017een, ni krhek in stro\u0161kovno u\u010dinkovit. Standardno barvno ujemanje, stabilna barva, lahko je izdelana v razli\u010dnih barvah glede na zahteve kupcev in pripravljena za uporabo. Na podlagi zmogljivosti je pri PLA mo\u010dno izbolj\u0161ana \u017eilavost materiala, ni ga enostavno zlomiti, gladko tiskanje, natisnjeni deli so lepega videza in ni te\u017eav, kot so razpoke ali zvijanje.<\/p>","protected":false},"excerpt":{"rendered":"<p>AKCIJA!<\/p>\n<p>Pri nakupu 3 x PLA+ filamenta dobite \u0161e dodatnih <strong>10% popusta.<\/strong><\/p>\n<p>Izberite spodaj barvo posami\u010dnega filamenta.<\/p>\n<p>Veselo tiskanje vam \u017eelimo!<\/p>","protected":false},"featured_media":4357,"comment_status":"open","ping_status":"closed","template":"","meta":[],"product_brand":[],"product_cat":[577,288,289],"product_tag":[579,361,561,528,378,578,374,379,397,373,380,521,529],"class_list":{"0":"post-4801","1":"product","2":"type-product","3":"status-publish","4":"has-post-thumbnail","6":"product_cat-akcija","7":"product_cat-pla-filamenti","8":"product_cat-pla","9":"product_tag-3d-filament","10":"product_tag-3d-filamenti","11":"product_tag-akcija","12":"product_tag-azurefilm","13":"product_tag-esun","14":"product_tag-esun-pla","15":"product_tag-filament","16":"product_tag-filamenti","17":"product_tag-pla","18":"product_tag-pla-filament","19":"product_tag-pla-filamenti","20":"product_tag-seneko","21":"product_tag-trcek","22":"pa_barva-black","23":"pa_barva-blue","24":"pa_barva-cold-white","25":"pa_barva-fire-engine-red","26":"pa_barva-gold","27":"pa_barva-green","28":"pa_barva-grey","29":"pa_barva-light-blue","30":"pa_barva-orange","31":"pa_barva-pink","32":"pa_barva-red","33":"pa_barva-silver","34":"pa_barva-white","35":"pa_barva-yellow","37":"first","38":"instock","39":"sale","40":"taxable","41":"shipping-taxable","42":"purchasable","43":"product-type-bundle"},"bundled_by":[],"bundle_stock_status":"instock","bundle_stock_quantity":92,"bundle_virtual":false,"bundle_layout":"default","bundle_add_to_cart_form_location":"default","bundle_editable_in_cart":false,"bundle_sold_individually_context":"product","bundle_item_grouping":"parent","bundle_min_size":3,"bundle_max_size":3,"bundle_price":{"price":{"min":{"incl_tax":"43.2","excl_tax":"35.409836"},"max":{"incl_tax":"43.2","excl_tax":"35.409836"}},"regular_price":{"min":{"incl_tax":"72.72","excl_tax":"59.606557"},"max":{"incl_tax":"72.72","excl_tax":"59.606557"}}},"bundled_items":[{"bundled_item_id":1,"product_id":3494,"menu_order":0,"quantity_min":1,"quantity_max":3,"quantity_default":1,"priced_individually":false,"shipped_individually":false,"override_title":false,"title":"PLA+ Filament, 1kg","override_description":false,"description":"","optional":false,"hide_thumbnail":false,"discount":"","override_variations":false,"allowed_variations":[],"override_default_variation_attributes":false,"default_variation_attributes":[],"single_product_visibility":"visible","cart_visibility":"visible","order_visibility":"visible","single_product_price_visibility":"visible","cart_price_visibility":"visible","order_price_visibility":"visible","stock_status":"in_stock"},{"bundled_item_id":2,"product_id":3494,"menu_order":1,"quantity_min":1,"quantity_max":3,"quantity_default":1,"priced_individually":false,"shipped_individually":false,"override_title":false,"title":"PLA+ Filament, 1kg","override_description":false,"description":"","optional":false,"hide_thumbnail":false,"discount":"","override_variations":false,"allowed_variations":[],"override_default_variation_attributes":false,"default_variation_attributes":[],"single_product_visibility":"visible","cart_visibility":"visible","order_visibility":"visible","single_product_price_visibility":"visible","cart_price_visibility":"visible","order_price_visibility":"visible","stock_status":"in_stock"},{"bundled_item_id":3,"product_id":3494,"menu_order":2,"quantity_min":1,"quantity_max":3,"quantity_default":1,"priced_individually":false,"shipped_individually":false,"override_title":false,"title":"PLA+ Filament, 1kg","override_description":false,"description":"","optional":false,"hide_thumbnail":false,"discount":"","override_variations":false,"allowed_variations":[],"override_default_variation_attributes":false,"default_variation_attributes":[],"single_product_visibility":"visible","cart_visibility":"visible","order_visibility":"visible","single_product_price_visibility":"visible","cart_price_visibility":"visible","order_price_visibility":"visible","stock_status":"in_stock"}],"bundle_sell_ids":[],"yoast_head":"<!-- This site is optimized with the Yoast SEO plugin v26.5 - https:\/\/yoast.com\/wordpress\/plugins\/seo\/ -->\n<title>PLA filamenti (PLA+) - Seneko - 3x1Kg<\/title>\n<meta name=\"description\" content=\"PLA filamenti, \u20ac17.45 1000g, so okolju prijazen material, katerega je enostavno tiskati in ima gladko povr\u0161ino. Dodatne dobre lastnosti so dobra trdnost, togost, ravnovesje \u017eilavosti in mo\u010dna odpornost na udarce. PLA+ je izbolj\u0161ana verzija PLA filamenta. Zelo primeren je za tiskanje funkcionalnih delov, odobren s strani FDA in tako varnej\u0161i za uporabo. PLA filament, PLA+, se lahko uporablja za konceptualne modele, hitre izdelave prototipov ter uporabne dele, umetnine in drugo.\" \/>\n<meta name=\"robots\" content=\"index, follow, max-snippet:-1, max-image-preview:large, max-video-preview:-1\" \/>\n<link rel=\"canonical\" href=\"https:\/\/www.seneko.net\/hr\/proizvod\/pla-filamenti-3x1kg\/\" \/>\n<meta property=\"og:locale\" content=\"hr_HR\" \/>\n<meta property=\"og:type\" content=\"article\" \/>\n<meta property=\"og:title\" content=\"PLA filamenti (PLA+) - Seneko - 3x1Kg\" \/>\n<meta property=\"og:description\" content=\"PLA filamenti, \u20ac17.45 1000g, so okolju prijazen material, katerega je enostavno tiskati in ima gladko povr\u0161ino. Dodatne dobre lastnosti so dobra trdnost, togost, ravnovesje \u017eilavosti in mo\u010dna odpornost na udarce. PLA+ je izbolj\u0161ana verzija PLA filamenta. Zelo primeren je za tiskanje funkcionalnih delov, odobren s strani FDA in tako varnej\u0161i za uporabo. PLA filament, PLA+, se lahko uporablja za konceptualne modele, hitre izdelave prototipov ter uporabne dele, umetnine in drugo.\" \/>\n<meta property=\"og:url\" content=\"https:\/\/www.seneko.net\/hr\/proizvod\/pla-filamenti-3x1kg\/\" \/>\n<meta property=\"og:site_name\" content=\"Seneko\" \/>\n<meta property=\"article:publisher\" content=\"https:\/\/www.facebook.com\/seneko3dshop\" \/>\n<meta property=\"article:modified_time\" content=\"2026-01-02T18:09:41+00:00\" \/>\n<meta property=\"og:image\" content=\"https:\/\/www.seneko.net\/wp-content\/uploads\/2022\/02\/slika_1-e1658823209158.jpg\" \/>\n\t<meta property=\"og:image:width\" content=\"800\" \/>\n\t<meta property=\"og:image:height\" content=\"954\" \/>\n\t<meta property=\"og:image:type\" content=\"image\/jpeg\" \/>\n<meta name=\"twitter:card\" content=\"summary_large_image\" \/>\n<meta name=\"twitter:label1\" content=\"Procijenjeno vrijeme \u010ditanja\" \/>\n\t<meta name=\"twitter:data1\" content=\"2 minute\" \/>\n<script type=\"application\/ld+json\" class=\"yoast-schema-graph\">{\"@context\":\"https:\/\/schema.org\",\"@graph\":[{\"@type\":\"WebPage\",\"@id\":\"https:\/\/www.seneko.net\/izdelek\/pla-filamenti-3x1kg\/\",\"url\":\"https:\/\/www.seneko.net\/izdelek\/pla-filamenti-3x1kg\/\",\"name\":\"PLA filamenti (PLA+) - Seneko - 3x1Kg\",\"isPartOf\":{\"@id\":\"https:\/\/www.seneko.net\/#website\"},\"primaryImageOfPage\":{\"@id\":\"https:\/\/www.seneko.net\/izdelek\/pla-filamenti-3x1kg\/#primaryimage\"},\"image\":{\"@id\":\"https:\/\/www.seneko.net\/izdelek\/pla-filamenti-3x1kg\/#primaryimage\"},\"thumbnailUrl\":\"https:\/\/www.seneko.net\/wp-content\/uploads\/2022\/02\/slika_1-e1658823209158.jpg\",\"datePublished\":\"2022-07-25T09:22:12+00:00\",\"dateModified\":\"2026-01-02T18:09:41+00:00\",\"description\":\"PLA filamenti, \u20ac17.45 1000g, so okolju prijazen material, katerega je enostavno tiskati in ima gladko povr\u0161ino. Dodatne dobre lastnosti so dobra trdnost, togost, ravnovesje \u017eilavosti in mo\u010dna odpornost na udarce. PLA+ je izbolj\u0161ana verzija PLA filamenta. Zelo primeren je za tiskanje funkcionalnih delov, odobren s strani FDA in tako varnej\u0161i za uporabo. PLA filament, PLA+, se lahko uporablja za konceptualne modele, hitre izdelave prototipov ter uporabne dele, umetnine in drugo.\",\"breadcrumb\":{\"@id\":\"https:\/\/www.seneko.net\/izdelek\/pla-filamenti-3x1kg\/#breadcrumb\"},\"inLanguage\":\"hr\",\"potentialAction\":[{\"@type\":\"ReadAction\",\"target\":[\"https:\/\/www.seneko.net\/izdelek\/pla-filamenti-3x1kg\/\"]}]},{\"@type\":\"ImageObject\",\"inLanguage\":\"hr\",\"@id\":\"https:\/\/www.seneko.net\/izdelek\/pla-filamenti-3x1kg\/#primaryimage\",\"url\":\"https:\/\/www.seneko.net\/wp-content\/uploads\/2022\/02\/slika_1-e1658823209158.jpg\",\"contentUrl\":\"https:\/\/www.seneko.net\/wp-content\/uploads\/2022\/02\/slika_1-e1658823209158.jpg\",\"width\":800,\"height\":954,\"caption\":\"Pla filament bundle\"},{\"@type\":\"BreadcrumbList\",\"@id\":\"https:\/\/www.seneko.net\/izdelek\/pla-filamenti-3x1kg\/#breadcrumb\",\"itemListElement\":[{\"@type\":\"ListItem\",\"position\":1,\"name\":\"Home\",\"item\":\"https:\/\/www.seneko.net\/\"},{\"@type\":\"ListItem\",\"position\":2,\"name\":\"Trgovina\",\"item\":\"https:\/\/www.seneko.net\/trgovina\/\"},{\"@type\":\"ListItem\",\"position\":3,\"name\":\"PLA+ Filamenti, 3x1kg\"}]},{\"@type\":\"WebSite\",\"@id\":\"https:\/\/www.seneko.net\/#website\",\"url\":\"https:\/\/www.seneko.net\/\",\"name\":\"Seneko\",\"description\":\"Z vami tiskamo prihodnost\",\"publisher\":{\"@id\":\"https:\/\/www.seneko.net\/#organization\"},\"potentialAction\":[{\"@type\":\"SearchAction\",\"target\":{\"@type\":\"EntryPoint\",\"urlTemplate\":\"https:\/\/www.seneko.net\/?s={search_term_string}\"},\"query-input\":{\"@type\":\"PropertyValueSpecification\",\"valueRequired\":true,\"valueName\":\"search_term_string\"}}],\"inLanguage\":\"hr\"},{\"@type\":\"Organization\",\"@id\":\"https:\/\/www.seneko.net\/#organization\",\"name\":\"Seneko\",\"url\":\"https:\/\/www.seneko.net\/\",\"logo\":{\"@type\":\"ImageObject\",\"inLanguage\":\"hr\",\"@id\":\"https:\/\/www.seneko.net\/#\/schema\/logo\/image\/\",\"url\":\"https:\/\/www.seneko.net\/wp-content\/uploads\/2021\/09\/logo_1.png\",\"contentUrl\":\"https:\/\/www.seneko.net\/wp-content\/uploads\/2021\/09\/logo_1.png\",\"width\":202,\"height\":80,\"caption\":\"Seneko\"},\"image\":{\"@id\":\"https:\/\/www.seneko.net\/#\/schema\/logo\/image\/\"},\"sameAs\":[\"https:\/\/www.facebook.com\/seneko3dshop\",\"https:\/\/www.instagram.com\/Seneko3DShop\/\"]}]}<\/script>\n<!-- \/ Yoast SEO plugin. -->","yoast_head_json":{"title":"PLA filamenti (PLA+) - Seneko - 3x1Kg","description":"PLA filamenti, \u20ac17.45 1000g, so okolju prijazen material, katerega je enostavno tiskati in ima gladko povr\u0161ino. Dodatne dobre lastnosti so dobra trdnost, togost, ravnovesje \u017eilavosti in mo\u010dna odpornost na udarce. PLA+ je izbolj\u0161ana verzija PLA filamenta. Zelo primeren je za tiskanje funkcionalnih delov, odobren s strani FDA in tako varnej\u0161i za uporabo. PLA filament, PLA+, se lahko uporablja za konceptualne modele, hitre izdelave prototipov ter uporabne dele, umetnine in drugo.","robots":{"index":"index","follow":"follow","max-snippet":"max-snippet:-1","max-image-preview":"max-image-preview:large","max-video-preview":"max-video-preview:-1"},"canonical":"https:\/\/www.seneko.net\/hr\/proizvod\/pla-filamenti-3x1kg\/","og_locale":"hr_HR","og_type":"article","og_title":"PLA filamenti (PLA+) - Seneko - 3x1Kg","og_description":"PLA filamenti, \u20ac17.45 1000g, so okolju prijazen material, katerega je enostavno tiskati in ima gladko povr\u0161ino. Dodatne dobre lastnosti so dobra trdnost, togost, ravnovesje \u017eilavosti in mo\u010dna odpornost na udarce. PLA+ je izbolj\u0161ana verzija PLA filamenta. Zelo primeren je za tiskanje funkcionalnih delov, odobren s strani FDA in tako varnej\u0161i za uporabo. PLA filament, PLA+, se lahko uporablja za konceptualne modele, hitre izdelave prototipov ter uporabne dele, umetnine in drugo.","og_url":"https:\/\/www.seneko.net\/hr\/proizvod\/pla-filamenti-3x1kg\/","og_site_name":"Seneko","article_publisher":"https:\/\/www.facebook.com\/seneko3dshop","article_modified_time":"2026-01-02T18:09:41+00:00","og_image":[{"width":800,"height":954,"url":"https:\/\/www.seneko.net\/wp-content\/uploads\/2022\/02\/slika_1-e1658823209158.jpg","type":"image\/jpeg"}],"twitter_card":"summary_large_image","twitter_misc":{"Procijenjeno vrijeme \u010ditanja":"2 minute"},"schema":{"@context":"https:\/\/schema.org","@graph":[{"@type":"WebPage","@id":"https:\/\/www.seneko.net\/izdelek\/pla-filamenti-3x1kg\/","url":"https:\/\/www.seneko.net\/izdelek\/pla-filamenti-3x1kg\/","name":"PLA filamenti (PLA+) - Seneko - 3x1Kg","isPartOf":{"@id":"https:\/\/www.seneko.net\/#website"},"primaryImageOfPage":{"@id":"https:\/\/www.seneko.net\/izdelek\/pla-filamenti-3x1kg\/#primaryimage"},"image":{"@id":"https:\/\/www.seneko.net\/izdelek\/pla-filamenti-3x1kg\/#primaryimage"},"thumbnailUrl":"https:\/\/www.seneko.net\/wp-content\/uploads\/2022\/02\/slika_1-e1658823209158.jpg","datePublished":"2022-07-25T09:22:12+00:00","dateModified":"2026-01-02T18:09:41+00:00","description":"PLA filamenti, \u20ac17.45 1000g, so okolju prijazen material, katerega je enostavno tiskati in ima gladko povr\u0161ino. Dodatne dobre lastnosti so dobra trdnost, togost, ravnovesje \u017eilavosti in mo\u010dna odpornost na udarce. PLA+ je izbolj\u0161ana verzija PLA filamenta. Zelo primeren je za tiskanje funkcionalnih delov, odobren s strani FDA in tako varnej\u0161i za uporabo. PLA filament, PLA+, se lahko uporablja za konceptualne modele, hitre izdelave prototipov ter uporabne dele, umetnine in drugo.","breadcrumb":{"@id":"https:\/\/www.seneko.net\/izdelek\/pla-filamenti-3x1kg\/#breadcrumb"},"inLanguage":"hr","potentialAction":[{"@type":"ReadAction","target":["https:\/\/www.seneko.net\/izdelek\/pla-filamenti-3x1kg\/"]}]},{"@type":"ImageObject","inLanguage":"hr","@id":"https:\/\/www.seneko.net\/izdelek\/pla-filamenti-3x1kg\/#primaryimage","url":"https:\/\/www.seneko.net\/wp-content\/uploads\/2022\/02\/slika_1-e1658823209158.jpg","contentUrl":"https:\/\/www.seneko.net\/wp-content\/uploads\/2022\/02\/slika_1-e1658823209158.jpg","width":800,"height":954,"caption":"Pla filament bundle"},{"@type":"BreadcrumbList","@id":"https:\/\/www.seneko.net\/izdelek\/pla-filamenti-3x1kg\/#breadcrumb","itemListElement":[{"@type":"ListItem","position":1,"name":"Home","item":"https:\/\/www.seneko.net\/"},{"@type":"ListItem","position":2,"name":"Trgovina","item":"https:\/\/www.seneko.net\/trgovina\/"},{"@type":"ListItem","position":3,"name":"PLA+ Filamenti, 3x1kg"}]},{"@type":"WebSite","@id":"https:\/\/www.seneko.net\/#website","url":"https:\/\/www.seneko.net\/","name":"Seneko","description":"Z vami tiskamo prihodnost","publisher":{"@id":"https:\/\/www.seneko.net\/#organization"},"potentialAction":[{"@type":"SearchAction","target":{"@type":"EntryPoint","urlTemplate":"https:\/\/www.seneko.net\/?s={search_term_string}"},"query-input":{"@type":"PropertyValueSpecification","valueRequired":true,"valueName":"search_term_string"}}],"inLanguage":"hr"},{"@type":"Organization","@id":"https:\/\/www.seneko.net\/#organization","name":"Seneko","url":"https:\/\/www.seneko.net\/","logo":{"@type":"ImageObject","inLanguage":"hr","@id":"https:\/\/www.seneko.net\/#\/schema\/logo\/image\/","url":"https:\/\/www.seneko.net\/wp-content\/uploads\/2021\/09\/logo_1.png","contentUrl":"https:\/\/www.seneko.net\/wp-content\/uploads\/2021\/09\/logo_1.png","width":202,"height":80,"caption":"Seneko"},"image":{"@id":"https:\/\/www.seneko.net\/#\/schema\/logo\/image\/"},"sameAs":["https:\/\/www.facebook.com\/seneko3dshop","https:\/\/www.instagram.com\/Seneko3DShop\/"]}]}},"_links":{"self":[{"href":"https:\/\/www.seneko.net\/hr\/wp-json\/wp\/v2\/product\/4801","targetHints":{"allow":["GET"]}}],"collection":[{"href":"https:\/\/www.seneko.net\/hr\/wp-json\/wp\/v2\/product"}],"about":[{"href":"https:\/\/www.seneko.net\/hr\/wp-json\/wp\/v2\/types\/product"}],"replies":[{"embeddable":true,"href":"https:\/\/www.seneko.net\/hr\/wp-json\/wp\/v2\/comments?post=4801"}],"wp:featuredmedia":[{"embeddable":true,"href":"https:\/\/www.seneko.net\/hr\/wp-json\/wp\/v2\/media\/4357"}],"wp:attachment":[{"href":"https:\/\/www.seneko.net\/hr\/wp-json\/wp\/v2\/media?parent=4801"}],"wp:term":[{"taxonomy":"product_brand","embeddable":true,"href":"https:\/\/www.seneko.net\/hr\/wp-json\/wp\/v2\/product_brand?post=4801"},{"taxonomy":"product_cat","embeddable":true,"href":"https:\/\/www.seneko.net\/hr\/wp-json\/wp\/v2\/product_cat?post=4801"},{"taxonomy":"product_tag","embeddable":true,"href":"https:\/\/www.seneko.net\/hr\/wp-json\/wp\/v2\/product_tag?post=4801"}],"curies":[{"name":"wp","href":"https:\/\/api.w.org\/{rel}","templated":true}]}}