{"id":3206,"date":"2021-09-11T19:15:33","date_gmt":"2021-09-11T17:15:33","guid":{"rendered":"https:\/\/www.seneko.net\/?post_type=product&#038;p=3206"},"modified":"2026-01-02T19:40:04","modified_gmt":"2026-01-02T17:40:04","slug":"tpu-95a-1-75mm","status":"publish","type":"product","link":"https:\/\/www.seneko.net\/it\/prodotto\/tpu-95a-1-75mm\/","title":{"rendered":"eTPU-95A 1.75MM"},"content":{"rendered":"<p>TPU-95A je material fleksibilen s trdoto Shore 95A, je enostaven za tiskanje in z njim lahko hitro natisnemo velike, zapletene in natan\u010dne prototipe elastomernih delov. TPU-95A odlikuje odli\u010dna elasti\u010dnost, tiskanih izdelkov ni enostavno deformirati, dobra fleksibilnost, visoka odpornost na trganje, obrabo in rezanje.<\/p>\n<p>&nbsp;<\/p>\n<p>\u3010<strong>Dimenzijska toleranca +\/- 0,03 mm<\/strong>\u3011 Minimalna toleranca in nizka stopnja upogibanja, da se zagotovi\u00a0 enakomeren in stabilen tisk, brez zama\u0161itve, z izjemno visoko stopnjo uspe\u0161nosti, kar se ka\u017ee na natan\u010dno natiskanih delih z dobro zaklju\u010dno povr\u0161ino.<\/p>\n<p>\u3010<strong>Brez prepletanja in brez zatikanja<\/strong><strong>\u3011<\/strong> Skupna dol\u017eina: 340-350 m. Celoten kolut filamenta za 3D tiskalnik ima popolno okroglost in zelo tesno toleranco premera, ki se ne prekriva ali zapleta. Topi se enakomerno in gladko brez ma\u0161enja \u0161obe ali ekstruderja.<\/p>\n<p><strong>\u3010Vakuumsko zaprta embala\u017ea<\/strong><strong>\u3011<\/strong> Neto te\u017ea: 1 kg. Filament eSUN je na voljo v zaprti vakuumski vre\u010dki s su\u0161ilno vre\u010dko, da ostane suh brez prahu in tujkov, kar prepre\u010di zagozdenje \u0161ob in enakomerno ekstruzijo.<\/p>\n<p>&nbsp;<\/p>\n<p>Priporo\u010dljivo je, da se tisk posu\u0161i (55\u2103\/\uff1e4H), da dose\u017eete najbolj\u0161i u\u010dinek tiskanja. Priporo\u010dljivo je, da ga pri tiskanju uporabljate s kartu\u0161ami eBOX.<\/p>\n<p>Priporo\u010dljiva je uporaba dvokolesnega direktnega ekstruderja. eTPU-95A se obi\u010dajno tiska na Bowden ekstruderju z modifikacijo in spremembo nastavitev retrakcije.<\/p>\n<p>&nbsp;<\/p>\n<p><strong>Uporaben za:<\/strong><\/p>\n<p>Material za \u010devlje, Stroji, Avtomobili, Elektronski aparati, Transportni cevovod, \u0160portni izdelki<\/p>","protected":false},"excerpt":{"rendered":"<p class=\"p-summary__heading\"><span style=\"font-size: 18px;\">Glavne zna\u010dilnosti eTPU-95A:<\/span><\/p>\n<ul class=\"p-summary__list\">\n<li>Fleksibilen in mehek<\/li>\n<li>Trden in vzdr\u017eljiv<\/li>\n<li>Visoka fleksibilnost<\/li>\n<li>Visoka \u017eilavost<\/li>\n<li>Visoka odpornost na udarce<\/li>\n<\/ul>","protected":false},"featured_media":3232,"comment_status":"open","ping_status":"closed","template":"","meta":[],"product_brand":[],"product_cat":[299,300],"product_tag":[546,550,528,557,552,378,534,374,554,379,553,551,555,521,556,549,558,559,548,529],"class_list":{"0":"post-3206","1":"product","2":"type-product","3":"status-publish","4":"has-post-thumbnail","6":"product_cat-flex","7":"product_cat-tpu-95a","8":"product_tag-3djake","9":"product_tag-95a","10":"product_tag-azurefilm","11":"product_tag-elastic-filament","12":"product_tag-elasticen-filament","13":"product_tag-esun","14":"product_tag-esun-slovenija","15":"product_tag-filament","16":"product_tag-filament-guma","17":"product_tag-filamenti","18":"product_tag-flexibilen-filament","19":"product_tag-guma","20":"product_tag-gumijast-filament","21":"product_tag-seneko","22":"product_tag-tiskaj-gumo","23":"product_tag-tpu","24":"product_tag-tpu-filament","25":"product_tag-tpu-filamenti","26":"product_tag-tpu-95a","27":"product_tag-trcek","28":"pa_barva-black","29":"pa_barva-clear","30":"pa_barva-grey","31":"pa_barva-red","32":"pa_barva-transparent-blue","33":"pa_barva-transparent-green","34":"pa_barva-transparent-orange","35":"pa_barva-transparent-pink","36":"pa_barva-transparent-purple","37":"pa_barva-transparent-red","38":"pa_barva-transparent-yellow","39":"pa_barva-white","41":"first","42":"instock","43":"sale","44":"taxable","45":"shipping-taxable","46":"purchasable","47":"product-type-variable","48":"has-default-attributes"},"bundled_by":[],"bundle_stock_status":"instock","bundle_stock_quantity":null,"bundle_virtual":false,"bundle_layout":"","bundle_add_to_cart_form_location":"","bundle_editable_in_cart":false,"bundle_sold_individually_context":"","bundle_item_grouping":"","bundle_min_size":"","bundle_max_size":"","bundle_price":[],"bundled_items":[],"bundle_sell_ids":[],"yoast_head":"<!-- This site is optimized with the Yoast SEO plugin v27.4 - https:\/\/yoast.com\/product\/yoast-seo-wordpress\/ -->\n<title>TPU-95A - Seneko<\/title>\n<meta name=\"description\" content=\"TPU-95A je material fleksibilen s trdoto Shore 95A, je enostaven za tiskanje in z njim lahko hitro natisnemo velike, zapletene in natan\u010dne prototipe elastomernih delov. TPU-95A odlikuje odli\u010dna elasti\u010dnost, tiskanih izdelkov ni enostavno deformirati, dobra fleksibilnost, visoka odpornost na trganje, obrabo in rezanje.\" \/>\n<meta name=\"robots\" content=\"index, follow, max-snippet:-1, max-image-preview:large, max-video-preview:-1\" \/>\n<link rel=\"canonical\" href=\"https:\/\/www.seneko.net\/it\/prodotto\/tpu-95a-1-75mm\/\" \/>\n<meta property=\"og:locale\" content=\"it_IT\" \/>\n<meta property=\"og:type\" content=\"article\" \/>\n<meta property=\"og:title\" content=\"TPU-95A - Seneko\" \/>\n<meta property=\"og:description\" content=\"TPU-95A je material fleksibilen s trdoto Shore 95A, je enostaven za tiskanje in z njim lahko hitro natisnemo velike, zapletene in natan\u010dne prototipe elastomernih delov. TPU-95A odlikuje odli\u010dna elasti\u010dnost, tiskanih izdelkov ni enostavno deformirati, dobra fleksibilnost, visoka odpornost na trganje, obrabo in rezanje.\" \/>\n<meta property=\"og:url\" content=\"https:\/\/www.seneko.net\/it\/prodotto\/tpu-95a-1-75mm\/\" \/>\n<meta property=\"og:site_name\" content=\"Seneko\" \/>\n<meta property=\"article:publisher\" content=\"https:\/\/www.facebook.com\/seneko3dshop\" \/>\n<meta property=\"article:modified_time\" content=\"2026-01-02T17:40:04+00:00\" \/>\n<meta property=\"og:image\" content=\"https:\/\/www.seneko.net\/wp-content\/uploads\/2021\/09\/eTPU-95A-Transparent-Red-1.jpg\" \/>\n\t<meta property=\"og:image:width\" content=\"1000\" \/>\n\t<meta property=\"og:image:height\" content=\"1000\" \/>\n\t<meta property=\"og:image:type\" content=\"image\/jpeg\" \/>\n<meta name=\"twitter:card\" content=\"summary_large_image\" \/>\n<meta name=\"twitter:label1\" content=\"Tempo di lettura stimato\" \/>\n\t<meta name=\"twitter:data1\" content=\"1 minuto\" \/>\n<script type=\"application\/ld+json\" class=\"yoast-schema-graph\">{\"@context\":\"https:\\\/\\\/schema.org\",\"@graph\":[{\"@type\":\"WebPage\",\"@id\":\"https:\\\/\\\/www.seneko.net\\\/izdelek\\\/tpu-95a-1-75mm\\\/\",\"url\":\"https:\\\/\\\/www.seneko.net\\\/izdelek\\\/tpu-95a-1-75mm\\\/\",\"name\":\"TPU-95A - Seneko\",\"isPartOf\":{\"@id\":\"https:\\\/\\\/www.seneko.net\\\/#website\"},\"primaryImageOfPage\":{\"@id\":\"https:\\\/\\\/www.seneko.net\\\/izdelek\\\/tpu-95a-1-75mm\\\/#primaryimage\"},\"image\":{\"@id\":\"https:\\\/\\\/www.seneko.net\\\/izdelek\\\/tpu-95a-1-75mm\\\/#primaryimage\"},\"thumbnailUrl\":\"https:\\\/\\\/www.seneko.net\\\/wp-content\\\/uploads\\\/2021\\\/09\\\/eTPU-95A-Transparent-Red-1.jpg\",\"datePublished\":\"2021-09-11T17:15:33+00:00\",\"dateModified\":\"2026-01-02T17:40:04+00:00\",\"description\":\"TPU-95A je material fleksibilen s trdoto Shore 95A, je enostaven za tiskanje in z njim lahko hitro natisnemo velike, zapletene in natan\u010dne prototipe elastomernih delov. TPU-95A odlikuje odli\u010dna elasti\u010dnost, tiskanih izdelkov ni enostavno deformirati, dobra fleksibilnost, visoka odpornost na trganje, obrabo in rezanje.\",\"breadcrumb\":{\"@id\":\"https:\\\/\\\/www.seneko.net\\\/izdelek\\\/tpu-95a-1-75mm\\\/#breadcrumb\"},\"inLanguage\":\"it-IT\",\"potentialAction\":[{\"@type\":\"ReadAction\",\"target\":[\"https:\\\/\\\/www.seneko.net\\\/izdelek\\\/tpu-95a-1-75mm\\\/\"]}]},{\"@type\":\"ImageObject\",\"inLanguage\":\"it-IT\",\"@id\":\"https:\\\/\\\/www.seneko.net\\\/izdelek\\\/tpu-95a-1-75mm\\\/#primaryimage\",\"url\":\"https:\\\/\\\/www.seneko.net\\\/wp-content\\\/uploads\\\/2021\\\/09\\\/eTPU-95A-Transparent-Red-1.jpg\",\"contentUrl\":\"https:\\\/\\\/www.seneko.net\\\/wp-content\\\/uploads\\\/2021\\\/09\\\/eTPU-95A-Transparent-Red-1.jpg\",\"width\":1000,\"height\":1000,\"caption\":\"TPU-95A\"},{\"@type\":\"BreadcrumbList\",\"@id\":\"https:\\\/\\\/www.seneko.net\\\/izdelek\\\/tpu-95a-1-75mm\\\/#breadcrumb\",\"itemListElement\":[{\"@type\":\"ListItem\",\"position\":1,\"name\":\"Home\",\"item\":\"https:\\\/\\\/www.seneko.net\\\/\"},{\"@type\":\"ListItem\",\"position\":2,\"name\":\"Trgovina\",\"item\":\"https:\\\/\\\/www.seneko.net\\\/trgovina\\\/\"},{\"@type\":\"ListItem\",\"position\":3,\"name\":\"eTPU-95A 1.75MM\"}]},{\"@type\":\"WebSite\",\"@id\":\"https:\\\/\\\/www.seneko.net\\\/#website\",\"url\":\"https:\\\/\\\/www.seneko.net\\\/\",\"name\":\"Seneko\",\"description\":\"Z vami tiskamo prihodnost\",\"publisher\":{\"@id\":\"https:\\\/\\\/www.seneko.net\\\/#organization\"},\"potentialAction\":[{\"@type\":\"SearchAction\",\"target\":{\"@type\":\"EntryPoint\",\"urlTemplate\":\"https:\\\/\\\/www.seneko.net\\\/?s={search_term_string}\"},\"query-input\":{\"@type\":\"PropertyValueSpecification\",\"valueRequired\":true,\"valueName\":\"search_term_string\"}}],\"inLanguage\":\"it-IT\"},{\"@type\":\"Organization\",\"@id\":\"https:\\\/\\\/www.seneko.net\\\/#organization\",\"name\":\"Seneko\",\"url\":\"https:\\\/\\\/www.seneko.net\\\/\",\"logo\":{\"@type\":\"ImageObject\",\"inLanguage\":\"it-IT\",\"@id\":\"https:\\\/\\\/www.seneko.net\\\/#\\\/schema\\\/logo\\\/image\\\/\",\"url\":\"https:\\\/\\\/www.seneko.net\\\/wp-content\\\/uploads\\\/2021\\\/09\\\/logo_1.png\",\"contentUrl\":\"https:\\\/\\\/www.seneko.net\\\/wp-content\\\/uploads\\\/2021\\\/09\\\/logo_1.png\",\"width\":202,\"height\":80,\"caption\":\"Seneko\"},\"image\":{\"@id\":\"https:\\\/\\\/www.seneko.net\\\/#\\\/schema\\\/logo\\\/image\\\/\"},\"sameAs\":[\"https:\\\/\\\/www.facebook.com\\\/seneko3dshop\",\"https:\\\/\\\/www.instagram.com\\\/Seneko3DShop\\\/\"]}]}<\/script>\n<!-- \/ Yoast SEO plugin. -->","yoast_head_json":{"title":"TPU-95A - Seneko","description":"TPU-95A je material fleksibilen s trdoto Shore 95A, je enostaven za tiskanje in z njim lahko hitro natisnemo velike, zapletene in natan\u010dne prototipe elastomernih delov. TPU-95A odlikuje odli\u010dna elasti\u010dnost, tiskanih izdelkov ni enostavno deformirati, dobra fleksibilnost, visoka odpornost na trganje, obrabo in rezanje.","robots":{"index":"index","follow":"follow","max-snippet":"max-snippet:-1","max-image-preview":"max-image-preview:large","max-video-preview":"max-video-preview:-1"},"canonical":"https:\/\/www.seneko.net\/it\/prodotto\/tpu-95a-1-75mm\/","og_locale":"it_IT","og_type":"article","og_title":"TPU-95A - Seneko","og_description":"TPU-95A je material fleksibilen s trdoto Shore 95A, je enostaven za tiskanje in z njim lahko hitro natisnemo velike, zapletene in natan\u010dne prototipe elastomernih delov. TPU-95A odlikuje odli\u010dna elasti\u010dnost, tiskanih izdelkov ni enostavno deformirati, dobra fleksibilnost, visoka odpornost na trganje, obrabo in rezanje.","og_url":"https:\/\/www.seneko.net\/it\/prodotto\/tpu-95a-1-75mm\/","og_site_name":"Seneko","article_publisher":"https:\/\/www.facebook.com\/seneko3dshop","article_modified_time":"2026-01-02T17:40:04+00:00","og_image":[{"width":1000,"height":1000,"url":"https:\/\/www.seneko.net\/wp-content\/uploads\/2021\/09\/eTPU-95A-Transparent-Red-1.jpg","type":"image\/jpeg"}],"twitter_card":"summary_large_image","twitter_misc":{"Tempo di lettura stimato":"1 minuto"},"schema":{"@context":"https:\/\/schema.org","@graph":[{"@type":"WebPage","@id":"https:\/\/www.seneko.net\/izdelek\/tpu-95a-1-75mm\/","url":"https:\/\/www.seneko.net\/izdelek\/tpu-95a-1-75mm\/","name":"TPU-95A - Seneko","isPartOf":{"@id":"https:\/\/www.seneko.net\/#website"},"primaryImageOfPage":{"@id":"https:\/\/www.seneko.net\/izdelek\/tpu-95a-1-75mm\/#primaryimage"},"image":{"@id":"https:\/\/www.seneko.net\/izdelek\/tpu-95a-1-75mm\/#primaryimage"},"thumbnailUrl":"https:\/\/www.seneko.net\/wp-content\/uploads\/2021\/09\/eTPU-95A-Transparent-Red-1.jpg","datePublished":"2021-09-11T17:15:33+00:00","dateModified":"2026-01-02T17:40:04+00:00","description":"TPU-95A je material fleksibilen s trdoto Shore 95A, je enostaven za tiskanje in z njim lahko hitro natisnemo velike, zapletene in natan\u010dne prototipe elastomernih delov. TPU-95A odlikuje odli\u010dna elasti\u010dnost, tiskanih izdelkov ni enostavno deformirati, dobra fleksibilnost, visoka odpornost na trganje, obrabo in rezanje.","breadcrumb":{"@id":"https:\/\/www.seneko.net\/izdelek\/tpu-95a-1-75mm\/#breadcrumb"},"inLanguage":"it-IT","potentialAction":[{"@type":"ReadAction","target":["https:\/\/www.seneko.net\/izdelek\/tpu-95a-1-75mm\/"]}]},{"@type":"ImageObject","inLanguage":"it-IT","@id":"https:\/\/www.seneko.net\/izdelek\/tpu-95a-1-75mm\/#primaryimage","url":"https:\/\/www.seneko.net\/wp-content\/uploads\/2021\/09\/eTPU-95A-Transparent-Red-1.jpg","contentUrl":"https:\/\/www.seneko.net\/wp-content\/uploads\/2021\/09\/eTPU-95A-Transparent-Red-1.jpg","width":1000,"height":1000,"caption":"TPU-95A"},{"@type":"BreadcrumbList","@id":"https:\/\/www.seneko.net\/izdelek\/tpu-95a-1-75mm\/#breadcrumb","itemListElement":[{"@type":"ListItem","position":1,"name":"Home","item":"https:\/\/www.seneko.net\/"},{"@type":"ListItem","position":2,"name":"Trgovina","item":"https:\/\/www.seneko.net\/trgovina\/"},{"@type":"ListItem","position":3,"name":"eTPU-95A 1.75MM"}]},{"@type":"WebSite","@id":"https:\/\/www.seneko.net\/#website","url":"https:\/\/www.seneko.net\/","name":"Seneko","description":"Z vami tiskamo prihodnost","publisher":{"@id":"https:\/\/www.seneko.net\/#organization"},"potentialAction":[{"@type":"SearchAction","target":{"@type":"EntryPoint","urlTemplate":"https:\/\/www.seneko.net\/?s={search_term_string}"},"query-input":{"@type":"PropertyValueSpecification","valueRequired":true,"valueName":"search_term_string"}}],"inLanguage":"it-IT"},{"@type":"Organization","@id":"https:\/\/www.seneko.net\/#organization","name":"Seneko","url":"https:\/\/www.seneko.net\/","logo":{"@type":"ImageObject","inLanguage":"it-IT","@id":"https:\/\/www.seneko.net\/#\/schema\/logo\/image\/","url":"https:\/\/www.seneko.net\/wp-content\/uploads\/2021\/09\/logo_1.png","contentUrl":"https:\/\/www.seneko.net\/wp-content\/uploads\/2021\/09\/logo_1.png","width":202,"height":80,"caption":"Seneko"},"image":{"@id":"https:\/\/www.seneko.net\/#\/schema\/logo\/image\/"},"sameAs":["https:\/\/www.facebook.com\/seneko3dshop","https:\/\/www.instagram.com\/Seneko3DShop\/"]}]}},"_links":{"self":[{"href":"https:\/\/www.seneko.net\/it\/wp-json\/wp\/v2\/product\/3206","targetHints":{"allow":["GET"]}}],"collection":[{"href":"https:\/\/www.seneko.net\/it\/wp-json\/wp\/v2\/product"}],"about":[{"href":"https:\/\/www.seneko.net\/it\/wp-json\/wp\/v2\/types\/product"}],"replies":[{"embeddable":true,"href":"https:\/\/www.seneko.net\/it\/wp-json\/wp\/v2\/comments?post=3206"}],"wp:featuredmedia":[{"embeddable":true,"href":"https:\/\/www.seneko.net\/it\/wp-json\/wp\/v2\/media\/3232"}],"wp:attachment":[{"href":"https:\/\/www.seneko.net\/it\/wp-json\/wp\/v2\/media?parent=3206"}],"wp:term":[{"taxonomy":"product_brand","embeddable":true,"href":"https:\/\/www.seneko.net\/it\/wp-json\/wp\/v2\/product_brand?post=3206"},{"taxonomy":"product_cat","embeddable":true,"href":"https:\/\/www.seneko.net\/it\/wp-json\/wp\/v2\/product_cat?post=3206"},{"taxonomy":"product_tag","embeddable":true,"href":"https:\/\/www.seneko.net\/it\/wp-json\/wp\/v2\/product_tag?post=3206"}],"curies":[{"name":"wp","href":"https:\/\/api.w.org\/{rel}","templated":true}]}}