{"id":3455,"date":"2022-02-03T16:00:58","date_gmt":"2022-02-03T14:00:58","guid":{"rendered":"https:\/\/www.seneko.net\/?post_type=product&#038;p=3455"},"modified":"2026-01-02T19:40:04","modified_gmt":"2026-01-02T17:40:04","slug":"bamboo-filament","status":"publish","type":"product","link":"https:\/\/www.seneko.net\/it\/prodotto\/bamboo-filament\/","title":{"rendered":"eBamboo Filament,1.75mm, Natural"},"content":{"rendered":"<p>Bamboo filament ali bambus, lesni filament ima mat videz, hrapavo teksturo, dobro preto\u010dnost taline, se ne lu\u0161\u010di in enostavno tiska. Ima teksturo lesa in lesno aromo. Obnovljiv, odporen na \u0161kodljivcev, ima dolga \u017eivljenjsko doba, zelo zelen in ga je mogo\u010de barvati. Bamboo filament ali bambus lesni filament omogo\u010da videz lesa in izdelavo zanimivih modelov v razli\u010dnih panogah uporabe.<\/p>\n<p>&nbsp;<\/p>\n<p><strong>\u3010Wood PLA<\/strong><strong>\u3011<\/strong> Posebna povr\u0161ina, ki je opremljena z naravno in edinstveno teksturo lesa. Kot nala\u0161\u010d za umetni\u0161ke in obrtne projekte, vaze in vse druge 3D tiskane predmete, ki bi jim lahko koristil videz lesa.<\/p>\n<p>\u3010<strong>Dimenzijska toleranca +\/- 0,03 mm<\/strong>\u3011 Minimalna toleranca in nizka stopnja upogibanja, da se zagotovi\u00a0 enakomeren in stabilen tisk, brez zama\u0161itve, z izjemno visoko stopnjo uspe\u0161nosti, kar se ka\u017ee na natan\u010dno natiskanih delih z dobro zaklju\u010dno povr\u0161ino.<\/p>\n<p>\u3010<strong>Brez prepletanja in brez zatikanja<\/strong><strong>\u3011<\/strong> Skupna dol\u017eina: 340-350 m. Celoten kolut filamenta za 3D tiskalnik ima popolno okroglost in zelo tesno toleranco premera, ki se ne prekriva ali zapleta. Topi se enakomerno in gladko brez ma\u0161enja \u0161obe ali ekstruderja.<\/p>\n<p>\u3010<strong>Okolju prijazen material<\/strong><strong>\u3011<\/strong>PLA+ je izbolj\u0161an in nadgrajen PLA, visoke trdnosti in bolj\u0161e \u017eilavosti. Filamenti eSUN so izdelani iz \u010distih materialov, biolo\u0161ko razgradljivih, okolju prijaznih, nestrupenih z nizko stopnjo vonjav. Ne \u0161kodi ne uporabniku, ne okolju.<\/p>\n<p>\u3010<strong>Visoka zdru\u017eljivost<\/strong><strong>\u3011<\/strong> Zdru\u017eljivo z ve\u010dino FDM 3D tiskalnikov in enostaven za tiskanje.<\/p>\n<p><strong>\u3010Vakuumsko zaprta embala\u017ea<\/strong><strong>\u3011<\/strong> Neto te\u017ea: 0,5 kg. Filament eSUN je na voljo v zaprti vakuumski vre\u010dki s su\u0161ilno vre\u010dko, da ostane suh brez prahu in tujkov, kar prepre\u010di zagozdenje \u0161ob in enakomerno ekstruzijo.<\/p>\n<p>&nbsp;<\/p>\n<p>&nbsp;<\/p>","protected":false},"excerpt":{"rendered":"<div class=\"a-expander-content a-expander-partial-collapse-content\" aria-expanded=\"false\"><\/div>\n<div class=\"a-expander-header a-expander-partial-collapse-header\">\n<ul>\n<li>Videz lesa<\/li>\n<li>Enostaven za barvanje.<\/li>\n<li>Enostaven za tiskanje kot PLA.<\/li>\n<li>Minimalno upogibanje<\/li>\n<li>Brez mehur\u010dkov<\/li>\n<li>Odli\u010dna preto\u010dnost<\/li>\n<li>Lesni vonj med tiskanjem<\/li>\n<\/ul>\n<\/div>","protected":false},"featured_media":3587,"comment_status":"open","ping_status":"closed","template":"","meta":[],"product_brand":[],"product_cat":[353,304],"product_tag":[528,530,531,378,516,534,374,379,532,520,529,533],"class_list":{"0":"post-3455","1":"product","2":"type-product","3":"status-publish","4":"has-post-thumbnail","6":"product_cat-bamboo","7":"product_cat-les","8":"product_tag-azurefilm","9":"product_tag-bamboo-filament","10":"product_tag-bambus-filament","11":"product_tag-esun","12":"product_tag-esun-filamenti","13":"product_tag-esun-slovenija","14":"product_tag-filament","15":"product_tag-filamenti","16":"product_tag-lesni-filament","17":"product_tag-poceni-filament","18":"product_tag-trcek","19":"product_tag-videz-lesa","21":"first","22":"instock","23":"sale","24":"taxable","25":"shipping-taxable","26":"purchasable","27":"product-type-simple"},"bundled_by":[],"bundle_stock_status":"instock","bundle_stock_quantity":7,"bundle_virtual":false,"bundle_layout":"","bundle_add_to_cart_form_location":"","bundle_editable_in_cart":false,"bundle_sold_individually_context":"","bundle_item_grouping":"","bundle_min_size":"","bundle_max_size":"","bundle_price":[],"bundled_items":[],"bundle_sell_ids":[],"yoast_head":"<!-- This site is optimized with the Yoast SEO plugin v27.4 - https:\/\/yoast.com\/product\/yoast-seo-wordpress\/ -->\n<title>Bamboo filament - Seneko<\/title>\n<meta name=\"description\" content=\"Bamboo filament ali bambus, lesni filament ima mat videz, hrapavo teksturo, dobro preto\u010dnost taline, se ne lu\u0161\u010di in enostavno tiska. Ima teksturo lesa in lesno aromo. Obnovljiv, odporen na \u0161kodljivcev, ima dolga \u017eivljenjsko doba, zelo zelen in ga je mogo\u010de barvati. Bamboo filament ali bambus lesni filament omogo\u010da videz lesa in izdelavo zanimivih modelov v razli\u010dnih panogah uporabe.\" \/>\n<meta name=\"robots\" content=\"index, follow, max-snippet:-1, max-image-preview:large, max-video-preview:-1\" \/>\n<link rel=\"canonical\" href=\"https:\/\/www.seneko.net\/it\/prodotto\/bamboo-filament\/\" \/>\n<meta property=\"og:locale\" content=\"it_IT\" \/>\n<meta property=\"og:type\" content=\"article\" \/>\n<meta property=\"og:title\" content=\"Bamboo filament - Seneko\" \/>\n<meta property=\"og:description\" content=\"Bamboo filament ali bambus, lesni filament ima mat videz, hrapavo teksturo, dobro preto\u010dnost taline, se ne lu\u0161\u010di in enostavno tiska. Ima teksturo lesa in lesno aromo. Obnovljiv, odporen na \u0161kodljivcev, ima dolga \u017eivljenjsko doba, zelo zelen in ga je mogo\u010de barvati. Bamboo filament ali bambus lesni filament omogo\u010da videz lesa in izdelavo zanimivih modelov v razli\u010dnih panogah uporabe.\" \/>\n<meta property=\"og:url\" content=\"https:\/\/www.seneko.net\/it\/prodotto\/bamboo-filament\/\" \/>\n<meta property=\"og:site_name\" content=\"Seneko\" \/>\n<meta property=\"article:publisher\" content=\"https:\/\/www.facebook.com\/seneko3dshop\" \/>\n<meta property=\"article:modified_time\" content=\"2026-01-02T17:40:04+00:00\" \/>\n<meta property=\"og:image\" content=\"https:\/\/www.seneko.net\/wp-content\/uploads\/2022\/02\/ebamboo1.png\" \/>\n\t<meta property=\"og:image:width\" content=\"1000\" \/>\n\t<meta property=\"og:image:height\" content=\"1000\" \/>\n\t<meta property=\"og:image:type\" content=\"image\/png\" \/>\n<meta name=\"twitter:card\" content=\"summary_large_image\" \/>\n<meta name=\"twitter:label1\" content=\"Tempo di lettura stimato\" \/>\n\t<meta name=\"twitter:data1\" content=\"2 minuti\" \/>\n<script type=\"application\/ld+json\" class=\"yoast-schema-graph\">{\"@context\":\"https:\\\/\\\/schema.org\",\"@graph\":[{\"@type\":\"WebPage\",\"@id\":\"https:\\\/\\\/www.seneko.net\\\/izdelek\\\/bamboo-filament\\\/\",\"url\":\"https:\\\/\\\/www.seneko.net\\\/izdelek\\\/bamboo-filament\\\/\",\"name\":\"Bamboo filament - Seneko\",\"isPartOf\":{\"@id\":\"https:\\\/\\\/www.seneko.net\\\/#website\"},\"primaryImageOfPage\":{\"@id\":\"https:\\\/\\\/www.seneko.net\\\/izdelek\\\/bamboo-filament\\\/#primaryimage\"},\"image\":{\"@id\":\"https:\\\/\\\/www.seneko.net\\\/izdelek\\\/bamboo-filament\\\/#primaryimage\"},\"thumbnailUrl\":\"https:\\\/\\\/www.seneko.net\\\/wp-content\\\/uploads\\\/2022\\\/02\\\/ebamboo1.png\",\"datePublished\":\"2022-02-03T14:00:58+00:00\",\"dateModified\":\"2026-01-02T17:40:04+00:00\",\"description\":\"Bamboo filament ali bambus, lesni filament ima mat videz, hrapavo teksturo, dobro preto\u010dnost taline, se ne lu\u0161\u010di in enostavno tiska. Ima teksturo lesa in lesno aromo. Obnovljiv, odporen na \u0161kodljivcev, ima dolga \u017eivljenjsko doba, zelo zelen in ga je mogo\u010de barvati. Bamboo filament ali bambus lesni filament omogo\u010da videz lesa in izdelavo zanimivih modelov v razli\u010dnih panogah uporabe.\",\"breadcrumb\":{\"@id\":\"https:\\\/\\\/www.seneko.net\\\/izdelek\\\/bamboo-filament\\\/#breadcrumb\"},\"inLanguage\":\"it-IT\",\"potentialAction\":[{\"@type\":\"ReadAction\",\"target\":[\"https:\\\/\\\/www.seneko.net\\\/izdelek\\\/bamboo-filament\\\/\"]}]},{\"@type\":\"ImageObject\",\"inLanguage\":\"it-IT\",\"@id\":\"https:\\\/\\\/www.seneko.net\\\/izdelek\\\/bamboo-filament\\\/#primaryimage\",\"url\":\"https:\\\/\\\/www.seneko.net\\\/wp-content\\\/uploads\\\/2022\\\/02\\\/ebamboo1.png\",\"contentUrl\":\"https:\\\/\\\/www.seneko.net\\\/wp-content\\\/uploads\\\/2022\\\/02\\\/ebamboo1.png\",\"width\":1000,\"height\":1000,\"caption\":\"bambus filament\"},{\"@type\":\"BreadcrumbList\",\"@id\":\"https:\\\/\\\/www.seneko.net\\\/izdelek\\\/bamboo-filament\\\/#breadcrumb\",\"itemListElement\":[{\"@type\":\"ListItem\",\"position\":1,\"name\":\"Home\",\"item\":\"https:\\\/\\\/www.seneko.net\\\/\"},{\"@type\":\"ListItem\",\"position\":2,\"name\":\"Trgovina\",\"item\":\"https:\\\/\\\/www.seneko.net\\\/trgovina\\\/\"},{\"@type\":\"ListItem\",\"position\":3,\"name\":\"eBamboo Filament,1.75mm, Natural\"}]},{\"@type\":\"WebSite\",\"@id\":\"https:\\\/\\\/www.seneko.net\\\/#website\",\"url\":\"https:\\\/\\\/www.seneko.net\\\/\",\"name\":\"Seneko\",\"description\":\"Z vami tiskamo prihodnost\",\"publisher\":{\"@id\":\"https:\\\/\\\/www.seneko.net\\\/#organization\"},\"potentialAction\":[{\"@type\":\"SearchAction\",\"target\":{\"@type\":\"EntryPoint\",\"urlTemplate\":\"https:\\\/\\\/www.seneko.net\\\/?s={search_term_string}\"},\"query-input\":{\"@type\":\"PropertyValueSpecification\",\"valueRequired\":true,\"valueName\":\"search_term_string\"}}],\"inLanguage\":\"it-IT\"},{\"@type\":\"Organization\",\"@id\":\"https:\\\/\\\/www.seneko.net\\\/#organization\",\"name\":\"Seneko\",\"url\":\"https:\\\/\\\/www.seneko.net\\\/\",\"logo\":{\"@type\":\"ImageObject\",\"inLanguage\":\"it-IT\",\"@id\":\"https:\\\/\\\/www.seneko.net\\\/#\\\/schema\\\/logo\\\/image\\\/\",\"url\":\"https:\\\/\\\/www.seneko.net\\\/wp-content\\\/uploads\\\/2021\\\/09\\\/logo_1.png\",\"contentUrl\":\"https:\\\/\\\/www.seneko.net\\\/wp-content\\\/uploads\\\/2021\\\/09\\\/logo_1.png\",\"width\":202,\"height\":80,\"caption\":\"Seneko\"},\"image\":{\"@id\":\"https:\\\/\\\/www.seneko.net\\\/#\\\/schema\\\/logo\\\/image\\\/\"},\"sameAs\":[\"https:\\\/\\\/www.facebook.com\\\/seneko3dshop\",\"https:\\\/\\\/www.instagram.com\\\/Seneko3DShop\\\/\"]}]}<\/script>\n<!-- \/ Yoast SEO plugin. -->","yoast_head_json":{"title":"Bamboo filament - Seneko","description":"Bamboo filament ali bambus, lesni filament ima mat videz, hrapavo teksturo, dobro preto\u010dnost taline, se ne lu\u0161\u010di in enostavno tiska. Ima teksturo lesa in lesno aromo. Obnovljiv, odporen na \u0161kodljivcev, ima dolga \u017eivljenjsko doba, zelo zelen in ga je mogo\u010de barvati. Bamboo filament ali bambus lesni filament omogo\u010da videz lesa in izdelavo zanimivih modelov v razli\u010dnih panogah uporabe.","robots":{"index":"index","follow":"follow","max-snippet":"max-snippet:-1","max-image-preview":"max-image-preview:large","max-video-preview":"max-video-preview:-1"},"canonical":"https:\/\/www.seneko.net\/it\/prodotto\/bamboo-filament\/","og_locale":"it_IT","og_type":"article","og_title":"Bamboo filament - Seneko","og_description":"Bamboo filament ali bambus, lesni filament ima mat videz, hrapavo teksturo, dobro preto\u010dnost taline, se ne lu\u0161\u010di in enostavno tiska. Ima teksturo lesa in lesno aromo. Obnovljiv, odporen na \u0161kodljivcev, ima dolga \u017eivljenjsko doba, zelo zelen in ga je mogo\u010de barvati. Bamboo filament ali bambus lesni filament omogo\u010da videz lesa in izdelavo zanimivih modelov v razli\u010dnih panogah uporabe.","og_url":"https:\/\/www.seneko.net\/it\/prodotto\/bamboo-filament\/","og_site_name":"Seneko","article_publisher":"https:\/\/www.facebook.com\/seneko3dshop","article_modified_time":"2026-01-02T17:40:04+00:00","og_image":[{"width":1000,"height":1000,"url":"https:\/\/www.seneko.net\/wp-content\/uploads\/2022\/02\/ebamboo1.png","type":"image\/png"}],"twitter_card":"summary_large_image","twitter_misc":{"Tempo di lettura stimato":"2 minuti"},"schema":{"@context":"https:\/\/schema.org","@graph":[{"@type":"WebPage","@id":"https:\/\/www.seneko.net\/izdelek\/bamboo-filament\/","url":"https:\/\/www.seneko.net\/izdelek\/bamboo-filament\/","name":"Bamboo filament - Seneko","isPartOf":{"@id":"https:\/\/www.seneko.net\/#website"},"primaryImageOfPage":{"@id":"https:\/\/www.seneko.net\/izdelek\/bamboo-filament\/#primaryimage"},"image":{"@id":"https:\/\/www.seneko.net\/izdelek\/bamboo-filament\/#primaryimage"},"thumbnailUrl":"https:\/\/www.seneko.net\/wp-content\/uploads\/2022\/02\/ebamboo1.png","datePublished":"2022-02-03T14:00:58+00:00","dateModified":"2026-01-02T17:40:04+00:00","description":"Bamboo filament ali bambus, lesni filament ima mat videz, hrapavo teksturo, dobro preto\u010dnost taline, se ne lu\u0161\u010di in enostavno tiska. Ima teksturo lesa in lesno aromo. Obnovljiv, odporen na \u0161kodljivcev, ima dolga \u017eivljenjsko doba, zelo zelen in ga je mogo\u010de barvati. Bamboo filament ali bambus lesni filament omogo\u010da videz lesa in izdelavo zanimivih modelov v razli\u010dnih panogah uporabe.","breadcrumb":{"@id":"https:\/\/www.seneko.net\/izdelek\/bamboo-filament\/#breadcrumb"},"inLanguage":"it-IT","potentialAction":[{"@type":"ReadAction","target":["https:\/\/www.seneko.net\/izdelek\/bamboo-filament\/"]}]},{"@type":"ImageObject","inLanguage":"it-IT","@id":"https:\/\/www.seneko.net\/izdelek\/bamboo-filament\/#primaryimage","url":"https:\/\/www.seneko.net\/wp-content\/uploads\/2022\/02\/ebamboo1.png","contentUrl":"https:\/\/www.seneko.net\/wp-content\/uploads\/2022\/02\/ebamboo1.png","width":1000,"height":1000,"caption":"bambus filament"},{"@type":"BreadcrumbList","@id":"https:\/\/www.seneko.net\/izdelek\/bamboo-filament\/#breadcrumb","itemListElement":[{"@type":"ListItem","position":1,"name":"Home","item":"https:\/\/www.seneko.net\/"},{"@type":"ListItem","position":2,"name":"Trgovina","item":"https:\/\/www.seneko.net\/trgovina\/"},{"@type":"ListItem","position":3,"name":"eBamboo Filament,1.75mm, Natural"}]},{"@type":"WebSite","@id":"https:\/\/www.seneko.net\/#website","url":"https:\/\/www.seneko.net\/","name":"Seneko","description":"Z vami tiskamo prihodnost","publisher":{"@id":"https:\/\/www.seneko.net\/#organization"},"potentialAction":[{"@type":"SearchAction","target":{"@type":"EntryPoint","urlTemplate":"https:\/\/www.seneko.net\/?s={search_term_string}"},"query-input":{"@type":"PropertyValueSpecification","valueRequired":true,"valueName":"search_term_string"}}],"inLanguage":"it-IT"},{"@type":"Organization","@id":"https:\/\/www.seneko.net\/#organization","name":"Seneko","url":"https:\/\/www.seneko.net\/","logo":{"@type":"ImageObject","inLanguage":"it-IT","@id":"https:\/\/www.seneko.net\/#\/schema\/logo\/image\/","url":"https:\/\/www.seneko.net\/wp-content\/uploads\/2021\/09\/logo_1.png","contentUrl":"https:\/\/www.seneko.net\/wp-content\/uploads\/2021\/09\/logo_1.png","width":202,"height":80,"caption":"Seneko"},"image":{"@id":"https:\/\/www.seneko.net\/#\/schema\/logo\/image\/"},"sameAs":["https:\/\/www.facebook.com\/seneko3dshop","https:\/\/www.instagram.com\/Seneko3DShop\/"]}]}},"_links":{"self":[{"href":"https:\/\/www.seneko.net\/it\/wp-json\/wp\/v2\/product\/3455","targetHints":{"allow":["GET"]}}],"collection":[{"href":"https:\/\/www.seneko.net\/it\/wp-json\/wp\/v2\/product"}],"about":[{"href":"https:\/\/www.seneko.net\/it\/wp-json\/wp\/v2\/types\/product"}],"replies":[{"embeddable":true,"href":"https:\/\/www.seneko.net\/it\/wp-json\/wp\/v2\/comments?post=3455"}],"wp:featuredmedia":[{"embeddable":true,"href":"https:\/\/www.seneko.net\/it\/wp-json\/wp\/v2\/media\/3587"}],"wp:attachment":[{"href":"https:\/\/www.seneko.net\/it\/wp-json\/wp\/v2\/media?parent=3455"}],"wp:term":[{"taxonomy":"product_brand","embeddable":true,"href":"https:\/\/www.seneko.net\/it\/wp-json\/wp\/v2\/product_brand?post=3455"},{"taxonomy":"product_cat","embeddable":true,"href":"https:\/\/www.seneko.net\/it\/wp-json\/wp\/v2\/product_cat?post=3455"},{"taxonomy":"product_tag","embeddable":true,"href":"https:\/\/www.seneko.net\/it\/wp-json\/wp\/v2\/product_tag?post=3455"}],"curies":[{"name":"wp","href":"https:\/\/api.w.org\/{rel}","templated":true}]}}