{"id":3569,"date":"2022-03-03T11:29:44","date_gmt":"2022-03-03T09:29:44","guid":{"rendered":"https:\/\/www.seneko.net\/?post_type=product&#038;p=3569"},"modified":"2026-01-02T19:40:08","modified_gmt":"2026-01-02T17:40:08","slug":"asa-filament","status":"publish","type":"product","link":"https:\/\/www.seneko.net\/it\/prodotto\/asa-filament\/","title":{"rendered":"eASA Filament, 1,75mm, \u010drna"},"content":{"rendered":"<p>Lastnosti ASA filamenta so podobne ABS materialu, vendar je ASA filament bolj odporen na ultravijoli\u010dne \u017earke in te\u017eke vremenske razmere. Poleg tega ima mo\u010dno \u017eilavost, mo\u010dno togost in visoko odpornost na udarce. Zaradi svojih mehanskih lastnosti in odli\u010dne odpornosti na vremenske vplive je bolj odporen na u\u010dinke staranja. ASA filament se zato pogosto uporablja za zunanjo rabo.<\/p>\n<p>\u3010<strong>Dimenzijska toleranca +\/- 0,03 mm<\/strong>\u3011 Minimalna toleranca in nizka stopnja upogibanja, da se zagotovi\u00a0 enakomeren in stabilen tisk, brez zama\u0161itve, z izjemno visoko stopnjo uspe\u0161nosti, kar se ka\u017ee na natan\u010dno natiskanih delih z dobro zaklju\u010dno povr\u0161ino.<\/p>\n<p>\u3010<strong>Brez prepletanja in brez zatikanja<\/strong><strong>\u3011<\/strong> Skupna dol\u017eina: 340-350 m. Celoten kolut filamenta za 3D tiskalnik ima popolno okroglost in zelo tesno toleranco premera, ki se ne prekriva ali zapleta. Topi se enakomerno in gladko brez ma\u0161enja \u0161obe ali ekstruderja.<\/p>\n<p><strong>\u3010<\/strong><strong>Vakuumsko zaprta embala\u017ea<\/strong><strong>\u3011<\/strong> Neto te\u017ea: 1 kg. Filament eSUN je na voljo v zaprti vakuumski vre\u010dki s su\u0161ilno vre\u010dko, da ostane suh brez prahu in tujkov, kar prepre\u010di zagozdenje \u0161ob in enakomerno ekstruzijo.<\/p>","protected":false},"excerpt":{"rendered":"<p>Lastnosti ASA so podobne ABS materialu, vendar je filament ASA bolj odporen na ultravijoli\u010dne \u017earke in te\u017eke vremenske razmere. Poleg tega ima mo\u010dno \u017eilavost, mo\u010dno togost in visoko odpornost na udarce. Zaradi svojih mehanskih lastnosti in odli\u010dne odpornosti na vremenske vplive je bolj odporen na u\u010dinke staranja. Material ASA se zato pogosto uporablja za zunanjo rabo.<\/p>\n<ul>\n<li>Odpornost na vremenske vplive<\/li>\n<li>Visoka \u017eilavost<\/li>\n<li>Visoka togost<\/li>\n<li>Visoka odpornost na udarce<\/li>\n<\/ul>","protected":false},"featured_media":3584,"comment_status":"open","ping_status":"closed","template":"","meta":[],"product_brand":[],"product_cat":[309,305],"product_tag":[507,505,506,378,446,508,509],"class_list":{"0":"post-3569","1":"product","2":"type-product","3":"status-publish","4":"has-post-thumbnail","6":"product_cat-asa","7":"product_cat-inzenirski-filamenti","8":"product_tag-asa","9":"product_tag-asa-filament","10":"product_tag-asa-filamenti","11":"product_tag-esun","12":"product_tag-esun-filament","13":"product_tag-uv-odporen-filament","14":"product_tag-vremensko-odporen-filament","15":"pa_barva-black","17":"first","18":"instock","19":"sale","20":"taxable","21":"shipping-taxable","22":"purchasable","23":"product-type-simple"},"bundled_by":[],"bundle_stock_status":"instock","bundle_stock_quantity":1,"bundle_virtual":false,"bundle_layout":"","bundle_add_to_cart_form_location":"","bundle_editable_in_cart":false,"bundle_sold_individually_context":"","bundle_item_grouping":"","bundle_min_size":"","bundle_max_size":"","bundle_price":[],"bundled_items":[],"bundle_sell_ids":[],"yoast_head":"<!-- This site is optimized with the Yoast SEO plugin v27.4 - https:\/\/yoast.com\/product\/yoast-seo-wordpress\/ -->\n<title>ASA filament - Seneko<\/title>\n<meta name=\"description\" content=\"Lastnosti ASA filamenta so podobne ABS materialu, vendar je ASA filament bolj odporen na ultravijoli\u010dne \u017earke in te\u017eke vremenske razmere. Poleg tega ima mo\u010dno \u017eilavost, mo\u010dno togost in visoko odpornost na udarce. Zaradi svojih mehanskih lastnosti in odli\u010dne odpornosti na vremenske vplive je bolj odporen na u\u010dinke staranja. ASA filament se zato pogosto uporablja za zunanjo rabo.\" \/>\n<meta name=\"robots\" content=\"index, follow, max-snippet:-1, max-image-preview:large, max-video-preview:-1\" \/>\n<link rel=\"canonical\" href=\"https:\/\/www.seneko.net\/it\/prodotto\/asa-filament\/\" \/>\n<meta property=\"og:locale\" content=\"it_IT\" \/>\n<meta property=\"og:type\" content=\"article\" \/>\n<meta property=\"og:title\" content=\"ASA filament - Seneko\" \/>\n<meta property=\"og:description\" content=\"Lastnosti ASA filamenta so podobne ABS materialu, vendar je ASA filament bolj odporen na ultravijoli\u010dne \u017earke in te\u017eke vremenske razmere. Poleg tega ima mo\u010dno \u017eilavost, mo\u010dno togost in visoko odpornost na udarce. Zaradi svojih mehanskih lastnosti in odli\u010dne odpornosti na vremenske vplive je bolj odporen na u\u010dinke staranja. ASA filament se zato pogosto uporablja za zunanjo rabo.\" \/>\n<meta property=\"og:url\" content=\"https:\/\/www.seneko.net\/it\/prodotto\/asa-filament\/\" \/>\n<meta property=\"og:site_name\" content=\"Seneko\" \/>\n<meta property=\"article:publisher\" content=\"https:\/\/www.facebook.com\/seneko3dshop\" \/>\n<meta property=\"article:modified_time\" content=\"2026-01-02T17:40:08+00:00\" \/>\n<meta property=\"og:image\" content=\"https:\/\/www.seneko.net\/wp-content\/uploads\/2022\/03\/easa_demo.png\" \/>\n\t<meta property=\"og:image:width\" content=\"1000\" \/>\n\t<meta property=\"og:image:height\" content=\"1000\" \/>\n\t<meta property=\"og:image:type\" content=\"image\/png\" \/>\n<meta name=\"twitter:card\" content=\"summary_large_image\" \/>\n<meta name=\"twitter:label1\" content=\"Tempo di lettura stimato\" \/>\n\t<meta name=\"twitter:data1\" content=\"1 minuto\" \/>\n<script type=\"application\/ld+json\" class=\"yoast-schema-graph\">{\"@context\":\"https:\\\/\\\/schema.org\",\"@graph\":[{\"@type\":\"WebPage\",\"@id\":\"https:\\\/\\\/www.seneko.net\\\/izdelek\\\/asa-filament\\\/\",\"url\":\"https:\\\/\\\/www.seneko.net\\\/izdelek\\\/asa-filament\\\/\",\"name\":\"ASA filament - Seneko\",\"isPartOf\":{\"@id\":\"https:\\\/\\\/www.seneko.net\\\/#website\"},\"primaryImageOfPage\":{\"@id\":\"https:\\\/\\\/www.seneko.net\\\/izdelek\\\/asa-filament\\\/#primaryimage\"},\"image\":{\"@id\":\"https:\\\/\\\/www.seneko.net\\\/izdelek\\\/asa-filament\\\/#primaryimage\"},\"thumbnailUrl\":\"https:\\\/\\\/www.seneko.net\\\/wp-content\\\/uploads\\\/2022\\\/03\\\/easa_demo.png\",\"datePublished\":\"2022-03-03T09:29:44+00:00\",\"dateModified\":\"2026-01-02T17:40:08+00:00\",\"description\":\"Lastnosti ASA filamenta so podobne ABS materialu, vendar je ASA filament bolj odporen na ultravijoli\u010dne \u017earke in te\u017eke vremenske razmere. Poleg tega ima mo\u010dno \u017eilavost, mo\u010dno togost in visoko odpornost na udarce. Zaradi svojih mehanskih lastnosti in odli\u010dne odpornosti na vremenske vplive je bolj odporen na u\u010dinke staranja. ASA filament se zato pogosto uporablja za zunanjo rabo.\",\"breadcrumb\":{\"@id\":\"https:\\\/\\\/www.seneko.net\\\/izdelek\\\/asa-filament\\\/#breadcrumb\"},\"inLanguage\":\"it-IT\",\"potentialAction\":[{\"@type\":\"ReadAction\",\"target\":[\"https:\\\/\\\/www.seneko.net\\\/izdelek\\\/asa-filament\\\/\"]}]},{\"@type\":\"ImageObject\",\"inLanguage\":\"it-IT\",\"@id\":\"https:\\\/\\\/www.seneko.net\\\/izdelek\\\/asa-filament\\\/#primaryimage\",\"url\":\"https:\\\/\\\/www.seneko.net\\\/wp-content\\\/uploads\\\/2022\\\/03\\\/easa_demo.png\",\"contentUrl\":\"https:\\\/\\\/www.seneko.net\\\/wp-content\\\/uploads\\\/2022\\\/03\\\/easa_demo.png\",\"width\":1000,\"height\":1000,\"caption\":\"ASA filament\"},{\"@type\":\"BreadcrumbList\",\"@id\":\"https:\\\/\\\/www.seneko.net\\\/izdelek\\\/asa-filament\\\/#breadcrumb\",\"itemListElement\":[{\"@type\":\"ListItem\",\"position\":1,\"name\":\"Home\",\"item\":\"https:\\\/\\\/www.seneko.net\\\/\"},{\"@type\":\"ListItem\",\"position\":2,\"name\":\"Trgovina\",\"item\":\"https:\\\/\\\/www.seneko.net\\\/trgovina\\\/\"},{\"@type\":\"ListItem\",\"position\":3,\"name\":\"eASA Filament, 1,75mm, \u010drna\"}]},{\"@type\":\"WebSite\",\"@id\":\"https:\\\/\\\/www.seneko.net\\\/#website\",\"url\":\"https:\\\/\\\/www.seneko.net\\\/\",\"name\":\"Seneko\",\"description\":\"Z vami tiskamo prihodnost\",\"publisher\":{\"@id\":\"https:\\\/\\\/www.seneko.net\\\/#organization\"},\"potentialAction\":[{\"@type\":\"SearchAction\",\"target\":{\"@type\":\"EntryPoint\",\"urlTemplate\":\"https:\\\/\\\/www.seneko.net\\\/?s={search_term_string}\"},\"query-input\":{\"@type\":\"PropertyValueSpecification\",\"valueRequired\":true,\"valueName\":\"search_term_string\"}}],\"inLanguage\":\"it-IT\"},{\"@type\":\"Organization\",\"@id\":\"https:\\\/\\\/www.seneko.net\\\/#organization\",\"name\":\"Seneko\",\"url\":\"https:\\\/\\\/www.seneko.net\\\/\",\"logo\":{\"@type\":\"ImageObject\",\"inLanguage\":\"it-IT\",\"@id\":\"https:\\\/\\\/www.seneko.net\\\/#\\\/schema\\\/logo\\\/image\\\/\",\"url\":\"https:\\\/\\\/www.seneko.net\\\/wp-content\\\/uploads\\\/2021\\\/09\\\/logo_1.png\",\"contentUrl\":\"https:\\\/\\\/www.seneko.net\\\/wp-content\\\/uploads\\\/2021\\\/09\\\/logo_1.png\",\"width\":202,\"height\":80,\"caption\":\"Seneko\"},\"image\":{\"@id\":\"https:\\\/\\\/www.seneko.net\\\/#\\\/schema\\\/logo\\\/image\\\/\"},\"sameAs\":[\"https:\\\/\\\/www.facebook.com\\\/seneko3dshop\",\"https:\\\/\\\/www.instagram.com\\\/Seneko3DShop\\\/\"]}]}<\/script>\n<!-- \/ Yoast SEO plugin. -->","yoast_head_json":{"title":"ASA filament - Seneko","description":"Lastnosti ASA filamenta so podobne ABS materialu, vendar je ASA filament bolj odporen na ultravijoli\u010dne \u017earke in te\u017eke vremenske razmere. Poleg tega ima mo\u010dno \u017eilavost, mo\u010dno togost in visoko odpornost na udarce. Zaradi svojih mehanskih lastnosti in odli\u010dne odpornosti na vremenske vplive je bolj odporen na u\u010dinke staranja. ASA filament se zato pogosto uporablja za zunanjo rabo.","robots":{"index":"index","follow":"follow","max-snippet":"max-snippet:-1","max-image-preview":"max-image-preview:large","max-video-preview":"max-video-preview:-1"},"canonical":"https:\/\/www.seneko.net\/it\/prodotto\/asa-filament\/","og_locale":"it_IT","og_type":"article","og_title":"ASA filament - Seneko","og_description":"Lastnosti ASA filamenta so podobne ABS materialu, vendar je ASA filament bolj odporen na ultravijoli\u010dne \u017earke in te\u017eke vremenske razmere. Poleg tega ima mo\u010dno \u017eilavost, mo\u010dno togost in visoko odpornost na udarce. Zaradi svojih mehanskih lastnosti in odli\u010dne odpornosti na vremenske vplive je bolj odporen na u\u010dinke staranja. ASA filament se zato pogosto uporablja za zunanjo rabo.","og_url":"https:\/\/www.seneko.net\/it\/prodotto\/asa-filament\/","og_site_name":"Seneko","article_publisher":"https:\/\/www.facebook.com\/seneko3dshop","article_modified_time":"2026-01-02T17:40:08+00:00","og_image":[{"width":1000,"height":1000,"url":"https:\/\/www.seneko.net\/wp-content\/uploads\/2022\/03\/easa_demo.png","type":"image\/png"}],"twitter_card":"summary_large_image","twitter_misc":{"Tempo di lettura stimato":"1 minuto"},"schema":{"@context":"https:\/\/schema.org","@graph":[{"@type":"WebPage","@id":"https:\/\/www.seneko.net\/izdelek\/asa-filament\/","url":"https:\/\/www.seneko.net\/izdelek\/asa-filament\/","name":"ASA filament - Seneko","isPartOf":{"@id":"https:\/\/www.seneko.net\/#website"},"primaryImageOfPage":{"@id":"https:\/\/www.seneko.net\/izdelek\/asa-filament\/#primaryimage"},"image":{"@id":"https:\/\/www.seneko.net\/izdelek\/asa-filament\/#primaryimage"},"thumbnailUrl":"https:\/\/www.seneko.net\/wp-content\/uploads\/2022\/03\/easa_demo.png","datePublished":"2022-03-03T09:29:44+00:00","dateModified":"2026-01-02T17:40:08+00:00","description":"Lastnosti ASA filamenta so podobne ABS materialu, vendar je ASA filament bolj odporen na ultravijoli\u010dne \u017earke in te\u017eke vremenske razmere. Poleg tega ima mo\u010dno \u017eilavost, mo\u010dno togost in visoko odpornost na udarce. Zaradi svojih mehanskih lastnosti in odli\u010dne odpornosti na vremenske vplive je bolj odporen na u\u010dinke staranja. ASA filament se zato pogosto uporablja za zunanjo rabo.","breadcrumb":{"@id":"https:\/\/www.seneko.net\/izdelek\/asa-filament\/#breadcrumb"},"inLanguage":"it-IT","potentialAction":[{"@type":"ReadAction","target":["https:\/\/www.seneko.net\/izdelek\/asa-filament\/"]}]},{"@type":"ImageObject","inLanguage":"it-IT","@id":"https:\/\/www.seneko.net\/izdelek\/asa-filament\/#primaryimage","url":"https:\/\/www.seneko.net\/wp-content\/uploads\/2022\/03\/easa_demo.png","contentUrl":"https:\/\/www.seneko.net\/wp-content\/uploads\/2022\/03\/easa_demo.png","width":1000,"height":1000,"caption":"ASA filament"},{"@type":"BreadcrumbList","@id":"https:\/\/www.seneko.net\/izdelek\/asa-filament\/#breadcrumb","itemListElement":[{"@type":"ListItem","position":1,"name":"Home","item":"https:\/\/www.seneko.net\/"},{"@type":"ListItem","position":2,"name":"Trgovina","item":"https:\/\/www.seneko.net\/trgovina\/"},{"@type":"ListItem","position":3,"name":"eASA Filament, 1,75mm, \u010drna"}]},{"@type":"WebSite","@id":"https:\/\/www.seneko.net\/#website","url":"https:\/\/www.seneko.net\/","name":"Seneko","description":"Z vami tiskamo prihodnost","publisher":{"@id":"https:\/\/www.seneko.net\/#organization"},"potentialAction":[{"@type":"SearchAction","target":{"@type":"EntryPoint","urlTemplate":"https:\/\/www.seneko.net\/?s={search_term_string}"},"query-input":{"@type":"PropertyValueSpecification","valueRequired":true,"valueName":"search_term_string"}}],"inLanguage":"it-IT"},{"@type":"Organization","@id":"https:\/\/www.seneko.net\/#organization","name":"Seneko","url":"https:\/\/www.seneko.net\/","logo":{"@type":"ImageObject","inLanguage":"it-IT","@id":"https:\/\/www.seneko.net\/#\/schema\/logo\/image\/","url":"https:\/\/www.seneko.net\/wp-content\/uploads\/2021\/09\/logo_1.png","contentUrl":"https:\/\/www.seneko.net\/wp-content\/uploads\/2021\/09\/logo_1.png","width":202,"height":80,"caption":"Seneko"},"image":{"@id":"https:\/\/www.seneko.net\/#\/schema\/logo\/image\/"},"sameAs":["https:\/\/www.facebook.com\/seneko3dshop","https:\/\/www.instagram.com\/Seneko3DShop\/"]}]}},"_links":{"self":[{"href":"https:\/\/www.seneko.net\/it\/wp-json\/wp\/v2\/product\/3569","targetHints":{"allow":["GET"]}}],"collection":[{"href":"https:\/\/www.seneko.net\/it\/wp-json\/wp\/v2\/product"}],"about":[{"href":"https:\/\/www.seneko.net\/it\/wp-json\/wp\/v2\/types\/product"}],"replies":[{"embeddable":true,"href":"https:\/\/www.seneko.net\/it\/wp-json\/wp\/v2\/comments?post=3569"}],"wp:featuredmedia":[{"embeddable":true,"href":"https:\/\/www.seneko.net\/it\/wp-json\/wp\/v2\/media\/3584"}],"wp:attachment":[{"href":"https:\/\/www.seneko.net\/it\/wp-json\/wp\/v2\/media?parent=3569"}],"wp:term":[{"taxonomy":"product_brand","embeddable":true,"href":"https:\/\/www.seneko.net\/it\/wp-json\/wp\/v2\/product_brand?post=3569"},{"taxonomy":"product_cat","embeddable":true,"href":"https:\/\/www.seneko.net\/it\/wp-json\/wp\/v2\/product_cat?post=3569"},{"taxonomy":"product_tag","embeddable":true,"href":"https:\/\/www.seneko.net\/it\/wp-json\/wp\/v2\/product_tag?post=3569"}],"curies":[{"name":"wp","href":"https:\/\/api.w.org\/{rel}","templated":true}]}}