{"id":3672,"date":"2022-03-03T14:01:05","date_gmt":"2022-03-03T12:01:05","guid":{"rendered":"https:\/\/www.seneko.net\/?post_type=product&#038;p=3672"},"modified":"2026-01-02T19:40:13","modified_gmt":"2026-01-02T17:40:13","slug":"ebox-lite-filament-heating-box","status":"publish","type":"product","link":"https:\/\/www.seneko.net\/it\/prodotto\/ebox-lite-filament-heating-box\/","title":{"rendered":"eBOX lite, Filament heating box"},"content":{"rendered":"<p>eBox lite, Filament heating box za filamente in \u0161katla za shranjevanje v enem. V primerjavi s starim eBOX-om, eBOX Lite nima funkcije tehtanja \u2013 ima bolj\u0161o stro\u0161kovno u\u010dinkovitost;<\/p>\n<p>eBox lite, Filament heating box je u\u010dinkovita \u0161katla za shranjevanje, ki ohranja konstantno temperaturo in vlago, je odporna na prah in ima funkcijo ogrevanja, ki jo je eSUN posebej razvil za filamente 3D tiska.<\/p>\n<p>Zgornji pokrov je izdelan iz prozornega materiala \u2013 imamo preglednost nad porabo filamenta.<\/p>\n<p>Ukrivljena grelna plo\u0161\u010da segreje bolj enakomerno in la\u017eje vzdr\u017euje konstantno temperaturo in vla\u017enost v \u0161katli.<\/p>\n<p>Na obeh straneh v notranjosti je tudi name\u0161\u010dena toplotna izolacija in negorljiv izolacijski bomba\u017e, katera sta varna in za\u0161\u010ditita pred oparinami, imata pa tudi funkcijo ohranjanja toplote.<\/p>\n<p>Ventilator ima turbo ventilator z dolgo \u017eivljenjsko dobo in nizkim hrupom.<\/p>\n<p>EBOX-lite ima tudi \u0161iroko zdru\u017eljivost z ve\u010dino filamentov (te\u017ea od 0,5 do 1kg in premer 1,75 ali 2,85mm), kot so\u00a0 PLA, ABS, PETG, PVA, ePA, ePA-CF, ePA-GF, PC, TPU-95A itd.<\/p>\n<p>&nbsp;<\/p>\n<p>\u3010\u0160katla za shranjevanje filamentov \u2013 eBox lite\u3011 Zasnovan za ohranjanje suhih filamentov in razvla\u017eevanje razli\u010dnih vrst filamentov, zlasti tistih, ki so ob\u010dutljivi na vlago. Z eBOX lite zagotovite najbolj\u0161e okolje za va\u0161e filamente.<\/p>\n<p>\u3010Ohrani \u3011 Zasnovan za razvla\u017eevanje filamentov. Narejen iz materiala, ki \u00a0je odporen na visoke temperature, zato lahko va\u0161 filament segreva ve\u010d ur pri dolo\u010deni temperaturi.<\/p>\n<p>\u3010Celovita za\u0161\u010dita pred prahom\u3011 Zatesnjena za\u0161\u010dita in celovita odpornost proti prahu in ne\u010disto\u010dam.<\/p>\n<p>\u3010Var\u010devanje z energijo\u3011 Opremljen z LED zaslonom na kateremu se lu\u010d samodejno izklopi \u2013 var\u010devanje energije. Odli\u010den spremljevalec za vse 3D FDM tiskalnike.<\/p>","protected":false},"excerpt":{"rendered":"<ul>\n<li>Odporen na vlago in prah<\/li>\n<li>Preglednost nad porabo filamenta<\/li>\n<li>Enakomerno ogrevanje<\/li>\n<li>Visoka varnost<\/li>\n<li>\u0160iroka zdru\u017eljivost<\/li>\n<\/ul>","protected":false},"featured_media":3674,"comment_status":"open","ping_status":"closed","template":"","meta":[],"product_brand":[],"product_cat":[351,348],"product_tag":[436,427,435,437,374,428,379,439,441,440,438],"class_list":{"0":"post-3672","1":"product","2":"type-product","3":"status-publish","4":"has-post-thumbnail","6":"product_cat-ebox-lite","7":"product_cat-pribori-deli","8":"product_tag-box-lite","9":"product_tag-ebox","10":"product_tag-ebox-lite","11":"product_tag-esun-box","12":"product_tag-filament","13":"product_tag-filament-box","14":"product_tag-filamenti","15":"product_tag-gretje-filamenta","16":"product_tag-heating-box","17":"product_tag-skatla-za-filament","18":"product_tag-susenje-filamentov","20":"first","21":"instock","22":"sale","23":"taxable","24":"shipping-taxable","25":"purchasable","26":"product-type-simple"},"bundled_by":[],"bundle_stock_status":"instock","bundle_stock_quantity":3,"bundle_virtual":false,"bundle_layout":"","bundle_add_to_cart_form_location":"","bundle_editable_in_cart":false,"bundle_sold_individually_context":"","bundle_item_grouping":"","bundle_min_size":"","bundle_max_size":"","bundle_price":[],"bundled_items":[],"bundle_sell_ids":[],"yoast_head":"<!-- This site is optimized with the Yoast SEO plugin v27.4 - https:\/\/yoast.com\/product\/yoast-seo-wordpress\/ -->\n<title>eBOX lite, Filament heating box - Seneko<\/title>\n<meta name=\"description\" content=\"eBox lite, Filament heating box za filamente in \u0161katla za shranjevanje v enem. V primerjavi s starim eBOX-om nima funkcije tehtanja in ima bolj\u0161o stro\u0161kovno u\u010dinkovitost. eBox lite je u\u010dinkovita \u0161katla za shranjevanje, ki ohranja konstantno temperaturo in vlago, je odporna na prah in ima funkcijo ogrevanja, ki jo je eSUN posebej razvil za filamente 3D tiska. Zgornji pokrov je izdelan iz prozornega materiala \u2013 imamo preglednost nad porabo filamenta. Ukrivljena grelna plo\u0161\u010da segreje bolj enakomerno in la\u017eje vzdr\u017euje konstantno temperaturo in vla\u017enost v \u0161katli.Na obeh straneh v notranjosti je tudi name\u0161\u010dena toplotna izolacija in negorljiv izolacijski bomba\u017e, katera sta varna in za\u0161\u010ditita pred oparinami, imata pa tudi funkcijo ohranjanja toplote. Ventilator ima turbo ventilator z dolgo \u017eivljenjsko dobo in nizkim hrupom.\" \/>\n<meta name=\"robots\" content=\"index, follow, max-snippet:-1, max-image-preview:large, max-video-preview:-1\" \/>\n<link rel=\"canonical\" href=\"https:\/\/www.seneko.net\/it\/prodotto\/ebox-lite-filament-heating-box\/\" \/>\n<meta property=\"og:locale\" content=\"it_IT\" \/>\n<meta property=\"og:type\" content=\"article\" \/>\n<meta property=\"og:title\" content=\"eBOX lite, Filament heating box - Seneko\" \/>\n<meta property=\"og:description\" content=\"eBox lite, Filament heating box za filamente in \u0161katla za shranjevanje v enem. V primerjavi s starim eBOX-om nima funkcije tehtanja in ima bolj\u0161o stro\u0161kovno u\u010dinkovitost. eBox lite je u\u010dinkovita \u0161katla za shranjevanje, ki ohranja konstantno temperaturo in vlago, je odporna na prah in ima funkcijo ogrevanja, ki jo je eSUN posebej razvil za filamente 3D tiska. Zgornji pokrov je izdelan iz prozornega materiala \u2013 imamo preglednost nad porabo filamenta. Ukrivljena grelna plo\u0161\u010da segreje bolj enakomerno in la\u017eje vzdr\u017euje konstantno temperaturo in vla\u017enost v \u0161katli.Na obeh straneh v notranjosti je tudi name\u0161\u010dena toplotna izolacija in negorljiv izolacijski bomba\u017e, katera sta varna in za\u0161\u010ditita pred oparinami, imata pa tudi funkcijo ohranjanja toplote. Ventilator ima turbo ventilator z dolgo \u017eivljenjsko dobo in nizkim hrupom.\" \/>\n<meta property=\"og:url\" content=\"https:\/\/www.seneko.net\/it\/prodotto\/ebox-lite-filament-heating-box\/\" \/>\n<meta property=\"og:site_name\" content=\"Seneko\" \/>\n<meta property=\"article:publisher\" content=\"https:\/\/www.facebook.com\/seneko3dshop\" \/>\n<meta property=\"article:modified_time\" content=\"2026-01-02T17:40:13+00:00\" \/>\n<meta property=\"og:image\" content=\"https:\/\/www.seneko.net\/wp-content\/uploads\/2022\/03\/ebox2.png\" \/>\n\t<meta property=\"og:image:width\" content=\"1000\" \/>\n\t<meta property=\"og:image:height\" content=\"1000\" \/>\n\t<meta property=\"og:image:type\" content=\"image\/png\" \/>\n<meta name=\"twitter:card\" content=\"summary_large_image\" \/>\n<meta name=\"twitter:label1\" content=\"Tempo di lettura stimato\" \/>\n\t<meta name=\"twitter:data1\" content=\"2 minuti\" \/>\n<script type=\"application\/ld+json\" class=\"yoast-schema-graph\">{\"@context\":\"https:\\\/\\\/schema.org\",\"@graph\":[{\"@type\":\"WebPage\",\"@id\":\"https:\\\/\\\/www.seneko.net\\\/izdelek\\\/ebox-lite-filament-heating-box\\\/\",\"url\":\"https:\\\/\\\/www.seneko.net\\\/izdelek\\\/ebox-lite-filament-heating-box\\\/\",\"name\":\"eBOX lite, Filament heating box - Seneko\",\"isPartOf\":{\"@id\":\"https:\\\/\\\/www.seneko.net\\\/#website\"},\"primaryImageOfPage\":{\"@id\":\"https:\\\/\\\/www.seneko.net\\\/izdelek\\\/ebox-lite-filament-heating-box\\\/#primaryimage\"},\"image\":{\"@id\":\"https:\\\/\\\/www.seneko.net\\\/izdelek\\\/ebox-lite-filament-heating-box\\\/#primaryimage\"},\"thumbnailUrl\":\"https:\\\/\\\/www.seneko.net\\\/wp-content\\\/uploads\\\/2022\\\/03\\\/ebox2.png\",\"datePublished\":\"2022-03-03T12:01:05+00:00\",\"dateModified\":\"2026-01-02T17:40:13+00:00\",\"description\":\"eBox lite, Filament heating box za filamente in \u0161katla za shranjevanje v enem. V primerjavi s starim eBOX-om nima funkcije tehtanja in ima bolj\u0161o stro\u0161kovno u\u010dinkovitost. eBox lite je u\u010dinkovita \u0161katla za shranjevanje, ki ohranja konstantno temperaturo in vlago, je odporna na prah in ima funkcijo ogrevanja, ki jo je eSUN posebej razvil za filamente 3D tiska. Zgornji pokrov je izdelan iz prozornega materiala \u2013 imamo preglednost nad porabo filamenta. Ukrivljena grelna plo\u0161\u010da segreje bolj enakomerno in la\u017eje vzdr\u017euje konstantno temperaturo in vla\u017enost v \u0161katli.Na obeh straneh v notranjosti je tudi name\u0161\u010dena toplotna izolacija in negorljiv izolacijski bomba\u017e, katera sta varna in za\u0161\u010ditita pred oparinami, imata pa tudi funkcijo ohranjanja toplote. Ventilator ima turbo ventilator z dolgo \u017eivljenjsko dobo in nizkim hrupom.\",\"breadcrumb\":{\"@id\":\"https:\\\/\\\/www.seneko.net\\\/izdelek\\\/ebox-lite-filament-heating-box\\\/#breadcrumb\"},\"inLanguage\":\"it-IT\",\"potentialAction\":[{\"@type\":\"ReadAction\",\"target\":[\"https:\\\/\\\/www.seneko.net\\\/izdelek\\\/ebox-lite-filament-heating-box\\\/\"]}]},{\"@type\":\"ImageObject\",\"inLanguage\":\"it-IT\",\"@id\":\"https:\\\/\\\/www.seneko.net\\\/izdelek\\\/ebox-lite-filament-heating-box\\\/#primaryimage\",\"url\":\"https:\\\/\\\/www.seneko.net\\\/wp-content\\\/uploads\\\/2022\\\/03\\\/ebox2.png\",\"contentUrl\":\"https:\\\/\\\/www.seneko.net\\\/wp-content\\\/uploads\\\/2022\\\/03\\\/ebox2.png\",\"width\":1000,\"height\":1000,\"caption\":\"ebox-lite-filament-heating-box\"},{\"@type\":\"BreadcrumbList\",\"@id\":\"https:\\\/\\\/www.seneko.net\\\/izdelek\\\/ebox-lite-filament-heating-box\\\/#breadcrumb\",\"itemListElement\":[{\"@type\":\"ListItem\",\"position\":1,\"name\":\"Home\",\"item\":\"https:\\\/\\\/www.seneko.net\\\/\"},{\"@type\":\"ListItem\",\"position\":2,\"name\":\"Trgovina\",\"item\":\"https:\\\/\\\/www.seneko.net\\\/trgovina\\\/\"},{\"@type\":\"ListItem\",\"position\":3,\"name\":\"eBOX lite, Filament heating box\"}]},{\"@type\":\"WebSite\",\"@id\":\"https:\\\/\\\/www.seneko.net\\\/#website\",\"url\":\"https:\\\/\\\/www.seneko.net\\\/\",\"name\":\"Seneko\",\"description\":\"Z vami tiskamo prihodnost\",\"publisher\":{\"@id\":\"https:\\\/\\\/www.seneko.net\\\/#organization\"},\"potentialAction\":[{\"@type\":\"SearchAction\",\"target\":{\"@type\":\"EntryPoint\",\"urlTemplate\":\"https:\\\/\\\/www.seneko.net\\\/?s={search_term_string}\"},\"query-input\":{\"@type\":\"PropertyValueSpecification\",\"valueRequired\":true,\"valueName\":\"search_term_string\"}}],\"inLanguage\":\"it-IT\"},{\"@type\":\"Organization\",\"@id\":\"https:\\\/\\\/www.seneko.net\\\/#organization\",\"name\":\"Seneko\",\"url\":\"https:\\\/\\\/www.seneko.net\\\/\",\"logo\":{\"@type\":\"ImageObject\",\"inLanguage\":\"it-IT\",\"@id\":\"https:\\\/\\\/www.seneko.net\\\/#\\\/schema\\\/logo\\\/image\\\/\",\"url\":\"https:\\\/\\\/www.seneko.net\\\/wp-content\\\/uploads\\\/2021\\\/09\\\/logo_1.png\",\"contentUrl\":\"https:\\\/\\\/www.seneko.net\\\/wp-content\\\/uploads\\\/2021\\\/09\\\/logo_1.png\",\"width\":202,\"height\":80,\"caption\":\"Seneko\"},\"image\":{\"@id\":\"https:\\\/\\\/www.seneko.net\\\/#\\\/schema\\\/logo\\\/image\\\/\"},\"sameAs\":[\"https:\\\/\\\/www.facebook.com\\\/seneko3dshop\",\"https:\\\/\\\/www.instagram.com\\\/Seneko3DShop\\\/\"]}]}<\/script>\n<!-- \/ Yoast SEO plugin. -->","yoast_head_json":{"title":"eBOX lite, Filament heating box - Seneko","description":"eBox lite, Filament heating box za filamente in \u0161katla za shranjevanje v enem. V primerjavi s starim eBOX-om nima funkcije tehtanja in ima bolj\u0161o stro\u0161kovno u\u010dinkovitost. eBox lite je u\u010dinkovita \u0161katla za shranjevanje, ki ohranja konstantno temperaturo in vlago, je odporna na prah in ima funkcijo ogrevanja, ki jo je eSUN posebej razvil za filamente 3D tiska. Zgornji pokrov je izdelan iz prozornega materiala \u2013 imamo preglednost nad porabo filamenta. Ukrivljena grelna plo\u0161\u010da segreje bolj enakomerno in la\u017eje vzdr\u017euje konstantno temperaturo in vla\u017enost v \u0161katli.Na obeh straneh v notranjosti je tudi name\u0161\u010dena toplotna izolacija in negorljiv izolacijski bomba\u017e, katera sta varna in za\u0161\u010ditita pred oparinami, imata pa tudi funkcijo ohranjanja toplote. Ventilator ima turbo ventilator z dolgo \u017eivljenjsko dobo in nizkim hrupom.","robots":{"index":"index","follow":"follow","max-snippet":"max-snippet:-1","max-image-preview":"max-image-preview:large","max-video-preview":"max-video-preview:-1"},"canonical":"https:\/\/www.seneko.net\/it\/prodotto\/ebox-lite-filament-heating-box\/","og_locale":"it_IT","og_type":"article","og_title":"eBOX lite, Filament heating box - Seneko","og_description":"eBox lite, Filament heating box za filamente in \u0161katla za shranjevanje v enem. V primerjavi s starim eBOX-om nima funkcije tehtanja in ima bolj\u0161o stro\u0161kovno u\u010dinkovitost. eBox lite je u\u010dinkovita \u0161katla za shranjevanje, ki ohranja konstantno temperaturo in vlago, je odporna na prah in ima funkcijo ogrevanja, ki jo je eSUN posebej razvil za filamente 3D tiska. Zgornji pokrov je izdelan iz prozornega materiala \u2013 imamo preglednost nad porabo filamenta. Ukrivljena grelna plo\u0161\u010da segreje bolj enakomerno in la\u017eje vzdr\u017euje konstantno temperaturo in vla\u017enost v \u0161katli.Na obeh straneh v notranjosti je tudi name\u0161\u010dena toplotna izolacija in negorljiv izolacijski bomba\u017e, katera sta varna in za\u0161\u010ditita pred oparinami, imata pa tudi funkcijo ohranjanja toplote. Ventilator ima turbo ventilator z dolgo \u017eivljenjsko dobo in nizkim hrupom.","og_url":"https:\/\/www.seneko.net\/it\/prodotto\/ebox-lite-filament-heating-box\/","og_site_name":"Seneko","article_publisher":"https:\/\/www.facebook.com\/seneko3dshop","article_modified_time":"2026-01-02T17:40:13+00:00","og_image":[{"width":1000,"height":1000,"url":"https:\/\/www.seneko.net\/wp-content\/uploads\/2022\/03\/ebox2.png","type":"image\/png"}],"twitter_card":"summary_large_image","twitter_misc":{"Tempo di lettura stimato":"2 minuti"},"schema":{"@context":"https:\/\/schema.org","@graph":[{"@type":"WebPage","@id":"https:\/\/www.seneko.net\/izdelek\/ebox-lite-filament-heating-box\/","url":"https:\/\/www.seneko.net\/izdelek\/ebox-lite-filament-heating-box\/","name":"eBOX lite, Filament heating box - Seneko","isPartOf":{"@id":"https:\/\/www.seneko.net\/#website"},"primaryImageOfPage":{"@id":"https:\/\/www.seneko.net\/izdelek\/ebox-lite-filament-heating-box\/#primaryimage"},"image":{"@id":"https:\/\/www.seneko.net\/izdelek\/ebox-lite-filament-heating-box\/#primaryimage"},"thumbnailUrl":"https:\/\/www.seneko.net\/wp-content\/uploads\/2022\/03\/ebox2.png","datePublished":"2022-03-03T12:01:05+00:00","dateModified":"2026-01-02T17:40:13+00:00","description":"eBox lite, Filament heating box za filamente in \u0161katla za shranjevanje v enem. V primerjavi s starim eBOX-om nima funkcije tehtanja in ima bolj\u0161o stro\u0161kovno u\u010dinkovitost. eBox lite je u\u010dinkovita \u0161katla za shranjevanje, ki ohranja konstantno temperaturo in vlago, je odporna na prah in ima funkcijo ogrevanja, ki jo je eSUN posebej razvil za filamente 3D tiska. Zgornji pokrov je izdelan iz prozornega materiala \u2013 imamo preglednost nad porabo filamenta. Ukrivljena grelna plo\u0161\u010da segreje bolj enakomerno in la\u017eje vzdr\u017euje konstantno temperaturo in vla\u017enost v \u0161katli.Na obeh straneh v notranjosti je tudi name\u0161\u010dena toplotna izolacija in negorljiv izolacijski bomba\u017e, katera sta varna in za\u0161\u010ditita pred oparinami, imata pa tudi funkcijo ohranjanja toplote. Ventilator ima turbo ventilator z dolgo \u017eivljenjsko dobo in nizkim hrupom.","breadcrumb":{"@id":"https:\/\/www.seneko.net\/izdelek\/ebox-lite-filament-heating-box\/#breadcrumb"},"inLanguage":"it-IT","potentialAction":[{"@type":"ReadAction","target":["https:\/\/www.seneko.net\/izdelek\/ebox-lite-filament-heating-box\/"]}]},{"@type":"ImageObject","inLanguage":"it-IT","@id":"https:\/\/www.seneko.net\/izdelek\/ebox-lite-filament-heating-box\/#primaryimage","url":"https:\/\/www.seneko.net\/wp-content\/uploads\/2022\/03\/ebox2.png","contentUrl":"https:\/\/www.seneko.net\/wp-content\/uploads\/2022\/03\/ebox2.png","width":1000,"height":1000,"caption":"ebox-lite-filament-heating-box"},{"@type":"BreadcrumbList","@id":"https:\/\/www.seneko.net\/izdelek\/ebox-lite-filament-heating-box\/#breadcrumb","itemListElement":[{"@type":"ListItem","position":1,"name":"Home","item":"https:\/\/www.seneko.net\/"},{"@type":"ListItem","position":2,"name":"Trgovina","item":"https:\/\/www.seneko.net\/trgovina\/"},{"@type":"ListItem","position":3,"name":"eBOX lite, Filament heating box"}]},{"@type":"WebSite","@id":"https:\/\/www.seneko.net\/#website","url":"https:\/\/www.seneko.net\/","name":"Seneko","description":"Z vami tiskamo prihodnost","publisher":{"@id":"https:\/\/www.seneko.net\/#organization"},"potentialAction":[{"@type":"SearchAction","target":{"@type":"EntryPoint","urlTemplate":"https:\/\/www.seneko.net\/?s={search_term_string}"},"query-input":{"@type":"PropertyValueSpecification","valueRequired":true,"valueName":"search_term_string"}}],"inLanguage":"it-IT"},{"@type":"Organization","@id":"https:\/\/www.seneko.net\/#organization","name":"Seneko","url":"https:\/\/www.seneko.net\/","logo":{"@type":"ImageObject","inLanguage":"it-IT","@id":"https:\/\/www.seneko.net\/#\/schema\/logo\/image\/","url":"https:\/\/www.seneko.net\/wp-content\/uploads\/2021\/09\/logo_1.png","contentUrl":"https:\/\/www.seneko.net\/wp-content\/uploads\/2021\/09\/logo_1.png","width":202,"height":80,"caption":"Seneko"},"image":{"@id":"https:\/\/www.seneko.net\/#\/schema\/logo\/image\/"},"sameAs":["https:\/\/www.facebook.com\/seneko3dshop","https:\/\/www.instagram.com\/Seneko3DShop\/"]}]}},"_links":{"self":[{"href":"https:\/\/www.seneko.net\/it\/wp-json\/wp\/v2\/product\/3672","targetHints":{"allow":["GET"]}}],"collection":[{"href":"https:\/\/www.seneko.net\/it\/wp-json\/wp\/v2\/product"}],"about":[{"href":"https:\/\/www.seneko.net\/it\/wp-json\/wp\/v2\/types\/product"}],"replies":[{"embeddable":true,"href":"https:\/\/www.seneko.net\/it\/wp-json\/wp\/v2\/comments?post=3672"}],"wp:featuredmedia":[{"embeddable":true,"href":"https:\/\/www.seneko.net\/it\/wp-json\/wp\/v2\/media\/3674"}],"wp:attachment":[{"href":"https:\/\/www.seneko.net\/it\/wp-json\/wp\/v2\/media?parent=3672"}],"wp:term":[{"taxonomy":"product_brand","embeddable":true,"href":"https:\/\/www.seneko.net\/it\/wp-json\/wp\/v2\/product_brand?post=3672"},{"taxonomy":"product_cat","embeddable":true,"href":"https:\/\/www.seneko.net\/it\/wp-json\/wp\/v2\/product_cat?post=3672"},{"taxonomy":"product_tag","embeddable":true,"href":"https:\/\/www.seneko.net\/it\/wp-json\/wp\/v2\/product_tag?post=3672"}],"curies":[{"name":"wp","href":"https:\/\/api.w.org\/{rel}","templated":true}]}}