{"id":3686,"date":"2022-03-03T14:15:03","date_gmt":"2022-03-03T12:15:03","guid":{"rendered":"https:\/\/www.seneko.net\/?post_type=product&#038;p=3686"},"modified":"2026-01-02T19:40:14","modified_gmt":"2026-01-02T17:40:14","slug":"hard-tough-resin","status":"publish","type":"product","link":"https:\/\/www.seneko.net\/it\/prodotto\/hard-tough-resin\/","title":{"rendered":"Hard &#038; Tough Resin"},"content":{"rendered":"<p>Hard &amp; Tough Resin \/ Trdna in \u017eilava smola. Ve\u010dja \u017eilavost in odpornost na udarce kot obi\u010dajna ABS vrsta smole. Lahko tiskamo robustne in trpe\u017ene dele. Odli\u010dne mehanske lastnosti. Tiskani predmet z Hard &amp; Tough Resin \/ Trdno in \u017eilavo smolo je mogo\u010de vrtati, kar je zelo primerno za mehanske prototipe.<\/p>\n<p>&nbsp;<\/p>\n<p><strong>\u3010<\/strong><strong>ABS-podobna smola<\/strong><strong>\u3011<\/strong> Trdota 75-81D. Visoka \u017eilavost in togost. Visoka udarna trdnost. Odpornost proti obrabi. Visoke mehanske lastnosti. Primerno za tiskanje delov, ki zahtevajo tako togost kot \u017eilavost. Zdru\u017eljiv z ve\u010dino LCD 3D tiskalnikov.<\/p>\n<p><strong>\u3010<\/strong><strong>Visoka natan\u010dnost in nizko kr\u010denje<\/strong><strong>\u3011<\/strong> eSUN ABS-podobna smola vsebuje poliuretanske akrilatne monomere, ki zmanj\u0161ujejo kr\u010denje volumna med postopkom fotopolimerizacije, kar zagotavlja visoko natan\u010dnost modela tiska z gladkimi prehodi zaklju\u010dnih slojev.<\/p>\n<p><strong>\u3010<\/strong><strong>Odli\u010dna preto\u010dnost in odli\u010dna stabilnost<\/strong><strong>\u3011<\/strong> Hitra smola lahko hitro prodre v modele, izbolj\u0161a hitrost tiskanja in skraj\u0161a \u010das strjevanja. Medtem ima UV smola dobro kombinacijo trdote in \u017eilavosti, mo\u010dno oprijemljivost modela in enostavno lo\u010ditev po strjevanju.<\/p>\n<p><strong>\u3010<\/strong><strong>Profesionalno za LCD<\/strong><strong>\u3011<\/strong> Posebej zasnovan za LED svetlobni vir za doseganje bolj\u0161e kakovosti tiska. Z visokokakovostnimi pigmenti in fotoiniciatorji imajo modeli, natisnjeni s smolo zelo \u010dist in osupljiv barvni u\u010dinek, tako kot umetni\u0161ko delo.<\/p>\n<p><strong>\u3010<\/strong><strong>Varno pakiranje<\/strong><strong>\u3011<\/strong> Odebeljena aluminijasta steklenica, popolnoma za\u0161\u010ditena pred svetlobo. Neprepustna steklenic, v celoti zavita s plasti\u010dno vre\u010dko z mehur\u010dki, da zagotovite, da smola ostane na mestu kamor sodi.<\/p>","protected":false},"excerpt":{"rendered":"<p>Hard &amp; Tough Resin \/ Trdna in \u017eilava smola. Ve\u010dja \u017eilavost in odpornost na udarce kot obi\u010dajna ABS vrsta smole. Lahko tiskamo robustne in trpe\u017ene dele. Odli\u010dne mehanske lastnosti. Tiskani predmet z Hard &amp; Tough Resin \/ Trdno in \u017eilavo smolo je mogo\u010de vrtati, kar je zelo primerno za mehanske prototipe. &nbsp; \u3010ABS-podobna smola\u3011 Trdota [&hellip;]<\/p>\n","protected":false},"featured_media":3695,"comment_status":"open","ping_status":"closed","template":"","meta":[],"product_brand":[],"product_cat":[339,338],"product_tag":[419,378,425,426,417,423,422,424,418,421,384,420],"class_list":{"0":"post-3686","1":"product","2":"type-product","3":"status-publish","4":"has-post-thumbnail","6":"product_cat-hard-tough-resin","7":"product_cat-inzenirske-smole","8":"product_tag-abs-smola","9":"product_tag-esun","10":"product_tag-esun-resin","11":"product_tag-esun-smola","12":"product_tag-hard-tough-resin","13":"product_tag-inzenirska-smola","14":"product_tag-smola-za-tiskanje","15":"product_tag-tough-resin","16":"product_tag-trda-smola","17":"product_tag-trdna-smola","18":"product_tag-uv-smola","19":"product_tag-zilava-smola","20":"pa_barva-black","21":"pa_barva-blue","22":"pa_barva-cold-white","23":"pa_barva-grey","25":"first","26":"instock","27":"sale","28":"taxable","29":"shipping-taxable","30":"purchasable","31":"product-type-variable"},"bundled_by":[],"bundle_stock_status":"instock","bundle_stock_quantity":null,"bundle_virtual":false,"bundle_layout":"","bundle_add_to_cart_form_location":"","bundle_editable_in_cart":false,"bundle_sold_individually_context":"","bundle_item_grouping":"","bundle_min_size":"","bundle_max_size":"","bundle_price":[],"bundled_items":[],"bundle_sell_ids":[],"yoast_head":"<!-- This site is optimized with the Yoast SEO plugin v27.4 - https:\/\/yoast.com\/product\/yoast-seo-wordpress\/ -->\n<title>Hard &amp; Tough Resin - Seneko<\/title>\n<meta name=\"description\" content=\"Hard &amp; Tough Resin ali ABS podobna smola. Ve\u010dja \u017eilavost in odpornost na udarce kot obi\u010dajna ABS vrsta smole. Lahko tiska robustne in trpe\u017ene dele. Odli\u010dne mehanske lastnosti. Tiskani predmet je mogo\u010de vrtati, kar je zelo primerno za mehanske prototipe.\u3010ABS-podobna smola\u3011\u3010Visoka natan\u010dnost in nizko kr\u010denje\u3011 \u3010Odli\u010dna preto\u010dnost in odli\u010dna stabilnost\u3011\u3010Profesionalno za LCD\u3011 \u3010Varno pakiranje\u3011 \u3010ABS-podobna smola\u3011\u3010Visoka natan\u010dnost in nizko kr\u010denje\u3011 \u3010Odli\u010dna preto\u010dnost in odli\u010dna stabilnost\u3011 \u3010Profesionalno za LCD\u3011 \u3010Varno pakiranje\u3011\" \/>\n<meta name=\"robots\" content=\"index, follow, max-snippet:-1, max-image-preview:large, max-video-preview:-1\" \/>\n<link rel=\"canonical\" href=\"https:\/\/www.seneko.net\/it\/prodotto\/hard-tough-resin\/\" \/>\n<meta property=\"og:locale\" content=\"it_IT\" \/>\n<meta property=\"og:type\" content=\"article\" \/>\n<meta property=\"og:title\" content=\"Hard &amp; Tough Resin - Seneko\" \/>\n<meta property=\"og:description\" content=\"Hard &amp; Tough Resin ali ABS podobna smola. Ve\u010dja \u017eilavost in odpornost na udarce kot obi\u010dajna ABS vrsta smole. Lahko tiska robustne in trpe\u017ene dele. Odli\u010dne mehanske lastnosti. Tiskani predmet je mogo\u010de vrtati, kar je zelo primerno za mehanske prototipe.\u3010ABS-podobna smola\u3011\u3010Visoka natan\u010dnost in nizko kr\u010denje\u3011 \u3010Odli\u010dna preto\u010dnost in odli\u010dna stabilnost\u3011\u3010Profesionalno za LCD\u3011 \u3010Varno pakiranje\u3011 \u3010ABS-podobna smola\u3011\u3010Visoka natan\u010dnost in nizko kr\u010denje\u3011 \u3010Odli\u010dna preto\u010dnost in odli\u010dna stabilnost\u3011 \u3010Profesionalno za LCD\u3011 \u3010Varno pakiranje\u3011\" \/>\n<meta property=\"og:url\" content=\"https:\/\/www.seneko.net\/it\/prodotto\/hard-tough-resin\/\" \/>\n<meta property=\"og:site_name\" content=\"Seneko\" \/>\n<meta property=\"article:publisher\" content=\"https:\/\/www.facebook.com\/seneko3dshop\" \/>\n<meta property=\"article:modified_time\" content=\"2026-01-02T17:40:14+00:00\" \/>\n<meta property=\"og:image\" content=\"https:\/\/www.seneko.net\/wp-content\/uploads\/2022\/03\/grey-1.png\" \/>\n\t<meta property=\"og:image:width\" content=\"1000\" \/>\n\t<meta property=\"og:image:height\" content=\"1000\" \/>\n\t<meta property=\"og:image:type\" content=\"image\/png\" \/>\n<meta name=\"twitter:card\" content=\"summary_large_image\" \/>\n<meta name=\"twitter:label1\" content=\"Tempo di lettura stimato\" \/>\n\t<meta name=\"twitter:data1\" content=\"2 minuti\" \/>\n<script type=\"application\/ld+json\" class=\"yoast-schema-graph\">{\"@context\":\"https:\\\/\\\/schema.org\",\"@graph\":[{\"@type\":\"WebPage\",\"@id\":\"https:\\\/\\\/www.seneko.net\\\/izdelek\\\/hard-tough-resin\\\/\",\"url\":\"https:\\\/\\\/www.seneko.net\\\/izdelek\\\/hard-tough-resin\\\/\",\"name\":\"Hard & Tough Resin - Seneko\",\"isPartOf\":{\"@id\":\"https:\\\/\\\/www.seneko.net\\\/#website\"},\"primaryImageOfPage\":{\"@id\":\"https:\\\/\\\/www.seneko.net\\\/izdelek\\\/hard-tough-resin\\\/#primaryimage\"},\"image\":{\"@id\":\"https:\\\/\\\/www.seneko.net\\\/izdelek\\\/hard-tough-resin\\\/#primaryimage\"},\"thumbnailUrl\":\"https:\\\/\\\/www.seneko.net\\\/wp-content\\\/uploads\\\/2022\\\/03\\\/grey-1.png\",\"datePublished\":\"2022-03-03T12:15:03+00:00\",\"dateModified\":\"2026-01-02T17:40:14+00:00\",\"description\":\"Hard & Tough Resin ali ABS podobna smola. Ve\u010dja \u017eilavost in odpornost na udarce kot obi\u010dajna ABS vrsta smole. Lahko tiska robustne in trpe\u017ene dele. Odli\u010dne mehanske lastnosti. Tiskani predmet je mogo\u010de vrtati, kar je zelo primerno za mehanske prototipe.\u3010ABS-podobna smola\u3011\u3010Visoka natan\u010dnost in nizko kr\u010denje\u3011 \u3010Odli\u010dna preto\u010dnost in odli\u010dna stabilnost\u3011\u3010Profesionalno za LCD\u3011 \u3010Varno pakiranje\u3011 \u3010ABS-podobna smola\u3011\u3010Visoka natan\u010dnost in nizko kr\u010denje\u3011 \u3010Odli\u010dna preto\u010dnost in odli\u010dna stabilnost\u3011 \u3010Profesionalno za LCD\u3011 \u3010Varno pakiranje\u3011\",\"breadcrumb\":{\"@id\":\"https:\\\/\\\/www.seneko.net\\\/izdelek\\\/hard-tough-resin\\\/#breadcrumb\"},\"inLanguage\":\"it-IT\",\"potentialAction\":[{\"@type\":\"ReadAction\",\"target\":[\"https:\\\/\\\/www.seneko.net\\\/izdelek\\\/hard-tough-resin\\\/\"]}]},{\"@type\":\"ImageObject\",\"inLanguage\":\"it-IT\",\"@id\":\"https:\\\/\\\/www.seneko.net\\\/izdelek\\\/hard-tough-resin\\\/#primaryimage\",\"url\":\"https:\\\/\\\/www.seneko.net\\\/wp-content\\\/uploads\\\/2022\\\/03\\\/grey-1.png\",\"contentUrl\":\"https:\\\/\\\/www.seneko.net\\\/wp-content\\\/uploads\\\/2022\\\/03\\\/grey-1.png\",\"width\":1000,\"height\":1000,\"caption\":\"Hard & Tough Resin\"},{\"@type\":\"BreadcrumbList\",\"@id\":\"https:\\\/\\\/www.seneko.net\\\/izdelek\\\/hard-tough-resin\\\/#breadcrumb\",\"itemListElement\":[{\"@type\":\"ListItem\",\"position\":1,\"name\":\"Home\",\"item\":\"https:\\\/\\\/www.seneko.net\\\/\"},{\"@type\":\"ListItem\",\"position\":2,\"name\":\"Trgovina\",\"item\":\"https:\\\/\\\/www.seneko.net\\\/trgovina\\\/\"},{\"@type\":\"ListItem\",\"position\":3,\"name\":\"Hard &#038; Tough Resin\"}]},{\"@type\":\"WebSite\",\"@id\":\"https:\\\/\\\/www.seneko.net\\\/#website\",\"url\":\"https:\\\/\\\/www.seneko.net\\\/\",\"name\":\"Seneko\",\"description\":\"Z vami tiskamo prihodnost\",\"publisher\":{\"@id\":\"https:\\\/\\\/www.seneko.net\\\/#organization\"},\"potentialAction\":[{\"@type\":\"SearchAction\",\"target\":{\"@type\":\"EntryPoint\",\"urlTemplate\":\"https:\\\/\\\/www.seneko.net\\\/?s={search_term_string}\"},\"query-input\":{\"@type\":\"PropertyValueSpecification\",\"valueRequired\":true,\"valueName\":\"search_term_string\"}}],\"inLanguage\":\"it-IT\"},{\"@type\":\"Organization\",\"@id\":\"https:\\\/\\\/www.seneko.net\\\/#organization\",\"name\":\"Seneko\",\"url\":\"https:\\\/\\\/www.seneko.net\\\/\",\"logo\":{\"@type\":\"ImageObject\",\"inLanguage\":\"it-IT\",\"@id\":\"https:\\\/\\\/www.seneko.net\\\/#\\\/schema\\\/logo\\\/image\\\/\",\"url\":\"https:\\\/\\\/www.seneko.net\\\/wp-content\\\/uploads\\\/2021\\\/09\\\/logo_1.png\",\"contentUrl\":\"https:\\\/\\\/www.seneko.net\\\/wp-content\\\/uploads\\\/2021\\\/09\\\/logo_1.png\",\"width\":202,\"height\":80,\"caption\":\"Seneko\"},\"image\":{\"@id\":\"https:\\\/\\\/www.seneko.net\\\/#\\\/schema\\\/logo\\\/image\\\/\"},\"sameAs\":[\"https:\\\/\\\/www.facebook.com\\\/seneko3dshop\",\"https:\\\/\\\/www.instagram.com\\\/Seneko3DShop\\\/\"]}]}<\/script>\n<!-- \/ Yoast SEO plugin. -->","yoast_head_json":{"title":"Hard & Tough Resin - Seneko","description":"Hard & Tough Resin ali ABS podobna smola. Ve\u010dja \u017eilavost in odpornost na udarce kot obi\u010dajna ABS vrsta smole. Lahko tiska robustne in trpe\u017ene dele. Odli\u010dne mehanske lastnosti. Tiskani predmet je mogo\u010de vrtati, kar je zelo primerno za mehanske prototipe.\u3010ABS-podobna smola\u3011\u3010Visoka natan\u010dnost in nizko kr\u010denje\u3011 \u3010Odli\u010dna preto\u010dnost in odli\u010dna stabilnost\u3011\u3010Profesionalno za LCD\u3011 \u3010Varno pakiranje\u3011 \u3010ABS-podobna smola\u3011\u3010Visoka natan\u010dnost in nizko kr\u010denje\u3011 \u3010Odli\u010dna preto\u010dnost in odli\u010dna stabilnost\u3011 \u3010Profesionalno za LCD\u3011 \u3010Varno pakiranje\u3011","robots":{"index":"index","follow":"follow","max-snippet":"max-snippet:-1","max-image-preview":"max-image-preview:large","max-video-preview":"max-video-preview:-1"},"canonical":"https:\/\/www.seneko.net\/it\/prodotto\/hard-tough-resin\/","og_locale":"it_IT","og_type":"article","og_title":"Hard & Tough Resin - Seneko","og_description":"Hard & Tough Resin ali ABS podobna smola. Ve\u010dja \u017eilavost in odpornost na udarce kot obi\u010dajna ABS vrsta smole. Lahko tiska robustne in trpe\u017ene dele. Odli\u010dne mehanske lastnosti. Tiskani predmet je mogo\u010de vrtati, kar je zelo primerno za mehanske prototipe.\u3010ABS-podobna smola\u3011\u3010Visoka natan\u010dnost in nizko kr\u010denje\u3011 \u3010Odli\u010dna preto\u010dnost in odli\u010dna stabilnost\u3011\u3010Profesionalno za LCD\u3011 \u3010Varno pakiranje\u3011 \u3010ABS-podobna smola\u3011\u3010Visoka natan\u010dnost in nizko kr\u010denje\u3011 \u3010Odli\u010dna preto\u010dnost in odli\u010dna stabilnost\u3011 \u3010Profesionalno za LCD\u3011 \u3010Varno pakiranje\u3011","og_url":"https:\/\/www.seneko.net\/it\/prodotto\/hard-tough-resin\/","og_site_name":"Seneko","article_publisher":"https:\/\/www.facebook.com\/seneko3dshop","article_modified_time":"2026-01-02T17:40:14+00:00","og_image":[{"width":1000,"height":1000,"url":"https:\/\/www.seneko.net\/wp-content\/uploads\/2022\/03\/grey-1.png","type":"image\/png"}],"twitter_card":"summary_large_image","twitter_misc":{"Tempo di lettura stimato":"2 minuti"},"schema":{"@context":"https:\/\/schema.org","@graph":[{"@type":"WebPage","@id":"https:\/\/www.seneko.net\/izdelek\/hard-tough-resin\/","url":"https:\/\/www.seneko.net\/izdelek\/hard-tough-resin\/","name":"Hard & Tough Resin - Seneko","isPartOf":{"@id":"https:\/\/www.seneko.net\/#website"},"primaryImageOfPage":{"@id":"https:\/\/www.seneko.net\/izdelek\/hard-tough-resin\/#primaryimage"},"image":{"@id":"https:\/\/www.seneko.net\/izdelek\/hard-tough-resin\/#primaryimage"},"thumbnailUrl":"https:\/\/www.seneko.net\/wp-content\/uploads\/2022\/03\/grey-1.png","datePublished":"2022-03-03T12:15:03+00:00","dateModified":"2026-01-02T17:40:14+00:00","description":"Hard & Tough Resin ali ABS podobna smola. Ve\u010dja \u017eilavost in odpornost na udarce kot obi\u010dajna ABS vrsta smole. Lahko tiska robustne in trpe\u017ene dele. Odli\u010dne mehanske lastnosti. Tiskani predmet je mogo\u010de vrtati, kar je zelo primerno za mehanske prototipe.\u3010ABS-podobna smola\u3011\u3010Visoka natan\u010dnost in nizko kr\u010denje\u3011 \u3010Odli\u010dna preto\u010dnost in odli\u010dna stabilnost\u3011\u3010Profesionalno za LCD\u3011 \u3010Varno pakiranje\u3011 \u3010ABS-podobna smola\u3011\u3010Visoka natan\u010dnost in nizko kr\u010denje\u3011 \u3010Odli\u010dna preto\u010dnost in odli\u010dna stabilnost\u3011 \u3010Profesionalno za LCD\u3011 \u3010Varno pakiranje\u3011","breadcrumb":{"@id":"https:\/\/www.seneko.net\/izdelek\/hard-tough-resin\/#breadcrumb"},"inLanguage":"it-IT","potentialAction":[{"@type":"ReadAction","target":["https:\/\/www.seneko.net\/izdelek\/hard-tough-resin\/"]}]},{"@type":"ImageObject","inLanguage":"it-IT","@id":"https:\/\/www.seneko.net\/izdelek\/hard-tough-resin\/#primaryimage","url":"https:\/\/www.seneko.net\/wp-content\/uploads\/2022\/03\/grey-1.png","contentUrl":"https:\/\/www.seneko.net\/wp-content\/uploads\/2022\/03\/grey-1.png","width":1000,"height":1000,"caption":"Hard & Tough Resin"},{"@type":"BreadcrumbList","@id":"https:\/\/www.seneko.net\/izdelek\/hard-tough-resin\/#breadcrumb","itemListElement":[{"@type":"ListItem","position":1,"name":"Home","item":"https:\/\/www.seneko.net\/"},{"@type":"ListItem","position":2,"name":"Trgovina","item":"https:\/\/www.seneko.net\/trgovina\/"},{"@type":"ListItem","position":3,"name":"Hard &#038; Tough Resin"}]},{"@type":"WebSite","@id":"https:\/\/www.seneko.net\/#website","url":"https:\/\/www.seneko.net\/","name":"Seneko","description":"Z vami tiskamo prihodnost","publisher":{"@id":"https:\/\/www.seneko.net\/#organization"},"potentialAction":[{"@type":"SearchAction","target":{"@type":"EntryPoint","urlTemplate":"https:\/\/www.seneko.net\/?s={search_term_string}"},"query-input":{"@type":"PropertyValueSpecification","valueRequired":true,"valueName":"search_term_string"}}],"inLanguage":"it-IT"},{"@type":"Organization","@id":"https:\/\/www.seneko.net\/#organization","name":"Seneko","url":"https:\/\/www.seneko.net\/","logo":{"@type":"ImageObject","inLanguage":"it-IT","@id":"https:\/\/www.seneko.net\/#\/schema\/logo\/image\/","url":"https:\/\/www.seneko.net\/wp-content\/uploads\/2021\/09\/logo_1.png","contentUrl":"https:\/\/www.seneko.net\/wp-content\/uploads\/2021\/09\/logo_1.png","width":202,"height":80,"caption":"Seneko"},"image":{"@id":"https:\/\/www.seneko.net\/#\/schema\/logo\/image\/"},"sameAs":["https:\/\/www.facebook.com\/seneko3dshop","https:\/\/www.instagram.com\/Seneko3DShop\/"]}]}},"_links":{"self":[{"href":"https:\/\/www.seneko.net\/it\/wp-json\/wp\/v2\/product\/3686","targetHints":{"allow":["GET"]}}],"collection":[{"href":"https:\/\/www.seneko.net\/it\/wp-json\/wp\/v2\/product"}],"about":[{"href":"https:\/\/www.seneko.net\/it\/wp-json\/wp\/v2\/types\/product"}],"replies":[{"embeddable":true,"href":"https:\/\/www.seneko.net\/it\/wp-json\/wp\/v2\/comments?post=3686"}],"wp:featuredmedia":[{"embeddable":true,"href":"https:\/\/www.seneko.net\/it\/wp-json\/wp\/v2\/media\/3695"}],"wp:attachment":[{"href":"https:\/\/www.seneko.net\/it\/wp-json\/wp\/v2\/media?parent=3686"}],"wp:term":[{"taxonomy":"product_brand","embeddable":true,"href":"https:\/\/www.seneko.net\/it\/wp-json\/wp\/v2\/product_brand?post=3686"},{"taxonomy":"product_cat","embeddable":true,"href":"https:\/\/www.seneko.net\/it\/wp-json\/wp\/v2\/product_cat?post=3686"},{"taxonomy":"product_tag","embeddable":true,"href":"https:\/\/www.seneko.net\/it\/wp-json\/wp\/v2\/product_tag?post=3686"}],"curies":[{"name":"wp","href":"https:\/\/api.w.org\/{rel}","templated":true}]}}