{"id":4606,"date":"2022-05-14T11:54:08","date_gmt":"2022-05-14T09:54:08","guid":{"rendered":"https:\/\/www.seneko.net\/?post_type=product&#038;p=4606"},"modified":"2026-02-23T21:16:27","modified_gmt":"2026-02-23T19:16:27","slug":"vakuum-kit","status":"publish","type":"product","link":"https:\/\/www.seneko.net\/it\/prodotto\/vakuum-kit\/","title":{"rendered":"VAKUUM KIT"},"content":{"rendered":"<p>VAKUUM kit ali vakuumski komplet za shranjevanje se uporablja za za\u0161\u010dito va\u0161ih filamentov za 3D tiskalnik, zlasti tistih z visoko absorpcijo vode, kot so najlon, PVA ali drugi filamenti. Ko se filamenti odprejo in ne porabijo, bodo absorbirali vlago in neposredno vplivali na kakovost tiska. Vakuumski komplet za shranjevanje vam bo pomagal pravilno shraniti filament. Vakuumska vre\u010dka brez BPA in odobrena s strani FDA, odporna na prah in vlago, mo\u010dno tesnjenje. Ro\u010dna \u010drpalka in vakuumske vre\u010dke so za ve\u010dkratno uporabo, okolju prijazne in var\u010dne, enostavne za uporabo. Indikator vla\u017enosti je visoko ob\u010dutljivost in se lahko uporablja ve\u010dkrat, tako da lahko kadar koli ugotovite vla\u017enost 3D filamentov. Indikator vla\u017enosti je po su\u0161enju ponovno uporaben. Tesnilni zra\u010dni ventil in dvojno zaprto zadrgo za nepredu\u0161no za\u0161\u010dito. VAKUUM kit \/ vakuumski komplet je \u0161iroko zasnovan za 99% FDM 3D-tiskalnih filamentov, lahko se uporablja za eSUN in vse druge znamke FDM\/FFF filamentov.<\/p>\n<p>Kit vsebuje \u010drpalko, indikatorje vlage, silika gel in vakuumske vre\u010dke.<\/p>\n<div style=\"width: 1140px;\" class=\"wp-video\"><video class=\"wp-video-shortcode\" id=\"video-4606-1\" width=\"1140\" height=\"641\" autoplay preload=\"auto\" controls=\"controls\"><source type=\"video\/mp4\" src=\"https:\/\/www.seneko.net\/wp-content\/uploads\/2022\/05\/Operation-Video-2.mp4?_=1\" \/><a href=\"https:\/\/www.seneko.net\/wp-content\/uploads\/2022\/05\/Operation-Video-2.mp4\">https:\/\/www.seneko.net\/wp-content\/uploads\/2022\/05\/Operation-Video-2.mp4<\/a><\/video><\/div>\n<p>&nbsp;<\/p>\n<p><strong>Opombe:<\/strong><\/p>\n<p>Pred uporabo natan\u010dno preberite uporabni\u0161ki priro\u010dnik. Prosimo, da pred vstavitvijo filamente posu\u0161ite v su\u0161ilcu. Priporo\u010damo tudi so\u010dasno uporabo eBOX-a, s katerim bo filament zadr\u017eal stopnjo vla\u017enosti tudi med tiskanjem.<\/p>","protected":false},"excerpt":{"rendered":"<p>eVACUUM kit ali vakuumski komplet za shranjevanje filamentov proizvajalca eSUN so vakuumske tesnilne vre\u010dke filamentov za 3D tiskalnik, ki ohranjajo filament suh z \u010drpalko in vso potrebno opremo.<\/p>","protected":false},"featured_media":4671,"comment_status":"open","ping_status":"closed","template":"","meta":[],"product_brand":[],"product_cat":[348],"product_tag":[537,378,586,374,379,413,397,585,587,580,583,581,582,584],"class_list":{"0":"post-4606","1":"product","2":"type-product","3":"status-publish","4":"has-post-thumbnail","6":"product_cat-pribori-deli","7":"product_tag-abs","8":"product_tag-esun","9":"product_tag-esun-vacuum","10":"product_tag-filament","11":"product_tag-filamenti","12":"product_tag-petg","13":"product_tag-pla","14":"product_tag-suh-filament","15":"product_tag-vacuum-kit","16":"product_tag-vakum","17":"product_tag-vakum-filament","18":"product_tag-vakum-kit","19":"product_tag-vakuum-kit","20":"product_tag-zascita","22":"first","23":"instock","24":"sale","25":"taxable","26":"shipping-taxable","27":"purchasable","28":"product-type-simple"},"bundled_by":[],"bundle_stock_status":"instock","bundle_stock_quantity":12,"bundle_virtual":false,"bundle_layout":"","bundle_add_to_cart_form_location":"","bundle_editable_in_cart":false,"bundle_sold_individually_context":"","bundle_item_grouping":"","bundle_min_size":"","bundle_max_size":"","bundle_price":[],"bundled_items":[],"bundle_sell_ids":[],"yoast_head":"<!-- This site is optimized with the Yoast SEO plugin v27.4 - https:\/\/yoast.com\/product\/yoast-seo-wordpress\/ -->\n<title>VAKUUM KIT - Seneko<\/title>\n<meta name=\"description\" content=\"VAKUUM kit ali vakuumski komplet \u20ac17.99 za shranjevanje se uporablja za za\u0161\u010dito va\u0161ih filamentov za 3D tiskalnik, zlasti tistih z visoko absorpcijo vode, kot so najlon, PVA ali drugi filamenti. Ko se filamenti odprejo in ne porabijo, bodo absorbirali vlago in neposredno vplivali na kakovost tiska.\" \/>\n<meta name=\"robots\" content=\"index, follow, max-snippet:-1, max-image-preview:large, max-video-preview:-1\" \/>\n<link rel=\"canonical\" href=\"https:\/\/www.seneko.net\/it\/prodotto\/vakuum-kit\/\" \/>\n<meta property=\"og:locale\" content=\"it_IT\" \/>\n<meta property=\"og:type\" content=\"article\" \/>\n<meta property=\"og:title\" content=\"Filament Vakuum kit\" \/>\n<meta property=\"og:description\" content=\"VAKUUM kit ali vakuumski komplet za shranjevanje se uporablja za za\u0161\u010dito va\u0161ih filamentov za 3D tiskalnik, zlasti tistih z visoko absorpcijo vode, kot so najlon, PVA ali drugi filamenti. Ko se filamenti odprejo in ne porabijo, bodo absorbirali vlago in neposredno vplivali na kakovost tiska.\" \/>\n<meta property=\"og:url\" content=\"https:\/\/www.seneko.net\/it\/prodotto\/vakuum-kit\/\" \/>\n<meta property=\"og:site_name\" content=\"Seneko\" \/>\n<meta property=\"article:publisher\" content=\"https:\/\/www.facebook.com\/seneko3dshop\" \/>\n<meta property=\"article:modified_time\" content=\"2026-02-23T19:16:27+00:00\" \/>\n<meta property=\"og:image\" content=\"https:\/\/www.seneko.net\/wp-content\/uploads\/2022\/05\/16286649433937.webp\" \/>\n\t<meta property=\"og:image:width\" content=\"1000\" \/>\n\t<meta property=\"og:image:height\" content=\"1000\" \/>\n\t<meta property=\"og:image:type\" content=\"image\/webp\" \/>\n<meta name=\"twitter:card\" content=\"summary_large_image\" \/>\n<meta name=\"twitter:label1\" content=\"Tempo di lettura stimato\" \/>\n\t<meta name=\"twitter:data1\" content=\"1 minuto\" \/>\n<script type=\"application\/ld+json\" class=\"yoast-schema-graph\">{\"@context\":\"https:\\\/\\\/schema.org\",\"@graph\":[{\"@type\":\"WebPage\",\"@id\":\"https:\\\/\\\/www.seneko.net\\\/izdelek\\\/vakuum-kit\\\/\",\"url\":\"https:\\\/\\\/www.seneko.net\\\/izdelek\\\/vakuum-kit\\\/\",\"name\":\"VAKUUM KIT - Seneko\",\"isPartOf\":{\"@id\":\"https:\\\/\\\/www.seneko.net\\\/#website\"},\"primaryImageOfPage\":{\"@id\":\"https:\\\/\\\/www.seneko.net\\\/izdelek\\\/vakuum-kit\\\/#primaryimage\"},\"image\":{\"@id\":\"https:\\\/\\\/www.seneko.net\\\/izdelek\\\/vakuum-kit\\\/#primaryimage\"},\"thumbnailUrl\":\"https:\\\/\\\/www.seneko.net\\\/wp-content\\\/uploads\\\/2022\\\/05\\\/16286649433937.webp\",\"datePublished\":\"2022-05-14T09:54:08+00:00\",\"dateModified\":\"2026-02-23T19:16:27+00:00\",\"description\":\"VAKUUM kit ali vakuumski komplet \u20ac17.99 za shranjevanje se uporablja za za\u0161\u010dito va\u0161ih filamentov za 3D tiskalnik, zlasti tistih z visoko absorpcijo vode, kot so najlon, PVA ali drugi filamenti. Ko se filamenti odprejo in ne porabijo, bodo absorbirali vlago in neposredno vplivali na kakovost tiska.\",\"breadcrumb\":{\"@id\":\"https:\\\/\\\/www.seneko.net\\\/izdelek\\\/vakuum-kit\\\/#breadcrumb\"},\"inLanguage\":\"it-IT\",\"potentialAction\":[{\"@type\":\"ReadAction\",\"target\":[\"https:\\\/\\\/www.seneko.net\\\/izdelek\\\/vakuum-kit\\\/\"]}]},{\"@type\":\"ImageObject\",\"inLanguage\":\"it-IT\",\"@id\":\"https:\\\/\\\/www.seneko.net\\\/izdelek\\\/vakuum-kit\\\/#primaryimage\",\"url\":\"https:\\\/\\\/www.seneko.net\\\/wp-content\\\/uploads\\\/2022\\\/05\\\/16286649433937.webp\",\"contentUrl\":\"https:\\\/\\\/www.seneko.net\\\/wp-content\\\/uploads\\\/2022\\\/05\\\/16286649433937.webp\",\"width\":1000,\"height\":1000,\"caption\":\"eVaccum kit ali vakuumski kit\"},{\"@type\":\"BreadcrumbList\",\"@id\":\"https:\\\/\\\/www.seneko.net\\\/izdelek\\\/vakuum-kit\\\/#breadcrumb\",\"itemListElement\":[{\"@type\":\"ListItem\",\"position\":1,\"name\":\"Home\",\"item\":\"https:\\\/\\\/www.seneko.net\\\/\"},{\"@type\":\"ListItem\",\"position\":2,\"name\":\"Trgovina\",\"item\":\"https:\\\/\\\/www.seneko.net\\\/trgovina\\\/\"},{\"@type\":\"ListItem\",\"position\":3,\"name\":\"VAKUUM KIT\"}]},{\"@type\":\"WebSite\",\"@id\":\"https:\\\/\\\/www.seneko.net\\\/#website\",\"url\":\"https:\\\/\\\/www.seneko.net\\\/\",\"name\":\"Seneko\",\"description\":\"Z vami tiskamo prihodnost\",\"publisher\":{\"@id\":\"https:\\\/\\\/www.seneko.net\\\/#organization\"},\"potentialAction\":[{\"@type\":\"SearchAction\",\"target\":{\"@type\":\"EntryPoint\",\"urlTemplate\":\"https:\\\/\\\/www.seneko.net\\\/?s={search_term_string}\"},\"query-input\":{\"@type\":\"PropertyValueSpecification\",\"valueRequired\":true,\"valueName\":\"search_term_string\"}}],\"inLanguage\":\"it-IT\"},{\"@type\":\"Organization\",\"@id\":\"https:\\\/\\\/www.seneko.net\\\/#organization\",\"name\":\"Seneko\",\"url\":\"https:\\\/\\\/www.seneko.net\\\/\",\"logo\":{\"@type\":\"ImageObject\",\"inLanguage\":\"it-IT\",\"@id\":\"https:\\\/\\\/www.seneko.net\\\/#\\\/schema\\\/logo\\\/image\\\/\",\"url\":\"https:\\\/\\\/www.seneko.net\\\/wp-content\\\/uploads\\\/2021\\\/09\\\/logo_1.png\",\"contentUrl\":\"https:\\\/\\\/www.seneko.net\\\/wp-content\\\/uploads\\\/2021\\\/09\\\/logo_1.png\",\"width\":202,\"height\":80,\"caption\":\"Seneko\"},\"image\":{\"@id\":\"https:\\\/\\\/www.seneko.net\\\/#\\\/schema\\\/logo\\\/image\\\/\"},\"sameAs\":[\"https:\\\/\\\/www.facebook.com\\\/seneko3dshop\",\"https:\\\/\\\/www.instagram.com\\\/Seneko3DShop\\\/\"]}]}<\/script>\n<!-- \/ Yoast SEO plugin. -->","yoast_head_json":{"title":"VAKUUM KIT - Seneko","description":"VAKUUM kit ali vakuumski komplet \u20ac17.99 za shranjevanje se uporablja za za\u0161\u010dito va\u0161ih filamentov za 3D tiskalnik, zlasti tistih z visoko absorpcijo vode, kot so najlon, PVA ali drugi filamenti. Ko se filamenti odprejo in ne porabijo, bodo absorbirali vlago in neposredno vplivali na kakovost tiska.","robots":{"index":"index","follow":"follow","max-snippet":"max-snippet:-1","max-image-preview":"max-image-preview:large","max-video-preview":"max-video-preview:-1"},"canonical":"https:\/\/www.seneko.net\/it\/prodotto\/vakuum-kit\/","og_locale":"it_IT","og_type":"article","og_title":"Filament Vakuum kit","og_description":"VAKUUM kit ali vakuumski komplet za shranjevanje se uporablja za za\u0161\u010dito va\u0161ih filamentov za 3D tiskalnik, zlasti tistih z visoko absorpcijo vode, kot so najlon, PVA ali drugi filamenti. Ko se filamenti odprejo in ne porabijo, bodo absorbirali vlago in neposredno vplivali na kakovost tiska.","og_url":"https:\/\/www.seneko.net\/it\/prodotto\/vakuum-kit\/","og_site_name":"Seneko","article_publisher":"https:\/\/www.facebook.com\/seneko3dshop","article_modified_time":"2026-02-23T19:16:27+00:00","og_image":[{"width":1000,"height":1000,"url":"https:\/\/www.seneko.net\/wp-content\/uploads\/2022\/05\/16286649433937.webp","type":"image\/webp"}],"twitter_card":"summary_large_image","twitter_misc":{"Tempo di lettura stimato":"1 minuto"},"schema":{"@context":"https:\/\/schema.org","@graph":[{"@type":"WebPage","@id":"https:\/\/www.seneko.net\/izdelek\/vakuum-kit\/","url":"https:\/\/www.seneko.net\/izdelek\/vakuum-kit\/","name":"VAKUUM KIT - Seneko","isPartOf":{"@id":"https:\/\/www.seneko.net\/#website"},"primaryImageOfPage":{"@id":"https:\/\/www.seneko.net\/izdelek\/vakuum-kit\/#primaryimage"},"image":{"@id":"https:\/\/www.seneko.net\/izdelek\/vakuum-kit\/#primaryimage"},"thumbnailUrl":"https:\/\/www.seneko.net\/wp-content\/uploads\/2022\/05\/16286649433937.webp","datePublished":"2022-05-14T09:54:08+00:00","dateModified":"2026-02-23T19:16:27+00:00","description":"VAKUUM kit ali vakuumski komplet \u20ac17.99 za shranjevanje se uporablja za za\u0161\u010dito va\u0161ih filamentov za 3D tiskalnik, zlasti tistih z visoko absorpcijo vode, kot so najlon, PVA ali drugi filamenti. Ko se filamenti odprejo in ne porabijo, bodo absorbirali vlago in neposredno vplivali na kakovost tiska.","breadcrumb":{"@id":"https:\/\/www.seneko.net\/izdelek\/vakuum-kit\/#breadcrumb"},"inLanguage":"it-IT","potentialAction":[{"@type":"ReadAction","target":["https:\/\/www.seneko.net\/izdelek\/vakuum-kit\/"]}]},{"@type":"ImageObject","inLanguage":"it-IT","@id":"https:\/\/www.seneko.net\/izdelek\/vakuum-kit\/#primaryimage","url":"https:\/\/www.seneko.net\/wp-content\/uploads\/2022\/05\/16286649433937.webp","contentUrl":"https:\/\/www.seneko.net\/wp-content\/uploads\/2022\/05\/16286649433937.webp","width":1000,"height":1000,"caption":"eVaccum kit ali vakuumski kit"},{"@type":"BreadcrumbList","@id":"https:\/\/www.seneko.net\/izdelek\/vakuum-kit\/#breadcrumb","itemListElement":[{"@type":"ListItem","position":1,"name":"Home","item":"https:\/\/www.seneko.net\/"},{"@type":"ListItem","position":2,"name":"Trgovina","item":"https:\/\/www.seneko.net\/trgovina\/"},{"@type":"ListItem","position":3,"name":"VAKUUM KIT"}]},{"@type":"WebSite","@id":"https:\/\/www.seneko.net\/#website","url":"https:\/\/www.seneko.net\/","name":"Seneko","description":"Z vami tiskamo prihodnost","publisher":{"@id":"https:\/\/www.seneko.net\/#organization"},"potentialAction":[{"@type":"SearchAction","target":{"@type":"EntryPoint","urlTemplate":"https:\/\/www.seneko.net\/?s={search_term_string}"},"query-input":{"@type":"PropertyValueSpecification","valueRequired":true,"valueName":"search_term_string"}}],"inLanguage":"it-IT"},{"@type":"Organization","@id":"https:\/\/www.seneko.net\/#organization","name":"Seneko","url":"https:\/\/www.seneko.net\/","logo":{"@type":"ImageObject","inLanguage":"it-IT","@id":"https:\/\/www.seneko.net\/#\/schema\/logo\/image\/","url":"https:\/\/www.seneko.net\/wp-content\/uploads\/2021\/09\/logo_1.png","contentUrl":"https:\/\/www.seneko.net\/wp-content\/uploads\/2021\/09\/logo_1.png","width":202,"height":80,"caption":"Seneko"},"image":{"@id":"https:\/\/www.seneko.net\/#\/schema\/logo\/image\/"},"sameAs":["https:\/\/www.facebook.com\/seneko3dshop","https:\/\/www.instagram.com\/Seneko3DShop\/"]}]}},"_links":{"self":[{"href":"https:\/\/www.seneko.net\/it\/wp-json\/wp\/v2\/product\/4606","targetHints":{"allow":["GET"]}}],"collection":[{"href":"https:\/\/www.seneko.net\/it\/wp-json\/wp\/v2\/product"}],"about":[{"href":"https:\/\/www.seneko.net\/it\/wp-json\/wp\/v2\/types\/product"}],"replies":[{"embeddable":true,"href":"https:\/\/www.seneko.net\/it\/wp-json\/wp\/v2\/comments?post=4606"}],"wp:featuredmedia":[{"embeddable":true,"href":"https:\/\/www.seneko.net\/it\/wp-json\/wp\/v2\/media\/4671"}],"wp:attachment":[{"href":"https:\/\/www.seneko.net\/it\/wp-json\/wp\/v2\/media?parent=4606"}],"wp:term":[{"taxonomy":"product_brand","embeddable":true,"href":"https:\/\/www.seneko.net\/it\/wp-json\/wp\/v2\/product_brand?post=4606"},{"taxonomy":"product_cat","embeddable":true,"href":"https:\/\/www.seneko.net\/it\/wp-json\/wp\/v2\/product_cat?post=4606"},{"taxonomy":"product_tag","embeddable":true,"href":"https:\/\/www.seneko.net\/it\/wp-json\/wp\/v2\/product_tag?post=4606"}],"curies":[{"name":"wp","href":"https:\/\/api.w.org\/{rel}","templated":true}]}}